{"id":19700,"date":"2024-02-27T09:40:53","date_gmt":"2024-02-27T07:40:53","guid":{"rendered":"http:\/\/labostera.lt\/?post_type=product&#038;p=19700"},"modified":"2024-10-18T15:22:31","modified_gmt":"2024-10-18T12:22:31","slug":"3-4-laipsnio-glioma-3d-modelis-erler-zimmer-glioma-grade-3-4-3d-printed-model","status":"publish","type":"product","link":"https:\/\/labostera.lt\/lv\/priemones-ir-iranga\/mokymo-priemones-ir-iranga\/modeliai-manekenai-muliazai\/3-4-laipsnio-glioma-3d-modelis-erler-zimmer-glioma-grade-3-4-3d-printed-model\/","title":{"rendered":"3.\u20134.\u00a0klases gliomas 3D modelis Erler-Zimmer Glioma 3.\u20134.\u00a0pak\u0101pes 3D druk\u0101ts modelis"},"content":{"rendered":"<h2><strong>\u201eErler-Zimmer GmbH &amp; Co. KG 3.\u20134.\u00a0klases gliomas 3D modelis<\/strong>:<\/h2>\n<ul>\n<li>Mode\u013ca kods: MP2003<\/li>\n<li>Kl\u012bnisk\u0101 v\u0113sture\n<ul>\n<li>Paciente bija 24 gadus veca sieviete, kurai p\u0113c vienas epilepsijas l\u0113kmes 18 m\u0113ne\u0161us pirms n\u0101ves bija nov\u0113rojamas patolo\u0123iskas elektroencefalogrammas (EEG).<\/li>\n<li>P\u0113c se\u0161iem m\u0113ne\u0161iem vi\u0146a s\u016bdz\u0113j\u0101s par neskaidru redzi un galvass\u0101p\u0113m.<\/li>\n<li>Oftalmoskopij\u0101 tika konstat\u0113ts divpus\u0113js apendic\u012bts; tom\u0113r nebija lok\u0101lu paz\u012bmju, kas to izskaidrotu.<\/li>\n<li>Papildu izmekl\u0113jumu laik\u0101 tika konstat\u0113ta masa, kas tika iz\u0146emta ar biopsiju un histolo\u0123iski diagnostic\u0113ta k\u0101 III\u2013IV pak\u0101pes glioma.<\/li>\n<li>Pacients tika \u0101rst\u0113ts ar staru terapiju.<\/li>\n<li>M\u0113nesi p\u0113c \u0101rst\u0113\u0161anas uzs\u0101k\u0161anas pacientam bija v\u0101jums kreisaj\u0101 rok\u0101 un k\u0101j\u0101.<\/li>\n<li>Neilgi p\u0113c tam vi\u0146a tika hospitaliz\u0113ta ar miegain\u012bbu un vem\u0161anu; p\u0113c tam vi\u0146a \u0101tri nomira.<\/li>\n<\/ul>\n<\/li>\n<li>Patolo\u0123ija\n<ul>\n<li>Paraug\u0101 redzama liela intracerebr\u0101la masa, kas ir izn\u012bcin\u0101jusi s\u0101nu kambarus, iek\u0161\u0113j\u0101s kapsulas iek\u0161\u0113j\u0101s 2\/3 da\u013cas un baz\u0101los ganglijus labaj\u0101 pus\u0113.<\/li>\n<li>Tas infiltr\u0113jas caur smadze\u0146u zv\u012b\u0146u un deform\u0113 akveduktu.<\/li>\n<li>Audz\u0113js ir diezgan labi defin\u0113ts un asinsvadu tipa, ar daudz\u0101m asi\u0146o\u0161anas un nekrozes zon\u0101m, radot marmor\u0113tu izskatu.<\/li>\n<\/ul>\n<\/li>\n<\/ul>\n<h3>3.\u20134. pak\u0101pes gliomas 3D mode\u013ci \u2013 <a href=\"http:\/\/labostera.lt\/lv\/product-brand\/erler-zimmer-gmbh-co-kg\/\">Erlera-Zimmera anatomijas grupa<\/a><\/h3>\n<p>Vair\u0101k inform\u0101cijas: <a href=\"https:\/\/erler-zimmer.de\/shop\/en\/11354\" target=\"_blank\" rel=\"noopener nofollow\">ra\u017eot\u0101ja t\u012bmek\u013ca vietn\u0113<\/a> vai nos\u016btiet mums piepras\u012bjumu!<\/p>","protected":false},"excerpt":{"rendered":"<p>Erlera-Zimmera 3.\u20134. pak\u0101pes gliomas 3D modelis. Lielisks instruments medic\u012bniskajai apm\u0101c\u012bbai un pacientu izgl\u012bto\u0161anai.<\/p>","protected":false},"featured_media":19701,"template":"","meta":[],"product_cat":[75,79],"product_tag":[745,729,728,692,577,690],"class_list":{"0":"post-19700","1":"product","2":"type-product","3":"status-publish","4":"has-post-thumbnail","6":"product_brand-erler-zimmer-gmbh-co-kg","7":"product_cat-modeliai-manekenai-muliazai","8":"product_cat-mokymo-priemones-ir-iranga","9":"product_tag-3-4-laipsnio-glioma-modeliai","10":"product_tag-3d-printed-models","11":"product_tag-3d-spausdinti-modeliai","12":"product_tag-erler-zimmer-gmbh-co-kg","13":"product_tag-modeliai","14":"product_tag-models","16":"first","17":"onbackorder","18":"shipping-taxable","19":"purchasable","20":"product-type-simple"},"_links":{"self":[{"href":"https:\/\/labostera.lt\/lv\/wp-json\/wp\/v2\/product\/19700","targetHints":{"allow":["GET"]}}],"collection":[{"href":"https:\/\/labostera.lt\/lv\/wp-json\/wp\/v2\/product"}],"about":[{"href":"https:\/\/labostera.lt\/lv\/wp-json\/wp\/v2\/types\/product"}],"wp:featuredmedia":[{"embeddable":true,"href":"https:\/\/labostera.lt\/lv\/wp-json\/wp\/v2\/media\/19701"}],"wp:attachment":[{"href":"https:\/\/labostera.lt\/lv\/wp-json\/wp\/v2\/media?parent=19700"}],"wp:term":[{"taxonomy":"product_cat","embeddable":true,"href":"https:\/\/labostera.lt\/lv\/wp-json\/wp\/v2\/product_cat?post=19700"},{"taxonomy":"product_tag","embeddable":true,"href":"https:\/\/labostera.lt\/lv\/wp-json\/wp\/v2\/product_tag?post=19700"}],"curies":[{"name":"wp","href":"https:\/\/api.w.org\/{rel}","templated":true}]}}