{"id":19696,"date":"2024-02-27T09:21:31","date_gmt":"2024-02-27T07:21:31","guid":{"rendered":"http:\/\/labostera.lt\/?post_type=product&#038;p=19696"},"modified":"2024-10-18T15:22:32","modified_gmt":"2024-10-18T12:22:32","slug":"smegenu-kraujavimo-3d-modelis-erler-zimmer-cerebral-haemorrhage-3d-printed-model","status":"publish","type":"product","link":"https:\/\/labostera.lt\/lv\/priemones-ir-iranga\/mokymo-priemones-ir-iranga\/modeliai-manekenai-muliazai\/smegenu-kraujavimo-3d-modelis-erler-zimmer-cerebral-haemorrhage-3d-printed-model\/","title":{"rendered":"Smadze\u0146u asi\u0146o\u0161anas 3D modelis Erlera-Zimmera smadze\u0146u asi\u0146o\u0161anas 3D druk\u0101tais modelis"},"content":{"rendered":"<h2><strong>Erler-Zimmer GmbH &amp; Co. KG smadze\u0146u asi\u0146o\u0161anas 3D modelis<\/strong>:<\/h2>\n<ul>\n<li>Mode\u013ca kods: MP2002<\/li>\n<li>Kl\u012bnisk\u0101 v\u0113sture\n<ul>\n<li>56 gadus veca sieviete tika uz\u0146emta p\u0113c div\u0101m stipru galvass\u0101pju epizod\u0113m ar sama\u0146as zudumu.<\/li>\n<li>Kl\u012bnisk\u0101 izmekl\u0113\u0161ana atkl\u0101ja sist\u0113misku hipertensiju ar sirds palielin\u0101\u0161anos un lab\u0101s puses hemipar\u0113zi.<\/li>\n<li>Angiogr\u0101fija uzr\u0101d\u012bja divpus\u0113ju vid\u0113j\u0101s smadze\u0146u art\u0113rijas aneirismu.<\/li>\n<li>Pacientes st\u0101voklis pasliktin\u0101j\u0101s, un vi\u0146a nomira neilgi p\u0113c uz\u0146em\u0161anas slimn\u012bc\u0101.<\/li>\n<\/ul>\n<\/li>\n<li>Patolo\u0123ija\n<ul>\n<li>Smadze\u0146u kreiso puslodi sadala parasagit\u0101la plakne, un griezuma virsm\u0101 redzama pla\u0161a smadze\u0146u asi\u0146o\u0161ana pariet\u0101laj\u0101 un front\u0101laj\u0101 daiv\u0101.<\/li>\n<li>Asi\u0146o\u0161ana un ar to saist\u012btais receklis izraisa pla\u0161\u0101ku kreis\u0101s \u0101r\u0113j\u0101s kapsulas un s\u0101nu kambara izliekumu.<\/li>\n<li>Asi\u0146o\u0161anas avots bija kreis\u0101s vid\u0113j\u0101s smadze\u0146u art\u0113rijas aneirismas pl\u012bsums.<\/li>\n<\/ul>\n<\/li>\n<\/ul>\n<h3>Smadze\u0146u asi\u0146o\u0161anas 3D mode\u013ci \u2013 <a href=\"http:\/\/labostera.lt\/lv\/product-brand\/erler-zimmer-gmbh-co-kg\/\">Erlera-Zimmera anatomijas grupa<\/a><\/h3>\n<p>Vair\u0101k inform\u0101cijas: <a href=\"https:\/\/erler-zimmer.de\/shop\/en\/11353\" target=\"_blank\" rel=\"noopener nofollow\">ra\u017eot\u0101ja t\u012bmek\u013ca vietn\u0113<\/a> vai nos\u016btiet mums piepras\u012bjumu!<\/p>","protected":false},"excerpt":{"rendered":"<p>Erlera-Zimmera smadze\u0146u asi\u0146o\u0161anas 3D modelis. Ide\u0101ls instruments medic\u012bniskajai izgl\u012bt\u012bbai un pacientu izpratnei. Prec\u012bza smadze\u0146u ekstrakcija ar 3D druk\u0101\u0161anu.<\/p>","protected":false},"featured_media":19697,"template":"","meta":[],"product_cat":[75,79],"product_tag":[729,728,692,577,690,744],"class_list":{"0":"post-19696","1":"product","2":"type-product","3":"status-publish","4":"has-post-thumbnail","6":"product_brand-erler-zimmer-gmbh-co-kg","7":"product_cat-modeliai-manekenai-muliazai","8":"product_cat-mokymo-priemones-ir-iranga","9":"product_tag-3d-printed-models","10":"product_tag-3d-spausdinti-modeliai","11":"product_tag-erler-zimmer-gmbh-co-kg","12":"product_tag-modeliai","13":"product_tag-models","14":"product_tag-smegenu-kraujavimo-modeliai","16":"first","17":"onbackorder","18":"shipping-taxable","19":"purchasable","20":"product-type-simple"},"_links":{"self":[{"href":"https:\/\/labostera.lt\/lv\/wp-json\/wp\/v2\/product\/19696","targetHints":{"allow":["GET"]}}],"collection":[{"href":"https:\/\/labostera.lt\/lv\/wp-json\/wp\/v2\/product"}],"about":[{"href":"https:\/\/labostera.lt\/lv\/wp-json\/wp\/v2\/types\/product"}],"wp:featuredmedia":[{"embeddable":true,"href":"https:\/\/labostera.lt\/lv\/wp-json\/wp\/v2\/media\/19697"}],"wp:attachment":[{"href":"https:\/\/labostera.lt\/lv\/wp-json\/wp\/v2\/media?parent=19696"}],"wp:term":[{"taxonomy":"product_cat","embeddable":true,"href":"https:\/\/labostera.lt\/lv\/wp-json\/wp\/v2\/product_cat?post=19696"},{"taxonomy":"product_tag","embeddable":true,"href":"https:\/\/labostera.lt\/lv\/wp-json\/wp\/v2\/product_tag?post=19696"}],"curies":[{"name":"wp","href":"https:\/\/api.w.org\/{rel}","templated":true}]}}