{"id":19681,"date":"2024-02-26T17:15:48","date_gmt":"2024-02-26T15:15:48","guid":{"rendered":"http:\/\/labostera.lt\/?post_type=product&#038;p=19681"},"modified":"2024-10-18T15:22:33","modified_gmt":"2024-10-18T12:22:33","slug":"baziliarines-arterijos-berry-aneurizmos-3d-modelis-erler-zimmer-berry-aneurism-of-basilar-artery-3d-printed-model","status":"publish","type":"product","link":"https:\/\/labostera.lt\/lv\/priemones-ir-iranga\/mokymo-priemones-ir-iranga\/modeliai-manekenai-muliazai\/baziliarines-arterijos-berry-aneurizmos-3d-modelis-erler-zimmer-berry-aneurism-of-basilar-artery-3d-printed-model\/","title":{"rendered":"Erlera-Zimmera Berija bazil\u0101r\u0101s art\u0113rijas aneirismas 3D druk\u0101tais modelis"},"content":{"rendered":"<h2><strong>Erler-Zimmer GmbH &amp; Co. KG bazil\u0101r\u0101s art\u0113rijas Berija aneirismas 3D modelis<\/strong>:<\/h2>\n<ul>\n<li>Mode\u013ca kods: MP2001<\/li>\n<li>Kl\u012bnisk\u0101 v\u0113sture<\/li>\n<ul>\n<li>37 gadus vecs pacients p\u0113c sitiena pa galvu tika ievietots slimn\u012bc\u0101 ar galvass\u0101p\u0113m, vem\u0161anu un dezorient\u0101ciju.<\/li>\n<li>Datortomogr\u0101fijas sken\u0113\u0161an\u0101 tika konstat\u0113ta s\u0101nu daivu palielin\u0101\u0161an\u0101s, kas saist\u012bta ar lielu masu, kas izvirz\u0101s tre\u0161aj\u0101 sirds kambar\u012b.<\/li>\n<li>Ned\u0113\u013cu v\u0113l\u0101k tika veikta \u0161unt\u0113\u0161ana hidrocef\u0101lijas d\u0113\u013c.<\/li>\n<li>Angiogramm\u0101 tika atkl\u0101ta da\u013c\u0113ji nosprostota aneirisma 1 x 1 cm lielum\u0101, kas iziet no bazil\u0101r\u0101s art\u0113rijas.<\/li>\n<li>\u0160unts tika nomain\u012bts 3 m\u0113ne\u0161us p\u0113c oper\u0101cijas nosprostojuma d\u0113\u013c, un atk\u0101rtot\u0101s smadze\u0146u angiogr\u0101fijas atkl\u0101ja interv\u0101la aneirismas palielin\u0101\u0161anos.<\/li>\n<li>M\u0113\u0123in\u0101jums lig\u0113t aneirismu bija neveiksm\u012bgs. Pacients palika bezsama\u0146\u0101, neskatoties uz vair\u0101kiem \u0161unta labo\u0161anas m\u0113\u0123in\u0101jumiem, un nomira.<\/li>\n<\/ul>\n<li>Patolo\u0123ija<\/li>\n<ul>\n<li>\u0160o smadze\u0146u da\u013cu uz pus\u0113m sadala sagit\u0101l\u0101 plakne.<\/li>\n<li>Tas veido veselu pusi smadze\u0146u da\u013cu, apm\u0113ram 1 cm biezu.<\/li>\n<li>Uz iek\u0161\u0113j\u0101s virsmas ir skaidri redzama liela, tum\u0161as kr\u0101sas ov\u0101la ogu aneirisma, kuras diametrs ir 5 x 2 cm un kas s\u0101kas no bazil\u0101r\u0101s art\u0113rijas.<\/li>\n<li>Tas izspied\u0101s starpsmadzen\u0113, no apak\u0161as spie\u017eot uz tre\u0161o sirds kambari un tilta apak\u0161\u0113j\u0101s strukt\u016bras.<\/li>\n<li>Aneirismas siena \u0161\u0137iet cieta, lai gan tre\u0161aj\u0101 kambar\u012b ir redzams asins receklis, kas, \u0161\u0137iet, izplat\u0101s caur tre\u0161\u0101 kambara s\u0101nu sienu.<\/li>\n<li>Aneirisma ir piepild\u012bta ar lamin\u0113tu trombu.<\/li>\n<li>Aiz aneirismas, apak\u0161\u017eok\u013ca iek\u0161pus\u0113, ir redzama neliela mioks\u012bdas de\u0123ener\u0101cijas zona 0,4 cm diametr\u0101.<\/li>\n<\/ul>\n<li>Las\u012bt vair\u0101k<\/li>\n<ul>\n<li>Aneirismu izplat\u012bba iedz\u012bvot\u0101ju vid\u016b ir aptuveni 3,2 uz 100 000 cilv\u0113kgadiem, savuk\u0101rt pl\u012bsums ir daudz ret\u0101ks, sastopams tikai 7,9 gad\u012bjumos uz 100 000 cilv\u0113kgadiem.<\/li>\n<li>Nodul\u0101ras intrakrani\u0101las aneirismas rodas no galven\u0101s asinsrites un visbie\u017e\u0101k atrodas ap bazil\u0101ro, pakau\u0161a un smadzen\u012b\u0161u art\u0113rij\u0101m.<\/li>\n<li>Simptomi var b\u016bt saist\u012bti vai nu ar aneirismisku saimniekfaktoru, vai ar masas efektu, kas saist\u012bts ar pret\u0113j\u0101s smadze\u0146u parenh\u012bmas un galvaskausa nervu saspie\u0161anu.<\/li>\n<li>Pl\u012bsums izraisa komplik\u0101cijas asi\u0146o\u0161anas un paaugstin\u0101ta intrakrani\u0101l\u0101 spiediena d\u0113\u013c.<\/li>\n<li>Iesp\u0113jamais st\u0101voklis: hidrocef\u0101lija, asi\u0146o\u0161ana un asinsvadu spazmas.<\/li>\n<li>Vad\u012bba tiek veikta ar \u0137irur\u0123isk\u0101m metod\u0113m; P\u0113d\u0113jos gados jaun\u0101s terapijas ietver endovaskul\u0101ru iejauk\u0161anos ar spir\u0101l\u0113m un sekojo\u0161u uzraudz\u012bbu.<\/li>\n<\/ul>\n<\/ul>\n<h3>Bazil\u0101r\u0101s art\u0113rijas Berija aneirismas 3D mode\u013ci \u2013 <a href=\"http:\/\/labostera.lt\/lv\/product-brand\/erler-zimmer-gmbh-co-kg\/\">Erlera-Zimmera anatomijas grupa<\/a><\/h3>\n<p>Vair\u0101k inform\u0101cijas: <a href=\"https:\/\/erler-zimmer.de\/shop\/en\/11352\" target=\"_blank\" rel=\"noopener nofollow\">ra\u017eot\u0101ja t\u012bmek\u013ca vietn\u0113<\/a> vai nos\u016btiet mums piepras\u012bjumu!<\/p>","protected":false},"excerpt":{"rendered":"<p>Erlera-Zimmera bazil\u0101r\u0101s art\u0113rijas ogu aneirismas 3D modelis. Lielisks instruments medic\u012bniskajai apm\u0101c\u012bbai un pacientu izgl\u012bto\u0161anai. Prec\u012bza smadze\u0146u ekstrakcija ar 3D druk\u0101\u0161anu.<\/p>","protected":false},"featured_media":19695,"template":"","meta":[],"product_cat":[75,79],"product_tag":[729,728,743,692,577,690],"class_list":{"0":"post-19681","1":"product","2":"type-product","3":"status-publish","4":"has-post-thumbnail","6":"product_brand-erler-zimmer-gmbh-co-kg","7":"product_cat-modeliai-manekenai-muliazai","8":"product_cat-mokymo-priemones-ir-iranga","9":"product_tag-3d-printed-models","10":"product_tag-3d-spausdinti-modeliai","11":"product_tag-baziliarines-arterijos-berry-aneurizmos-modeliai","12":"product_tag-erler-zimmer-gmbh-co-kg","13":"product_tag-modeliai","14":"product_tag-models","16":"first","17":"onbackorder","18":"shipping-taxable","19":"purchasable","20":"product-type-simple"},"_links":{"self":[{"href":"https:\/\/labostera.lt\/lv\/wp-json\/wp\/v2\/product\/19681","targetHints":{"allow":["GET"]}}],"collection":[{"href":"https:\/\/labostera.lt\/lv\/wp-json\/wp\/v2\/product"}],"about":[{"href":"https:\/\/labostera.lt\/lv\/wp-json\/wp\/v2\/types\/product"}],"wp:featuredmedia":[{"embeddable":true,"href":"https:\/\/labostera.lt\/lv\/wp-json\/wp\/v2\/media\/19695"}],"wp:attachment":[{"href":"https:\/\/labostera.lt\/lv\/wp-json\/wp\/v2\/media?parent=19681"}],"wp:term":[{"taxonomy":"product_cat","embeddable":true,"href":"https:\/\/labostera.lt\/lv\/wp-json\/wp\/v2\/product_cat?post=19681"},{"taxonomy":"product_tag","embeddable":true,"href":"https:\/\/labostera.lt\/lv\/wp-json\/wp\/v2\/product_tag?post=19681"}],"curies":[{"name":"wp","href":"https:\/\/api.w.org\/{rel}","templated":true}]}}