{"id":19650,"date":"2024-02-26T16:00:40","date_gmt":"2024-02-26T14:00:40","guid":{"rendered":"http:\/\/labostera.lt\/?post_type=product&#038;p=19650"},"modified":"2024-10-18T15:22:34","modified_gmt":"2024-10-18T12:22:34","slug":"zmogaus-pilvo-3d-modelis-erler-zimmer-human-abdomen-3d-printed-model","status":"publish","type":"product","link":"https:\/\/labostera.lt\/lv\/priemones-ir-iranga\/mokymo-priemones-ir-iranga\/modeliai-manekenai-muliazai\/zmogaus-pilvo-3d-modelis-erler-zimmer-human-abdomen-3d-printed-model\/","title":{"rendered":"Cilv\u0113ka v\u0113dera 3D modelis Erler-Zimmer cilv\u0113ka v\u0113dera 3D druk\u0101ts modelis"},"content":{"rendered":"<h2><strong>Erler-Zimmer GmbH &amp; Co. KG cilv\u0113ka kr\u016b\u0161kurvja 3D modelis<\/strong>:<\/h2>\n<ul>\n<li><strong>Modelis MP1130<\/strong>\u0160is 3D modelis ir viena no liel\u0101kaj\u0101m un sare\u017e\u0123\u012bt\u0101kaj\u0101m s\u0113rij\u0101m, kas sast\u0101v no da\u013c\u0113ja rumpja no diafragmas l\u012bdz aug\u0161stilba kaula aug\u0161da\u013cai ar pilniem v\u0113dera dobumiem, saglab\u0101jot da\u017e\u0101dus prepar\u0113\u0161anas l\u012bme\u0146us.<\/li>\n<li><strong>Modelis MP1131<\/strong>Celiakijas kauls: \u0160is modelis nov\u0113ro celiakijas kaula izvirz\u012btos zarus T12 mugurkaula l\u012bmen\u012b.<\/li>\n<li><strong>Modelis MP1132<\/strong>Aizku\u0146\u0123a dziedzeris: \u0160is modelis att\u0113lo aizku\u0146\u0123a dziedzeri un t\u0101s saist\u012bbu ar cit\u0101m v\u0113dera dobuma strukt\u016br\u0101m.<\/li>\n<li><strong>Modelis MP1133<\/strong>Diafragma un xphoid\u0101lais izaugums: Modelis att\u0113lo diafragmu un xphoid\u0101lo izaugumu.<\/li>\n<li><strong>Modelis MP1134<\/strong>\u0160is 3D modelis ir izol\u0113ts ku\u0146\u0123is ar diviem prepar\u0113\u0161anas logiem, kas atkl\u0101j ileumu un pylorus.<\/li>\n<li><strong>Modelis MP1135<\/strong>\u0160is 3D modelis saglab\u0101 priek\u0161\u0113j\u0101s v\u0113dera sienas dzi\u013co virsmu.<\/li>\n<li><strong>Modelis MP1136<\/strong>\u0160is 3D modelis saglab\u0101 aknas un \u017eultsp\u016bsli.<\/li>\n<li><strong>Modelis MP1137<\/strong>\u0160is 3D modelis att\u0113lo priek\u0161\u0113j\u0101s v\u0113dera sienas iek\u0161\u0113jo virsmu.<\/li>\n<li><strong>Modelis MP1140<\/strong>\u0160aj\u0101 3D model\u012b ir att\u0113lots kreisais gurns, kas ir p\u0101rgriezts pa vidussagit\u0101lo plakni.<\/li>\n<li><strong>Modelis MP1141<\/strong>\u0160is 3D modelis nodro\u0161ina dzi\u013cu iegur\u0146a izol\u0101ciju no apk\u0101rt\u0113jiem re\u0123ioniem.<\/li>\n<li><strong>Modelis MP1142<\/strong>\u0160aj\u0101 3D model\u012b ir saglab\u0101ta v\u012brie\u0161a iegur\u0146a lab\u0101 puse, kas ir p\u0101rgriezta tie\u0161i virs L5 skrieme\u013ca un sadal\u012bta sagit\u0101laj\u0101 plakn\u0113.<\/li>\n<\/ul>\n<h3>Cilv\u0113ka kr\u016b\u0161kurvja 3D mode\u013ci \u2013 <a href=\"http:\/\/labostera.lt\/lv\/product-brand\/erler-zimmer-gmbh-co-kg\/\">Erlera-Zimmera anatomijas grupa<\/a><\/h3>\n<p>Vair\u0101k inform\u0101cijas: <a href=\"https:\/\/erler-zimmer.de\/shop\/en\/shop\/3d-anatomy-series\/anatomy-series-1.1\/\" target=\"_blank\" rel=\"noopener nofollow\">ra\u017eot\u0101ja t\u012bmek\u013ca vietn\u0113<\/a> vai nos\u016btiet mums piepras\u012bjumu!<\/p>","protected":false},"excerpt":{"rendered":"<p>Erlera-Zimmera cilv\u0113ka v\u0113dera 3D modelis \u2013 detaliz\u0113ts v\u0113dera dobuma 3D modelis, kas atkl\u0101j da\u017e\u0101das strukt\u016bras, kas saglab\u0101ju\u0161\u0101s prepar\u0113\u0161anas l\u012bme\u0146os no diafragmas l\u012bdz aug\u0161stilba kaulam.<\/p>","protected":false},"featured_media":19669,"template":"","meta":[],"product_cat":[75,79],"product_tag":[729,728,692,742,577,690],"class_list":{"0":"post-19650","1":"product","2":"type-product","3":"status-publish","4":"has-post-thumbnail","6":"product_brand-erler-zimmer-gmbh-co-kg","7":"product_cat-modeliai-manekenai-muliazai","8":"product_cat-mokymo-priemones-ir-iranga","9":"product_tag-3d-printed-models","10":"product_tag-3d-spausdinti-modeliai","11":"product_tag-erler-zimmer-gmbh-co-kg","12":"product_tag-krutines-lastos-modeliai","13":"product_tag-modeliai","14":"product_tag-models","16":"first","17":"onbackorder","18":"shipping-taxable","19":"purchasable","20":"product-type-variable"},"_links":{"self":[{"href":"https:\/\/labostera.lt\/lv\/wp-json\/wp\/v2\/product\/19650","targetHints":{"allow":["GET"]}}],"collection":[{"href":"https:\/\/labostera.lt\/lv\/wp-json\/wp\/v2\/product"}],"about":[{"href":"https:\/\/labostera.lt\/lv\/wp-json\/wp\/v2\/types\/product"}],"wp:featuredmedia":[{"embeddable":true,"href":"https:\/\/labostera.lt\/lv\/wp-json\/wp\/v2\/media\/19669"}],"wp:attachment":[{"href":"https:\/\/labostera.lt\/lv\/wp-json\/wp\/v2\/media?parent=19650"}],"wp:term":[{"taxonomy":"product_cat","embeddable":true,"href":"https:\/\/labostera.lt\/lv\/wp-json\/wp\/v2\/product_cat?post=19650"},{"taxonomy":"product_tag","embeddable":true,"href":"https:\/\/labostera.lt\/lv\/wp-json\/wp\/v2\/product_tag?post=19650"}],"curies":[{"name":"wp","href":"https:\/\/api.w.org\/{rel}","templated":true}]}}