{"id":19619,"date":"2024-02-26T13:33:27","date_gmt":"2024-02-26T11:33:27","guid":{"rendered":"http:\/\/labostera.lt\/?post_type=product&#038;p=19619"},"modified":"2024-10-18T15:22:35","modified_gmt":"2024-10-18T12:22:35","slug":"zmogaus-krutines-lastos-3d-modelis-erler-zimmer-human-thorax-3d-printed-model","status":"publish","type":"product","link":"https:\/\/labostera.lt\/lv\/priemones-ir-iranga\/mokymo-priemones-ir-iranga\/modeliai-manekenai-muliazai\/zmogaus-krutines-lastos-3d-modelis-erler-zimmer-human-thorax-3d-printed-model\/","title":{"rendered":"Cilv\u0113ka kr\u016b\u0161kurvja 3D modelis Erlera-Zimmera cilv\u0113ka kr\u016b\u0161kurvja 3D druk\u0101tais modelis"},"content":{"rendered":"<h2><strong>Erler-Zimmer GmbH &amp; Co. KG cilv\u0113ka kr\u016b\u0161kurvja 3D modelis<\/strong>:<\/h2>\n<ul>\n<li><strong>Modelis MP1120<\/strong>\u0160is modelis ir izgriezums no kr\u016bt\u012bm T6 sl\u012bd\u0146a l\u012bmen\u012b. Tas s\u0101kas aizmugur\u0113, net\u0101lu no l\u0101psti\u0146as kan\u0101la, p\u0113c tam non\u0101k r\u016bp\u012bgi att\u0113lotaj\u0101s sest\u0101s ribas kosovertebr\u0101laj\u0101s loc\u012btav\u0101s.<\/li>\n<li><strong>Modelis MP1121<\/strong>\u0160aj\u0101 piem\u0113r\u0101 pati sirds ir no\u0146emta, kas \u013cauj atsegt pariet\u0101l\u0101 v\u0113derpl\u0113ves atspulgus un sirds orient\u0101ciju attiec\u012bb\u0101 pret cit\u0101m strukt\u016br\u0101m.<\/li>\n<li><strong>Modelis MP1122<\/strong>\u0160is modelis att\u0113lo aug\u0161\u0113jo kr\u016b\u0161kurvja dobumu ar strukt\u016br\u0101m, kas stiepjas galv\u0101, kakl\u0101 un aug\u0161\u0113j\u0101s ekstremit\u0101t\u0113s.<\/li>\n<li><strong>Modelis MP1123<\/strong>Cilv\u0113ka sirds 3D modelis, kas skaidri par\u0101da sirds iek\u0161\u0113jo strukt\u016bru un t\u0101s orient\u0101ciju attiec\u012bb\u0101 pret citiem org\u0101niem.<\/li>\n<li><strong>Modelis MP1124<\/strong>Cilv\u0113ka kreis\u0101s plau\u0161as hilum 3D modelis, kas izstr\u0101d\u0101ts, lai sniegtu detaliz\u0113tu plau\u0161u strukt\u016bru un to saist\u012bbu ar citiem org\u0101niem vizualiz\u0101ciju.<\/li>\n<li><strong>Modelis MP1125<\/strong>\u0160aj\u0101 model\u012b plau\u0161as ir sadal\u012btas parasagit\u0101laj\u0101 plakn\u0113, bez mediastin\u0101l\u0101s virsmas, un taj\u0101 ir redzams ar\u012b sirds nospiedums uz plau\u0161u mediastin\u0101l\u0101s virsmas.<\/li>\n<li><strong>Modelis MP1126<\/strong>3D modelis, kas papildina lab\u0101s plau\u0161u hiluma 3D modeli un nodro\u0161ina tie\u0161u kontrastu ar kreis\u0101s plau\u0161u da\u013cu.<\/li>\n<li><strong>Modelis MP1127<\/strong>\u0160aj\u0101 mode\u013ca piem\u0113r\u0101 ir att\u0113lots plau\u0161u paugurs, svar\u012bg\u0101k\u0101s strukt\u016bras un to savienojumus, tostarp plau\u0161u art\u0113rijas, v\u0113nas un bronhus.<\/li>\n<\/ul>\n<h3>Cilv\u0113ka kr\u016b\u0161kurvja 3D mode\u013ci \u2013 <a href=\"http:\/\/labostera.lt\/lv\/product-brand\/erler-zimmer-gmbh-co-kg\/\">Erlera-Zimmera anatomijas grupa<\/a><\/h3>\n<p>Vair\u0101k inform\u0101cijas: <a href=\"https:\/\/erler-zimmer.de\/shop\/en\/shop\/3d-anatomy-series\/anatomy-series-1.1\/\" target=\"_blank\" rel=\"noopener nofollow\">ra\u017eot\u0101ja t\u012bmek\u013ca vietn\u0113<\/a> vai nos\u016btiet mums piepras\u012bjumu!<\/p>","protected":false},"excerpt":{"rendered":"<p>Erlera-Zimmera cilv\u0113ka kr\u016b\u0161kurvja 3D modelis \u2013 atdarina sirds, plau\u0161u un asinsvadu strukt\u016bras kr\u016b\u0161kurvja l\u012bmen\u012b. Paskaties \u0161eit!<\/p>","protected":false},"featured_media":19639,"template":"","meta":[],"product_cat":[75,79],"product_tag":[729,728,692,742,577,690],"class_list":{"0":"post-19619","1":"product","2":"type-product","3":"status-publish","4":"has-post-thumbnail","6":"product_brand-erler-zimmer-gmbh-co-kg","7":"product_cat-modeliai-manekenai-muliazai","8":"product_cat-mokymo-priemones-ir-iranga","9":"product_tag-3d-printed-models","10":"product_tag-3d-spausdinti-modeliai","11":"product_tag-erler-zimmer-gmbh-co-kg","12":"product_tag-krutines-lastos-modeliai","13":"product_tag-modeliai","14":"product_tag-models","16":"first","17":"onbackorder","18":"shipping-taxable","19":"purchasable","20":"product-type-variable"},"_links":{"self":[{"href":"https:\/\/labostera.lt\/lv\/wp-json\/wp\/v2\/product\/19619","targetHints":{"allow":["GET"]}}],"collection":[{"href":"https:\/\/labostera.lt\/lv\/wp-json\/wp\/v2\/product"}],"about":[{"href":"https:\/\/labostera.lt\/lv\/wp-json\/wp\/v2\/types\/product"}],"wp:featuredmedia":[{"embeddable":true,"href":"https:\/\/labostera.lt\/lv\/wp-json\/wp\/v2\/media\/19639"}],"wp:attachment":[{"href":"https:\/\/labostera.lt\/lv\/wp-json\/wp\/v2\/media?parent=19619"}],"wp:term":[{"taxonomy":"product_cat","embeddable":true,"href":"https:\/\/labostera.lt\/lv\/wp-json\/wp\/v2\/product_cat?post=19619"},{"taxonomy":"product_tag","embeddable":true,"href":"https:\/\/labostera.lt\/lv\/wp-json\/wp\/v2\/product_tag?post=19619"}],"curies":[{"name":"wp","href":"https:\/\/api.w.org\/{rel}","templated":true}]}}