{"id":19579,"date":"2024-02-26T09:48:02","date_gmt":"2024-02-26T07:48:02","guid":{"rendered":"http:\/\/labostera.lt\/?post_type=product&#038;p=19579"},"modified":"2024-10-18T15:22:36","modified_gmt":"2024-10-18T12:22:36","slug":"zmogaus-smegenu-3d-modelis-erler-zimmer-human-brain-3d-printed-model","status":"publish","type":"product","link":"https:\/\/labostera.lt\/lv\/priemones-ir-iranga\/mokymo-priemones-ir-iranga\/modeliai-manekenai-muliazai\/zmogaus-smegenu-3d-modelis-erler-zimmer-human-brain-3d-printed-model\/","title":{"rendered":"Cilv\u0113ka smadze\u0146u 3D modelis Erlera-Zimmera cilv\u0113ka smadze\u0146u 3D druk\u0101tais modelis"},"content":{"rendered":"<h2><strong>Erler-Zimmer GmbH &amp; Co. KG cilv\u0113ka smadze\u0146u 3D modelis<\/strong>:<\/h2>\n<ul>\n<li><strong>Modelis MP1100<\/strong>\u0160aj\u0101 3D model\u012b ir saglab\u0101tas vair\u0101kas dzi\u013cas smadzen\u012b\u0161u un starpsmadzen\u012b\u0161u strukt\u016bras l\u012bdz pat proksim\u0101lajai iegarenajai smadzenes un pievienots v\u0113l viens izol\u0113ts smadze\u0146u stumbrs.<\/li>\n<li><strong>Modelis MP1101<\/strong>\u0160is 3D modelis sniedz izol\u0113tu smadze\u0146u stumbra anatomijas skatu no vidussmadzen\u0113m l\u012bdz iegarenaj\u0101m smadzen\u0113m un papildina otru starpsmadze\u0146u\/smadze\u0146u stumbra 3D modeli.<\/li>\n<li><strong>Modelis MP1102<\/strong>\u0160is 3D modelis ir smadze\u0146u vidussagit\u0101ls pus\u0161\u0137\u0113lums, saglab\u0101jot lab\u0101s puses anatomiju un dzi\u013c\u0101s smadze\u0146u strukt\u016bras.<\/li>\n<li><strong>Modelis MP1103<\/strong>\u0160is 3D modelis sniedz unik\u0101lu smadze\u0146u anatomijas skatu attiec\u012bb\u0101 pret smadze\u0146u apvalkiem.<\/li>\n<li><strong>Modelis MP1104<\/strong>\u0160is 3D modelis sniedz vidussagit\u0101la \u0161\u0137\u0113rsgriezuma kombin\u0101ciju caur galvu un kakla aug\u0161da\u013cu, k\u0101 ar\u012b dzi\u013cu infratempor\u0101l\u0101s atveres disekciju un virspus\u0113ju galvas \u0101das disekciju.<\/li>\n<li><strong>Modelis MP1105<\/strong>\u0160is 3D modelis apvieno galvas vidussagit\u0101lo griezumu ar smadze\u0146u un galvaskausa dobuma anatomisko skatu.<\/li>\n<li><strong>Modelis MP1106<\/strong>\u0160aj\u0101 3D model\u012b labaj\u0101 pus\u0113 ir att\u0113lots vidussagit\u0101ls l\u012bdz parasagit\u0101ls galvas segments, lai par\u0101d\u012btu paranas\u0101lo sinusu komunik\u0101cijas ce\u013cu saist\u012bbu ar deguna dobumu.<\/li>\n<li><strong>Modelis MP1107<\/strong>\u0160is galvas un kakla 3D modelis att\u0113lo paraugu, kas sagriezts tuvu vidussagit\u0101lajai plaknei, lai saglab\u0101tu da\u017eas centr\u0101l\u0101s anatomisk\u0101s strukt\u016bras.<\/li>\n<li><strong>Modelis MP1108<\/strong>\u0160is 3D modelis att\u0113lo sejas kreis\u0101s puses virspus\u0113ju disekciju auss priek\u0161\u0101, k\u0101 ar\u012b viltus kr\u0101sojumu, kas izce\u013c nevienm\u0113r\u012bg\u0101s neirovaskul\u0101r\u0101s strukt\u016bras.<\/li>\n<li><strong>Modelis MP1109<\/strong>\u0160is 3D modelis att\u0113lo sejas un galvas virspus\u0113jo anatomiju un papildina m\u016bsu HW 44 mode\u013ca virspus\u0113jo sejas anatomiju ar papla\u0161in\u0101tiem pakau\u0161a \u0101das un galvas mugur\u0113j\u0101s da\u013cas prepar\u0113jumiem.<\/li>\n<li><strong>Modelis MP1110<\/strong>\u0160aj\u0101 3D model\u012b ir saglab\u0101ts galvaskausa dobuma p\u0101rr\u0101vums ar da\u013c\u0113ju smadze\u0146u disekciju un pieskaras kreis\u0101s orb\u012btas aug\u0161da\u013cai, k\u0101 ar\u012b tiek veikta dzi\u013ca sejas un temporomandibul\u0101r\u0101s loc\u012btavas re\u0123iona disekcija.<\/li>\n<li><strong>Modelis MP1111<\/strong>\u0160is 3D modelis att\u0113lo endokrani\u0101l\u0101 dobuma perspekt\u012bvu bez smadzen\u0113m un s\u0101nu disekciju kop\u0101 ar kakla anatomiju.<\/li>\n<li><strong>Modelis MP1112<\/strong>\u0160is 3D modelis nodro\u0161ina virspus\u0113jas prepar\u0113\u0161anas iesp\u0113ju later\u0101laj\u0101 virsm\u0101, lai par\u0101d\u012btu pieauss dziedzera anatomiju attiec\u012bb\u0101 pret virspus\u0113j\u0101m iez\u012bm\u0113m un neirovaskul\u0101raj\u0101m strukt\u016br\u0101m.<\/li>\n<\/ul>\n<h3>Cilv\u0113ka smadze\u0146u 3D mode\u013ci \u2013 <a href=\"http:\/\/labostera.lt\/lv\/product-brand\/erler-zimmer-gmbh-co-kg\/\">Erlera-Zimmera anatomijas grupa<\/a><\/h3>\n<p>Vair\u0101k inform\u0101cijas: <a href=\"https:\/\/erler-zimmer.de\/shop\/en\/shop\/3d-anatomy-series\/anatomy-series-1.1\/\" target=\"_blank\" rel=\"noopener nofollow\">ra\u017eot\u0101ja t\u012bmek\u013ca vietn\u0113<\/a> vai nos\u016btiet mums piepras\u012bjumu!<\/p>","protected":false},"excerpt":{"rendered":"<p>Erlera-Zimmera cilv\u0113ka smadze\u0146u 3D modelis \u2013 atveido dzi\u013co smadze\u0146u un starpsmadze\u0146u strukt\u016bras l\u012bdz pat proksim\u0101lajai iegarenajai smadzenes. Paskaties \u0161eit!<\/p>","protected":false},"featured_media":19615,"template":"","meta":[],"product_cat":[75,79],"product_tag":[729,728,692,577,690,711],"class_list":{"0":"post-19579","1":"product","2":"type-product","3":"status-publish","4":"has-post-thumbnail","6":"product_brand-erler-zimmer-gmbh-co-kg","7":"product_cat-modeliai-manekenai-muliazai","8":"product_cat-mokymo-priemones-ir-iranga","9":"product_tag-3d-printed-models","10":"product_tag-3d-spausdinti-modeliai","11":"product_tag-erler-zimmer-gmbh-co-kg","12":"product_tag-modeliai","13":"product_tag-models","14":"product_tag-smegenu-modeliai","16":"first","17":"onbackorder","18":"shipping-taxable","19":"purchasable","20":"product-type-variable"},"_links":{"self":[{"href":"https:\/\/labostera.lt\/lv\/wp-json\/wp\/v2\/product\/19579","targetHints":{"allow":["GET"]}}],"collection":[{"href":"https:\/\/labostera.lt\/lv\/wp-json\/wp\/v2\/product"}],"about":[{"href":"https:\/\/labostera.lt\/lv\/wp-json\/wp\/v2\/types\/product"}],"wp:featuredmedia":[{"embeddable":true,"href":"https:\/\/labostera.lt\/lv\/wp-json\/wp\/v2\/media\/19615"}],"wp:attachment":[{"href":"https:\/\/labostera.lt\/lv\/wp-json\/wp\/v2\/media?parent=19579"}],"wp:term":[{"taxonomy":"product_cat","embeddable":true,"href":"https:\/\/labostera.lt\/lv\/wp-json\/wp\/v2\/product_cat?post=19579"},{"taxonomy":"product_tag","embeddable":true,"href":"https:\/\/labostera.lt\/lv\/wp-json\/wp\/v2\/product_tag?post=19579"}],"curies":[{"name":"wp","href":"https:\/\/api.w.org\/{rel}","templated":true}]}}