{"id":19540,"date":"2024-02-23T14:00:32","date_gmt":"2024-02-23T12:00:32","guid":{"rendered":"http:\/\/labostera.lt\/?post_type=product&#038;p=19540"},"modified":"2024-10-18T15:22:36","modified_gmt":"2024-10-18T12:22:36","slug":"zmogaus-galvos-3d-modelis-erler-zimmer-human-head-3d-printed-model","status":"publish","type":"product","link":"https:\/\/labostera.lt\/lv\/priemones-ir-iranga\/mokymo-priemones-ir-iranga\/modeliai-manekenai-muliazai\/zmogaus-galvos-3d-modelis-erler-zimmer-human-head-3d-printed-model\/","title":{"rendered":"Cilv\u0113ka galvas 3D modelis Erlera-Zimmera cilv\u0113ka galvas 3D druk\u0101tais modelis"},"content":{"rendered":"<h2><strong>Erler-Zimmer GmbH &amp; Co. KG cilv\u0113ka galvas 3D modelis<\/strong>:<\/h2>\n<ul>\n<li><strong>Modelis MP1600<\/strong>\u0160is 3D druk\u0101tais modelis demonstr\u0113 intrakrani\u0101l\u0101s art\u0113rijas, kas apg\u0101d\u0101 smadzenes un galvaskausa apak\u0161\u0113j\u0101s da\u013cas.<\/li>\n<li><strong>Modelis MP1610<\/strong>\u0160is 3D druk\u0101tais modelis par\u0101da atv\u0113rto galvaskausa dobumu, demonstr\u0113jot durvju arku un dur\u0101lo venozo \u0161uvju darb\u012bbu.<\/li>\n<li><strong>Modelis MP1620<\/strong>\u0160is tr\u012bs da\u013cu 3D druk\u0101tais modelis detaliz\u0113ti att\u0113lo deni\u0146u galvaskausa anatomisko sare\u017e\u0123\u012bt\u012bbu.<\/li>\n<li><strong>Modelis MP1630<\/strong>\u0160is unik\u0101lais modelis ir izveidots, izmantojot datortomogr\u0101fijas att\u0113lveido\u0161anu un viscerokranija iek\u0161\u0113jo telpu segment\u0101ciju.<\/li>\n<li><strong>Modelis MP1640<\/strong>\u0160is 3D druk\u0101tais paraugs apvieno segment\u0113tus angiogr\u0101fiskos datus un venozo cirkul\u0101ciju vien\u0101 model\u012b.<\/li>\n<li><strong>Modelis MP1645<\/strong>\u0160is modelis nodro\u0161ina datus, kas ir balst\u012bti uz angiogr\u0101fiskajiem datiem un ir atvasin\u0101ti no detaliz\u0113t\u0101kiem angiogr\u0101fiskajiem datiem.<\/li>\n<li><strong>Modelis MP1650<\/strong>\u0160is 3D druk\u0101tais modelis nodro\u0161ina to pa\u0161u datu uzlabot\u0101ku versiju, kas veido m\u016bsu Vilisa ap\u013ca 3D modeli.<\/li>\n<li><strong>Modelis MP1660<\/strong>\u0160is 3D druk\u0101tais paraugs parasagit\u0101li att\u0113lo galvas un kakla anatomisko iez\u012bmju spektru.<\/li>\n<li><strong>Modelis MP1665<\/strong>\u0160is 3D druk\u0101tais paraugs ir att\u0113lots ar krustveida krustojumu p\u0101ri dienvidu sejai un kaklam.<\/li>\n<li><strong>Modelis MP1670<\/strong>\u0160is 3D druk\u0101tais paraugs att\u0113lo virkni galvas un kakla re\u0123iona anatomisko iez\u012bmju.<\/li>\n<li><strong>Modelis MP1675<\/strong>\u0160is 3D druk\u0101tais modelis att\u0113lo prepar\u0113\u0161anu, kur\u0101 tika no\u0146emts sieti\u0146kauls un smadze\u0146u pamatne.<\/li>\n<li><strong>Modelis MP1680<\/strong>\u0160is 3D druk\u0101tais paraugs par\u0101da orb\u012btu no s\u0101nu perspekt\u012bvas.<\/li>\n<li><strong>Modelis MP1685<\/strong>\u0160is 3D druk\u0101tais paraugs par\u0101da orbit\u0101los materi\u0101lus un to cie\u0161\u0101s attiec\u012bbas no iek\u0161\u0113j\u0101s perspekt\u012bvas.<\/li>\n<\/ul>\n<h3>Cilv\u0113ka galvas 3D mode\u013ci \u2013 <a href=\"http:\/\/labostera.lt\/lv\/product-brand\/erler-zimmer-gmbh-co-kg\/\">Erlera-Zimmera anatomijas grupa<\/a><\/h3>\n<p>Vair\u0101k inform\u0101cijas: <a href=\"https:\/\/erler-zimmer.de\/shop\/en\/shop\/3d-anatomy-series\/\" target=\"_blank\" rel=\"noopener nofollow\">ra\u017eot\u0101ja t\u012bmek\u013ca vietn\u0113<\/a> vai nos\u016btiet mums piepras\u012bjumu!<\/p>","protected":false},"excerpt":{"rendered":"<p>Erlera-Zimmera cilv\u0113ka galvas 3D modelis \u2013 detaliz\u0113ts smadze\u0146u un galvaskausa apak\u0161\u0113jo da\u013cu apg\u0101d\u0101jo\u0161o intrakrani\u0101lo art\u0113riju att\u0113lojums.<\/p>","protected":false},"featured_media":19558,"template":"","meta":[],"product_cat":[75,79],"product_tag":[729,728,692,710,577,690],"class_list":{"0":"post-19540","1":"product","2":"type-product","3":"status-publish","4":"has-post-thumbnail","6":"product_brand-erler-zimmer-gmbh-co-kg","7":"product_cat-modeliai-manekenai-muliazai","8":"product_cat-mokymo-priemones-ir-iranga","9":"product_tag-3d-printed-models","10":"product_tag-3d-spausdinti-modeliai","11":"product_tag-erler-zimmer-gmbh-co-kg","12":"product_tag-galvos-modeliai","13":"product_tag-modeliai","14":"product_tag-models","16":"first","17":"onbackorder","18":"shipping-taxable","19":"purchasable","20":"product-type-variable"},"_links":{"self":[{"href":"https:\/\/labostera.lt\/lv\/wp-json\/wp\/v2\/product\/19540","targetHints":{"allow":["GET"]}}],"collection":[{"href":"https:\/\/labostera.lt\/lv\/wp-json\/wp\/v2\/product"}],"about":[{"href":"https:\/\/labostera.lt\/lv\/wp-json\/wp\/v2\/types\/product"}],"wp:featuredmedia":[{"embeddable":true,"href":"https:\/\/labostera.lt\/lv\/wp-json\/wp\/v2\/media\/19558"}],"wp:attachment":[{"href":"https:\/\/labostera.lt\/lv\/wp-json\/wp\/v2\/media?parent=19540"}],"wp:term":[{"taxonomy":"product_cat","embeddable":true,"href":"https:\/\/labostera.lt\/lv\/wp-json\/wp\/v2\/product_cat?post=19540"},{"taxonomy":"product_tag","embeddable":true,"href":"https:\/\/labostera.lt\/lv\/wp-json\/wp\/v2\/product_tag?post=19540"}],"curies":[{"name":"wp","href":"https:\/\/api.w.org\/{rel}","templated":true}]}}