{"id":19535,"date":"2024-02-23T13:14:41","date_gmt":"2024-02-23T11:14:41","guid":{"rendered":"http:\/\/labostera.lt\/?post_type=product&#038;p=19535"},"modified":"2024-10-18T15:22:37","modified_gmt":"2024-10-18T12:22:37","slug":"zmogaus-zarnyno-3d-modelis-erler-zimmer-human-bowel-3d-printed-model","status":"publish","type":"product","link":"https:\/\/labostera.lt\/lv\/priemones-ir-iranga\/mokymo-priemones-ir-iranga\/modeliai-manekenai-muliazai\/zmogaus-zarnyno-3d-modelis-erler-zimmer-human-bowel-3d-printed-model\/","title":{"rendered":"Erlera-Zimmera cilv\u0113ka zarnu 3D druk\u0101tais modelis"},"content":{"rendered":"<h2><strong>\u201eErler-Zimmer GmbH &amp; Co. KG cilv\u0113ka zarnu 3D modelis<\/strong>:<\/h2>\n<ul>\n<li><strong>Modelis MP1725<\/strong>\u0160is 3D druk\u0101tais modelis demonstr\u0113 tievo zarnu un tiev\u0101s zarnas apzarni. <\/li>\n<li><strong>Modelis MP1730<\/strong>\u0160is 3D druk\u0101tais modelis att\u0113lo tiev\u0101s zarnas un apzar\u0146a tievo \u010daulu. <\/li>\n<\/ul>\n<h3>Cilv\u0113ka zarnu 3D mode\u013ci \u2013 <a href=\"http:\/\/labostera.lt\/lv\/product-brand\/erler-zimmer-gmbh-co-kg\/\">Erlera-Zimmera anatomijas grupa<\/a><\/h3>\n<p>Vair\u0101k inform\u0101cijas: <a href=\"https:\/\/erler-zimmer.de\/shop\/en\/shop\/3d-anatomy-series\/\" target=\"_blank\" rel=\"noopener nofollow\">ra\u017eot\u0101ja t\u012bmek\u013ca vietn\u0113<\/a> vai nos\u016btiet mums piepras\u012bjumu!<\/p>","protected":false},"excerpt":{"rendered":"<p>Erlera-Zimmera cilv\u0113ka zarnas 3D modelis \u2014 lielisks tiev\u0101s zarnas un mezent\u0113rijas att\u0113lojums. Ide\u0101li piem\u0113rots m\u0101c\u012bb\u0101m un p\u0113tniec\u012bbai.<\/p>","protected":false},"featured_media":19537,"template":"","meta":[],"product_cat":[75,79],"product_tag":[729,728,692,577,690,736],"class_list":{"0":"post-19535","1":"product","2":"type-product","3":"status-publish","4":"has-post-thumbnail","6":"product_brand-erler-zimmer-gmbh-co-kg","7":"product_cat-modeliai-manekenai-muliazai","8":"product_cat-mokymo-priemones-ir-iranga","9":"product_tag-3d-printed-models","10":"product_tag-3d-spausdinti-modeliai","11":"product_tag-erler-zimmer-gmbh-co-kg","12":"product_tag-modeliai","13":"product_tag-models","14":"product_tag-zarnyno-modelis","16":"first","17":"onbackorder","18":"shipping-taxable","19":"purchasable","20":"product-type-variable"},"_links":{"self":[{"href":"https:\/\/labostera.lt\/lv\/wp-json\/wp\/v2\/product\/19535","targetHints":{"allow":["GET"]}}],"collection":[{"href":"https:\/\/labostera.lt\/lv\/wp-json\/wp\/v2\/product"}],"about":[{"href":"https:\/\/labostera.lt\/lv\/wp-json\/wp\/v2\/types\/product"}],"wp:featuredmedia":[{"embeddable":true,"href":"https:\/\/labostera.lt\/lv\/wp-json\/wp\/v2\/media\/19537"}],"wp:attachment":[{"href":"https:\/\/labostera.lt\/lv\/wp-json\/wp\/v2\/media?parent=19535"}],"wp:term":[{"taxonomy":"product_cat","embeddable":true,"href":"https:\/\/labostera.lt\/lv\/wp-json\/wp\/v2\/product_cat?post=19535"},{"taxonomy":"product_tag","embeddable":true,"href":"https:\/\/labostera.lt\/lv\/wp-json\/wp\/v2\/product_tag?post=19535"}],"curies":[{"name":"wp","href":"https:\/\/api.w.org\/{rel}","templated":true}]}}