{"id":19530,"date":"2024-02-23T12:38:20","date_gmt":"2024-02-23T10:38:20","guid":{"rendered":"http:\/\/labostera.lt\/?post_type=product&#038;p=19530"},"modified":"2024-10-18T15:22:38","modified_gmt":"2024-10-18T12:22:38","slug":"zmogaus-bronchu-3d-modelis-erler-zimmer-human-bronchi-3d-printed-model","status":"publish","type":"product","link":"https:\/\/labostera.lt\/lv\/priemones-ir-iranga\/mokymo-priemones-ir-iranga\/modeliai-manekenai-muliazai\/zmogaus-bronchu-3d-modelis-erler-zimmer-human-bronchi-3d-printed-model\/","title":{"rendered":"Cilv\u0113ka bronhu 3D modelis Erlera-Zimmera cilv\u0113ka bronhu 3D druk\u0101tais modelis"},"content":{"rendered":"<h2><strong>Erler-Zimmer GmbH &amp; Co. KG cilv\u0113ka sirds 3D modelis<\/strong>:<\/h2>\n<ul>\n<li><strong>Modelis MP1690<\/strong>\u0160is 3D druk\u0101tais modelis att\u0113lo elpo\u0161anas sist\u0113mas vado\u0161os ce\u013cus no trahejas, k\u0101rnas un visa lab\u0101 un kreis\u0101 bronhu materi\u0101la l\u012bdz terci\u0101ro bronhu l\u012bmenim.<\/li>\n<\/ul>\n<h3>Cilv\u0113ka sirds 3D mode\u013ci \u2013 <a href=\"http:\/\/labostera.lt\/lv\/product-brand\/erler-zimmer-gmbh-co-kg\/\">Erlera-Zimmera anatomijas grupa<\/a><\/h3>\n<p>Vair\u0101k inform\u0101cijas: <a href=\"https:\/\/erler-zimmer.de\/shop\/en\/shop\/3d-anatomy-series\/\" target=\"_blank\" rel=\"noopener nofollow\">ra\u017eot\u0101ja t\u012bmek\u013ca vietn\u0113<\/a> vai nos\u016btiet mums piepras\u012bjumu!<\/p>","protected":false},"excerpt":{"rendered":"<p>Erlera-Zimmera cilv\u0113ka bronhu 3D modelis \u2013 skaidri att\u0113lo bronhu sist\u0113mas ce\u013cu. Lielisks instruments m\u0101c\u012bb\u0101m un zin\u0101tnei.<\/p>","protected":false},"featured_media":19534,"template":"","meta":[],"product_cat":[75,79],"product_tag":[729,728,735,692,577,690],"class_list":{"0":"post-19530","1":"product","2":"type-product","3":"status-publish","4":"has-post-thumbnail","6":"product_brand-erler-zimmer-gmbh-co-kg","7":"product_cat-modeliai-manekenai-muliazai","8":"product_cat-mokymo-priemones-ir-iranga","9":"product_tag-3d-printed-models","10":"product_tag-3d-spausdinti-modeliai","11":"product_tag-bronchu-modeliai","12":"product_tag-erler-zimmer-gmbh-co-kg","13":"product_tag-modeliai","14":"product_tag-models","16":"first","17":"onbackorder","18":"shipping-taxable","19":"purchasable","20":"product-type-simple"},"_links":{"self":[{"href":"https:\/\/labostera.lt\/lv\/wp-json\/wp\/v2\/product\/19530","targetHints":{"allow":["GET"]}}],"collection":[{"href":"https:\/\/labostera.lt\/lv\/wp-json\/wp\/v2\/product"}],"about":[{"href":"https:\/\/labostera.lt\/lv\/wp-json\/wp\/v2\/types\/product"}],"wp:featuredmedia":[{"embeddable":true,"href":"https:\/\/labostera.lt\/lv\/wp-json\/wp\/v2\/media\/19534"}],"wp:attachment":[{"href":"https:\/\/labostera.lt\/lv\/wp-json\/wp\/v2\/media?parent=19530"}],"wp:term":[{"taxonomy":"product_cat","embeddable":true,"href":"https:\/\/labostera.lt\/lv\/wp-json\/wp\/v2\/product_cat?post=19530"},{"taxonomy":"product_tag","embeddable":true,"href":"https:\/\/labostera.lt\/lv\/wp-json\/wp\/v2\/product_tag?post=19530"}],"curies":[{"name":"wp","href":"https:\/\/api.w.org\/{rel}","templated":true}]}}