{"id":19501,"date":"2024-02-23T11:56:18","date_gmt":"2024-02-23T09:56:18","guid":{"rendered":"http:\/\/labostera.lt\/?post_type=product&#038;p=19501"},"modified":"2024-10-18T15:22:39","modified_gmt":"2024-10-18T12:22:39","slug":"zmogaus-sirdies-3d-modelis-erler-zimmer-human-heart-3d-printed-model","status":"publish","type":"product","link":"https:\/\/labostera.lt\/lv\/priemones-ir-iranga\/mokymo-priemones-ir-iranga\/modeliai-manekenai-muliazai\/zmogaus-sirdies-3d-modelis-erler-zimmer-human-heart-3d-printed-model\/","title":{"rendered":"Cilv\u0113ka sirds 3D modelis Erlera-Zimmera cilv\u0113ka sirds 3D druk\u0101ts modelis"},"content":{"rendered":"<h2><strong>Erler-Zimmer GmbH &amp; Co. KG cilv\u0113ka sirds 3D modelis<\/strong>:<\/h2>\n<ul>\n<li><strong>Modelis MP1700<\/strong>\u0160is 3D druk\u0101tais sirds modelis saglab\u0101 sirds virspus\u0113jo anatomisko strukt\u016bru un lielo asinsvadu pamatnes.<\/li>\n<li><strong>Modelis MP1710<\/strong>\u0160is 3D druk\u0101tais modelis saglab\u0101 sirds \u0101r\u0113jo anatomisko strukt\u016bru un dist\u0101lo traheju, k\u0101rnu un galvenos bronhus kreisaj\u0101 aizmugur\u0113j\u0101 vidusaus\u012b attiec\u012bb\u0101 pret lielajiem asinsvadiem un kreiso priek\u0161kambari (kas par\u0101da sl\u012bpo un sl\u012bpo perikarda sinusu perikarda atspogu\u013cojumu).<\/li>\n<li><strong>Modelis MP1715<\/strong>Sirds, \u0161is 3D druk\u0101tais piem\u0113rs tika izgriezts, lai par\u0101d\u012btu telpu iek\u0161\u0113j\u0101s strukt\u016bras.<\/li>\n<\/ul>\n<h3>Cilv\u0113ka sirds 3D mode\u013ci \u2013 <a href=\"http:\/\/labostera.lt\/lv\/product-brand\/erler-zimmer-gmbh-co-kg\/\">Erlera-Zimmera anatomijas grupa<\/a><\/h3>\n<p>Vair\u0101k inform\u0101cijas: <a href=\"https:\/\/erler-zimmer.de\/shop\/en\/shop\/3d-anatomy-series\/\" target=\"_blank\" rel=\"noopener nofollow\">ra\u017eot\u0101ja t\u012bmek\u013ca vietn\u0113<\/a> vai nos\u016btiet mums piepras\u012bjumu!<\/p>","protected":false},"excerpt":{"rendered":"<p>Erlera-Zimmera cilv\u0113ka sirds 3D modelis \u2013 iespaid\u012bgs 3D druk\u0101ts modelis ar deta\u013c\u0101m par sirds strukt\u016br\u0101m. Lielisks instruments m\u0101c\u012bb\u0101m un medic\u012bnas praksei.<\/p>","protected":false},"featured_media":19526,"template":"","meta":[],"product_cat":[75,79],"product_tag":[729,728,692,577,690,718],"class_list":{"0":"post-19501","1":"product","2":"type-product","3":"status-publish","4":"has-post-thumbnail","6":"product_brand-erler-zimmer-gmbh-co-kg","7":"product_cat-modeliai-manekenai-muliazai","8":"product_cat-mokymo-priemones-ir-iranga","9":"product_tag-3d-printed-models","10":"product_tag-3d-spausdinti-modeliai","11":"product_tag-erler-zimmer-gmbh-co-kg","12":"product_tag-modeliai","13":"product_tag-models","14":"product_tag-sirdies-modeliai","16":"first","17":"onbackorder","18":"shipping-taxable","19":"purchasable","20":"product-type-variable"},"_links":{"self":[{"href":"https:\/\/labostera.lt\/lv\/wp-json\/wp\/v2\/product\/19501","targetHints":{"allow":["GET"]}}],"collection":[{"href":"https:\/\/labostera.lt\/lv\/wp-json\/wp\/v2\/product"}],"about":[{"href":"https:\/\/labostera.lt\/lv\/wp-json\/wp\/v2\/types\/product"}],"wp:featuredmedia":[{"embeddable":true,"href":"https:\/\/labostera.lt\/lv\/wp-json\/wp\/v2\/media\/19526"}],"wp:attachment":[{"href":"https:\/\/labostera.lt\/lv\/wp-json\/wp\/v2\/media?parent=19501"}],"wp:term":[{"taxonomy":"product_cat","embeddable":true,"href":"https:\/\/labostera.lt\/lv\/wp-json\/wp\/v2\/product_cat?post=19501"},{"taxonomy":"product_tag","embeddable":true,"href":"https:\/\/labostera.lt\/lv\/wp-json\/wp\/v2\/product_tag?post=19501"}],"curies":[{"name":"wp","href":"https:\/\/api.w.org\/{rel}","templated":true}]}}