{"id":19429,"date":"2024-02-22T11:44:05","date_gmt":"2024-02-22T09:44:05","guid":{"rendered":"http:\/\/labostera.lt\/?post_type=product&#038;p=19429"},"modified":"2024-10-18T15:22:40","modified_gmt":"2024-10-18T12:22:40","slug":"zmogaus-kojos-ir-pedos-3d-modelis-erler-zimmer-human-leg-and-foot-3d-printed-model","status":"publish","type":"product","link":"https:\/\/labostera.lt\/lv\/priemones-ir-iranga\/mokymo-priemones-ir-iranga\/modeliai-manekenai-muliazai\/zmogaus-kojos-ir-pedos-3d-modelis-erler-zimmer-human-leg-and-foot-3d-printed-model\/","title":{"rendered":"Cilv\u0113ka k\u0101jas un p\u0113das 3D modelis Erlera-Zimmera cilv\u0113ka k\u0101jas un p\u0113das 3D druk\u0101tais modelis"},"content":{"rendered":"<h2><strong>\u201eErler-Zimmer GmbH & Co. KG\u201d \u017emogaus kojos ir p\u0117dos 3D modelis<\/strong>:<\/h2>\n<ul>\n<li><strong>Modelis MP176<\/strong>5: \u0160is 3D druk\u0101tais v\u012brie\u0161a kreis\u0101 iegur\u0146a un proksim\u0101l\u0101 aug\u0161stilba kaula modelis (griezts caur vidussagit\u0101lo plakni pa vidu un \u0161\u0137\u0113rsvirzien\u0101 caur L3\/4 starpskrieme\u013cu disku) par\u0101da \u012bst\u0101 un viltus iegur\u0146a, cirk\u0161\u0146a un aug\u0161stilba kaula apgabalu virspus\u0113j\u0101s un dzi\u013c\u0101s strukt\u016bras.<\/li>\n<li><strong>Modelis MP1770<\/strong>\u0160is daudzda\u013c\u012bgais 3D druk\u0101tais paraugs att\u0113lo m\u016bsu liel\u0101k\u0101, dzi\u013c\u0101k\u0101 v\u0113dera aizmugur\u0113j\u0101s sienas preses (MP1300) apak\u0161\u0113jos apgabalus, par\u0101dot v\u0113dera apak\u0161\u0113j\u0101s sienas aizmugur\u0113jo da\u013cu, iegur\u0146a dobumu un aug\u0161stilba kaula proksim\u0101lo da\u013cu (ieskaitot s\u0113\u017eas apgabalus un aug\u0161stilba kaula tr\u012bsst\u016brus).<\/li>\n<li><strong>Modelis MP1780<\/strong>\u0160is 3D druk\u0101tais sievie\u0161u kreis\u0101 iegur\u0146a un proksim\u0101l\u0101 aug\u0161stilba kaula modelis saglab\u0101 gan virspus\u0113j\u0101s, gan dzi\u013c\u0101k\u0101s paties\u0101 un viltus iegur\u0146a, cirk\u0161\u0146a apvidus, aug\u0161stilba kaula tr\u012bsst\u016bra un s\u0113\u017eas apvidus strukt\u016bras.<\/li>\n<li><strong>Modelis MP1783<\/strong>\u0160is 3D druk\u0101tais sievietes lab\u0101 iegur\u0146a modelis saglab\u0101 gan virspus\u0113j\u0101s, gan dzi\u013c\u0101k\u0101s paties\u0101 un viltus iegur\u0146a strukt\u016bras, k\u0101 ar\u012b cirk\u0161\u0146a saites, obturatora membr\u0101nu un kan\u0101lu, k\u0101 ar\u012b lielo un mazo s\u0113\u017eas atveri.<\/li>\n<li><strong>Modelis MP1785<\/strong>\u0160is 3D druk\u0101tais paraugs att\u0113lo sievietes labo iegurni, kas p\u0101rgriezts pa vidussagit\u0101lo plakni un horizont\u0101li pa L4 skriemeli un proksim\u0101lo aug\u0161stilba kaulu.<\/li>\n<li><strong>Modelis MP1800<\/strong>\u0160is 3D druk\u0101tais piem\u0113rs demonstr\u0113 ce\u013ca loc\u012btavas saites ar saliektu k\u0101ju.<\/li>\n<li><strong>Modelis MP1805<\/strong>\u0160is 3D druk\u0101tais piem\u0113rs demonstr\u0113 ce\u013ca loc\u012btavas saites ar izstieptu k\u0101ju; \u0160is ir t\u0101ds pats piem\u0113rs k\u0101 MP1800 ce\u013ca loc\u012btava, kas iespiesta saliekt\u0101 poz\u0101.<\/li>\n<li><strong>Modelis MP1807<\/strong>\u0160is 3D druk\u0101tais paraugs att\u0113lo kreis\u0101 ce\u013ca loc\u012btavas dzi\u013cu disekciju, kur\u0101 loc\u012btavas kapsulas iek\u0161\u0113j\u0101s strukt\u016bras ir saliektas attiec\u012bb\u0101 pret virspus\u0113jiem audiem.<\/li>\n<li><strong>Modelis MP1809<\/strong>\u0160is 3D druk\u0101tais paraugs sast\u0101v no lab\u0101s apak\u0161\u0113j\u0101s ekstremit\u0101tes da\u013c\u0113ja griezuma tie\u0161i pie ce\u013ca loc\u012btavas un da\u013c\u0113ji izgrieztas p\u0113das, atkl\u0101jot gremo\u0161anas trakta strukt\u016bras.<\/li>\n<li><strong>Modelis MP1810<\/strong>\u0160aj\u0101 3D druk\u0101taj\u0101 paraug\u0101 ir saglab\u0101ti apak\u0161\u0113jo ekstremit\u0101\u0161u musku\u013cu virspus\u0113ji disekcijas no aug\u0161stilba vidusda\u013cas l\u012bdz ikru vidusda\u013cai, k\u0101 ar\u012b paceles lauka nervi un asinsvadi.<\/li>\n<li><strong>Modelis MP1813<\/strong>\u0160is 3D druk\u0101tais paraugs sniedz kreis\u0101 iegur\u0146a un aug\u0161stilba kaula dzi\u013cu prepar\u0113\u0161anas skatu, par\u0101dot aug\u0161stilba kaula art\u0113riju un nervu no to proksim\u0101l\u0101s izcelsmes l\u012bdz aug\u0161stilba kaula vidusda\u013cai.<\/li>\n<li><strong>Modelis MP1815<\/strong>\u0160aj\u0101 3D druk\u0101taj\u0101 paraug\u0101 ir att\u0113loti virspus\u0113ji un dzi\u013c\u0101ki lab\u0101s apak\u0161stilba izgriezumi, s\u0101kot no ce\u013ca loc\u012btavas priek\u0161puses l\u012bdz pat visai k\u0101jai.<\/li>\n<li><strong>Modelis MP1816<\/strong>\u0160is 3D druk\u0101tais paraugs att\u0113lo atliku\u0161\u0101s v\u012brie\u0161a v\u0113dera-iegur\u0146a un proksim\u0101l\u0101 aug\u0161stilba kaula segmenta da\u013cas, kas p\u0101rgrieztas caur aug\u0161stilba vidu un stiepjas l\u012bdz da\u013c\u0113ji prepar\u0113tai p\u0113dai.<\/li>\n<li><strong>Modelis MP1818<\/strong>: \u0160is 3D spausdintas pavyzdys sujungia Apatin\u0117 gal\u016bn\u0117 \u2013 pavir\u0161in\u0117 disekcija (Ref.no. MP1816) su vyri\u0161kuoju kairiuoju dubens (Ref.no. MP1765).<\/li>\n<li><strong>Modelis MP1820<\/strong>\u0160aj\u0101 3D druk\u0101taj\u0101 paraug\u0101 ir saglab\u0101ts dist\u0101lais aug\u0161stilba kauls un proksim\u0101lais stilba kauls, kas ir sadal\u012bti aizmugures da\u013c\u0101, lai par\u0101d\u012btu paceles lauka saturu un apk\u0101rt\u0113jos re\u0123ionus.<\/li>\n<li><strong>Modelis MP1830<\/strong>\u0160aj\u0101 3D druk\u0101taj\u0101 paraug\u0101 ir saglab\u0101ts dist\u0101lais aug\u0161stilba kauls un proksim\u0101lais stilba kauls, kas ir sadal\u012bti aizmugures da\u013c\u0101, lai par\u0101d\u012btu paceles lauka saturu un apk\u0101rt\u0113jos re\u0123ionus.<\/li>\n<li><strong>Modelis MP1850<\/strong>\u0160is 3D druk\u0101tais paraugs sniedz parasagit\u0101lu griezumu caur lab\u0101 dist\u0101l\u0101 stilba kaula un p\u0113das medi\u0101lo da\u013cu, atkl\u0101jot pot\u012btes medi\u0101l\u0101s arkas un apk\u0101rt\u0113jo m\u012bksto audu kaula strukt\u016bras.<\/li>\n<li><strong>Modelis MP1900<\/strong>\u0160is 3D druk\u0101tais modelis att\u0113lo lab\u0101s k\u0101jas dist\u0101l\u0101s da\u013cas anatomiju un p\u0113das dzi\u013c\u0101s strukt\u016bras.<\/li>\n<li><strong>Modelis MP1910<\/strong>\u0160is 3D druk\u0101tais piem\u0113rs ir kreis\u0101 p\u0113da ar virspus\u0113j\u0101m strukt\u016br\u0101m uz muguras un virspus\u0113ju musku\u013cu un nervu sl\u0101ni uz plant\u0101ras virsmas.<\/li>\n<li><strong>Modelis MP1920<\/strong>\u0160aj\u0101 3D druk\u0101taj\u0101 paraug\u0101 ir saglab\u0101ti jaukti kreis\u0101s k\u0101jas dist\u0101l\u0101s da\u013cas un p\u0113das virspus\u0113jie un dzi\u013c\u0101kie disekciju paraugi.<\/li>\n<li><strong>Modelis MP1930<\/strong>\u0160is 3D druk\u0101tais paraugs att\u0113lo lab\u0101s k\u0101jas un p\u0113das dist\u0101l\u0101s da\u013cas virspus\u0113j\u0101s un dzi\u013c\u0101k\u0101s strukt\u016bras.<\/li>\n<li><strong>Modelis MP1940<\/strong>\u0160is 3D druk\u0101tais paraugs nodro\u0161ina lab\u0101s p\u0113das dzi\u013c\u0101s plant\u0101r\u0101s strukt\u016bras.<\/li>\n<\/ul>\n<h3>\u017dmogaus kojos ir p\u0117dos 3D modeliai \u2013 <a href=\"http:\/\/labostera.lt\/lv\/product-brand\/erler-zimmer-gmbh-co-kg\/\">Erlera-Zimmera anatomijas grupa<\/a><\/h3>\n<p>Vair\u0101k inform\u0101cijas: <a href=\"https:\/\/erler-zimmer.de\/shop\/en\/shop\/3d-anatomy-series\/\" target=\"_blank\" rel=\"noopener nofollow\">ra\u017eot\u0101ja t\u012bmek\u013ca vietn\u0113<\/a> vai nos\u016btiet mums piepras\u012bjumu!<\/p>","protected":false},"excerpt":{"rendered":"<p>Erlera-Zimmera k\u0101jas un p\u0113das 3D modelis \u2013 detaliz\u0113ti 3D druk\u0101ti mode\u013ci, kas demonstr\u0113 cilv\u0113ka k\u0101jas un p\u0113das strukt\u016bru.<\/p>","protected":false},"featured_media":19446,"template":"","meta":[],"product_cat":[75,79],"product_tag":[729,728,692,739,577,690,740],"class_list":{"0":"post-19429","1":"product","2":"type-product","3":"status-publish","4":"has-post-thumbnail","6":"product_brand-erler-zimmer-gmbh-co-kg","7":"product_cat-modeliai-manekenai-muliazai","8":"product_cat-mokymo-priemones-ir-iranga","9":"product_tag-3d-printed-models","10":"product_tag-3d-spausdinti-modeliai","11":"product_tag-erler-zimmer-gmbh-co-kg","12":"product_tag-kojos-modeliai","13":"product_tag-modeliai","14":"product_tag-models","15":"product_tag-pedos-modeliai","17":"first","18":"onbackorder","19":"shipping-taxable","20":"purchasable","21":"product-type-variable"},"_links":{"self":[{"href":"https:\/\/labostera.lt\/lv\/wp-json\/wp\/v2\/product\/19429","targetHints":{"allow":["GET"]}}],"collection":[{"href":"https:\/\/labostera.lt\/lv\/wp-json\/wp\/v2\/product"}],"about":[{"href":"https:\/\/labostera.lt\/lv\/wp-json\/wp\/v2\/types\/product"}],"wp:featuredmedia":[{"embeddable":true,"href":"https:\/\/labostera.lt\/lv\/wp-json\/wp\/v2\/media\/19446"}],"wp:attachment":[{"href":"https:\/\/labostera.lt\/lv\/wp-json\/wp\/v2\/media?parent=19429"}],"wp:term":[{"taxonomy":"product_cat","embeddable":true,"href":"https:\/\/labostera.lt\/lv\/wp-json\/wp\/v2\/product_cat?post=19429"},{"taxonomy":"product_tag","embeddable":true,"href":"https:\/\/labostera.lt\/lv\/wp-json\/wp\/v2\/product_tag?post=19429"}],"curies":[{"name":"wp","href":"https:\/\/api.w.org\/{rel}","templated":true}]}}