{"id":19396,"date":"2024-02-21T13:46:26","date_gmt":"2024-02-21T11:46:26","guid":{"rendered":"http:\/\/labostera.lt\/?post_type=product&#038;p=19396"},"modified":"2024-10-18T15:22:41","modified_gmt":"2024-10-18T12:22:41","slug":"zmogaus-rankos-3d-modelis-erler-zimmer-human-hand-3d-printed-model","status":"publish","type":"product","link":"https:\/\/labostera.lt\/lv\/priemones-ir-iranga\/mokymo-priemones-ir-iranga\/modeliai-manekenai-muliazai\/zmogaus-rankos-3d-modelis-erler-zimmer-human-hand-3d-printed-model\/","title":{"rendered":"Cilv\u0113ka rokas 3D modelis Erlera-Zimmera cilv\u0113ka rokas 3D druk\u0101ts modelis"},"content":{"rendered":"<h2><strong>Erler-Zimmer GmbH &amp; Co. KG cilv\u0113ka rokas 3D modelis<\/strong>:<\/h2>\n<ul>\n<li><strong>Modelis MP1500<\/strong>\u0160is 3D druk\u0101tais modelis demonstr\u0113 \u0137erme\u0146a aug\u0161da\u013cas virspus\u0113jo anatomiju no l\u0101psti\u0146as l\u012bdz rokai. \u0100da, virspus\u0113j\u0101 un dzi\u013c\u0101 fascija tiek no\u0146emta no liel\u0101k\u0101s \u0137erme\u0146a da\u013cas, iz\u0146emot muguru virs l\u0101psti\u0146\u0101m, proksim\u0101lo roku un plaukstu. Tiek saglab\u0101tas siltas v\u0113nas, tostarp vid\u0113j\u0101 kubit\u0101l\u0101 v\u0113na; ar parastern\u0101lo un bazil\u012bnu saglab\u0101tiem no plaukstas loc\u012btavas l\u012bdz deltopektor\u0101lajai v\u0113nai pie pleca v\u0113nas un beidzoties ar to.<\/li>\n<li><strong>Modelis MP1510<\/strong>\u0160is 3D druk\u0101tais modelis par\u0101da daudz \u0137erme\u0146a aug\u0161da\u013cas anatomijas. Dist\u0101laj\u0101 rok\u0101 un elko\u0146a\/kubit\u0101laj\u0101 bedr\u0113 tas par\u0101da bicepsa c\u012bpslas, pleca art\u0113rijas un vid\u0113j\u0101 nerva izvietojumu no \u0101rpuses uz iek\u0161pusi. Bicepsa aponeiroze tika sadal\u012bta, lai atsegtu pamat\u0101 eso\u0161\u0101s strukt\u016bras.<\/li>\n<li><strong>Modelis MP1512<\/strong>\u0160is 3D druk\u0101tais modelis saglab\u0101 lab\u0101s dist\u0101l\u0101s plaukstas, pirkstu un apak\u0161delma priek\u0161\u0113j\u0101s da\u013cas jaukto virspus\u0113jo un dzi\u013co disekciju.<\/li>\n<li><strong>Modelis MP1513<\/strong>\u0160is lab\u0101s aug\u0161\u0113j\u0101s ekstremit\u0101tes 3D druk\u0101tais modelis par\u0101da dist\u0101l\u0101s plaukstas, pirkstu un apak\u0161delma jaukto anatomiju, tostarp asinsvadus, nervus un musku\u013cus.<\/li>\n<li><strong>Modelis MP1514<\/strong>\u0160is kreis\u0101s aug\u0161\u0113j\u0101s ekstremit\u0101tes 3D druk\u0101tais modelis saglab\u0101 dzi\u013cas disekcijas no pleca kaula dist\u0101l\u0101 gala l\u012bdz plaukstas virsmai.<\/li>\n<li><strong>Modelis MP1515<\/strong>\u0160is 3D druk\u0101tais modelis par\u0101da bicepsa izcelsmi un ievieto\u0161anas vietu (daudzi citi rokas un plecu musku\u013cu v\u0113deri\u0146i ir no\u0146emti).<\/li>\n<li><strong>Modelis MP1520<\/strong>\u0160is 3D druk\u0101tais modelis att\u0113lo visu aug\u0161\u0113j\u0101s ekstremit\u0101tes skeletu un saites no kr\u016b\u0161u mugurkaula l\u012bdz rokai.<\/li>\n<li><strong>Modelis MP1521<\/strong>\u0160is 3D druk\u0101tais modelis saglab\u0101 lab\u0101s kr\u016b\u0161kurvja sienas, paduses un kakla saknes prepar\u0101tu.<\/li>\n<li><strong>Modelis MP1523<\/strong>\u0160is kreis\u0101s l\u0101psti\u0146as 3D druk\u0101tais modelis sast\u0101v no l\u0101psti\u0146as, pleca kaula (piestiprin\u0101ta aptuveni pa vidu) un atsl\u0113gas kaula (piestiprin\u0101ta pa vidu) ar virspus\u0113jiem musku\u013ciem ap pleca loc\u012btavu, rotatora aproces musku\u013ciem un padu\u0161u art\u0113riju, kas virz\u0101s uz priek\u0161u, k\u013c\u016bstot par pleca art\u0113riju.<\/li>\n<li><strong>Modelis MP1525<\/strong>\u0160is 3D druk\u0101tais modelis att\u0113lo kreis\u0101 pleca loc\u012btavas, musku\u013cu un saist\u012bto nervu un asinsvadu dzi\u013cu prepar\u0113\u0161anu.<\/li>\n<li><strong>Modelis MP1527<\/strong>\u0160is 3D druk\u0101tais modelis saglab\u0101 lab\u0101s l\u0101psti\u0146as dzi\u013cu disekciju, kas sast\u0101v no visas l\u0101psti\u0146as, later\u0101l\u0101 atsl\u0113gas kaula un proksim\u0101l\u0101 pleca kaula.<\/li>\n<li><strong>Modelis MP1530<\/strong>\u0160is 3D druk\u0101tais modelis demonstr\u0113 lab\u0101s rokas un plaukstas loc\u012btavas virspus\u0113ju prepar\u0113\u0161anu.<\/li>\n<li><strong>Modelis MP1750<\/strong>\u0160is 3D druk\u0101tais modelis demonstr\u0113 virspus\u0113ju kubit\u0101l\u0101 lauka prepar\u0113\u0161anu labaj\u0101 dist\u0101laj\u0101 plaukst\u0101 un proksim\u0101laj\u0101 apak\u0161delm\u0101.<\/li>\n<li><strong>Modelis MP1755<\/strong>\u0160is 3D druk\u0101tais modelis att\u0113lo kreis\u0101s rokas dist\u0101l\u0101s da\u013cas un apak\u0161delma proksim\u0101l\u0101 gala da\u013cu.<\/li>\n<\/ul>\n<h3>Cilv\u0113ka rokas 3D mode\u013ci \u2013 <a href=\"http:\/\/labostera.lt\/lv\/product-brand\/erler-zimmer-gmbh-co-kg\/\">Erlera-Zimmera anatomijas grupa<\/a><\/h3>\n<p>Vair\u0101k inform\u0101cijas: <a href=\"https:\/\/erler-zimmer.de\/shop\/en\/shop\/3d-anatomy-series\/\" target=\"_blank\" rel=\"noopener nofollow\">ra\u017eot\u0101ja t\u012bmek\u013ca vietn\u0113<\/a> vai nos\u016btiet mums piepras\u012bjumu!<\/p>","protected":false},"excerpt":{"rendered":"<p>Erlera-Zimmera cilv\u0113ka rokas 3D modelis \u2013 iespaid\u012bgi anatomiski 3D druk\u0101ti mode\u013ci, s\u0101kot no l\u0101psti\u0146as l\u012bdz plaukstai, kas demonstr\u0113 \u0137erme\u0146a aug\u0161da\u013cas strukt\u016bras.<\/p>","protected":false},"featured_media":19403,"template":"","meta":[],"product_cat":[75,79],"product_tag":[729,728,738,692,577,690,737],"class_list":{"0":"post-19396","1":"product","2":"type-product","3":"status-publish","4":"has-post-thumbnail","6":"product_brand-erler-zimmer-gmbh-co-kg","7":"product_cat-modeliai-manekenai-muliazai","8":"product_cat-mokymo-priemones-ir-iranga","9":"product_tag-3d-printed-models","10":"product_tag-3d-spausdinti-modeliai","11":"product_tag-delno-modeliai","12":"product_tag-erler-zimmer-gmbh-co-kg","13":"product_tag-modeliai","14":"product_tag-models","15":"product_tag-rankos-modeliai","17":"first","18":"onbackorder","19":"shipping-taxable","20":"purchasable","21":"product-type-variable"},"_links":{"self":[{"href":"https:\/\/labostera.lt\/lv\/wp-json\/wp\/v2\/product\/19396","targetHints":{"allow":["GET"]}}],"collection":[{"href":"https:\/\/labostera.lt\/lv\/wp-json\/wp\/v2\/product"}],"about":[{"href":"https:\/\/labostera.lt\/lv\/wp-json\/wp\/v2\/types\/product"}],"wp:featuredmedia":[{"embeddable":true,"href":"https:\/\/labostera.lt\/lv\/wp-json\/wp\/v2\/media\/19403"}],"wp:attachment":[{"href":"https:\/\/labostera.lt\/lv\/wp-json\/wp\/v2\/media?parent=19396"}],"wp:term":[{"taxonomy":"product_cat","embeddable":true,"href":"https:\/\/labostera.lt\/lv\/wp-json\/wp\/v2\/product_cat?post=19396"},{"taxonomy":"product_tag","embeddable":true,"href":"https:\/\/labostera.lt\/lv\/wp-json\/wp\/v2\/product_tag?post=19396"}],"curies":[{"name":"wp","href":"https:\/\/api.w.org\/{rel}","templated":true}]}}