{"id":19356,"date":"2024-02-20T16:15:31","date_gmt":"2024-02-20T14:15:31","guid":{"rendered":"http:\/\/labostera.lt\/?post_type=product&#038;p=19356"},"modified":"2024-02-20T16:29:24","modified_gmt":"2024-02-20T14:29:24","slug":"gyvuno-akupunkturos-modelis-erler-zimmer-animal-acupuncture-model","status":"publish","type":"product","link":"https:\/\/labostera.lt\/lv\/priemones-ir-iranga\/mokymo-priemones-ir-iranga\/modeliai-manekenai-muliazai\/gyvuno-akupunkturos-modelis-erler-zimmer-animal-acupuncture-model\/","title":{"rendered":"Dz\u012bvnieku akupunkt\u016bras modelis Erlera-Zimmera dz\u012bvnieku akupunkt\u016bras modelis"},"content":{"rendered":"<h2><strong>\u201eErler-Zimmer GmbH &amp; Co. KG dz\u012bvnieku akupunkt\u016bras modelis<\/strong>:<\/h2>\n<ul>\n<li><strong>Modelis 2054<\/strong>Akupunkt\u016bras modelis ar c\u016bkas akupunkt\u016bras punktu, musku\u013cu un iek\u0161\u0113jo org\u0101nu att\u0113lojumu. Izm\u0113rs: 13 cm.<\/li>\n<li><strong>Modelis 2055<\/strong>Akupunkt\u016bras modelis ar ka\u0137a akupunkt\u016bras punktu, musku\u013cu un iek\u0161\u0113jo org\u0101nu att\u0113lojumu. Izm\u0113rs: 19 cm.<\/li>\n<li><strong>Modelis 2056<\/strong>Akupunkt\u016bras modelis ar akupunkt\u016bras punktu, musku\u013cu un govs iek\u0161\u0113jo org\u0101nu att\u0113lojumu. Izm\u0113rs: 15 cm.<\/li>\n<li><strong>Modelis 2058<\/strong>Akupunkt\u016bras modelis ar zirga akupunkt\u016bras punktu, musku\u013cu un iek\u0161\u0113jo org\u0101nu att\u0113lojumu. Izm\u0113rs: 25 cm.<\/li>\n<li><strong>Modelis 2060<\/strong>Akupunkt\u016bras modelis ar su\u0146u akupunkt\u016bras punktu, musku\u013cu un iek\u0161\u0113jo org\u0101nu att\u0113lojumu. Izm\u0113rs: 30 cm.<\/li>\n<\/ul>\n<h3>Dz\u012bvnieku akupunkt\u016bras mode\u013ci \u2013 <a href=\"http:\/\/labostera.lt\/lv\/product-brand\/erler-zimmer-gmbh-co-kg\/\">Erlera-Zimmera anatomijas grupa<\/a><\/h3>\n<p>Vair\u0101k inform\u0101cijas: <a href=\"https:\/\/erler-zimmer.de\/shop\/en\/shop\/anatomical-models\/organs-structures\/acupuncture\/\" target=\"_blank\" rel=\"noopener nofollow\">ra\u017eot\u0101ja t\u012bmek\u013ca vietn\u0113<\/a> vai nos\u016btiet mums piepras\u012bjumu!<\/p>","protected":false},"excerpt":{"rendered":"<p>Erlera-Zimmera dz\u012bvnieku akupunkt\u016bras modelis \u2013 replika ar akupunkt\u016bras punktiem, musku\u013ciem un iek\u0161\u0113jiem org\u0101niem. Ieg\u0101d\u0101ties \u0161eit!<\/p>","protected":false},"featured_media":19370,"template":"","meta":[],"product_cat":[75,79],"product_tag":[727,692,577,690],"class_list":{"0":"post-19356","1":"product","2":"type-product","3":"status-publish","4":"has-post-thumbnail","6":"product_brand-erler-zimmer-gmbh-co-kg","7":"product_cat-modeliai-manekenai-muliazai","8":"product_cat-mokymo-priemones-ir-iranga","9":"product_tag-akupunkturos-modeliai","10":"product_tag-erler-zimmer-gmbh-co-kg","11":"product_tag-modeliai","12":"product_tag-models","14":"first","15":"onbackorder","16":"shipping-taxable","17":"purchasable","18":"product-type-variable"},"_links":{"self":[{"href":"https:\/\/labostera.lt\/lv\/wp-json\/wp\/v2\/product\/19356","targetHints":{"allow":["GET"]}}],"collection":[{"href":"https:\/\/labostera.lt\/lv\/wp-json\/wp\/v2\/product"}],"about":[{"href":"https:\/\/labostera.lt\/lv\/wp-json\/wp\/v2\/types\/product"}],"wp:featuredmedia":[{"embeddable":true,"href":"https:\/\/labostera.lt\/lv\/wp-json\/wp\/v2\/media\/19370"}],"wp:attachment":[{"href":"https:\/\/labostera.lt\/lv\/wp-json\/wp\/v2\/media?parent=19356"}],"wp:term":[{"taxonomy":"product_cat","embeddable":true,"href":"https:\/\/labostera.lt\/lv\/wp-json\/wp\/v2\/product_cat?post=19356"},{"taxonomy":"product_tag","embeddable":true,"href":"https:\/\/labostera.lt\/lv\/wp-json\/wp\/v2\/product_tag?post=19356"}],"curies":[{"name":"wp","href":"https:\/\/api.w.org\/{rel}","templated":true}]}}