{"id":19324,"date":"2024-02-20T15:07:05","date_gmt":"2024-02-20T13:07:05","guid":{"rendered":"http:\/\/labostera.lt\/?post_type=product&#038;p=19324"},"modified":"2024-02-20T16:14:59","modified_gmt":"2024-02-20T14:14:59","slug":"zmogaus-akupunkturos-modelis-erler-zimmer-human-acupuncture-model","status":"publish","type":"product","link":"https:\/\/labostera.lt\/lv\/priemones-ir-iranga\/mokymo-priemones-ir-iranga\/modeliai-manekenai-muliazai\/zmogaus-akupunkturos-modelis-erler-zimmer-human-acupuncture-model\/","title":{"rendered":"Erlera-Zimmera cilv\u0113ka akupunkt\u016bras modelis"},"content":{"rendered":"<h2><strong>Erler-Zimmer GmbH &amp; Co. KG cilv\u0113ka akupunkt\u016bras modelis<\/strong>:<\/h2>\n<ul>\n<li><strong>Modelis 2044<\/strong>Ori\u0123in\u0101ls \u0137\u012bnie\u0161u akupunkt\u016bras modelis ar atz\u012bm\u0113tiem akupunkt\u016bras punktiem saska\u0146\u0101 ar tradicion\u0101lo \u0137\u012bnie\u0161u m\u0101c\u012bbu. Piem\u0113rots adatu ievieto\u0161anai. Ieskaitot instrukcijas \u0137\u012bnie\u0161u un ang\u013cu valod\u0101. Izm\u0113rs: 26 cm.<\/li>\n<li><strong>Modelis 2046<\/strong>Ori\u0123in\u0101ls \u0137\u012bnie\u0161u akupunkt\u016bras modelis ar atz\u012bm\u0113tiem akupunkt\u016bras punktiem saska\u0146\u0101 ar tradicion\u0101lo \u0137\u012bnie\u0161u m\u0101c\u012bbu. Piem\u0113rots adatu ievieto\u0161anai. Ieskaitot instrukcijas \u0137\u012bnie\u0161u un ang\u013cu valod\u0101. Izm\u0113rs: 50 cm.<\/li>\n<li><strong>Modelis 2048<\/strong>Ori\u0123in\u0101ls \u0137\u012bnie\u0161u akupunkt\u016bras modelis ar atz\u012bm\u0113tiem akupunkt\u016bras punktiem saska\u0146\u0101 ar tradicion\u0101lo \u0137\u012bnie\u0161u m\u0101c\u012bbu. Piem\u0113rots adatu ievieto\u0161anai. Ieskaitot instrukcijas \u0137\u012bnie\u0161u un ang\u013cu valod\u0101. Izm\u0113rs: 48 cm.<\/li>\n<li><strong>2050. modelis<\/strong>\u0160aj\u0101 v\u012brie\u0161u model\u012b vien\u0101 pus\u0113 ir att\u0113loti meridi\u0101ni un akupunkt\u016bras punkti, bet otr\u0101 pus\u0113 - musku\u013cu sist\u0113ma un virspus\u0113jie nervi. Uz pamatnes. Izm\u0113rs: 80 x 30 x 12 cm. Svars: 2,6 kg.<\/li>\n<li><strong>Modelis 2051<\/strong>\u0160aj\u0101 v\u012brie\u0161u model\u012b vien\u0101 pus\u0113 ir att\u0113loti meridi\u0101ni un akupunkt\u016bras punkti, bet otr\u0101 pus\u0113 - musku\u013cu sist\u0113ma un virspus\u0113jie nervi. Uz pamatnes. Izm\u0113rs: 60 x 19 x 9 cm. Svars: 1,9 kg.<\/li>\n<li><strong>Modelis 2052<\/strong>Komplekt\u0101 ietilpst: v\u012brie\u0161u akupunkt\u016bras modelis, augstums 48 cm, akupunkt\u016bras galva, akupunkt\u016bras roka, akupunkt\u016bras p\u0113da un akupunkt\u016bras auss. Ar atz\u012bm\u0113tiem akupunkt\u016bras punktiem saska\u0146\u0101 ar TCM. Visas deta\u013cas ir piem\u0113rotas adatas ievieto\u0161anai. Ieskaitot instrukcijas \u0137\u012bnie\u0161u un ang\u013cu valod\u0101. \u012apa\u0161i ekonomisks komplekt\u0101.<\/li>\n<li><strong>Modelis 2062<\/strong>Palielin\u0101ts cilv\u0113ka auss att\u0113ls ar akupunkt\u016bras punktiem, kas atz\u012bm\u0113ti saska\u0146\u0101 ar tradicion\u0101laj\u0101m \u0137\u012bnie\u0161u m\u0101c\u012bb\u0101m. Piem\u0113rots adatu ievieto\u0161anai. Ieskaitot instrukcijas \u0137\u012bnie\u0161u un ang\u013cu valod\u0101.<\/li>\n<li><strong>Modelis 2064<\/strong>Kreis\u0101 un lab\u0101 akupunkt\u016bras auss bez iez\u012bm\u0113tiem akupunkt\u016bras punktiem saska\u0146\u0101 ar TCM. Piem\u0113rots adatu ievieto\u0161anai.<\/li>\n<li><strong>Modelis 2068<\/strong>Akupunkt\u016bras p\u0113da saska\u0146\u0101 ar tradicion\u0101laj\u0101m \u0137\u012bnie\u0161u m\u0101c\u012bb\u0101m. Ieskaitot instrukcijas \u0137\u012bnie\u0161u un ang\u013cu valod\u0101.<\/li>\n<li><strong>Modelis 2070<\/strong>Akupunkt\u016bras galva saska\u0146\u0101 ar tradicion\u0101laj\u0101m \u0137\u012bnie\u0161u m\u0101c\u012bb\u0101m. Ieskaitot instrukcijas \u0137\u012bnie\u0161u un ang\u013cu valod\u0101.<\/li>\n<\/ul>\n<h3>Cilv\u0113ka akupunkt\u016bras mode\u013ci \u2013 <a href=\"http:\/\/labostera.lt\/lv\/product-brand\/erler-zimmer-gmbh-co-kg\/\">Erlera-Zimmera anatomijas grupa<\/a><\/h3>\n<p>Vair\u0101k inform\u0101cijas: <a href=\"https:\/\/erler-zimmer.de\/shop\/en\/shop\/anatomical-models\/organs-structures\/acupuncture\/\" target=\"_blank\" rel=\"noopener nofollow\">ra\u017eot\u0101ja t\u012bmek\u013ca vietn\u0113<\/a> vai nos\u016btiet mums piepras\u012bjumu!<\/p>","protected":false},"excerpt":{"rendered":"<p>Erlera-Zimmera cilv\u0113ka akupunkt\u016bras modelis \u2013 akupunkt\u016bras punkti ir atz\u012bm\u0113ti, pamatojoties uz tradicion\u0101lo \u0137\u012bnie\u0161u m\u0101c\u012bbu. Iep\u0113rcies \u0161eit!<\/p>","protected":false},"featured_media":19343,"template":"","meta":[],"product_cat":[75,79],"product_tag":[727,692,577,690],"class_list":{"0":"post-19324","1":"product","2":"type-product","3":"status-publish","4":"has-post-thumbnail","6":"product_brand-erler-zimmer-gmbh-co-kg","7":"product_cat-modeliai-manekenai-muliazai","8":"product_cat-mokymo-priemones-ir-iranga","9":"product_tag-akupunkturos-modeliai","10":"product_tag-erler-zimmer-gmbh-co-kg","11":"product_tag-modeliai","12":"product_tag-models","14":"first","15":"onbackorder","16":"shipping-taxable","17":"purchasable","18":"product-type-variable"},"_links":{"self":[{"href":"https:\/\/labostera.lt\/lv\/wp-json\/wp\/v2\/product\/19324","targetHints":{"allow":["GET"]}}],"collection":[{"href":"https:\/\/labostera.lt\/lv\/wp-json\/wp\/v2\/product"}],"about":[{"href":"https:\/\/labostera.lt\/lv\/wp-json\/wp\/v2\/types\/product"}],"wp:featuredmedia":[{"embeddable":true,"href":"https:\/\/labostera.lt\/lv\/wp-json\/wp\/v2\/media\/19343"}],"wp:attachment":[{"href":"https:\/\/labostera.lt\/lv\/wp-json\/wp\/v2\/media?parent=19324"}],"wp:term":[{"taxonomy":"product_cat","embeddable":true,"href":"https:\/\/labostera.lt\/lv\/wp-json\/wp\/v2\/product_cat?post=19324"},{"taxonomy":"product_tag","embeddable":true,"href":"https:\/\/labostera.lt\/lv\/wp-json\/wp\/v2\/product_tag?post=19324"}],"curies":[{"name":"wp","href":"https:\/\/api.w.org\/{rel}","templated":true}]}}