{"id":19291,"date":"2024-02-20T13:28:07","date_gmt":"2024-02-20T11:28:07","guid":{"rendered":"http:\/\/labostera.lt\/?post_type=product&#038;p=19291"},"modified":"2024-02-20T14:50:51","modified_gmt":"2024-02-20T12:50:51","slug":"zmogaus-nestumo-ir-gimdymo-modelis-erler-zimmer-human-pregnancy-model","status":"publish","type":"product","link":"https:\/\/labostera.lt\/lv\/priemones-ir-iranga\/mokymo-priemones-ir-iranga\/modeliai-manekenai-muliazai\/zmogaus-nestumo-ir-gimdymo-modelis-erler-zimmer-human-pregnancy-model\/","title":{"rendered":"Erlera-Zimmera cilv\u0113ka gr\u016btniec\u012bbas modelis"},"content":{"rendered":"<h2><strong>Erler-Zimmer GmbH &amp; Co. KG cilv\u0113ka gr\u016btniec\u012bbas un dzemd\u012bbu modelis<\/strong>:<\/h2>\n<ul>\n<li><strong>Modelis 4071<\/strong>Dab\u012bgs sievietes iegur\u0146a atl\u0113jums ar dz\u012bv\u012bgu aug\u013ca manekenu, kas izgatavots no auduma (galva ir izgatavota no plastmasas). Priek\u0161\u0113jie un aizmugur\u0113jie fontaneli ir redzami un sataust\u0101mi uz galvas. Nabassaite un placenta ir iek\u013cautas. Lielisks komplekts dzemd\u012bbu procesa demonstr\u0113\u0161anai. Pieg\u0101de transporta maisi\u0146\u0101.<\/li>\n<li><strong>Modelis L101<\/strong>\u0160is modelis par\u0101da aug\u013ca att\u012bst\u012bbas procesu no neapaug\u013cotas ol\u0161\u016bnas l\u012bdz 9 gr\u016btniec\u012bbas m\u0113ne\u0161iem. Modelis sast\u0101v no 5 da\u013c\u0101m, kas piestiprin\u0101tas pie d\u0113\u013ca un atbilst \u0161\u0101diem att\u012bst\u012bbas posmiem: ovul\u0101cija; apaug\u013co\u0161an\u0101s; zigotu veido\u0161an\u0101s; un dzemdes sak\u0146o\u0161an\u0101s. Par\u0101d\u012bti ar\u012b aug\u013ci 2 ned\u0113\u013cu, 8 ned\u0113\u013cu, 12 ned\u0113\u013cu un 9 att\u012bst\u012bbas m\u0113ne\u0161u vecum\u0101. Piestiprin\u0101ts pie t\u0101feles. Izm\u0113rs: 53 x 38 x 5 cm. Svars: apm\u0113ram 2 kg.<\/li>\n<li><strong>Modelis L103<\/strong>\u0160is divda\u013c\u012bgais, 5 reizes liel\u0101ks par dz\u012bvnieku modelis par\u0101da cilv\u0113ka olvadu un oln\u012bcu anatomiju. Folikuli ir redzami da\u017e\u0101d\u0101s brieduma stadij\u0101s, s\u0101kot no pirmatn\u0113j\u0101 folikula l\u012bdz corpus albicans. Prim\u0101rais folikuls tiek p\u0101rgriezts \u0161\u0137\u0113rsvirzien\u0101, lai skaidr\u0101k vizualiz\u0113tu iek\u0161\u0113jo strukt\u016bru. Ol\u0161\u016bnas, zona pellucida un granulozes \u0161\u016bnas. Izm\u0113rs: 33 x 22,5 x 21 cm. Svars: 1,4 kg.<\/li>\n<li><strong>Modelis L106<\/strong>\u0160is modelis par\u0101da saist\u012bbu starp sievie\u0161u hormonu l\u012bmeni un izmai\u0146\u0101m dzemdes g\u013cot\u0101d\u0101 menstru\u0101l\u0101 cikla laik\u0101. Piestiprin\u0101ts pie t\u0101feles. Izm\u0113rs: 53 x 38 x 5 cm. Svars: aptuveni 1,7 kg.<\/li>\n<li><strong>Modelis L204<\/strong>\u0160\u012b s\u0113rija tika izveidota sadarb\u012bb\u0101 ar V\u0101cijas vecm\u0101\u0161u skolu un sast\u0101v no 8 dabiska lieluma mode\u013ciem un viena palielin\u0101ta mode\u013ca. Tas ilustr\u0113 cilv\u0113ka att\u012bst\u012bbu no 4. l\u012bdz 24. ned\u0113\u013cai. Visas galven\u0101s dzemdes un embrija\/aug\u013ca anatomisk\u0101s strukt\u016bras ir labi ilustr\u0113tas un izskaidrotas lieto\u0161anas instrukcij\u0101. Mode\u013cos att\u0113lots: \u2013 Embrijs, 4 ned\u0113\u013cas, palielin\u0101ts \u2013 Embrijs dzemd\u0113, 4 ned\u0113\u013cas \u2013 Embrijs dzemd\u0113, 8 ned\u0113\u013cas \u2013 Auglis dzemd\u0113, 12 ned\u0113\u013cas \u2013 Auglis dzemd\u0113, 16 ned\u0113\u013cas \u2013 Auglis dzemd\u0113, horizont\u0101la prezent\u0101cija, 24 ned\u0113\u013cas \u2013 Dv\u012b\u0146i dzemd\u0113, 2 atsevi\u0161\u0137as placentas, 16 ned\u0113\u013cas \u2013 Dv\u012b\u0146i dzemd\u0113, 1 kop\u012bga placenta, 16 ned\u0113\u013cas Katrs modelis ir piestiprin\u0101ts pie no\u0146emama spilvena. Da\u017ei mode\u013ci \u013cauj no\u0146emt aug\u013cus.<\/li>\n<li><strong>Modelis L215<\/strong>\u0160is modelis, kas ir aptuveni 40 reizes liel\u0101ks par dz\u012bvnieku, ir medic\u012bnisk\u0101 izm\u0113r\u0101 un par\u0101da cilv\u0113ka embrija struktur\u0101l\u0101s deta\u013cas 4. att\u012bst\u012bbas ned\u0113\u013c\u0101.<\/li>\n<li><strong>Modelis L220<\/strong>\u0160is dabiska lieluma modelis att\u0113lo sievietes iegur\u0146a vidusda\u013cu ar augli 32. gr\u016btniec\u012bbas ned\u0113\u013c\u0101. Auglis atrodas norm\u0101l\u0101 st\u0101vokl\u012b. Modelis grafiski att\u0113lo aug\u013ca un iek\u0161\u0113jo org\u0101nu st\u0101vokli un attiec\u012bbas norm\u0101las gr\u016btniec\u012bbas laik\u0101. Att\u0113lotas visas iegur\u0146a un aug\u013ca anatomijas deta\u013cas. Augli var atdal\u012bt r\u016bp\u012bg\u0101kai p\u0101rbaudei. Piestiprin\u0101ts pie pamatnes.<\/li>\n<li><strong>Modelis L230<\/strong>Ar \u0161o modeli var skaidri par\u0101d\u012bt dzemd\u012bbu kan\u0101lu un aug\u013ca galvas eju caur sievietes iegur\u0146a kauliem dzemd\u012bbu laik\u0101. Iegur\u0146a skelets sast\u0101v no elast\u012bgiem g\u016b\u017eas kauliem ar kust\u012bgi piestiprin\u0101tu simfizu, krustu kaula ar elast\u012bgu astes kaulu un 2 jostas skrieme\u013ciem. Aug\u013ca galvaskauss ir piestiprin\u0101ts pie pamatnes ar elast\u012bgu spir\u0101lveida stieni un var br\u012bvi kust\u0113ties.<\/li>\n<li><strong>Modelis R10070<\/strong>Simul\u0113 vid\u0113ja termi\u0146a augli, izgatavots no m\u012bksta un iztur\u012bga auduma. \u0136ermenis ir elast\u012bgs, lai nodro\u0161in\u0101tu visas prezent\u0101cijas un poz\u012bcijas. Iederas oln\u012bc\u0101 R10072.<\/li>\n<li><strong>Modelis R10071<\/strong>Amnija membr\u0101na \u013cauj redz\u0113t aug\u013ca modeli maisi\u0146a iek\u0161pus\u0113. Priek\u0161\u0113j\u0101 auklas gals skaidri par\u0101da v\u0113nas un art\u0113rijas, un \u0113rts r\u0101v\u0113jsl\u0113dz\u0113js aizver somu. Gan amnija, gan horiona membr\u0101nas prec\u012bzi att\u0113lo divas kr\u0101sas. Der modelim R10070.<\/li>\n<li><strong>Modelis R10072<\/strong>Izgatavots no elast\u012bga auduma, \u0161is iegur\u0146a modelis par\u0101da, k\u0101 da\u017e\u0101das iegur\u0146a formas ietekm\u0113 gr\u016btniec\u012bbu, dzemd\u012bbas un mazu\u013cu aug\u0161anu. Der mode\u013ciem R10070 un R10071.<\/li>\n<\/ul>\n<h3>Cilv\u0113ka gr\u016btniec\u012bbas un dzemd\u012bbu mode\u013ci \u2013 <a href=\"http:\/\/labostera.lt\/lv\/product-brand\/erler-zimmer-gmbh-co-kg\/\">Erlera-Zimmera anatomijas grupa<\/a><\/h3>\n<p>Vair\u0101k inform\u0101cijas: <a href=\"https:\/\/erler-zimmer.de\/shop\/en\/shop\/anatomical-models\/organs-structures\/reproductive-system\/pregnancy\/\" target=\"_blank\" rel=\"noopener nofollow\">ra\u017eot\u0101ja t\u012bmek\u013ca vietn\u0113<\/a> vai nos\u016btiet mums piepras\u012bjumu!<\/p>","protected":false},"excerpt":{"rendered":"<p>Erlera-Zimmera cilv\u0113ka gr\u016btniec\u012bbas un dzemd\u012bbu modelis \u2013 att\u0113lo gr\u016btniec\u012bbas procesu no aug\u013ca att\u012bst\u012bbas l\u012bdz dzim\u0161anai. Iep\u0113rcies \u0161eit!<\/p>","protected":false},"featured_media":19307,"template":"","meta":[],"product_cat":[75,79],"product_tag":[692,726,577,690,725],"class_list":{"0":"post-19291","1":"product","2":"type-product","3":"status-publish","4":"has-post-thumbnail","6":"product_brand-erler-zimmer-gmbh-co-kg","7":"product_cat-modeliai-manekenai-muliazai","8":"product_cat-mokymo-priemones-ir-iranga","9":"product_tag-erler-zimmer-gmbh-co-kg","10":"product_tag-gimdymo-modeliai","11":"product_tag-modeliai","12":"product_tag-models","13":"product_tag-nestumo-modeliai","15":"first","16":"onbackorder","17":"shipping-taxable","18":"purchasable","19":"product-type-variable"},"_links":{"self":[{"href":"https:\/\/labostera.lt\/lv\/wp-json\/wp\/v2\/product\/19291","targetHints":{"allow":["GET"]}}],"collection":[{"href":"https:\/\/labostera.lt\/lv\/wp-json\/wp\/v2\/product"}],"about":[{"href":"https:\/\/labostera.lt\/lv\/wp-json\/wp\/v2\/types\/product"}],"wp:featuredmedia":[{"embeddable":true,"href":"https:\/\/labostera.lt\/lv\/wp-json\/wp\/v2\/media\/19307"}],"wp:attachment":[{"href":"https:\/\/labostera.lt\/lv\/wp-json\/wp\/v2\/media?parent=19291"}],"wp:term":[{"taxonomy":"product_cat","embeddable":true,"href":"https:\/\/labostera.lt\/lv\/wp-json\/wp\/v2\/product_cat?post=19291"},{"taxonomy":"product_tag","embeddable":true,"href":"https:\/\/labostera.lt\/lv\/wp-json\/wp\/v2\/product_tag?post=19291"}],"curies":[{"name":"wp","href":"https:\/\/api.w.org\/{rel}","templated":true}]}}