{"id":19247,"date":"2024-02-19T14:15:23","date_gmt":"2024-02-19T12:15:23","guid":{"rendered":"http:\/\/labostera.lt\/?post_type=product&#038;p=19247"},"modified":"2024-02-19T14:56:20","modified_gmt":"2024-02-19T12:56:20","slug":"zmogaus-slapimo-organu-sistemos-modelis-erler-zimmer-human-urinary-system-model","status":"publish","type":"product","link":"https:\/\/labostera.lt\/lv\/priemones-ir-iranga\/mokymo-priemones-ir-iranga\/modeliai-manekenai-muliazai\/zmogaus-slapimo-organu-sistemos-modelis-erler-zimmer-human-urinary-system-model\/","title":{"rendered":"Erlera-Zimmera cilv\u0113ka ur\u012bnizvadsist\u0113mas modelis"},"content":{"rendered":"<h2><strong>Erler-Zimmer GmbH &amp; Co. KG cilv\u0113ka ur\u012bnce\u013cu sist\u0113mas modelis<\/strong>:<\/h2>\n<ul>\n  &lt;li&lt;stronModelis K132<\/strong>\u0160is piecu da\u013cu padzi\u013cin\u0101tais modelis par\u0101da ur\u012bnce\u013cu sist\u0113mas galven\u0101s sast\u0101vda\u013cas, tostarp dobo v\u0113nu un v\u0113dera aortu; Lab\u0101 niere tiek prepar\u0113ta, lai par\u0101d\u012btu garozu, serdi, piram\u012bdas, kausi\u0146us, iegurni un nieru art\u0113riju un v\u0113nu izcelsmi. Ur\u012bnp\u016bsli var atv\u0113rt, lai atsegtu g\u013cot\u0101du, trigonu, ur\u012bnizvadkan\u0101lu, s\u0113klas p\u016bsl\u012bti, ejakul\u0101cijas kan\u0101lus un s\u0113klas vadu. Uzmont\u0113ts uz spilvena. Izm\u0113rs: 24,5 x 18 x 36 cm. Svars: 0,7 kg.<\/li>\n<li><strong>Modelis K243<\/strong>\u0160is dzi\u013cuma modelis, kas att\u0113lots front\u0101laj\u0101 plakn\u0113, par\u0101da piecas da\u017e\u0101das v\u012brie\u0161u ur\u012bnp\u016b\u0161\u013ca patolo\u0123ijas izplat\u012bt\u0101s viet\u0101s: cist\u012btu, ur\u012bnp\u016b\u0161\u013ca akme\u0146us, labdab\u012bgu prostatas hiperpl\u0101ziju (LPH), divertikulu, k\u0101 ar\u012b ur\u012bnp\u016b\u0161\u013ca audz\u0113ju tr\u012bs da\u017e\u0101d\u0101s stadij\u0101s. Uzmont\u0113ts uz spilvena. Izm\u0113rs: 12 x 10 x 16 cm. Svars: 0,2 kg.<\/li>\n<li><strong>Modelis K245<\/strong>\u0160is aptuveni dabiska izm\u0113ra sievietes ur\u012bnp\u016b\u0161\u013ca modelis \u0161\u0137\u0113rsgriezum\u0101 att\u0113lo visas anatomisk\u0101s strukt\u016bras. Ur\u012bnp\u016bslis, ur\u012bnizvadkan\u0101ls un sfinkteris ir skaidri redzami. Lielisks pacienta apm\u0101c\u012bbas l\u012bdzeklis iegur\u0146a pamatnes vingrin\u0101jumiem. Izm\u0113rs: 16 x 15 x 4 cm. Svars: 0,6 kg.<\/li>\n<li><strong>Modelis 1261<\/strong>\u0160is modelis \u013coti iespaid\u012bgi par\u0101da labdab\u012bgas prostatas hiperpl\u0101zijas (LAPH) izrais\u012bt\u0101s izmai\u0146as prostat\u0101. Mode\u013ca vien\u0101 pus\u0113 ir redzama vesela prostata ar ur\u012bnu, bet otr\u0101 pus\u0113 ir slima prostata ar ur\u012bnizvadkan\u0101la sa\u0161aurin\u0101jumu un atliku\u0161o ur\u012bnu. Uz no\u0146emama spilvena. Izm\u0113rs: 20 x 9 x 13 cm.<\/li>\n<\/ul>\n<h3>Cilv\u0113ka ur\u012bnce\u013cu sist\u0113mas mode\u013ci \u2013 <a href=\"http:\/\/labostera.lt\/lv\/product-brand\/erler-zimmer-gmbh-co-kg\/\">Erlera-Zimmera anatomijas grupa<\/a><\/h3>\n<p>Vair\u0101k inform\u0101cijas: <a href=\"https:\/\/erler-zimmer.de\/shop\/en\/shop\/anatomical-models\/organs-structures\/urinary-system\/\" target=\"_blank\" rel=\"noopener nofollow\">ra\u017eot\u0101ja t\u012bmek\u013ca vietn\u0113<\/a> vai nos\u016btiet mums piepras\u012bjumu!<\/p>","protected":false},"excerpt":{"rendered":"<p>Erlera-Zimmera cilv\u0113ka ur\u012bnce\u013cu sist\u0113mas modelis \u2013 detaliz\u0113ts ur\u012bnce\u013cu sist\u0113mas modelis. Iep\u0113rcies \u0161eit!<\/p>","protected":false},"featured_media":19256,"template":"","meta":[],"product_cat":[75,79],"product_tag":[692,577,690,723],"class_list":{"0":"post-19247","1":"product","2":"type-product","3":"status-publish","4":"has-post-thumbnail","6":"product_brand-erler-zimmer-gmbh-co-kg","7":"product_cat-modeliai-manekenai-muliazai","8":"product_cat-mokymo-priemones-ir-iranga","9":"product_tag-erler-zimmer-gmbh-co-kg","10":"product_tag-modeliai","11":"product_tag-models","12":"product_tag-slapimo-organu-sistemos-modeliai","14":"first","15":"onbackorder","16":"shipping-taxable","17":"purchasable","18":"product-type-variable"},"_links":{"self":[{"href":"https:\/\/labostera.lt\/lv\/wp-json\/wp\/v2\/product\/19247","targetHints":{"allow":["GET"]}}],"collection":[{"href":"https:\/\/labostera.lt\/lv\/wp-json\/wp\/v2\/product"}],"about":[{"href":"https:\/\/labostera.lt\/lv\/wp-json\/wp\/v2\/types\/product"}],"wp:featuredmedia":[{"embeddable":true,"href":"https:\/\/labostera.lt\/lv\/wp-json\/wp\/v2\/media\/19256"}],"wp:attachment":[{"href":"https:\/\/labostera.lt\/lv\/wp-json\/wp\/v2\/media?parent=19247"}],"wp:term":[{"taxonomy":"product_cat","embeddable":true,"href":"https:\/\/labostera.lt\/lv\/wp-json\/wp\/v2\/product_cat?post=19247"},{"taxonomy":"product_tag","embeddable":true,"href":"https:\/\/labostera.lt\/lv\/wp-json\/wp\/v2\/product_tag?post=19247"}],"curies":[{"name":"wp","href":"https:\/\/api.w.org\/{rel}","templated":true}]}}