{"id":19227,"date":"2024-02-19T13:25:28","date_gmt":"2024-02-19T11:25:28","guid":{"rendered":"http:\/\/labostera.lt\/?post_type=product&#038;p=19227"},"modified":"2024-02-19T14:52:58","modified_gmt":"2024-02-19T12:52:58","slug":"zmogaus-inkstu-modelis-erler-zimmer-human-kidney-model","status":"publish","type":"product","link":"https:\/\/labostera.lt\/lv\/priemones-ir-iranga\/mokymo-priemones-ir-iranga\/modeliai-manekenai-muliazai\/zmogaus-inkstu-modelis-erler-zimmer-human-kidney-model\/","title":{"rendered":"Erlera-Zimmera cilv\u0113ka nieru modelis"},"content":{"rendered":"<h2><strong>\u201eErler-Zimmer GmbH &amp; Co. KG cilv\u0113ka nieru modelis<\/strong>:<\/h2>\n<ul>\n<li><strong>Modelis K111<\/strong>\u0160is tr\u012bs mode\u013cu komplekts par\u0101da nieres pamatstrukt\u016bru. Pirmais modelis ir nieres priek\u0161\u0113jais skats, kas ir palielin\u0101ts 3 reizes, ilustr\u0113jot virsnieru dziedzeri, garozu, serdi, piram\u012bdas ar k\u0101rni\u0146\u0101m, nieru iegurni un asinsvadus. Otrais modelis, kas ir palielin\u0101ts 120 reizes, att\u0113lo nefronu, nieru kan\u0101li\u0146us, sav\u0101k\u0161anas kan\u0101lu sist\u0113mu un Henles cilpu. Tre\u0161ais modelis ir ilustr\u0113jis Malp\u012bgi asins\u0137ermen\u012bti ar Boumena kapsulu, kas ir palielin\u0101ts 700 reizes. Visi \u0161ie mode\u013ci ir lielisks instruments, lai detaliz\u0113ti izprastu nieres anatomiju. Visi tr\u012bs mode\u013ci ir uzmont\u0113ti uz d\u0113\u013ca. Izm\u0113rs: 70 x 29 x 12 cm. Svars: 4,1 kg.<\/li>\n<li><strong>Modelis K212<\/strong>\u0160aj\u0101 gandr\u012bz dabiska izm\u0113ra cilv\u0113ka nieres model\u012b ir att\u0113lotas ar roku apgleznotas deta\u013cas, piem\u0113ram, nieru iegurnis, nieru serde, nieru kausi\u0146\u0161, nieru garoza, nieru art\u0113rija un v\u0113na, ur\u012bnvadi un virsnieru dziedzeris. Ar m\u0101c\u012bbu tausti\u0146u un paliktni. Izm\u0113rs: 10 x 6 x 4 cm. Svars: 0,2 kg.<\/li>\n<li><strong>Modelis K213<\/strong>\u0160is divda\u013c\u012bgais modelis att\u0113lo cilv\u0113ka nieri, kas ir aptuveni divreiz liel\u0101ka par dz\u012bves nieri. Tas att\u0113lo iek\u0161\u0113j\u0101s strukt\u016bras, tostarp garozu, substanci, piram\u012bdas, kausus, nieru iegurni, ur\u012bnvadus un nieru art\u0113riju un v\u0113nu izcelsmi. Mode\u013ca priek\u0161\u0113jo da\u013cu var no\u0146emt iek\u0161\u0113jai p\u0101rbaudei. Uzst\u0101d\u012bts uz pjedest\u0101la. Ar atsl\u0113gu. Izm\u0113rs: 19 x 12 x 7 cm. Svars: 0,4 kg.<\/li>\n<li><strong>Modelis K229<\/strong>\u0160is modelis ir paredz\u0113ts, lai izgl\u012btotu pacientus par ur\u012bnce\u013cu akme\u0146iem (uroliti\u0101zi) un nierakme\u0146iem (nefroliti\u0101zi). Lab\u0101 niere tiek atv\u0113rta dabiskaj\u0101 lielum\u0101, lai par\u0101d\u012btu iek\u0161\u0113j\u0101s strukt\u016bras. Nieru iegurnis, nieru kausi\u0146\u0161 un ur\u012bnvadi tiek atv\u0113rti, lai par\u0101d\u012btu specifiku un akme\u0146us \u0161\u0101d\u0101s tipisk\u0101s viet\u0101s: \u2013 aug\u0161\u0113j\u0101s kausi\u0146a grupas izcelsme \u2013 apak\u0161\u0113j\u0101s kausi\u0146a grupas savienojo\u0161\u0101 caurule, kas izraisa maz\u0101 kausi\u0146a nosprostojumu \u2013 nieru garoza \u2013 ur\u012bnvad\u012bt\u0101js \u2013 nieru piram\u012bdas. Uzst\u0101d\u012bts uz spilvena. Ar atsl\u0113gu. Izm\u0113rs: nav nor\u0101d\u012bts.<\/li>\n<li><strong>Modelis K260<\/strong>\u0160is gandr\u012bz 2 reizes palielin\u0101tais cilv\u0113ka nieres modelis att\u0113lo ar roku apgleznotas deta\u013cas, piem\u0113ram, nieru iegurni, nieru serdi, nieru kausi\u0146us, nieru garozu, nieru art\u0113riju un v\u0113nu, ur\u012bnvadus un virsnieru dziedzeri. Ar m\u0101c\u012bbu tausti\u0146u un paliktni. Izm\u0113rs: 16 x 10 x 5 cm. Svars: 0,3 kg.<\/li>\n<\/ul>\n<h3>Cilv\u0113ka nieru mode\u013ci \u2013 <a href=\"http:\/\/labostera.lt\/lv\/product-brand\/erler-zimmer-gmbh-co-kg\/\">Erlera-Zimmera anatomijas grupa<\/a><\/h3>\n<p>Vair\u0101k inform\u0101cijas: <a href=\"https:\/\/erler-zimmer.de\/shop\/en\/shop\/anatomical-models\/organs-structures\/kidneys\/\" target=\"_blank\" rel=\"noopener nofollow\">ra\u017eot\u0101ja t\u012bmek\u013ca vietn\u0113<\/a> vai nos\u016btiet mums piepras\u012bjumu!<\/p>","protected":false},"excerpt":{"rendered":"<p>Erlera-Zimmera cilv\u0113ka nieres modelis \u2013 detaliz\u0113ts nieres strukt\u016bras modelis. Ieg\u0101d\u0101jieties to \u0161eit!<\/p>","protected":false},"featured_media":19237,"template":"","meta":[],"product_cat":[75,79],"product_tag":[692,722,577,690],"class_list":{"0":"post-19227","1":"product","2":"type-product","3":"status-publish","4":"has-post-thumbnail","6":"product_brand-erler-zimmer-gmbh-co-kg","7":"product_cat-modeliai-manekenai-muliazai","8":"product_cat-mokymo-priemones-ir-iranga","9":"product_tag-erler-zimmer-gmbh-co-kg","10":"product_tag-inkstu-modeliai","11":"product_tag-modeliai","12":"product_tag-models","14":"first","15":"onbackorder","16":"shipping-taxable","17":"purchasable","18":"product-type-variable"},"_links":{"self":[{"href":"https:\/\/labostera.lt\/lv\/wp-json\/wp\/v2\/product\/19227","targetHints":{"allow":["GET"]}}],"collection":[{"href":"https:\/\/labostera.lt\/lv\/wp-json\/wp\/v2\/product"}],"about":[{"href":"https:\/\/labostera.lt\/lv\/wp-json\/wp\/v2\/types\/product"}],"wp:featuredmedia":[{"embeddable":true,"href":"https:\/\/labostera.lt\/lv\/wp-json\/wp\/v2\/media\/19237"}],"wp:attachment":[{"href":"https:\/\/labostera.lt\/lv\/wp-json\/wp\/v2\/media?parent=19227"}],"wp:term":[{"taxonomy":"product_cat","embeddable":true,"href":"https:\/\/labostera.lt\/lv\/wp-json\/wp\/v2\/product_cat?post=19227"},{"taxonomy":"product_tag","embeddable":true,"href":"https:\/\/labostera.lt\/lv\/wp-json\/wp\/v2\/product_tag?post=19227"}],"curies":[{"name":"wp","href":"https:\/\/api.w.org\/{rel}","templated":true}]}}