{"id":19199,"date":"2024-02-12T15:05:02","date_gmt":"2024-02-12T13:05:02","guid":{"rendered":"http:\/\/labostera.lt\/?post_type=product&#038;p=19199"},"modified":"2024-02-12T16:31:45","modified_gmt":"2024-02-12T14:31:45","slug":"zmogaus-virskinimo-sistemos-modelis-erler-zimmer-human-digestive-system-model","status":"publish","type":"product","link":"https:\/\/labostera.lt\/lv\/priemones-ir-iranga\/mokymo-priemones-ir-iranga\/modeliai-manekenai-muliazai\/zmogaus-virskinimo-sistemos-modelis-erler-zimmer-human-digestive-system-model\/","title":{"rendered":"Erler-Zimmer cilv\u0113ka gremo\u0161anas sist\u0113mas modelis"},"content":{"rendered":"<h2><strong>\u201eErler-Zimmer GmbH &amp; Co. KG cilv\u0113ka gremo\u0161anas sist\u0113mas modelis<\/strong>:<\/h2>\n<ul>\n<li><strong>Modelis K82<\/strong>\u0160is dz\u012bv\u012bbas izm\u0113ra v\u0113dera modelis demonstr\u0113 ku\u0146\u0123a lentes darb\u012bbu. \u0160is modelis skaidri demonstr\u0113 \u0161\u012bs lentes iedarb\u012bbu, ko izmanto vit\u0101las aptauko\u0161an\u0101s gad\u012bjum\u0101. Modeli var sadal\u012bt div\u0101s da\u013c\u0101s, lai par\u0101d\u012btu iek\u0161\u0113j\u0101s anatomisk\u0101s strukt\u016bras. Uz no\u0146emama spilvena. Izm\u0113rs: 15 x 6 x 18 cm. Svars: 0,5 kg.<\/li>\n<li><strong>Modelis K180<\/strong>\u0160is vienlaidus modelis, kura dzi\u013cums ir palielin\u0101ts 150 reizes, ir b\u016btisks instruments gremo\u0161anas sist\u0113mas vissvar\u012bg\u0101k\u0101 org\u0101na \u2013 ku\u0146\u0123a \u2013 histolo\u0123ijas izp\u0113tei. Visi da\u017e\u0101die sl\u0101\u0146i, s\u0101kot no epit\u0113lija l\u012bdz serozajam apvalkam, ir att\u0113loti ar lielu precizit\u0101ti un deta\u013c\u0101m. Galven\u0101s strukt\u016bras, tostarp da\u017e\u0101die \u0161\u016bnu tipi, kapil\u0101ri un limfvadi, ir numur\u0113tas un identific\u0113tas satel\u012bta tabul\u0101. Piestiprin\u0101ts uz spilvena. Izm\u0113rs: 30 x 20 x 38 cm. Svars: 2 kg.<\/li>\n<li><strong>Modelis K215<\/strong>\u0160is dabiska izm\u0113ra modelis ir p\u0101rgriezts pa vidu, un to var atv\u0113rt, lai par\u0101d\u012btu ku\u0146\u0123a iek\u0161\u0113jo strukt\u016bru, tostarp kardiju, g\u013cot\u0101du un v\u0101rtnieku. Model\u012b ir redzami ar\u012b asinsvadi. Piestiprin\u0101ts pie spilvena. Izm\u0113rs: 15 x 15 x 6 cm. Svars: 0,5 kg.<\/li>\n<li><strong>Modelis K217<\/strong>\u0160is samazin\u0101t\u0101 izm\u0113ra modelis att\u0113lo da\u017e\u0101das gastr\u012bta stadijas, s\u0101kot no vieglas necaurredzam\u012bbas l\u012bdz perfor\u0101cijai. Modelis ar \u0161\u0137\u0113rsgriezumu par\u0101da bar\u012bbas vada apak\u0161\u0113jo da\u013cu, ku\u0146\u0123i un divpadsmitpirkstu zarnas s\u0101kumu. Tas att\u0113lo \u0161\u0101das patolo\u0123ijas: \u2013 Hipertrofisks gastr\u012bts \u2013 Hemor\u0101\u0123isks gastr\u012bts \u2013 Eroz\u012bvs gastr\u012bts \u2013 Eritematozs gastr\u012bts \u2013 Dz\u012b\u0161anas stadija ar r\u0113tas veido\u0161anos \u2013 Asi\u0146ojo\u0161a \u010d\u016bla \u2013 Perfor\u0113ta \u010d\u016bla. Uz spilvena. Ku\u0146\u0123a izm\u0113rs: 12 x 9 x 2 cm, \u0161\u0137\u0113rsgriezuma izm\u0113rs: 12 x 3 x 1 cm. Svars: 0,2 kg.<\/li>\n<li><strong>Modelis K218<\/strong>\u0160is dabiska lieluma modelis att\u0113lo bar\u012bbas vada apak\u0161\u0113j\u0101s da\u013cas un ku\u0146\u0123a aug\u0161da\u013cas priek\u0161\u0113jo da\u013cu. Tas att\u0113lo visbie\u017e\u0101k sastopam\u0101s slim\u012bbas: \u2013 bar\u012bbas vada tr\u016bce \u2013 \u010d\u016bla \u2013 refluksa ezofag\u012bts \u2013 Bareta \u010d\u016bla \u2013 bar\u012bbas vada v\u0113nas \u2013 bar\u012bbas vada v\u0113zis. Uzst\u0101d\u012bts uz spilvena.<\/li>\n<li><strong>Modelis K221<\/strong>\u0160is dabisk\u0101 izm\u0113ra modelis att\u0113lo cilv\u0113ka gremo\u0161anas traktu no mutes dobuma l\u012bdz taisnajai zarnai. Mutes dobums, r\u012bkle un bar\u012bbas vada pirm\u0101 da\u013ca ir p\u0101rgriezti pa vidu sagit\u0101l\u0101 plakn\u0113. Aizku\u0146\u0123a dziedzeris ir att\u0113lots kop\u0101 ar \u017eultsp\u016bsli un ir no\u0146emams. Aizku\u0146\u0123a dziedzeris ir no\u0146emams, un divpadsmitpirkstu zarna ir p\u0101rgriezta, lai atsegtu iek\u0161\u0113j\u0101s iez\u012bmes. Ku\u0146\u0123is ir no\u0146emams un to var izjaukt div\u0101s da\u013c\u0101s: divpadsmitpirkstu zarna, taisn\u0101 zarna, da\u013ca no tiev\u0101s zarnas, resn\u0101 zarna un taisn\u0101 zarna tiek atv\u0113rtas, lai atsegtu iek\u0161\u0113jo strukt\u016bru. Piestiprin\u0101ts pie d\u0113\u013ca. Izm\u0113rs: 90 x 31 x 13 cm.<\/li>\n<li><strong>Modelis K227<\/strong>\u0160is pacientu izgl\u012bto\u0161anai paredz\u0113tais apraksto\u0161ais modelis, kas ir divreiz liel\u0101ks par dabisko, par\u0101da taisn\u0101s zarnas priek\u0161\u0113jo \u0161\u0137\u0113rsgriezumu. Papildu maz\u0101ks \u0161\u0137\u0113rsgriezums ir atrodams spilvena pamatn\u0113. Modelis att\u0113lo gan \u0101r\u0113jos, gan iek\u0161\u0113jos hemoro\u012bdus I un II stadij\u0101. III un IV stadijas hemoro\u012bdi ir att\u0113loti ar papildu reljefu. Att\u0113lotas ar\u012b taisn\u0101s zarnas, sfinktera un venoz\u0101 kompleksa anatomisk\u0101s strukt\u016bras. Izm\u0113rs: 17 x 12 x 10 cm.<\/li>\n<li><strong>Modelis K285<\/strong>Samazin\u0101ta izm\u0113ra cilv\u0113ka zarnas modelis, ieskaitot ileumu, aklo zarnu, aug\u0161upejo\u0161o resno zarnu, \u0161\u0137\u0113rszarnu, lejupejo\u0161o resno zarnu, sigmo\u012bdo resno zarnu un taisno zarnu. Att\u0113lotas vienas un t\u0101s pa\u0161as slim\u012bbas: apendic\u012bts, Krona slim\u012bba, kairin\u0101tu zarnu sindroms, \u010d\u016blain\u0101 kol\u012bta polipi, pseidomembranozais kol\u012bts, divertikuloze, divertikul\u012bts, karcinoma un resn\u0101s zarnas polipi. Uz no\u0146emama spilvena. Ar m\u0101c\u012bbu atsl\u0113gu.<\/li>\n<li><strong>Modelis K490<\/strong>\u0160is \u013coti palielin\u0101tais divda\u013c\u012bgais tiev\u0101s zarnas b\u0101rksti\u0146as modelis par\u0101da detaliz\u0113tu \u0161\u0137\u0113rsgriezuma un garengriezuma strukt\u016bru. Piestiprin\u0101ts uz spilvena ar atsl\u0113gu. Izm\u0113rs: 17,5 x 15 cm.<\/li>\n<li><strong>Modelis W42507<\/strong>\u0160is 100 rei\u017eu palielin\u0101tais dzi\u013cuma m\u0113roga modelis sast\u0101v no vienas piln\u012bgas b\u0101rksti\u0146as, vienas gareniskas \u0161\u0137\u0113rsvirziena b\u0101rksti\u0146as, kur\u0101 redzamas arteriolas un venulas, un vienas \u0161\u0137\u0113rsvirziena \u0161\u0137\u0113rsvirziena b\u0101rksti\u0146as, kur\u0101 redzami limfvadi. Iek\u013cauts ar\u012b L\u012bberka kriptas garenisks \u0161\u0137\u0113rsgriezums. Izm\u0113rs: 43 x 28 x 10 cm.<\/li>\n<\/ul>\n<h3>Cilv\u0113ka gremo\u0161anas sist\u0113mas mode\u013ci \u2013 <a href=\"http:\/\/labostera.lt\/lv\/product-brand\/erler-zimmer-gmbh-co-kg\/\">Erlera-Zimmera anatomijas grupa<\/a><\/h3>\n<p>Vair\u0101k inform\u0101cijas: <a href=\"https:\/\/erler-zimmer.de\/shop\/en\/shop\/anatomical-models\/organs-structures\/\" target=\"_blank\" rel=\"noopener nofollow\">ra\u017eot\u0101ja t\u012bmek\u013ca vietn\u0113<\/a> vai nos\u016btiet mums piepras\u012bjumu!<\/p>","protected":false},"excerpt":{"rendered":"<p>Erlera-Zimmera cilv\u0113ka gremo\u0161anas sist\u0113mas modelis \u2013 detaliz\u0113ta gremo\u0161anas sist\u0113mas vizualiz\u0101cija.<\/p>","protected":false},"featured_media":19221,"template":"","meta":[],"product_cat":[75,79],"product_tag":[692,577,690,721],"class_list":{"0":"post-19199","1":"product","2":"type-product","3":"status-publish","4":"has-post-thumbnail","6":"product_brand-erler-zimmer-gmbh-co-kg","7":"product_cat-modeliai-manekenai-muliazai","8":"product_cat-mokymo-priemones-ir-iranga","9":"product_tag-erler-zimmer-gmbh-co-kg","10":"product_tag-modeliai","11":"product_tag-models","12":"product_tag-virskinimo-sistemos-modeliai","14":"first","15":"onbackorder","16":"shipping-taxable","17":"purchasable","18":"product-type-variable"},"_links":{"self":[{"href":"https:\/\/labostera.lt\/lv\/wp-json\/wp\/v2\/product\/19199","targetHints":{"allow":["GET"]}}],"collection":[{"href":"https:\/\/labostera.lt\/lv\/wp-json\/wp\/v2\/product"}],"about":[{"href":"https:\/\/labostera.lt\/lv\/wp-json\/wp\/v2\/types\/product"}],"wp:featuredmedia":[{"embeddable":true,"href":"https:\/\/labostera.lt\/lv\/wp-json\/wp\/v2\/media\/19221"}],"wp:attachment":[{"href":"https:\/\/labostera.lt\/lv\/wp-json\/wp\/v2\/media?parent=19199"}],"wp:term":[{"taxonomy":"product_cat","embeddable":true,"href":"https:\/\/labostera.lt\/lv\/wp-json\/wp\/v2\/product_cat?post=19199"},{"taxonomy":"product_tag","embeddable":true,"href":"https:\/\/labostera.lt\/lv\/wp-json\/wp\/v2\/product_tag?post=19199"}],"curies":[{"name":"wp","href":"https:\/\/api.w.org\/{rel}","templated":true}]}}