{"id":19173,"date":"2024-02-12T14:09:27","date_gmt":"2024-02-12T12:09:27","guid":{"rendered":"http:\/\/labostera.lt\/?post_type=product&#038;p=19173"},"modified":"2024-02-12T14:38:24","modified_gmt":"2024-02-12T12:38:24","slug":"zmogaus-vidiniu-organu-modelis-erler-zimmer-human-internal-organs-model","status":"publish","type":"product","link":"https:\/\/labostera.lt\/lv\/priemones-ir-iranga\/mokymo-priemones-ir-iranga\/modeliai-manekenai-muliazai\/zmogaus-vidiniu-organu-modelis-erler-zimmer-human-internal-organs-model\/","title":{"rendered":"Erlera-Zimmera cilv\u0113ka iek\u0161\u0113jo org\u0101nu modelis"},"content":{"rendered":"<h2><strong>\u201eErler-Zimmer GmbH &amp; Co. KG cilv\u0113ka iek\u0161\u0113jo org\u0101nu modelis<\/strong>:<\/h2>\n<ul>\n<li><strong>Modelis K78<\/strong>\u013boti liels modelis r\u0101da vienas aknu daivas deta\u013cas, kas ir sadal\u012bta un par\u0101d\u012bta attiec\u012bb\u0101 pret apk\u0101rt\u0113j\u0101m daivain\u0113m. Faina kr\u0101sas izce\u013c port\u0101l\u0101s v\u0113nas un asinsvadus, venozos sinuso\u012bdus un centr\u0101l\u0101s v\u0113nas ar iegriezumiem \u017eultsvados. Ar atsl\u0113gu. Izm\u0113rs: 25 x 15 x 6 cm.<\/li>\n<li><strong>Modelis K108<\/strong>Palielin\u0101ts 1,5 reizes, \u0161is modelis att\u0113lo prepar\u0113tas aknas ar izkl\u0101t\u0101m iek\u0161\u0113j\u0101m art\u0113rij\u0101m un v\u0113n\u0101m, port\u0101lo v\u0113nu un \u017eultsvadu. Piestiprin\u0101ts uz spilvena. Izm\u0113rs: 15 x 26 x 12 cm. Svars: aptuveni 1 kg.<\/li>\n<li><strong>Modelis K222<\/strong>\u0160is dabiska lieluma modelis ir prec\u012bzs aizku\u0146\u0123a dziedzera un divpadsmitpirkstu zarnas att\u0113lojums. Aizku\u0146\u0123a dziedzeris ir atv\u0113rts, lai redz\u0113tu visu aizku\u0146\u0123a dziedzera vadu. Divpadsmitpirkstu zarna ir da\u013c\u0113ji prepar\u0113ta, lai atkl\u0101tu t\u0101s iek\u0161\u0113jo strukt\u016bru. Piestiprin\u0101ts uz spilvena. Izm\u0113rs: 18 x 9 x 4 cm. Svars: aptuveni 0,3 kg.<\/li>\n<li><strong>Modelis K225<\/strong>\u0160is re\u0101listiskais modelis atveido aknas ar \u017eultsp\u016bsli. Att\u0113loti \u017eultsvadi, k\u0101 ar\u012b \u0101r\u0113jais \u017eultsvads un galven\u0101s saites. Piestiprin\u0101ts pie no\u0146emama spilvena. Izm\u0113rs: 16 x 12 x 11 cm.<\/li>\n<li><strong>Modelis K226<\/strong>\u0160is pusperioda izm\u0113ra modelis \u013coti detaliz\u0113ti par\u0101da \u017eultsce\u013cu sist\u0113mas anatomisko strukt\u016bru un t\u0101s vidi. \u017dultsp\u016b\u0161\u013ca sien\u0101 ir att\u0113lotas gan hroniska iekaisuma, gan ak\u016bta iekaisuma (holecist\u012bta) izrais\u012btas audu izmai\u0146as. \u017dultsakme\u0146i ir att\u0113loti \u0161\u0101d\u0101s tipisk\u0101s viet\u0101s: \u2013 spir\u0101lveida v\u0101rstulis \u2013 \u017eultsp\u016b\u0161\u013ca pamatne \u2013 kop\u0113jais \u017eultsvads \u2013 papil\u0101ra atvere tievaj\u0101 zarn\u0101. Uzst\u0101d\u012bts uz pamatnes.<\/li>\n<li><strong>Modelis K295<\/strong>\u0160is dabiska lieluma modelis att\u0113lo aizku\u0146\u0123a dziedzera v\u0113zi, \u017eultsp\u016bsli ar akme\u0146iem, pl\u012bsu\u0161u liesu un divpadsmitpirkstu zarnas \u010d\u016blu.<\/li>\n<li><strong>Modelis K440<\/strong>\u0160is dabiska lieluma modelis att\u0113lo aknu daivu ar \u017eultsp\u016bsli, aizku\u0146\u0123a dziedzeri un divpadsmitpirkstu zarnu, ieskaitot aknu un aizku\u0146\u0123a dziedzera vadus. Piestiprin\u0101ts pie d\u0113\u013ca. Izm\u0113rs: 4 x 20 x 18 cm.<\/li>\n<li><strong>Modelis W42509<\/strong>Att\u0113l\u0101 redzami da\u013c\u0113ji atv\u0113rti org\u0101ni, un \u017eultsp\u016bslis ir iz\u0146emts kop\u0101 ar da\u013cu no akn\u0101m. Att\u0113loti: \u2013 Aizku\u0146\u0123a dziedzeris \u2013 Divpadsmitpirkstu zarna \u2013 \u017dultsp\u016bslis \u2013 Liesa \u2013 Nieres \u2013 Virsnieru dziedzeri \u2013 Asinsvadi. Uzst\u0101d\u012bts uz koka pamatnes. Izm\u0113rs: 33 x 28 x 15 cm.<\/li>\n<\/ul>\n<h3>Cilv\u0113ka iek\u0161\u0113jo org\u0101nu mode\u013ci \u2013 <a href=\"http:\/\/labostera.lt\/lv\/product-brand\/erler-zimmer-gmbh-co-kg\/\">Erlera-Zimmera anatomijas grupa<\/a><\/h3>\n<p>Vair\u0101k inform\u0101cijas: <a href=\"https:\/\/erler-zimmer.de\/shop\/en\/shop\/anatomical-models\/organs-structures\/\" target=\"_blank\" rel=\"noopener nofollow\">ra\u017eot\u0101ja t\u012bmek\u013ca vietn\u0113<\/a> vai nos\u016btiet mums piepras\u012bjumu!<\/p>","protected":false},"excerpt":{"rendered":"<p>Erlera-Zimmera cilv\u0113ka iek\u0161\u0113jo org\u0101nu modelis \u2013 detaliz\u0113ts iek\u0161\u0113jo org\u0101nu modelis.<\/p>","protected":false},"featured_media":19183,"template":"","meta":[],"product_cat":[75,79],"product_tag":[692,577,690,720],"class_list":{"0":"post-19173","1":"product","2":"type-product","3":"status-publish","4":"has-post-thumbnail","6":"product_brand-erler-zimmer-gmbh-co-kg","7":"product_cat-modeliai-manekenai-muliazai","8":"product_cat-mokymo-priemones-ir-iranga","9":"product_tag-erler-zimmer-gmbh-co-kg","10":"product_tag-modeliai","11":"product_tag-models","12":"product_tag-vidiniu-organu-modeliai","14":"first","15":"onbackorder","16":"shipping-taxable","17":"purchasable","18":"product-type-variable"},"_links":{"self":[{"href":"https:\/\/labostera.lt\/lv\/wp-json\/wp\/v2\/product\/19173","targetHints":{"allow":["GET"]}}],"collection":[{"href":"https:\/\/labostera.lt\/lv\/wp-json\/wp\/v2\/product"}],"about":[{"href":"https:\/\/labostera.lt\/lv\/wp-json\/wp\/v2\/types\/product"}],"wp:featuredmedia":[{"embeddable":true,"href":"https:\/\/labostera.lt\/lv\/wp-json\/wp\/v2\/media\/19183"}],"wp:attachment":[{"href":"https:\/\/labostera.lt\/lv\/wp-json\/wp\/v2\/media?parent=19173"}],"wp:term":[{"taxonomy":"product_cat","embeddable":true,"href":"https:\/\/labostera.lt\/lv\/wp-json\/wp\/v2\/product_cat?post=19173"},{"taxonomy":"product_tag","embeddable":true,"href":"https:\/\/labostera.lt\/lv\/wp-json\/wp\/v2\/product_tag?post=19173"}],"curies":[{"name":"wp","href":"https:\/\/api.w.org\/{rel}","templated":true}]}}