{"id":19146,"date":"2024-02-12T11:25:28","date_gmt":"2024-02-12T09:25:28","guid":{"rendered":"http:\/\/labostera.lt\/?post_type=product&#038;p=19146"},"modified":"2024-02-12T11:38:21","modified_gmt":"2024-02-12T09:38:21","slug":"zmogaus-kraujotakos-sistemos-modelis-erler-zimmer-human-circulatory-system-model","status":"publish","type":"product","link":"https:\/\/labostera.lt\/lv\/priemones-ir-iranga\/mokymo-priemones-ir-iranga\/modeliai-manekenai-muliazai\/zmogaus-kraujotakos-sistemos-modelis-erler-zimmer-human-circulatory-system-model\/","title":{"rendered":"Erlera-Zimmera cilv\u0113ka asinsrites sist\u0113mas modelis"},"content":{"rendered":"<h2><strong>Erler-Zimmer GmbH &amp; Co. KG cilv\u0113ka asinsrites sist\u0113mas modelis<\/strong>:<\/h2>\n<ul>\n<li><strong>Modelis G28<\/strong>Detaliz\u0113ts, dabiska lieluma modelis, kur\u0101 redzamas visas placentas galven\u0101s strukt\u016bras patiesaj\u0101s kr\u0101s\u0101s. Placenta par\u0101da placentas un v\u0113dera, k\u0101 ar\u012b horiona membr\u0101nu dal\u012bjumus aug\u013ca virsm\u0101. Par\u0101da nabassaites asinsvadus caur nabas membr\u0101nu. Griezums placent\u0101 atkl\u0101j subhori\u0101lu telpu, b\u0101rksti\u0146as ar aug\u013ca art\u0113rij\u0101m un v\u0113n\u0101m, decidu\u0101l\u0101s starpsienas, spir\u0101lveida arteriolas un margin\u0101lo sinusu. Ar atsl\u0113gas karti.<\/li>\n<li><strong>Modelis G29<\/strong>Vienlaidus, da\u013c\u0113ji shematisks modelis, kas \u012bpa\u0161\u0101s kr\u0101s\u0101s att\u0113lo aug\u013ca sirdi, plau\u0161as, aknas, placentu un nabassaiti, aortu un dobo v\u0113nu un ir mar\u0137\u0113ts, lai par\u0101d\u012btu asins pl\u016bsmu un asins pl\u016bsmas virzienu. Uz spilvena uzlikts: 27 x 44 cm.<\/li>\n<li><strong>Modelis G142<\/strong>Svar\u012bgs instruments, lai izprastu at\u0161\u0137ir\u012bbu starp arteri\u0101lo un venozo histolo\u0123iju. \u0160aj\u0101 vienda\u013cas model\u012b \u013coti detaliz\u0113ti att\u0113lota viena art\u0113rija un divas v\u0113nas. Viena v\u0113na tiek p\u0101rgriezta gareniski, lai par\u0101d\u012btu aizv\u0113rtus un atv\u0113rtus venozos v\u0101rstus; Art\u0113rija un lab\u0101 v\u0113na ir sadal\u012btas \u0161\u0137\u0113rsvirzien\u0101, lai da\u017e\u0101dos sl\u0101\u0146us, piem\u0113ram, tunica media, elast\u012bgo membr\u0101nu un tunica adventitia, var\u0113tu viegli identific\u0113t. Uzmont\u0113ts uz spilvena. Izm\u0113rs: 20 x 30 x 27 cm. Svars: 0,8 kg.<\/li>\n<li><strong>Modelis G165<\/strong>\u0160is modelis, kas palielin\u0101ts 2000 rei\u017eu, att\u0113lo da\u017e\u0101das asins \u0161\u016bnas, tostarp sarkan\u0101s asins \u0161\u016bnas; baltie asins\u0137ermen\u012b\u0161i (limfoc\u012bti, monoc\u012bti, neitrof\u012bli, eozinofili un bazofili); un tromboc\u012bti asin\u012bs. Uzmont\u0113ts uz d\u0113\u013ca. Izm\u0113rs: 53 x 38 x 6,5 cm. Svars: aptuveni 2,7 kg.<\/li>\n<li><strong>Modelis G230<\/strong>Cilv\u0113ka asinsrites sist\u0113mas p\u0101rskats. Lieliska iesp\u0113ja izskaidrot un izprast asinsriti cilv\u0113ka organism\u0101. Modelis skaidri att\u0113lo plau\u0161u asinsriti, sirdi ar t\u0101s kambariem, priek\u0161kambariem un v\u0101rstiem, lielos asinsvadus un asins pl\u016bsmu uz ekstremit\u0101t\u0113m. Protams, ir att\u0113lotas aknas, nieres, liesa un da\u013ca zarnu. Sirds priek\u0161\u0113j\u0101 siena var tikt no\u0146emta. Lai noteiktu ku\u0123u atra\u0161an\u0101s vietu, model\u012b ir par\u0101d\u012bts skelets, kas \u013cauj izprast ku\u0123u tr\u012bsdimensiju ce\u013cus. Uzmont\u0113ts uz pamatnes, piem\u0113rots ar\u012b pakarin\u0101\u0161anai. Izm\u0113rs: 90 x 35 x 5 cm.<\/li>\n<li><strong>Modelis G240<\/strong>Art\u0113rijas gareniskais diametrs ar sa\u0161aurin\u0101\u0161anos, ko izraisa pl\u0101ksnes adsorbcija. \u010cetri \u0161\u0137\u0113rsgriezumi par\u0101da pl\u0101ksnes veido\u0161an\u0101s stadijas uz art\u0113rijas sienas. Izm\u0113rs: 14 x 18 x 13 cm. Svars: 0,4 kg.<\/li>\n<li><strong>Modelis G241<\/strong>Gar art\u0113rijas diametru ar sa\u0161aurin\u0101\u0161anos, ko izraisa pl\u0101ksnes adsorbcija, un nosprostojumu, ko izraisa trombs. Izm\u0113rs: 10 x 4 x 4 cm. Svars: 0,1 kg.<\/li>\n<li><strong>Modelis G265<\/strong>Art\u0113rijas \u0161\u0137\u0113rsgriezuma modelis, kur\u0101 att\u0113lotas 4 da\u017e\u0101das arteriosklerozes stadijas. Modelis demonstr\u0113 art\u0113rijas sa\u0161aurin\u0101\u0161anos tauku uzkr\u0101\u0161an\u0101s (holester\u012bna) un aplikumu veido\u0161an\u0101s d\u0113\u013c. Art\u0113rijas modelis tiek simul\u0113ts t\u0101pat k\u0101 \u012bsta art\u0113rija. S\u0101kot no norm\u0101las art\u0113rijas, kas ir m\u012bksts materi\u0101ls, l\u012bdz aizsprostojumam, kas atrodas ciet\u0101 materi\u0101l\u0101. Art\u0113rijas modelim ir att\u0113lotas 4 sekcijas: vesela (m\u012bksta), 1. stadija (vid\u0113ji m\u012bksta), 2. stadija (vid\u0113ji cieta), 3. stadija (cieta). Sa\u0161aurin\u0101\u0161an\u0101s ierobe\u017eo ar sk\u0101bekli bag\u0101tu asi\u0146u pl\u016bsmu uz \u0137erme\u0146a da\u013c\u0101m un var izrais\u012bt asins recek\u013ca aizsprostojumu. Pak\u0101pieni ir uzst\u0101d\u012bti rot\u0101cijai. Modelis ir mobils un to nevar izjaukt. Izm\u0113rs: 13 x 5 x 4 cm.<\/li>\n<li><strong>Modelis V103<\/strong>\u0160is dabiska izm\u0113ra modelis sast\u0101v no 5 da\u013c\u0101m, tostarp 2 sirds da\u013c\u0101m, kas sniedz ieskatu iek\u0161\u0113j\u0101s kamer\u0101s un v\u0101rstos. No\u0146emot kr\u016b\u0161u kaulu un aizkr\u016bts dziedzeri, tiek atsegti perikarda maisi\u0146\u0161 un galvenie plau\u0161u un sist\u0113miskie asinsvadi. Att\u0113lota trahejas un bar\u012bbas vada ieeja mediast\u012bn\u0101 caur aug\u0161\u0113jo kr\u016b\u0161u kurvja atveri; Apak\u0161\u0113jo kr\u016b\u0161u kurvja atveri nosaka diafragmas musku\u013ci. Uzmont\u0113ts uz pamatnes. Izm\u0113rs: 40 x 26 x 30 cm.<\/li>\n<\/ul>\n<h3>Cilv\u0113ka asinsrites sist\u0113mas mode\u013ci \u2013 <a href=\"http:\/\/labostera.lt\/lv\/product-brand\/erler-zimmer-gmbh-co-kg\/\">Erlera-Zimmera anatomijas grupa<\/a><\/h3>\n<p>Vair\u0101k inform\u0101cijas: <a href=\"https:\/\/erler-zimmer.de\/shop\/en\/shop\/anatomical-models\/organs-structures\/circulatory-system\/\" target=\"_blank\" rel=\"noopener nofollow\">ra\u017eot\u0101ja t\u012bmek\u013ca vietn\u0113<\/a> vai nos\u016btiet mums piepras\u012bjumu!<\/p>","protected":false},"excerpt":{"rendered":"<p>Erlera-Zimmera cilv\u0113ka asinsrites sist\u0113mas modelis \u2013 detaliz\u0113ts asinsrites sist\u0113mas modelis.<\/p>","protected":false},"featured_media":19163,"template":"","meta":[],"product_cat":[75,79],"product_tag":[692,719,577,690],"class_list":{"0":"post-19146","1":"product","2":"type-product","3":"status-publish","4":"has-post-thumbnail","6":"product_brand-erler-zimmer-gmbh-co-kg","7":"product_cat-modeliai-manekenai-muliazai","8":"product_cat-mokymo-priemones-ir-iranga","9":"product_tag-erler-zimmer-gmbh-co-kg","10":"product_tag-kraujotakos-sistemos-modeliai","11":"product_tag-modeliai","12":"product_tag-models","14":"first","15":"onbackorder","16":"shipping-taxable","17":"purchasable","18":"product-type-variable"},"_links":{"self":[{"href":"https:\/\/labostera.lt\/lv\/wp-json\/wp\/v2\/product\/19146","targetHints":{"allow":["GET"]}}],"collection":[{"href":"https:\/\/labostera.lt\/lv\/wp-json\/wp\/v2\/product"}],"about":[{"href":"https:\/\/labostera.lt\/lv\/wp-json\/wp\/v2\/types\/product"}],"wp:featuredmedia":[{"embeddable":true,"href":"https:\/\/labostera.lt\/lv\/wp-json\/wp\/v2\/media\/19163"}],"wp:attachment":[{"href":"https:\/\/labostera.lt\/lv\/wp-json\/wp\/v2\/media?parent=19146"}],"wp:term":[{"taxonomy":"product_cat","embeddable":true,"href":"https:\/\/labostera.lt\/lv\/wp-json\/wp\/v2\/product_cat?post=19146"},{"taxonomy":"product_tag","embeddable":true,"href":"https:\/\/labostera.lt\/lv\/wp-json\/wp\/v2\/product_tag?post=19146"}],"curies":[{"name":"wp","href":"https:\/\/api.w.org\/{rel}","templated":true}]}}