{"id":19121,"date":"2024-02-12T10:38:19","date_gmt":"2024-02-12T08:38:19","guid":{"rendered":"http:\/\/labostera.lt\/?post_type=product&#038;p=19121"},"modified":"2024-02-12T11:24:50","modified_gmt":"2024-02-12T09:24:50","slug":"zmogaus-sirdies-modelis-erler-zimmer-human-heart-model","status":"publish","type":"product","link":"https:\/\/labostera.lt\/lv\/priemones-ir-iranga\/mokymo-priemones-ir-iranga\/modeliai-manekenai-muliazai\/zmogaus-sirdies-modelis-erler-zimmer-human-heart-model\/","title":{"rendered":"Erlera-Zimmera cilv\u0113ka sirds modelis"},"content":{"rendered":"<h2><strong>\u201eErler-Zimmer GmbH & Co. KG\u201d \u017emogaus \u0161irdies modelis<\/strong>:<\/h2>\n<ul>\n<li><strong>Modelis G112<\/strong>Divk\u0101r\u0161ais dabiska izm\u0113ra modelis detaliz\u0113ti att\u0113lo visas cilv\u0113ka sirds galven\u0101s strukt\u016bras. Tiek no\u0146emtas vair\u0101kas da\u013cas, par\u0101dot priek\u0161kambarus, kambarus un sirds v\u0101rstus. Modelis ir izgatavots no met\u0101ll\u016b\u017e\u0146iem un ir uzst\u0101d\u012bts uz pamatnes. Izm\u0113rs: 15 x 13 x 24 cm. Svars: 0,7 kg.<\/li>\n<li><strong>Modelis G205<\/strong>\u0160is dz\u012bv\u012bbas izm\u0113ra divda\u013c\u012bgais modelis sniedz \u013coti detaliz\u0113tu cilv\u0113ka sirds anatomijas skatu ar trim koron\u0101rajiem \u0161untiem. Priek\u0161\u0113jo sienu var no\u0146emt, atkl\u0101jot iek\u0161\u0113jo kameru un v\u0101rstus. Modelis ir uzst\u0101d\u012bts uz kron\u0161teina. Izm\u0113rs: 8 x 8 x 14 cm. Svars: 0,4 kg.<\/li>\n<li><strong>Modelis G206<\/strong>Divk\u0101r\u0161ais dabiska izm\u0113ra modelis detaliz\u0113ti att\u0113lo visas cilv\u0113ka sirds galven\u0101s strukt\u016bras. Tiek no\u0146emtas vair\u0101kas da\u013cas, par\u0101dot priek\u0161kambarus, kambarus un sirds v\u0101rstus. Modelis ir izgatavots no met\u0101ll\u016b\u017e\u0146iem un ir uzst\u0101d\u012bts uz pamatnes. Izm\u0113rs: 11 x 11 x 18 cm. Svars: 1,2 kg.<\/li>\n<li><strong>Modelis G207<\/strong>Sirds priek\u0161\u0113jo sienu var no\u0146emt, lai detaliz\u0113ti par\u0101d\u012btu iek\u0161\u0113j\u0101s strukt\u016bras. Ir att\u0113lotas visas svar\u012bg\u0101s strukt\u016bras, piem\u0113ram, sirds kambari, priek\u0161kambari, aortas, mitr\u0101lie, plau\u0161u un trikuspid\u0101lie v\u0101rsti. Modelis ir izgatavots no met\u0101ll\u016b\u017e\u0146iem un ir no\u0146emams no tur\u0113t\u0101ja. Izm\u0113rs: 8 x 8 x 14 cm. Svars: 0,4 kg.<\/li>\n<li><strong>Modelis G254<\/strong>\u0160is tr\u012bs izm\u0113ru modelis ir ide\u0101li piem\u0113rots izgl\u012bt\u012bbai klas\u0113. Tas ir sadal\u012bts pa front\u0101lo plakni, lai par\u0101d\u012btu iek\u0161\u0113j\u0101s strukt\u016bras, tostarp sirds v\u0101rstus un lab\u0101 un kreis\u0101 kambara sal\u012bdzino\u0161o morfolo\u0123iju. Izm\u0113rs: 28 x 19 x 26 cm. Svars: apm\u0113ram 2 kg.<\/li>\n<li><strong>Modelis G310<\/strong>Sirds priek\u0161\u0113jo sienu var no\u0146emt, lai detaliz\u0113ti par\u0101d\u012btu iek\u0161\u0113j\u0101s strukt\u016bras. Ir att\u0113lotas visas svar\u012bg\u0101s strukt\u016bras, piem\u0113ram, sirds kambari, priek\u0161kambari, aortas, mitr\u0101lie, plau\u0161u un trikuspid\u0101lie v\u0101rsti. Modelis ir izgatavots no met\u0101ll\u016b\u017e\u0146iem un ir no\u0146emams no tur\u0113t\u0101ja. Izm\u0113rs: 8 x 8 x 14 cm. Svars: 0,4 kg.<\/li>\n<li><strong>Modelis G500<\/strong>\u0160is glob\u0101li unik\u0101lais modelis ir balst\u012bts uz vesela, pieaugu\u0161a v\u012brie\u0161a datortomogr\u0101fijas sken\u0113\u0161anas datiem un ir anatomiski pareizs gan iek\u0161\u0113ji, gan \u0101r\u0113ji. Sirds ir izgatavota no m\u012bksta un dab\u012bga materi\u0101la. Tas ir iepriek\u0161 sagriezts da\u017e\u0101d\u0101s viet\u0101s, lai nodro\u0161in\u0101tu \u0113rtu piek\u013cuvi iek\u0161\u0113j\u0101m konstrukcij\u0101m. Lielisks modelis anatomiskiem p\u0113t\u012bjumiem un sirds darb\u012bbas skaidro\u0161anai.<\/li>\n<li><strong>Modelis G510<\/strong>\u0160is glob\u0101li unik\u0101lais modelis ir balst\u012bts uz vesela, pieaugu\u0161a v\u012brie\u0161a datortomogr\u0101fijas sken\u0113\u0161anas datiem un ir anatomiski pareizs gan iek\u0161\u0113ji, gan \u0101r\u0113ji. Sirds ir izgatavota no m\u012bksta, dab\u012bga un caursp\u012bd\u012bga materi\u0101la. Tas ir iepriek\u0161 sagriezts da\u017e\u0101d\u0101s viet\u0101s, lai nodro\u0161in\u0101tu \u0113rtu piek\u013cuvi iek\u0161\u0113j\u0101m konstrukcij\u0101m. Lielisks modelis anatomiskiem p\u0113t\u012bjumiem un sirds darb\u012bbas skaidro\u0161anai.<\/li>\n<\/ul>\n<h3>\u017dmogaus \u0161irdies modeliai \u2013 <a href=\"http:\/\/labostera.lt\/lv\/product-brand\/erler-zimmer-gmbh-co-kg\/\">Erlera-Zimmera anatomijas grupa<\/a><\/h3>\n<p>Vair\u0101k inform\u0101cijas: <a href=\"https:\/\/erler-zimmer.de\/shop\/en\/shop\/anatomical-models\/organs-structures\/circulatory-system\/hearts\/\" target=\"_blank\" rel=\"noopener nofollow\">ra\u017eot\u0101ja t\u012bmek\u013ca vietn\u0113<\/a> vai nos\u016btiet mums piepras\u012bjumu!<\/p>","protected":false},"excerpt":{"rendered":"<p>Erlera-Zimmera cilv\u0113ka sirds modelis \u2013 detaliz\u0113ts sirds anatomijas att\u0113lojums.<\/p>","protected":false},"featured_media":19137,"template":"","meta":[],"product_cat":[75,79],"product_tag":[692,577,690,718],"class_list":{"0":"post-19121","1":"product","2":"type-product","3":"status-publish","4":"has-post-thumbnail","6":"product_brand-erler-zimmer-gmbh-co-kg","7":"product_cat-modeliai-manekenai-muliazai","8":"product_cat-mokymo-priemones-ir-iranga","9":"product_tag-erler-zimmer-gmbh-co-kg","10":"product_tag-modeliai","11":"product_tag-models","12":"product_tag-sirdies-modeliai","14":"first","15":"onbackorder","16":"shipping-taxable","17":"purchasable","18":"product-type-variable"},"_links":{"self":[{"href":"https:\/\/labostera.lt\/lv\/wp-json\/wp\/v2\/product\/19121","targetHints":{"allow":["GET"]}}],"collection":[{"href":"https:\/\/labostera.lt\/lv\/wp-json\/wp\/v2\/product"}],"about":[{"href":"https:\/\/labostera.lt\/lv\/wp-json\/wp\/v2\/types\/product"}],"wp:featuredmedia":[{"embeddable":true,"href":"https:\/\/labostera.lt\/lv\/wp-json\/wp\/v2\/media\/19137"}],"wp:attachment":[{"href":"https:\/\/labostera.lt\/lv\/wp-json\/wp\/v2\/media?parent=19121"}],"wp:term":[{"taxonomy":"product_cat","embeddable":true,"href":"https:\/\/labostera.lt\/lv\/wp-json\/wp\/v2\/product_cat?post=19121"},{"taxonomy":"product_tag","embeddable":true,"href":"https:\/\/labostera.lt\/lv\/wp-json\/wp\/v2\/product_tag?post=19121"}],"curies":[{"name":"wp","href":"https:\/\/api.w.org\/{rel}","templated":true}]}}