{"id":19101,"date":"2024-02-12T09:27:40","date_gmt":"2024-02-12T07:27:40","guid":{"rendered":"http:\/\/labostera.lt\/?post_type=product&#038;p=19101"},"modified":"2024-02-12T10:37:08","modified_gmt":"2024-02-12T08:37:08","slug":"zmogaus-kvepavimo-sistemos-modelis-erler-zimmer-human-respiratory-organ-model","status":"publish","type":"product","link":"https:\/\/labostera.lt\/lv\/priemones-ir-iranga\/mokymo-priemones-ir-iranga\/modeliai-manekenai-muliazai\/zmogaus-kvepavimo-sistemos-modelis-erler-zimmer-human-respiratory-organ-model\/","title":{"rendered":"Erlera-Zimmera cilv\u0113ka elpo\u0161anas org\u0101nu modelis"},"content":{"rendered":"<h2><strong>Erler-Zimmer GmbH &amp; Co. KG cilv\u0113ka elpo\u0161anas sist\u0113mas modelis<\/strong>:<\/h2>\n<ul>\n<li><strong>Modelis G115<\/strong>Cilv\u0113ka elpo\u0161anas sist\u0113mas dzi\u013ca replik\u0101cija. Sast\u0101v no 7 da\u013c\u0101m, kur\u0101s redzama balsene (sagriezta caur sagit\u0101lo plakni); plau\u0161as (p\u0101rgrieztas caur front\u0101lo plakni); un divda\u013c\u012bga sirds. Uzmont\u0113ts uz spilvena. Izm\u0113rs: 26 x 40 x 12 cm. Svars: aptuveni 1,3 kg.<\/li>\n<li><strong>Modelis G216<\/strong>Cilv\u0113ka elpo\u0161anas sist\u0113mas att\u0113lojums aptuveni pusce\u013c\u0101 uz leju. Detaliz\u0113ti att\u0113lotas plau\u0161as, traheja un aug\u0161\u0113jie elpce\u013ci. Modelis ir att\u0113lots uz no\u0146emama stat\u012bva. Izm\u0113rs: 16 x 13 x 28 cm. Svars: 0,4 kg.<\/li>\n<li><strong>Modelis G252<\/strong>Lab\u0101s plau\u0161as modelis aptuveni \u00bd izm\u0113r\u0101 ar bronhu, art\u0113rij\u0101m un v\u0113n\u0101m. Uz tur\u0113t\u0101ja. Izm\u0113rs: 11 x 7 x 7 cm. Svars: 0,2 kg.<\/li>\n<li><strong>Modelis G253<\/strong>Lab\u0101s plau\u0161as modelis aptuveni dzi\u013cuma lielum\u0101 ar bronhiem, art\u0113rij\u0101m un v\u0113n\u0101m. Uz tur\u0113t\u0101ja. Izm\u0113rs: 14 x 12 x 23 cm. Svars: 0,3 kg.<\/li>\n<li><strong>Modelis G420<\/strong>\u0160is modelis par\u0101da aptuveni 20 rei\u017eu liel\u0101ku plau\u0161u dobuma izm\u0113ru. Indekss par\u0101da bronhus, bronhus un alveolas ar atbilsto\u0161ajiem plau\u0161u un bronhu asinsvadiem. Ar atsl\u0113gas karti. Izm\u0113rs: 12 x 10 x 3 cm.<\/li>\n<li><strong>Modelis G430<\/strong>Plau\u0161u termin\u0101l\u0101s bronhi\u0101l\u0101s sist\u0113mas modelis. \u013boti palielin\u0101ts un izgatavots no iztur\u012bga, nepl\u012bsto\u0161a materi\u0101la. Garums: 13 cm.<\/li>\n<li><strong>Modelis R10062<\/strong>Iespaid\u012bgs modelis, kur\u0101 redzama sm\u0113\u0137\u0113t\u0101ja plau\u0161u kreis\u0101 puse. Modeli var atv\u0113rt, un taj\u0101 redzams pel\u0113kbalts, \u0161\u0137iedrains v\u0113zis.<\/li>\n<li><strong>Modelis R10063<\/strong>\u0160ie plau\u0161u mode\u013ci sniedz skat\u012bt\u0101jiem \u0161ok\u0113jo\u0161u, skaidru priek\u0161statu par sm\u0113\u0137\u0113\u0161anas nodar\u012bto kait\u0113jumu. Vesel\u012bgas plau\u0161as ir roz\u0101 kr\u0101s\u0101 un bez patolo\u0123ij\u0101m. Turpret\u012b skart\u0101s plau\u0161as ir p\u0101rkl\u0101tas ar melnu kr\u0101su, t\u0101m ir liels pel\u0113kbalts v\u0113zis un t\u0101s ir p\u0101rkl\u0101tas ar emfiz\u0113mas izrais\u012bt\u0101m plais\u0101m. Tas noteikti atst\u0101s palieko\u0161u iespaidu. Kop\u0113jais izm\u0113rs: 13 x 22 x 10 cm. Boj\u0101ta produkta izm\u0113rs: 14 x 22 x 13 cm.<\/li>\n<\/ul>\n<h3>Cilv\u0113ka elpo\u0161anas sist\u0113mas mode\u013ci \u2013 <a href=\"http:\/\/labostera.lt\/lv\/product-brand\/erler-zimmer-gmbh-co-kg\/\">Erlera-Zimmera anatomijas grupa<\/a><\/h3>\n<p>Vair\u0101k inform\u0101cijas: <a href=\"https:\/\/erler-zimmer.de\/shop\/en\/shop\/anatomical-models\/organs-structures\/respiratory-system\/\" target=\"_blank\" rel=\"noopener nofollow\">ra\u017eot\u0101ja t\u012bmek\u013ca vietn\u0113<\/a> vai nos\u016btiet mums piepras\u012bjumu!<\/p>","protected":false},"excerpt":{"rendered":"<p>Erlera-Zimmera cilv\u0113ka elpo\u0161anas sist\u0113mas modelis \u2013 detaliz\u0113ts elpo\u0161anas org\u0101nu modelis.<\/p>","protected":false},"featured_media":19112,"template":"","meta":[],"product_cat":[75,79],"product_tag":[692,717,577,690],"class_list":{"0":"post-19101","1":"product","2":"type-product","3":"status-publish","4":"has-post-thumbnail","6":"product_brand-erler-zimmer-gmbh-co-kg","7":"product_cat-modeliai-manekenai-muliazai","8":"product_cat-mokymo-priemones-ir-iranga","9":"product_tag-erler-zimmer-gmbh-co-kg","10":"product_tag-kvepavimo-sistemos-modeliai","11":"product_tag-modeliai","12":"product_tag-models","14":"first","15":"onbackorder","16":"shipping-taxable","17":"purchasable","18":"product-type-variable"},"_links":{"self":[{"href":"https:\/\/labostera.lt\/lv\/wp-json\/wp\/v2\/product\/19101","targetHints":{"allow":["GET"]}}],"collection":[{"href":"https:\/\/labostera.lt\/lv\/wp-json\/wp\/v2\/product"}],"about":[{"href":"https:\/\/labostera.lt\/lv\/wp-json\/wp\/v2\/types\/product"}],"wp:featuredmedia":[{"embeddable":true,"href":"https:\/\/labostera.lt\/lv\/wp-json\/wp\/v2\/media\/19112"}],"wp:attachment":[{"href":"https:\/\/labostera.lt\/lv\/wp-json\/wp\/v2\/media?parent=19101"}],"wp:term":[{"taxonomy":"product_cat","embeddable":true,"href":"https:\/\/labostera.lt\/lv\/wp-json\/wp\/v2\/product_cat?post=19101"},{"taxonomy":"product_tag","embeddable":true,"href":"https:\/\/labostera.lt\/lv\/wp-json\/wp\/v2\/product_tag?post=19101"}],"curies":[{"name":"wp","href":"https:\/\/api.w.org\/{rel}","templated":true}]}}