{"id":19092,"date":"2024-02-09T13:24:02","date_gmt":"2024-02-09T11:24:02","guid":{"rendered":"http:\/\/labostera.lt\/?post_type=product&#038;p=19092"},"modified":"2024-02-12T10:41:02","modified_gmt":"2024-02-12T08:41:02","slug":"zmogaus-gerklu-modelis-erler-zimmer-human-larynx-model","status":"publish","type":"product","link":"https:\/\/labostera.lt\/lv\/priemones-ir-iranga\/mokymo-priemones-ir-iranga\/modeliai-manekenai-muliazai\/zmogaus-gerklu-modelis-erler-zimmer-human-larynx-model\/","title":{"rendered":"Erlera-Zimmera cilv\u0113ka balsenes modelis"},"content":{"rendered":"<h2><strong>Erler-Zimmer GmbH &amp; Co. KG cilv\u0113ka balsenes modelis<\/strong>:<\/h2>\n<ul>\n<li><strong>Modelis C133<\/strong>\u0160is dzi\u013cuma modelis ir sagriezts pa sagit\u0101lo plakni div\u0101s da\u013c\u0101s. Labi atspogu\u013cojas oronaz\u0101l\u0101 dobuma, balsenes strukt\u016bru un r\u012bkles musku\u013cu sist\u0113ma. Uzmont\u0113ts uz spilvena ar tur\u0113t\u0101ju. Izm\u0113rs: 15 x 15 x 30 cm. Svars: aptuveni 0,8 kg.<\/li>\n<li><strong>Modelis G120<\/strong>Palielin\u0101ts cilv\u0113ka balsenes modelis ar auksl\u0113ju kaulu. Labaj\u0101 pus\u0113 redzamas skrim\u0161\u013ca strukt\u016bras, bet kreisaj\u0101 pus\u0113 - musku\u013ci. Balss saites, saites un uzbalsenis ir uzst\u0101d\u012bti kust\u012bg\u0101 veid\u0101, lai demonstr\u0113tu to funkcijas. Uzmont\u0113ts uz kron\u0161teina. Izm\u0113rs: 38 x 18 x 15 cm. Svars: 1,6 kg.<\/li>\n<li><strong>Modelis G121<\/strong>\u0160is piecu da\u013cu modelis ir sagriezts gareniski, lai atkl\u0101tu detaliz\u0113tas iek\u0161\u0113jo strukt\u016bru deta\u013cas, tostarp auksl\u0113ju kaulu, skrim\u0161\u013cus, saites, musku\u013cus, asinsvadus, nervus un vairogdziedzeri. Uzmont\u0113ts uz kron\u0161teina. Izm\u0113rs: 18 x 11 x 8 cm. Svars: 0,5 kg.<\/li>\n<li><strong>Modelis G123<\/strong>\u0160o dzi\u013cuma modeli var atv\u0113rt div\u0101s da\u013c\u0101s, lai par\u0101d\u012btu cilv\u0113ka balsenes anatomiju un ar to saist\u012bt\u0101s strukt\u016bras: auksl\u0113ju kaulu, skrim\u0161\u013cus, saites, musku\u013cus, asinsvadus, nervus un vairogdziedzeri. Uzmont\u0113ts uz kron\u0161teina. Izm\u0113rs: 11 x 11 x 15 cm. Svars: 0,2 kg.<\/li>\n<li><strong>Modelis LM104<\/strong>\u0160is ir caursp\u012bd\u012bgs modelis, kas atjauno balsenes un r\u012bkles strukt\u016bru tr\u012bs dimensij\u0101s, s\u0101kot no orofarinksa l\u012bdz r\u012bkles apak\u0161da\u013cai. Tas ir noder\u012bgi skaidrojumiem, pal\u012bdzot izprast balsenes un r\u012bkles sare\u017e\u0123\u012bto strukt\u016bru, un to var izmantot ar\u012b r\u012b\u0161anas terapij\u0101 iesaist\u012bt\u0101 person\u0101la apm\u0101c\u012bb\u0101 vai skaidrojumu snieg\u0161an\u0101 pacientiem vai vi\u0146u \u0123imen\u0113m.<\/li>\n<\/ul>\n<h3>Cilv\u0113ka balsenes mode\u013ci \u2013 <a href=\"http:\/\/labostera.lt\/lv\/product-brand\/erler-zimmer-gmbh-co-kg\/\">Erlera-Zimmera anatomijas grupa<\/a><\/h3>\n<p>Vair\u0101k inform\u0101cijas: <a href=\"https:\/\/erler-zimmer.de\/shop\/en\/shop\/anatomical-models\/organs-structures\/respiratory-system\/larynx\/\" target=\"_blank\" rel=\"noopener nofollow\">ra\u017eot\u0101ja t\u012bmek\u013ca vietn\u0113<\/a> vai nos\u016btiet mums piepras\u012bjumu!<\/p>","protected":false},"excerpt":{"rendered":"<p>Erlera-Zimmera cilv\u0113ka balsenes modelis \u2013 detaliz\u0113ts modelis, kas atkl\u0101j balsenes anatomiju.<\/p>","protected":false},"featured_media":19100,"template":"","meta":[],"product_cat":[75,79],"product_tag":[692,716,577,690],"class_list":{"0":"post-19092","1":"product","2":"type-product","3":"status-publish","4":"has-post-thumbnail","6":"product_brand-erler-zimmer-gmbh-co-kg","7":"product_cat-modeliai-manekenai-muliazai","8":"product_cat-mokymo-priemones-ir-iranga","9":"product_tag-erler-zimmer-gmbh-co-kg","10":"product_tag-gerklu-modeliai","11":"product_tag-modeliai","12":"product_tag-models","14":"first","15":"onbackorder","16":"shipping-taxable","17":"purchasable","18":"product-type-variable"},"_links":{"self":[{"href":"https:\/\/labostera.lt\/lv\/wp-json\/wp\/v2\/product\/19092","targetHints":{"allow":["GET"]}}],"collection":[{"href":"https:\/\/labostera.lt\/lv\/wp-json\/wp\/v2\/product"}],"about":[{"href":"https:\/\/labostera.lt\/lv\/wp-json\/wp\/v2\/types\/product"}],"wp:featuredmedia":[{"embeddable":true,"href":"https:\/\/labostera.lt\/lv\/wp-json\/wp\/v2\/media\/19100"}],"wp:attachment":[{"href":"https:\/\/labostera.lt\/lv\/wp-json\/wp\/v2\/media?parent=19092"}],"wp:term":[{"taxonomy":"product_cat","embeddable":true,"href":"https:\/\/labostera.lt\/lv\/wp-json\/wp\/v2\/product_cat?post=19092"},{"taxonomy":"product_tag","embeddable":true,"href":"https:\/\/labostera.lt\/lv\/wp-json\/wp\/v2\/product_tag?post=19092"}],"curies":[{"name":"wp","href":"https:\/\/api.w.org\/{rel}","templated":true}]}}