{"id":19079,"date":"2024-02-09T13:00:13","date_gmt":"2024-02-09T11:00:13","guid":{"rendered":"http:\/\/labostera.lt\/?post_type=product&#038;p=19079"},"modified":"2024-02-09T13:19:09","modified_gmt":"2024-02-09T11:19:09","slug":"zmogaus-dantu-modelis-erler-zimmer-human-teeth-model","status":"publish","type":"product","link":"https:\/\/labostera.lt\/lv\/priemones-ir-iranga\/mokymo-priemones-ir-iranga\/modeliai-manekenai-muliazai\/zmogaus-dantu-modelis-erler-zimmer-human-teeth-model\/","title":{"rendered":"Cilv\u0113ka zobu modelis Erlera-Zimmera cilv\u0113ka zobu modelis"},"content":{"rendered":"<h2><strong>Erler-Zimmer GmbH &amp; Co. KG cilv\u0113ka zobu modelis<\/strong>:<\/h2>\n<ul>\n<li><strong>Modelis D125<\/strong>\u0160is 3 reizes palielin\u0101tais modelis ir sadal\u012bts 6 da\u013c\u0101s, lai par\u0101d\u012btu visas pieaugu\u0161a pus\u017eok\u013ca iez\u012bmes. Da\u013ca \u017eok\u013ca var tikt no\u0146emta, lai atkl\u0101tu zobu saknes un kaula iek\u0161\u0113jo strukt\u016bru. Ilk\u0146u un mol\u0101rus var no\u0146emt un gareniski p\u0101r\u0161\u0137elt, lai var\u0113tu nov\u0113rot zobu saknes, pulpu un nervus. Uzmont\u0113ts uz pagaidu pl\u0101ksnes. Izm\u0113rs: 35 x 18 x 31 cm. Svars: aptuveni 1,1 kg.<\/li>\n<li><strong>Modelis D325<\/strong>Palielin\u0101ts 2,5 reizes. \u017dokl\u012b ir redzami visi zobi un anatomisk\u0101s iez\u012bmes, dziedzeri, art\u0113rijas, v\u0113nas un nervi. Ilk\u0146a zobs ir sadal\u012bts, lai par\u0101d\u012btu norm\u0101la zoba iek\u0161\u0113jo strukt\u016bru. Aug\u0161\u017eokl\u012b redzami visi zobi, aug\u0161\u017eok\u013ca nervs un t\u0101 sadal\u012bjums pa zobiem; k\u0101 ar\u012b aug\u0161\u017eok\u013ca deguna blakusdobumus un to saist\u012bbu ar nerviem. Komplekt\u0101 ar tur\u0113t\u0101ju un atsl\u0113gas karti. Izm\u0113rs: 18 x 14 x 15 cm.<\/li>\n<li><strong>Modelis R10125<\/strong>No\u0146emams later\u0101lais zobs, ilknis, pirmais premol\u0101rs, m\u0101ksl\u012bgais pirm\u0101 mol\u0101ra tilti\u0146\u0161 ar zelta kr\u0101sas kron\u012bti un otrais mol\u0101rs. Visas svar\u012bg\u0101s strukt\u016bras ir atz\u012bm\u0113tas. Uz caursp\u012bd\u012bga, \u017eok\u013ca formas tur\u0113t\u0101ja. Izm\u0113rs: 70 x 25,5 x 15 cm.<\/li>\n<\/ul>\n<h3>Cilv\u0113ka zobu mode\u013ci \u2013 <a href=\"http:\/\/labostera.lt\/lv\/product-brand\/erler-zimmer-gmbh-co-kg\/\">Erlera-Zimmera anatomijas grupa<\/a><\/h3>\n<p>Vair\u0101k inform\u0101cijas: <a href=\"https:\/\/erler-zimmer.de\/shop\/en\/shop\/anatomical-models\/organs-structures\/teeth\/\" target=\"_blank\" rel=\"noopener nofollow\">ra\u017eot\u0101ja t\u012bmek\u013ca vietn\u0113<\/a> vai nos\u016btiet mums piepras\u012bjumu!<\/p>","protected":false},"excerpt":{"rendered":"<p>Erlera-Zimmera cilv\u0113ka zobu modelis \u2013 detaliz\u0113ts tr\u012bsk\u0101r\u0161\u0101 palielin\u0101juma modelis, kas par\u0101da visas zobu anatomijas iez\u012bmes.<\/p>","protected":false},"featured_media":19088,"template":"","meta":[],"product_cat":[75,79],"product_tag":[715,692,577,690],"class_list":{"0":"post-19079","1":"product","2":"type-product","3":"status-publish","4":"has-post-thumbnail","6":"product_brand-erler-zimmer-gmbh-co-kg","7":"product_cat-modeliai-manekenai-muliazai","8":"product_cat-mokymo-priemones-ir-iranga","9":"product_tag-dantu-modeliai","10":"product_tag-erler-zimmer-gmbh-co-kg","11":"product_tag-modeliai","12":"product_tag-models","14":"first","15":"onbackorder","16":"shipping-taxable","17":"purchasable","18":"product-type-variable"},"_links":{"self":[{"href":"https:\/\/labostera.lt\/lv\/wp-json\/wp\/v2\/product\/19079","targetHints":{"allow":["GET"]}}],"collection":[{"href":"https:\/\/labostera.lt\/lv\/wp-json\/wp\/v2\/product"}],"about":[{"href":"https:\/\/labostera.lt\/lv\/wp-json\/wp\/v2\/types\/product"}],"wp:featuredmedia":[{"embeddable":true,"href":"https:\/\/labostera.lt\/lv\/wp-json\/wp\/v2\/media\/19088"}],"wp:attachment":[{"href":"https:\/\/labostera.lt\/lv\/wp-json\/wp\/v2\/media?parent=19079"}],"wp:term":[{"taxonomy":"product_cat","embeddable":true,"href":"https:\/\/labostera.lt\/lv\/wp-json\/wp\/v2\/product_cat?post=19079"},{"taxonomy":"product_tag","embeddable":true,"href":"https:\/\/labostera.lt\/lv\/wp-json\/wp\/v2\/product_tag?post=19079"}],"curies":[{"name":"wp","href":"https:\/\/api.w.org\/{rel}","templated":true}]}}