{"id":19061,"date":"2024-02-09T11:29:35","date_gmt":"2024-02-09T09:29:35","guid":{"rendered":"http:\/\/labostera.lt\/?post_type=product&#038;p=19061"},"modified":"2024-02-09T13:04:17","modified_gmt":"2024-02-09T11:04:17","slug":"zmogaus-ausies-modelis-erler-zimmer-human-ear-model","status":"publish","type":"product","link":"https:\/\/labostera.lt\/lv\/priemones-ir-iranga\/mokymo-priemones-ir-iranga\/modeliai-manekenai-muliazai\/zmogaus-ausies-modelis-erler-zimmer-human-ear-model\/","title":{"rendered":"Erlera-Zimmera cilv\u0113ka auss modelis"},"content":{"rendered":"<h2><strong>Erler-Zimmer GmbH &amp; Co. KG cilv\u0113ka auss modelis<\/strong>:<\/h2>\n<ul>\n<li><strong>Modelis E210<\/strong>Detaliz\u0113ts modelis, kas tr\u012bs reizes palielin\u0101ts, par\u0101dot \u0101r\u0113j\u0101s, vid\u0113j\u0101s un iek\u0161\u0113j\u0101s auss deta\u013cas. Mucu ar kausi\u0146u, piltuvi un bru\u0123akmeni var no\u0146emt. Papildu no\u0146emam\u0101 da\u013ca ir glieme\u017en\u012bca un labirints ar vestibul\u0101rajiem un glieme\u017en\u012bcas nerviem, var tikt no\u0146emta viena glieme\u017en\u012bcas puse. Uzmont\u0113ts uz pagaidu pl\u0101ksnes. Izm\u0113rs: 36 x 16 x 20 cm, svars: aptuveni 1 kg.<\/li>\n<li><strong>Modelis E220<\/strong>Nedaudz palielin\u0101ts cilv\u0113ka auss modelis ar visu anatomisko deta\u013cu detaliz\u0113tu atveidojumu. Redzams bultu kan\u0101ls, bung\u0101di\u0146a, vairogdziedzera, kauli\u0146u, kulmin\u0101cijas un glieme\u017en\u012bcas. Ir redzamas ar\u012b apk\u0101rt\u0113j\u0101s kaulu strukt\u016bras, k\u0101 ar\u012b musku\u013cu un skrim\u0161\u013cu audi. Lielisks modelis, ko var izmantot uz galda. Izm\u0113rs: 11 x 9 x 5 cm.<\/li>\n<li><strong>Modelis E300<\/strong>Vidusauss sast\u0101v no trim maziem kauli\u0146iem: k\u0101psl\u012b\u0161a, k\u0101psl\u012b\u0161a un steikl\u012b\u0161a. \u0160ie kauli p\u0101rraida un pastiprina ska\u0146as amplit\u016bdu no bungpl\u0113v\u012btes uz iek\u0161\u0113jo ausi. Tos var atrast tempor\u0101laj\u0101 auss dobuma tempor\u0101laj\u0101 kaul\u0101. Salikti tie ir pietiekami mazi, lai ietilptu uz j\u016bsu nagiem. Kauli tiek ievietoti speci\u0101li izgatavot\u0101 putuplasta ieliktn\u012b, kas atrodas caursp\u012bd\u012bg\u0101 plastmasas Petri trauci\u0146\u0101. Kauli ir viegli no\u0146emami.<\/li>\n<li><strong>Modelis E338<\/strong>Cirvis (liek\u0161\u0137ere), lakta (lakta) un k\u0101ts (kaldra) tr\u012bs reizes palielin\u0101ti.<\/li>\n<li><strong>Modelis E339<\/strong>: Palielin\u0101ts aptuveni 15 reizes. Modelis pam\u0101co\u0161i par\u0101da vid\u0113j\u0101s un iek\u0161\u0113j\u0101s auss org\u0101nus. Tiek par\u0101d\u012btas bulti\u0146as kaulain\u0101s un membr\u0101nas strukt\u016bras, un glieme\u017en\u012bcu var atv\u0113rt. Uz tur\u0113t\u0101ja.<\/li>\n<li><strong>Modelis LM02<\/strong>\u0160is lieliskais modelis par\u0101da auss \u0101r\u0113jo un iek\u0161\u0113jo strukt\u016bru no \u0101r\u0113j\u0101s auss l\u012bdz bung\u0101di\u0146ai. \u0160o univers\u0101lo modeli var izmantot pacientu inform\u0113\u0161anai vai medic\u012bniskajai izgl\u012bt\u012bbai. Elast\u012bgie materi\u0101li \u013cauj \u0161o modeli izmantot ar\u012b k\u0101 austi\u0146u ievieto\u0161anas apm\u0101c\u012bbas pal\u012bgl\u012bdzekli.<\/li>\n<\/ul>\n<h3>Cilv\u0113ka auss mode\u013ci \u2013 <a href=\"http:\/\/labostera.lt\/lv\/product-brand\/erler-zimmer-gmbh-co-kg\/\">Erlera-Zimmera anatomijas grupa<\/a><\/h3>\n<p>Vair\u0101k inform\u0101cijas: <a href=\"https:\/\/erler-zimmer.de\/shop\/en\/shop\/anatomical-models\/organs-structures\/eyes\/\" target=\"_blank\" rel=\"noopener nofollow\">ra\u017eot\u0101ja t\u012bmek\u013ca vietn\u0113<\/a> vai nos\u016btiet mums piepras\u012bjumu!<\/p>","protected":false},"excerpt":{"rendered":"<p>Erlera-Zimmera cilv\u0113ka auss modelis \u2013 detaliz\u0113ts tr\u012bsk\u0101r\u0161\u0101 palielin\u0101juma modelis, kur\u0101 redzamas \u0101r\u0113j\u0101s, vid\u0113j\u0101s un iek\u0161\u0113j\u0101s auss deta\u013cas.<\/p>","protected":false},"featured_media":19071,"template":"","meta":[],"product_cat":[75,79],"product_tag":[714,692,577,690],"class_list":{"0":"post-19061","1":"product","2":"type-product","3":"status-publish","4":"has-post-thumbnail","6":"product_brand-erler-zimmer-gmbh-co-kg","7":"product_cat-modeliai-manekenai-muliazai","8":"product_cat-mokymo-priemones-ir-iranga","9":"product_tag-ausies-modeliai","10":"product_tag-erler-zimmer-gmbh-co-kg","11":"product_tag-modeliai","12":"product_tag-models","14":"first","15":"onbackorder","16":"shipping-taxable","17":"purchasable","18":"product-type-variable"},"_links":{"self":[{"href":"https:\/\/labostera.lt\/lv\/wp-json\/wp\/v2\/product\/19061","targetHints":{"allow":["GET"]}}],"collection":[{"href":"https:\/\/labostera.lt\/lv\/wp-json\/wp\/v2\/product"}],"about":[{"href":"https:\/\/labostera.lt\/lv\/wp-json\/wp\/v2\/types\/product"}],"wp:featuredmedia":[{"embeddable":true,"href":"https:\/\/labostera.lt\/lv\/wp-json\/wp\/v2\/media\/19071"}],"wp:attachment":[{"href":"https:\/\/labostera.lt\/lv\/wp-json\/wp\/v2\/media?parent=19061"}],"wp:term":[{"taxonomy":"product_cat","embeddable":true,"href":"https:\/\/labostera.lt\/lv\/wp-json\/wp\/v2\/product_cat?post=19061"},{"taxonomy":"product_tag","embeddable":true,"href":"https:\/\/labostera.lt\/lv\/wp-json\/wp\/v2\/product_tag?post=19061"}],"curies":[{"name":"wp","href":"https:\/\/api.w.org\/{rel}","templated":true}]}}