{"id":19045,"date":"2024-02-09T10:32:25","date_gmt":"2024-02-09T08:32:25","guid":{"rendered":"http:\/\/labostera.lt\/?post_type=product&#038;p=19045"},"modified":"2024-02-09T13:04:30","modified_gmt":"2024-02-09T11:04:30","slug":"zmogaus-akies-modelis-erler-zimmer-human-eye-model","status":"publish","type":"product","link":"https:\/\/labostera.lt\/lv\/priemones-ir-iranga\/mokymo-priemones-ir-iranga\/modeliai-manekenai-muliazai\/zmogaus-akies-modelis-erler-zimmer-human-eye-model\/","title":{"rendered":"Erlera-Zimmera cilv\u0113ka acs modelis"},"content":{"rendered":"<h2><strong>Erler-Zimmer GmbH &amp; Co. KG cilv\u0113ka acs modelis<\/strong>:<\/h2>\n<ul>\n<li><strong>Modelis F50<\/strong>\u0160is modelis par\u0101da acs \u0101bolu diametr\u0101.<br \/>\nAtt\u0113lota \u0161\u0101da anatomija:<br \/>\nDz\u012bslene, t\u012bklene, makula, redzes disks, redzes nervs, centr\u0101l\u0101 redzes art\u0113rija un v\u0113na, t\u012bklenes asinsvadi, aug\u0161\u0113jais un apak\u0161\u0113jais taisnais muskulis, zobain\u0101 telpa, l\u0113ca, z\u012bl\u012btes, radzene un skl\u0113ra.<\/li>\n<li><strong>Modelis F160<\/strong>\u0160is 13 da\u013cu modelis, aptuveni 2,5 reizes palielin\u0101ts l\u012bdz dabiskajam izm\u0113ram, att\u0113lo aci orb\u012bt\u0101 ar plaksti\u0146iem.<\/li>\n<li><strong>Modelis F210<\/strong>Sare\u017e\u0123\u012bts, ar roku gleznots cilv\u0113ka acs reprodukcijas modelis aptuveni 4 reizes liel\u0101k\u0101 lielum\u0101 nek\u0101 dabiskais. Modelis ietver divas skl\u0113ras pus\u012btes ar t\u012bkleni un acs musku\u013cu piestiprin\u0101\u0161anas vietu, k\u0101 ar\u012b stiklveida \u0137ermeni, l\u0113cu, radzeni un z\u012bl\u012btes. Modelim kopum\u0101 ir 6 da\u013cas. To var iz\u0146emt no tur\u0113t\u0101ja. Izm\u0113rs: 10 x 10 x 12 cm, mode\u013ca izm\u0113rs ar tur\u0113t\u0101ju: 12 x 12 x 15 cm, svars: 0,4 kg.<\/li>\n<li><strong>Modelis F220<\/strong>Modeli var sadal\u012bt horizont\u0101li, lai apskat\u012btu interjera deta\u013cas. Var no\u0146emt radzeni, z\u012bl\u012btes, l\u0113cu un stiklveida \u0137ermeni. Tiek vizualiz\u0113ti ar\u012b musku\u013cu piestiprin\u0101jumi pie skl\u0113ras un da\u013cas no koroida. Uzmont\u0113ts uz kron\u0161teina. Acs diametrs: 15 cm, svars: aptuveni 0,6 kg.<\/li>\n<li><strong>Modelis R10123<\/strong>Radzenes \u0101rpus\u0113 atrodas liels asaru dziedzeris, musku\u013cu stiprin\u0101jumi, redzes nervs un asinsvadi. Lai p\u0101rbaud\u012btu iek\u0161\u0113j\u0101s paz\u012bmes, var no\u0146emt z\u012bl\u012btes\/radzenes vien\u012bbu, k\u0101 ar\u012b efekt\u012bvu li\u0137iera l\u0113cu, kas palielina un veido apgrieztus att\u0113lus. P\u0113c dzidr\u0101 stiklveida \u0137erme\u0146a no\u0146em\u0161anas tiek atsegts asinsvadu sl\u0101nis un t\u012bklene, k\u0101 ar\u012b skl\u0113ra un makula, kas satur foveu. Stubl\u0101ji, konusi un citas t\u012bklveida mikrostrukt\u016bras ir detaliz\u0113ti aprakst\u012btas shematisk\u0101, \u013coti palielin\u0101t\u0101 \u0161\u0137\u0113rsgriezum\u0101. Uzmont\u0113ts uz koka pamatnes. Izm\u0113rs: 15 x 15 x 15 cm.<\/li>\n<\/ul>\n<h3>Cilv\u0113ka acs mode\u013ci \u2013 <a href=\"http:\/\/labostera.lt\/lv\/product-brand\/erler-zimmer-gmbh-co-kg\/\">Erlera-Zimmera anatomijas grupa<\/a><\/h3>\n<p>Vair\u0101k inform\u0101cijas: <a href=\"https:\/\/erler-zimmer.de\/shop\/en\/shop\/anatomical-models\/organs-structures\/eyes\/\" target=\"_blank\" rel=\"noopener nofollow\">ra\u017eot\u0101ja t\u012bmek\u013ca vietn\u0113<\/a> vai nos\u016btiet mums piepras\u012bjumu!<\/p>","protected":false},"excerpt":{"rendered":"<p>Erlera-Zimmera cilv\u0113ka acs modelis \u2013 detaliz\u0113ts modelis, kas att\u0113lo acs strukt\u016bru un anatomisk\u0101s \u012bpa\u0161\u012bbas.<\/p>","protected":false},"featured_media":19058,"template":"","meta":[],"product_cat":[75,79],"product_tag":[713,692,577,690],"class_list":{"0":"post-19045","1":"product","2":"type-product","3":"status-publish","4":"has-post-thumbnail","6":"product_cat-modeliai-manekenai-muliazai","7":"product_cat-mokymo-priemones-ir-iranga","8":"product_tag-akies-modeliai","9":"product_tag-erler-zimmer-gmbh-co-kg","10":"product_tag-modeliai","11":"product_tag-models","13":"first","14":"onbackorder","15":"shipping-taxable","16":"purchasable","17":"product-type-variable"},"_links":{"self":[{"href":"https:\/\/labostera.lt\/lv\/wp-json\/wp\/v2\/product\/19045","targetHints":{"allow":["GET"]}}],"collection":[{"href":"https:\/\/labostera.lt\/lv\/wp-json\/wp\/v2\/product"}],"about":[{"href":"https:\/\/labostera.lt\/lv\/wp-json\/wp\/v2\/types\/product"}],"wp:featuredmedia":[{"embeddable":true,"href":"https:\/\/labostera.lt\/lv\/wp-json\/wp\/v2\/media\/19058"}],"wp:attachment":[{"href":"https:\/\/labostera.lt\/lv\/wp-json\/wp\/v2\/media?parent=19045"}],"wp:term":[{"taxonomy":"product_cat","embeddable":true,"href":"https:\/\/labostera.lt\/lv\/wp-json\/wp\/v2\/product_cat?post=19045"},{"taxonomy":"product_tag","embeddable":true,"href":"https:\/\/labostera.lt\/lv\/wp-json\/wp\/v2\/product_tag?post=19045"}],"curies":[{"name":"wp","href":"https:\/\/api.w.org\/{rel}","templated":true}]}}