{"id":18960,"date":"2024-02-08T15:34:10","date_gmt":"2024-02-08T13:34:10","guid":{"rendered":"http:\/\/labostera.lt\/?post_type=product&#038;p=18960"},"modified":"2024-02-09T13:04:42","modified_gmt":"2024-02-09T11:04:42","slug":"zmogaus-smegenu-modelis-erler-zimmer-human-brain-model","status":"publish","type":"product","link":"https:\/\/labostera.lt\/lv\/priemones-ir-iranga\/mokymo-priemones-ir-iranga\/modeliai-manekenai-muliazai\/zmogaus-smegenu-modelis-erler-zimmer-human-brain-model\/","title":{"rendered":"Erlera-Zimmera cilv\u0113ka smadze\u0146u modelis"},"content":{"rendered":"<h2><strong>\u201eErler-Zimmer GmbH &amp; Co. KG cilv\u0113ka smadze\u0146u modelis<\/strong>:<\/h2>\n<ul>\n<li><strong>Modelis C45<\/strong>\u0160is unik\u0101lais modelis par\u0101da palielin\u0101tu cilv\u0113ka neironu. Samts r\u0101da vesel\u012bgu miel\u012bna apvalku un tr\u012bs miel\u012bna apvalka posmus, ko sk\u0101rusi multipl\u0101 skleroze. Neironu var no\u0146emt no pamatnes detaliz\u0113tai p\u0101rbaudei.<br \/>\nMode\u013ca izm\u0113rs: 14,5 x 4 x 2 cm.<\/li>\n<li><strong>Modelis C75<\/strong>\u0160\u012bs 2 reizes palielin\u0101t\u0101s dzi\u013cuma smadzenes ir sadal\u012btas medi\u0101li un sadal\u012btas 4 da\u013c\u0101s. Front\u0101l\u0101s daivas un smadze\u0146u stumbrs tiek no\u0146emti. Modelis \u013cauj skaidri redz\u0113t motoriskos, sensoriskos un funkcion\u0101los centrus, kurus apz\u012bm\u0113 da\u017e\u0101das kr\u0101sas. N\u0101k uz no\u0146emamas pamatnes.<br \/>\nIzm\u0113rs: 36 x 28 x 20 cm.<\/li>\n<li><strong>Modelis C76<\/strong>Palielin\u0101ts, detaliz\u0113ts modelis, kur\u0101 redzams \u0161\u0137\u0113rsgriezums caur galvas labo pusi, kur\u0101 redzams pia mater, arahnoid\u0101lais apvalks un dura mater. Model\u012b cerebrospin\u0101l\u0101 \u0161\u0137idruma zonas ir skaidri identific\u0113tas, un pl\u016bsmas virziens ir nor\u0101d\u012bts ar bulti\u0146\u0101m. Spilgti kr\u0101sots, lai izceltu svar\u012bgas iez\u012bmes, un uzst\u0101d\u012bts uz stat\u012bva.<br \/>\nIzm\u0113rs: 25 x 18 x 12 cm, svars: 0,9 kg.<\/li>\n<li><strong>Modelis C77<\/strong>Palielin\u0101ts un \u013coti detaliz\u0113ts galvas lab\u0101s puses griezums, ieskaitot da\u013cu no galvaskausa. Pia mater ir no\u0146emts. Tas ir divpus\u0113js un smalki nokr\u0101sots. Viena virsma atrodas vidusl\u012bnij\u0101, ieskaitot da\u013cu no falx cerebri. Aizmugur\u0113j\u0101 pus\u0113 sagit\u0101l\u0101 da\u013ca atkl\u0101j s\u0101nu \u0161\u0137idrumu. Modelim ir 49 atsauces, kas uzskait\u012btas pievienotaj\u0101 atsl\u0113gas kart\u0113. Uzmont\u0113ts uz stat\u012bva.<br \/>\nIzm\u0113rs: 25 x 18 x 12 cm.<\/li>\n<li><strong>Modelis C220<\/strong>Cilv\u0113ka smadze\u0146u dabiska lieluma modelis, ko var sadal\u012bt pa medi\u0101lo plakni gar garenisko spraugu. Tas sast\u0101v no 9 da\u013c\u0101m: front\u0101l\u0101s un pakau\u0161a daivas, tempor\u0101l\u0101s un aizmugur\u0113j\u0101s pakau\u0161a daivas, smadze\u0146u stumbra, smadze\u0146u puslod\u0113m un bazil\u0101r\u0101s art\u0113rijas. Arteri\u0101l\u0101 asinsapg\u0101de un svar\u012bgas anatomisk\u0101s strukt\u016bras ir par\u0101d\u012btas ar\u012b \u013coti detaliz\u0113ti. Uz pamata plaukta.<br \/>\nIzm\u0113rs: 17 x 15 x 16 cm, svars: aptuveni 1,7 kg.<\/li>\n<li><strong>Modelis C240<\/strong>\u0160is aptuveni pusdz\u012bv\u012bbas izm\u0113ra reljefa modelis par\u0101da visp\u0101r\u0113ju cilv\u0113ka perif\u0113r\u0101s un centr\u0101l\u0101s nervu sist\u0113mas skatu: galva ir atv\u0113rta, lai var\u0113tu iz\u0146emt pusi smadze\u0146u ar to smadze\u0146u daiv\u0101m; Galveno nervu ce\u013ci ir labi ilustr\u0113ti attiec\u012bb\u0101 pret skeletu. Uzmont\u0113ts uz d\u0113\u013ca.<br \/>\nIzm\u0113rs: 90 x 31 x 12 cm, svars: 4,3 kg.<\/li>\n<li><strong>Modelis C263<\/strong>Cilv\u0113ka s\u0101nu sirds kambaru, smadze\u0146u kan\u0101la, k\u0101 ar\u012b 3. un 4. sirds kambara dabiska izm\u0113ra modelis. Ar no\u0146emamu stat\u012bvu.<\/li>\n<li><strong>Modelis C320<\/strong>Cilv\u0113ka galvas pamatne dabiskaj\u0101 lielum\u0101 ar detaliz\u0113ti att\u0113lot\u0101m smadzen\u0113m, ieskaitot arteri\u0101los asinsvadus, tostarp bazil\u0101ro art\u0113riju un Vilisa apli, galvaskausa nervus un prepar\u0113jamu smadze\u0146u stumbru. Visas smadzenes var izcelt no galvaskausa un sadal\u012bt septi\u0146\u0101s da\u013c\u0101s. Lab\u0101 smadze\u0146u puslode ir sadal\u012bta gareniski, sekojot korpusa lielgabala robe\u017eai, bet kreiso var sadal\u012bt, lai atsegtu s\u0101nu kambara aizmugur\u0113jo ragu un hipokampu. Galvaskausa pamatnes prepar\u0113\u0161anas laik\u0101 tiek atkl\u0101ts acs \u0101bols, t\u0101 musku\u013ci, asaru dziedzeris, redzes nervs, k\u0101 ar\u012b vid\u0113j\u0101 un iek\u0161\u0113j\u0101 auss. 107 ar roku numur\u0113t\u0101s funkcijas ir nor\u0101d\u012btas pievienotaj\u0101 atsl\u0113gas kart\u0113.<br \/>\nIzm\u0113rs: 17 x 22 x 15 cm.<\/li>\n<li><strong>Modelis C710<\/strong>\u0160is cilv\u0113ka smadze\u0146u modelis ir veidots un atliets no re\u0101la parauga. Piel\u0101got\u0101 sve\u0137u formula un ra\u017eo\u0161anas process \u013cauj mums nodro\u0161in\u0101t anatomijas apm\u0101c\u012bbai nepiecie\u0161amo precizit\u0101ti un detaliz\u0101cijas l\u012bmeni. Kreis\u0101 un lab\u0101 puslode ir atdal\u012btas, \u013caujot redz\u0113t iek\u0161\u0113jo smadze\u0146u lielgabalu un cingul\u0101ro girusu, k\u0101 ar\u012b hipotal\u0101mu, uzacu izci\u013c\u0146us un smadzen\u012btes. Divi da\u017e\u0101di mode\u013ci, katrs piem\u0113rots konkr\u0113tam galvaskausam. Galvaskausi nav iek\u013cauti.<br \/>\nDer m\u016bsu v\u012brie\u0161u galvaskausa modelim 4710.<\/li>\n<li><strong>Modelis C715<\/strong>\u0160is cilv\u0113ka smadze\u0146u modelis ir veidots un atliets no re\u0101la parauga. Piel\u0101got\u0101 sve\u0137u formula un ra\u017eo\u0161anas process \u013cauj mums nodro\u0161in\u0101t anatomijas apm\u0101c\u012bbai nepiecie\u0161amo precizit\u0101ti un detaliz\u0101cijas l\u012bmeni. Kreis\u0101 un lab\u0101 puslode ir atdal\u012btas, \u013caujot redz\u0113t iek\u0161\u0113jo smadze\u0146u lielgabalu un cingul\u0101ro girusu, k\u0101 ar\u012b hipotal\u0101mu, uzacu izci\u013c\u0146us un smadzen\u012btes. Divi da\u017e\u0101di mode\u013ci, katrs piem\u0113rots konkr\u0113tam galvaskausam. Galvaskausi nav iek\u013cauti.<br \/>\nDer m\u016bsu sievie\u0161u galvaskausa modelim 4715.<\/li>\n<li><strong>Modelis C720<\/strong>Cilv\u0113ka smadzenes pied\u0101v\u0101 jaunu veidu, k\u0101 p\u0113t\u012bt smadze\u0146u strukt\u016bru daudz\u0101m front\u0101l\u0101m (koron\u0101l\u0101m) da\u013c\u0101m. Pieaugu\u0161o smadze\u0146u tr\u012bsdimensiju \u012bpa\u0161\u012bbu d\u0113\u013c makroskopisk\u0101s neironu strukt\u016bras main\u0101s atkar\u012bb\u0101 no \u0161\u0137\u0113les plaknes. Ar m\u016bsdienu diagnostikas testiem var ieg\u016bt att\u0113lus no da\u017e\u0101d\u0101m pacienta strukt\u016br\u0101m. \u0145emot v\u0113r\u0101, ka neirolo\u0123iskie anatomiskie mar\u0137ieri bie\u017ei tiek izmantoti, lai apstiprin\u0101tu aizdomas par diagnoz\u0113m, vesel\u012bbas zin\u0101t\u0146u studentiem ir j\u0101prot at\u0161ifr\u0113t da\u017e\u0101das smadze\u0146u strukt\u016bras no da\u017e\u0101diem skatupunktiem. L\u012bdz \u0161im nav biju\u0161i piem\u0113roti cilv\u0113ka smadze\u0146u mode\u013ci front\u0101l\u0101s (koron\u0101l\u0101s) \u0161\u0137\u0113l\u0113s. M\u0113s ar lepnumu pied\u0101v\u0101jam cilv\u0113ka smadze\u0146u front\u0101l\u0101s (koron\u0101l\u0101s) \u0161\u0137\u0113les, kas tika izveidotas, konsult\u0113joties ar Dr. Karu Deivisu. Diskr\u0113ti ieb\u016bv\u0113tie magn\u0113ti un atbilsto\u0161as sa\u0137eres virsmas pal\u012bdz viegli izl\u012bdzin\u0101t un stingri notur\u0113t smadze\u0146u da\u013cas kop\u0101.<\/li>\n<li><strong>Modelis C915<\/strong>\u0160is augstas iz\u0161\u0137irtsp\u0113jas smadze\u0146u modelis ir r\u016bp\u012bgi kr\u0101sots re\u0101listisk\u0101m kr\u0101s\u0101m, att\u0113lojot galven\u0101s smadze\u0146u anatomijas deta\u013cas. \u0160is modelis lieliski sader ar m\u016bsu galvaskausa mode\u013ciem 4500, 4505, 4508, 4509, 4512, 4514, 4701 un 4708, k\u0101 ar\u012b ar falx cerebri modeli C925.<\/li>\n<li><strong>Modelis C918<\/strong>\u0160is dz\u012bv\u012bbas izm\u0113ra smadze\u0146u modelis ir r\u016bp\u012bgi nokr\u0101sots re\u0101listisk\u0101m kr\u0101s\u0101m, att\u0113lojot galven\u0101s smadze\u0146u anatomijas deta\u013cas. Kreis\u0101 puse ir sadal\u012bta \u010detr\u0101s da\u013c\u0101s: priek\u0161\u0113j\u0101 un pakau\u0161a, tempor\u0101l\u0101 un aizmugur\u0113j\u0101, smadze\u0146u stumbra un smadzen\u012b\u0161u. Smadze\u0146u stumbrs ietver trijzaru nervu (V), abduktoru nervu (VI), vestibulokohu\u0101ro nervu (VIII), sejas un starpribu nervus (VII), trohulo nervu (IV), o\u017eas nervu (I), glosofaring\u0101lo nervu (IX), klejot\u0101jnervu (X), aksesorisko nervu (XI), ventr\u0101l\u0101s kakla sakn\u012btes un hipoglos\u0101los nervus (XII). Hipokamps ir savienots ar smadze\u0146u stumbru, lai par\u0101d\u012btu t\u0101 saist\u012bbu ar forniksu un piena dziedzeru \u0137erme\u0146iem smadze\u0146u stumbra da\u013c\u0101. Ir par\u0101d\u012bts ar\u012b dz\u012bslenes pinums. \u0160is modelis lieliski sader ar m\u016bsu galvaskausa mode\u013ciem 4500, 4505, 4508, 4509, 4512, 4514, 4701 un 4708 un ir sader\u012bgs ar falx cerebri modeli C925.<\/li>\n<li><strong>Modelis C921<\/strong>\u0160is dz\u012bv\u012bbas lieluma smadze\u0146u modelis ir r\u016bp\u012bgi nokr\u0101sots re\u0101listisk\u0101m kr\u0101s\u0101m, att\u0113lojot galven\u0101s smadze\u0146u anatomijas deta\u013cas. Tas ir iekr\u0101sots, lai par\u0101d\u012btu \u010detras smadze\u0146u daivas: pariet\u0101lo, tempor\u0101lo, aizmugur\u0113jo un front\u0101lo. \u0160is modelis lieliski sader ar m\u016bsu galvaskausa mode\u013ciem 4500, 4505, 4508, 4509, 4512, 4514, 4701 un 4708, k\u0101 ar\u012b falx cerebri modeli C925.<\/li>\n<li><strong>Modelis C922<\/strong>\u0160is dz\u012bv\u012bbas izm\u0113ra smadze\u0146u modelis ir r\u016bp\u012bgi nokr\u0101sots re\u0101listisk\u0101s kr\u0101s\u0101s, att\u0113lojot galven\u0101s anatomisk\u0101s deta\u013cas un smadze\u0146u kortik\u0101l\u0101s zonas. Labaj\u0101 pus\u0113 ir att\u0113lotas \u010detras smadze\u0146u daivas: pariet\u0101l\u0101, tempor\u0101l\u0101, mugur\u0113j\u0101 un front\u0101l\u0101. Kreis\u0101 puse ir sadal\u012bta \u010detr\u0101s da\u013c\u0101s - front\u0101l\u0101 un pakau\u0161a, tempor\u0101l\u0101 un mugur\u0113j\u0101, smadze\u0146u stumbra un smadzen\u012b\u0161u. Ir nokr\u0101sotas piecas kortik\u0101l\u0101s zonas: prim\u0101r\u0101 motor\u0101 garoza, sensor\u0101 garoza, redzes garoza, Broka zona (motor\u0101\/valodas), dzirdes garoza un Vernikes valodas zona. \u0160is modelis lieliski atbilst m\u016bsu galvaskausa mode\u013ciem 4500, 4505, 4508, 4509, 4512, 4514, 4701 un 4708 un ir sader\u012bgs ar falx cerebri modeli C925.<\/li>\n<li><strong>Modelis C925<\/strong>\u0160is modelis par\u0101da smadze\u0146u falx cerebri. Tas ietver tilta v\u0113nas ostiju, lakun\u0101ru ar arahnoid\u0101l\u0101m granul\u0101m, aug\u0161\u0113jo un apak\u0161\u0113jo sagit\u0101lo sinusu un tie\u0161o sinusu. Der m\u016bsu galvaskausa mode\u013ciem 4500, 4505, 4508, 4509, 4512, 4514, 4701 un 4708, k\u0101 ar\u012b smadze\u0146u mode\u013ciem C922 un C918.<\/li>\n<li><strong>Modelis R10116<\/strong>\u0160aj\u0101 model\u012b ir par\u0101d\u012bts aug\u0161\u0113j\u0101s kr\u016b\u0161u kurvja mugurkaula segments, kas sadal\u012bts s\u0101niski un gareniski, un kur\u0101 redzamas muguras nervu sakn\u012btes. Pieg\u0101d\u0101ts uz pamatnes d\u0113\u013ca.<br \/>\nIzm\u0113rs: 35,5 x 27 x 27 cm, svars: 0,75 kg.<\/li>\n<li><strong>Modelis R10122<\/strong>\u0160\u012b divk\u0101r\u0161\u0101 izm\u0113ra smadze\u0146u daiva att\u0113lo t\u0101s pa\u0161as daivas un re\u0123ionus da\u017e\u0101d\u0101s kr\u0101s\u0101s un ang\u013cu valod\u0101 ir apz\u012bm\u0113ta \u0161\u0101di: front\u0101l\u0101 daiva, pariet\u0101l\u0101 daiva, mugur\u0113j\u0101 daiva, tempor\u0101l\u0101 daiva, motor\u0101 garoza, somatosensor\u0101 garoza, limbisk\u0101 garoza, smadze\u0146u stumbrs. Divpadsmit galvaskausa nervi un papildu funkcijas ir apz\u012bm\u0113tas ar cipariem. Komplekt\u0101 ietilpst stat\u012bvs.<br \/>\nIzm\u0113rs: 36 x 28 x 20 cm.<\/li>\n<li><strong>Modelis 4067<\/strong>Atsevi\u0161\u0137i kakla skrieme\u013ci ar muguras smadze\u0146u \u0161\u0137\u0113rsgriezuma skatu. Par\u0101diet muguras smadze\u0146u un muguras nervu balto un pel\u0113ko vielu. Uz pamatplates.<\/li>\n<li><strong>Modelis 4610<\/strong>\u0160is tr\u012bsda\u013c\u012bgais galvaskauss att\u0113lo galvenos galvaskausa nervus un art\u0113rijas. Smadzenes sast\u0101v no 8 da\u013c\u0101m un ir veidotas no m\u012bksta, audiem l\u012bdz\u012bga materi\u0101la.<br \/>\nIzm\u0113rs: 17,5 x 16,5 x 22 cm.<\/li>\n<\/ul>\n<h3>Cilv\u0113ka smadze\u0146u mode\u013ci \u2013 <a href=\"http:\/\/labostera.lt\/lv\/product-brand\/erler-zimmer-gmbh-co-kg\/\">Erlera-Zimmera anatomijas grupa<\/a><\/h3>\n<p>Vair\u0101k inform\u0101cijas: <a href=\"https:\/\/erler-zimmer.de\/shop\/en\/shop\/anatomical-models\/organs-structures\/head-models\/\" target=\"_blank\" rel=\"noopener nofollow\">ra\u017eot\u0101ja t\u012bmek\u013ca vietn\u0113<\/a> vai nos\u016btiet mums piepras\u012bjumu!<\/p>","protected":false},"excerpt":{"rendered":"<p>Erlera-Zimmera cilv\u0113ka smadze\u0146u modelis \u2013 detaliz\u0113ts, liela m\u0113roga modelis, kas att\u0113lo da\u017e\u0101das smadze\u0146u strukt\u016bras.<\/p>","protected":false},"featured_media":19013,"template":"","meta":[],"product_cat":[75,79],"product_tag":[692,577,690,711],"class_list":{"0":"post-18960","1":"product","2":"type-product","3":"status-publish","4":"has-post-thumbnail","6":"product_brand-erler-zimmer-gmbh-co-kg","7":"product_cat-modeliai-manekenai-muliazai","8":"product_cat-mokymo-priemones-ir-iranga","9":"product_tag-erler-zimmer-gmbh-co-kg","10":"product_tag-modeliai","11":"product_tag-models","12":"product_tag-smegenu-modeliai","14":"first","15":"onbackorder","16":"shipping-taxable","17":"purchasable","18":"product-type-variable"},"_links":{"self":[{"href":"https:\/\/labostera.lt\/lv\/wp-json\/wp\/v2\/product\/18960","targetHints":{"allow":["GET"]}}],"collection":[{"href":"https:\/\/labostera.lt\/lv\/wp-json\/wp\/v2\/product"}],"about":[{"href":"https:\/\/labostera.lt\/lv\/wp-json\/wp\/v2\/types\/product"}],"wp:featuredmedia":[{"embeddable":true,"href":"https:\/\/labostera.lt\/lv\/wp-json\/wp\/v2\/media\/19013"}],"wp:attachment":[{"href":"https:\/\/labostera.lt\/lv\/wp-json\/wp\/v2\/media?parent=18960"}],"wp:term":[{"taxonomy":"product_cat","embeddable":true,"href":"https:\/\/labostera.lt\/lv\/wp-json\/wp\/v2\/product_cat?post=18960"},{"taxonomy":"product_tag","embeddable":true,"href":"https:\/\/labostera.lt\/lv\/wp-json\/wp\/v2\/product_tag?post=18960"}],"curies":[{"name":"wp","href":"https:\/\/api.w.org\/{rel}","templated":true}]}}