{"id":18927,"date":"2024-02-08T14:01:07","date_gmt":"2024-02-08T12:01:07","guid":{"rendered":"http:\/\/labostera.lt\/?post_type=product&#038;p=18927"},"modified":"2024-02-09T13:04:49","modified_gmt":"2024-02-09T11:04:49","slug":"zmogaus-galvos-modelis-erler-zimmer-human-head-model","status":"publish","type":"product","link":"https:\/\/labostera.lt\/lv\/priemones-ir-iranga\/mokymo-priemones-ir-iranga\/modeliai-manekenai-muliazai\/zmogaus-galvos-modelis-erler-zimmer-human-head-model\/","title":{"rendered":"Erlera-Zimmera cilv\u0113ka galvas modelis"},"content":{"rendered":"<h2><strong>Erler-Zimmer GmbH &amp; Co. KG cilv\u0113ka galvas modelis<\/strong>:<\/h2>\n<ul>\n<li><strong>Modelis C60<\/strong>Galvas modelis, kas sadal\u012bts div\u0101s da\u013c\u0101s. Lab\u0101s \u0101r\u0113j\u0101s puses \u0101da un sejas musku\u013ci ir no\u0146emti, lai atkl\u0101tu dzi\u013c\u0101kas strukt\u016bras. Tiek no\u0146emta acs, kauls, kas p\u0101rkl\u0101j aug\u0161\u017eok\u013ca sinusu, un m\u0113les lab\u0101 puse.<br \/>\nIzm\u0113rs: 38 x 40 x 28 cm.<\/li>\n<li><strong>Modelis C70<\/strong>Deguns ir sadal\u012bts div\u0101s da\u013c\u0101s, s\u0101kot no galvas l\u012bdz smaganu pamatnei. R\u0101d\u012bt:\n<ul>\n<li>Deguna starpsiena ar asinsvadiem un nerviem (labaj\u0101 pus\u0113)<\/li>\n<li>Visas deguna iek\u0161\u0113j\u0101s dobuma strukt\u016bras (kreis\u0101 puse)<\/li>\n<li>Sinusa un Eustahijas kan\u0101la atvere (kreisaj\u0101 pus\u0113)<\/li>\n<\/ul>\n<p>Deta\u013cas ir numur\u0113tas, un modelis ir uzst\u0101d\u012bts uz koka pamatnes.<\/li>\n<li><strong>Modelis C78<\/strong>Unik\u0101ls modelis, kas izstr\u0101d\u0101ts, lai veicin\u0101tu piecu \u012bpa\u0161o ma\u0146u \u2014 redzes, o\u017eas, gar\u0161as, dzirdes, l\u012bdzsvara \u2014 un ar t\u0101m saist\u012bto nervu izpratni. Dz\u012bves izm\u0113ra galvaskauss ar no\u0146emamu aci un nogrieztu m\u0113li. Galvaskausa da\u013cas tiek p\u0101rgrieztas, lai nodro\u0161in\u0101tu katra svar\u012bg\u0101 nerva atseg\u0161anu, un trijzaru nervs ir elast\u012bgs, \u013caujot atsegt zem t\u0101 eso\u0161o petroz\u0101lo nervu. Tiek identific\u0113ti komponentu kauli. Modelim ir komplekt\u0101 18 min\u016b\u0161u lekcijas audio kompaktdisks un atsl\u0113gas karte.<br \/>\nIzm\u0113rs: 19 x 15 x 15 cm.<\/li>\n<li><strong>Modelis C130<\/strong>\u0160is modelis par\u0101da kreis\u0101s \u0101r\u0113j\u0101s apak\u0161\u017eok\u013ca art\u0113rijas gaitu, ieskaitot kolater\u0101les un gala zarus. Uzmont\u0113ts uz pamatnes.<br \/>\nIzm\u0113rs: 20 x 15 x 23 cm, svars: aptuveni 0,6 kg.<\/li>\n<li><strong>Modelis C131<\/strong>\u0160aj\u0101 model\u012b ir att\u0113lots trijzaru nervs un t\u0101 zari. Uzmont\u0113ts uz pamatnes.<\/li>\n<li><strong>Modelis C132<\/strong>\u0160is modelis par\u0101da kreis\u0101s iek\u0161\u0113j\u0101s j\u016bga v\u0113nas gaitu kakl\u0101 un galv\u0101, ieskaitot asinsvadu s\u0101nu zarus. Uzmont\u0113ts uz pamatnes.<br \/>\nIzm\u0113rs: 20 x 15 x 26 cm, svars: aptuveni 0,6 kg.<\/li>\n<li><strong>Modelis C182<\/strong>3 reizes liel\u0101ks par dz\u012bves izm\u0113ru; Modelis par\u0101da deguna dobuma iek\u0161\u0113jo da\u013cu. Lai atsegtu dzi\u013c\u0101s iek\u0161\u0113j\u0101s strukt\u016bras, tiek no\u0146emta deguna starpsiena un da\u013ca no o\u017eas epit\u0113lija. Uzmont\u0113ts uz pamatnes.<br \/>\nIzm\u0113rs: 23,5 x 6,5 x 28,5 cm, svars: aptuveni 1,3 kg.<\/li>\n<li><strong>Modelis C212<\/strong>Modelis, kas att\u0113lo galvas virspus\u0113j\u0101s un iek\u0161\u0113j\u0101s strukt\u016bras. \u0160is reljefa modelis att\u0113lo visas cilv\u0113ka galvas strukt\u016bras dabiskaj\u0101 lielum\u0101. Uzmont\u0113ts uz d\u0113\u013ca.<br \/>\nIzm\u0113rs bez d\u0113\u013ca: 24 x 20 x 2 cm, svars: aptuveni 1,1 kg.<\/li>\n<li><strong>Modelis C213<\/strong>Modelis, kas par\u0101da virspus\u0113j\u0101s un dzi\u013c\u0101s galvas strukt\u016bras. Abu da\u013cu sal\u012bdzin\u0101jums sniedz izpratni par galvas anatomiskaj\u0101m attiec\u012bb\u0101m. Uzmont\u0113ts uz d\u0113\u013ca.<br \/>\nIzm\u0113rs: 55 x 35 x 3 cm, svars: aptuveni 2 kg.<\/li>\n<li><strong>Modelis C250<\/strong>Dz\u012bva lieluma modelis, kas att\u0113lo cilv\u0113ka galvu \u010detr\u0101s da\u013c\u0101s. Sejas kreis\u0101s puses later\u0101lais diametrs ir sagriezts sagit\u0101los un horizont\u0101los \u0161\u0137\u0113lumos, par\u0101dot daudzas galvaskausa un smadze\u0146u, k\u0101 ar\u012b oronaz\u0101l\u0101s dobuma iez\u012bmes.<br \/>\nNo\u0146emam\u0101s da\u013cas ir:<\/p>\n<ul>\n<li>Puse smadze\u0146u, kur\u0101 redzamas smadze\u0146u strukt\u016bras, tostarp art\u0113rijas<\/li>\n<li>Puse smadze\u0146u<\/li>\n<li>Acs ar redzes nervu<\/li>\n<\/ul>\n<p>Uzmont\u0113ts uz pamatnes.<br \/>\nIzm\u0113rs: 21 x 15 x 16 cm, svars: aptuveni 1 kg.<\/li>\n<li><strong>Modelis C314<\/strong>Dz\u012bves izm\u0113ra modelis r\u0101da cilv\u0113ka galvas un kakla lab\u0101s puses sagit\u0101lu griezumu. Virspus\u0113j\u0101 prepar\u0113\u0161ana atseg sejas musku\u013cus, sejas un galvas \u0101das virspus\u0113jos asinsvadus un nervu zarus, k\u0101 ar\u012b pieauss dziedzera un zem\u017eok\u013ca dziedzera da\u013cas. Medi\u0101na disekcija<br \/>\natkl\u0101j smadzenes ar to iek\u0161\u0113j\u0101m strukt\u016br\u0101m; r\u012bkles un aug\u0161\u0113jo elpce\u013cu; un kakla mugurkauls. Uzmont\u0113ts uz pamatnes.<br \/>\nIzm\u0113rs: 20 x 15 x 29 cm, svars: aptuveni 1,2 kg.<\/li>\n<li><strong>Modelis C329<\/strong>\u0160is dabiska izm\u0113ra modelis ir cilv\u0113ka kakla v\u0113dera skats, kur\u0101 izcili detaliz\u0113ti par\u0101d\u012bti galvenie musku\u013ci, asinsvadu strukt\u016bras, nervi un dziedzeri. Uzmont\u0113ts uz d\u0113\u013ca.<br \/>\nIzm\u0113rs: 23 x 14 x 32 cm, svars: aptuveni 1 kg.<\/li>\n<li><strong>Modelis LM05<\/strong>Ar \u0161o caursp\u012bd\u012bgo modeli deguna dobumu sare\u017e\u0123\u012bto strukt\u016bru var vienk\u0101r\u0161i saprast un izskaidrot vien\u0101 mirkl\u012b. Tr\u012bsk\u0101r\u0161o modeli var no\u0146emt (divas malas un dal\u0101m\u0101 pl\u0101ksne). Univers\u0101ls modelis pacientu inform\u0113\u0161anai vai medic\u012bniskajai izgl\u012bt\u012bbai. Modelis ir elast\u012bgs un to var izmantot da\u017e\u0101diem vingrin\u0101jumiem. \u013boti labi piem\u0113rots ar\u012b \u0137irur\u0123iskai pl\u0101no\u0161anai.<\/li>\n<\/ul>\n<h3>Cilv\u0113ka galvas mode\u013ci \u2013 <a href=\"http:\/\/labostera.lt\/lv\/product-brand\/erler-zimmer-gmbh-co-kg\/\">Erlera-Zimmera anatomijas grupa<\/a><\/h3>\n<p>Vair\u0101k inform\u0101cijas: <a href=\"https:\/\/erler-zimmer.de\/shop\/en\/shop\/anatomical-models\/organs-structures\/head-models\/\" target=\"_blank\" rel=\"noopener nofollow\">ra\u017eot\u0101ja t\u012bmek\u013ca vietn\u0113<\/a> vai nos\u016btiet mums piepras\u012bjumu!<\/p>","protected":false},"excerpt":{"rendered":"<p>Erlera-Cimmera cilv\u0113ka galvas modelis \u2013 detaliz\u0113ts modelis ar da\u017e\u0101diem galvas org\u0101niem un strukt\u016br\u0101m. Ide\u0101li piem\u0113rots m\u0101c\u012bbu vajadz\u012bb\u0101m.<\/p>","protected":false},"featured_media":18959,"template":"","meta":[],"product_cat":[75,79],"product_tag":[692,710,577,690],"class_list":{"0":"post-18927","1":"product","2":"type-product","3":"status-publish","4":"has-post-thumbnail","6":"product_brand-erler-zimmer-gmbh-co-kg","7":"product_cat-modeliai-manekenai-muliazai","8":"product_cat-mokymo-priemones-ir-iranga","9":"product_tag-erler-zimmer-gmbh-co-kg","10":"product_tag-galvos-modeliai","11":"product_tag-modeliai","12":"product_tag-models","14":"first","15":"onbackorder","16":"shipping-taxable","17":"purchasable","18":"product-type-variable"},"_links":{"self":[{"href":"https:\/\/labostera.lt\/lv\/wp-json\/wp\/v2\/product\/18927","targetHints":{"allow":["GET"]}}],"collection":[{"href":"https:\/\/labostera.lt\/lv\/wp-json\/wp\/v2\/product"}],"about":[{"href":"https:\/\/labostera.lt\/lv\/wp-json\/wp\/v2\/types\/product"}],"wp:featuredmedia":[{"embeddable":true,"href":"https:\/\/labostera.lt\/lv\/wp-json\/wp\/v2\/media\/18959"}],"wp:attachment":[{"href":"https:\/\/labostera.lt\/lv\/wp-json\/wp\/v2\/media?parent=18927"}],"wp:term":[{"taxonomy":"product_cat","embeddable":true,"href":"https:\/\/labostera.lt\/lv\/wp-json\/wp\/v2\/product_cat?post=18927"},{"taxonomy":"product_tag","embeddable":true,"href":"https:\/\/labostera.lt\/lv\/wp-json\/wp\/v2\/product_tag?post=18927"}],"curies":[{"name":"wp","href":"https:\/\/api.w.org\/{rel}","templated":true}]}}