{"id":18904,"date":"2024-02-08T12:01:48","date_gmt":"2024-02-08T10:01:48","guid":{"rendered":"http:\/\/labostera.lt\/?post_type=product&#038;p=18904"},"modified":"2024-02-09T13:05:00","modified_gmt":"2024-02-09T11:05:00","slug":"zmogaus-torso-modelis-erler-zimmer-human-torso-model","status":"publish","type":"product","link":"https:\/\/labostera.lt\/lv\/priemones-ir-iranga\/mokymo-priemones-ir-iranga\/modeliai-manekenai-muliazai\/zmogaus-torso-modelis-erler-zimmer-human-torso-model\/","title":{"rendered":"Cilv\u0113ka rumpja modelis Erlera-Zimmera cilv\u0113ka rumpja modelis"},"content":{"rendered":"<h2><strong>Erler-Zimmer GmbH &amp; Co. KG cilv\u0113ka rumpja modelis<\/strong>:<\/h2>\n<ul>\n<li><strong>Modelis B109<\/strong>\u0160is pilnais neseksu\u0101lo dzimumorg\u0101nu izm\u0113ra rumpis sast\u0101v no 12 da\u013c\u0101m. \u0160is modelis ir prec\u012bzs deta\u013c\u0101s un noder\u012bgs instruments cilv\u0113ka anatomisk\u0101s strukt\u016bras demonstr\u0113\u0161anai jebkur\u0101 klas\u0113. \u0112kas ir numur\u0113tas un identific\u0113tas uz viegli pieejamas atsl\u0113gas kartes. Galva tiek no\u0146emta un sadal\u012bta div\u0101s da\u013c\u0101s, atkl\u0101jot smadze\u0146u iek\u0161pusi. Kakls tiek p\u0101rgriezts pa priek\u0161\u0113jo virsmu, lai par\u0101d\u012btu musku\u013cus, dziedzerus, asinsvadus un nervu strukt\u016bras. Kr\u016btis un v\u0113ders ir piln\u012bb\u0101 atv\u0113rti, nodro\u0161inot netrauc\u0113tu skatu uz iek\u0161\u0113jiem org\u0101niem un strukt\u016br\u0101m. No\u0146emam\u0101s da\u013cas ietver \u0161\u0101das da\u013cas:\n<ul>\n<li>Galva sadal\u012bta div\u0101s da\u013c\u0101s, att\u0113lojot smadze\u0146u da\u013cu un aug\u0161\u0113jos elpce\u013cus<\/li>\n<li>Puse smadze\u0146u, p\u0101r\u0161\u0137elta gareniski, lai atsegtu iek\u0161\u0113j\u0101s strukt\u016bras un asinsvadus<\/li>\n<li>Lab\u0101s un kreis\u0101s plau\u0161as, kur\u0101s redzams bronhu koks un asinsvadi<\/li>\n<li>Sirds<\/li>\n<li>Aknas ar \u017eultsp\u016bsli<\/li>\n<li>Ku\u0146\u0123is<\/li>\n<li>Aizku\u0146\u0123a dziedzeris, divpadsmitpirkstu zarna un liesa ar asinsvadiem un \u017eultsvadiem<\/li>\n<li>Tiev\u0101 un resn\u0101 zarna ar no\u0146emamu lodzi\u0146u aklaj\u0101 zarn\u0101<\/li>\n<\/ul>\n<p>Uzmont\u0113ts uz pamatnes. Izm\u0113rs: 90 x 33 x 23 cm. Svars: aptuveni 9,3 kg.<\/li>\n<li><strong>Modelis B223<\/strong>Cilv\u0113ka rumpja reprodukcija, aptuveni puse no dz\u012bves lieluma. Lieliski piem\u0113rots lieto\u0161anai k\u0101 galda modelis vai pamata anatomijas apguvei. Modelis sast\u0101v no \u0161\u0101d\u0101m da\u013c\u0101m: galvenais \u0137ermenis, divas galvas da\u013cas, viena ar no\u0146emam\u0101m smadzen\u0113m, divas plau\u0161u da\u013cas, sirds, ko var sadal\u012bt div\u0101s da\u013c\u0101s, ku\u0146\u0123is, aknas, zarnas ar no\u0146emamu akl\u0101s zarnas g\u013cot\u0101du, sievietes dzimumorg\u0101ni, divas da\u013cas, v\u012brie\u0161a dzimumorg\u0101ni, divas da\u013cas. Modelis tiek prezent\u0113ts uz pamatnes ar instrukcij\u0101m. Izm\u0113rs: 19 x 14 x 43 cm.<\/li>\n<li><strong>Modelis B235<\/strong>Pilna izm\u0113ra cilv\u0113ka rumpis ar atv\u0113rtu muguru, kas sast\u0101v no 27 da\u013c\u0101m, kuras att\u0113lo cilv\u0113ka \u0137erme\u0146a galvenos org\u0101nus un anatomisk\u0101s strukt\u016bras. Galva ir sadal\u012bta \u0161\u0137\u0113lumos, lai atkl\u0101tu galvaskausu, smadzenes, muti un r\u012bkli, k\u0101 ar\u012b aci. Turkl\u0101t kakls tiek sadal\u012bts, lai atsegtu balsenes, vairogdziedzera un kakla asinsvadus. Kr\u016btis un v\u0113ders ir piln\u012bb\u0101 atv\u0113rti; Var no\u0146emt visus iek\u0161\u0113jos org\u0101nus, un da\u017eus no tiem var izjaukt. Galvenaj\u0101 \u0137erme\u0146a da\u013c\u0101 tiek aizst\u0101tas atsevi\u0161\u0137as sievie\u0161u un v\u012brie\u0161u uro\u0123enit\u0101l\u0101s sist\u0113mas. Atv\u0113rt\u0101 mugura atkl\u0101j musku\u013cu sl\u0101\u0146us un mugurkaulu, muguras nervus un no\u0146emamu mugurkaulu ar muguras smadzen\u0113m.<br \/>\nModelis ir sadal\u012bts \u0161\u0101d\u0101s da\u013c\u0101s:<\/p>\n<ul>\n<li>rumpis<\/li>\n<li>puse smadze\u0146u<\/li>\n<li>acs<\/li>\n<li>kreis\u0101 plau\u0161a, divas da\u013cas<\/li>\n<li>lab\u0101 plau\u0161a, divas da\u013cas<\/li>\n<li>sirds, divas da\u013cas<\/li>\n<li>traheja<\/li>\n<li>bar\u012bbas vads<\/li>\n<li>aknas<\/li>\n<li>ku\u0146\u0123is, divas da\u013cas<\/li>\n<li>aizku\u0146\u0123a dziedzeris, divpadsmitpirkstu zarna un liesa<\/li>\n<li>puse no vienas nieres<\/li>\n<li>zarnas<\/li>\n<li>ileocek\u0101lais v\u0101rsts<\/li>\n<li>Sievie\u0161u uro\u0123enit\u0101l\u0101 sist\u0113ma, 4 da\u013cas<\/li>\n<li>V\u012brie\u0161u uro\u0123enit\u0101l\u0101 sist\u0113ma, 4 da\u013cas<\/li>\n<li>kr\u016b\u0161u kurvja mugurkauls<\/li>\n<\/ul>\n<p>Uzmont\u0113ts uz pamatnes. Izm\u0113rs: 88 x 40 x 23 cm, svars: aptuveni 10,4 kg.<br \/>\nN\u0101k komplekt\u0101 ar cilv\u0113ka rumpja pam\u0101c\u012bbu CD form\u0101t\u0101.<\/li>\n<\/ul>\n<h3>Cilv\u0113ka rumpja mode\u013ci \u2013 <a href=\"http:\/\/labostera.lt\/lv\/product-brand\/erler-zimmer-gmbh-co-kg\/\">Erlera-Zimmera anatomijas grupa<\/a><\/h3>\n<p>Vair\u0101k inform\u0101cijas: <a href=\"https:\/\/erler-zimmer.de\/shop\/en\/shop\/anatomical-models\/organs-structures\/torsos\/\" target=\"_blank\" rel=\"noopener nofollow\">ra\u017eot\u0101ja t\u012bmek\u013ca vietn\u0113<\/a> vai nos\u016btiet mums piepras\u012bjumu!<\/p>","protected":false},"excerpt":{"rendered":"<p>Erlera-Zimmera cilv\u0113ka rumpja modelis \u2014 lielisks m\u0101c\u012bbu l\u012bdzeklis, kas atkl\u0101j cilv\u0113ka \u0137erme\u0146a anatomisko uzb\u016bvi. Tr\u012bs da\u017e\u0101du versiju izv\u0113le.<\/p>","protected":false},"featured_media":18908,"template":"","meta":[],"product_cat":[75,79],"product_tag":[692,577,690,707,706],"class_list":{"0":"post-18904","1":"product","2":"type-product","3":"status-publish","4":"has-post-thumbnail","6":"product_brand-erler-zimmer-gmbh-co-kg","7":"product_cat-modeliai-manekenai-muliazai","8":"product_cat-mokymo-priemones-ir-iranga","9":"product_tag-erler-zimmer-gmbh-co-kg","10":"product_tag-modeliai","11":"product_tag-models","12":"product_tag-torsas","13":"product_tag-torso-modeliai","15":"first","16":"onbackorder","17":"shipping-taxable","18":"purchasable","19":"product-type-variable"},"_links":{"self":[{"href":"https:\/\/labostera.lt\/lv\/wp-json\/wp\/v2\/product\/18904","targetHints":{"allow":["GET"]}}],"collection":[{"href":"https:\/\/labostera.lt\/lv\/wp-json\/wp\/v2\/product"}],"about":[{"href":"https:\/\/labostera.lt\/lv\/wp-json\/wp\/v2\/types\/product"}],"wp:featuredmedia":[{"embeddable":true,"href":"https:\/\/labostera.lt\/lv\/wp-json\/wp\/v2\/media\/18908"}],"wp:attachment":[{"href":"https:\/\/labostera.lt\/lv\/wp-json\/wp\/v2\/media?parent=18904"}],"wp:term":[{"taxonomy":"product_cat","embeddable":true,"href":"https:\/\/labostera.lt\/lv\/wp-json\/wp\/v2\/product_cat?post=18904"},{"taxonomy":"product_tag","embeddable":true,"href":"https:\/\/labostera.lt\/lv\/wp-json\/wp\/v2\/product_tag?post=18904"}],"curies":[{"name":"wp","href":"https:\/\/api.w.org\/{rel}","templated":true}]}}