{"id":18845,"date":"2024-02-08T09:40:16","date_gmt":"2024-02-08T07:40:16","guid":{"rendered":"http:\/\/labostera.lt\/?post_type=product&#038;p=18845"},"modified":"2024-02-09T13:05:11","modified_gmt":"2024-02-09T11:05:11","slug":"zmogaus-sanario-modelis-erler-zimmer-human-joint-model","status":"publish","type":"product","link":"https:\/\/labostera.lt\/lv\/priemones-ir-iranga\/mokymo-priemones-ir-iranga\/modeliai-manekenai-muliazai\/zmogaus-sanario-modelis-erler-zimmer-human-joint-model\/","title":{"rendered":"Erlera-Zimmera cilv\u0113ka loc\u012btavas modelis"},"content":{"rendered":"<h2><strong>\u201eErler-Zimmer GmbH &amp; Co. KG cilv\u0113ka loc\u012btavas modelis<\/strong>:<\/h2>\n<ul>\n<li><strong>Modelis 4449<\/strong>Dzi\u013ci griezts ce\u013ca modelis, kas izgatavots no caursp\u012bd\u012bgas plastmasas, grafiski par\u0101da ce\u013ca endoprot\u0113zes poz\u012bciju un funkciju. Atjaunojo\u0161o prot\u0113zi var iz\u0146emt un nomain\u012bt no mode\u013ca, \u013caujot skaidri izskaidrot proced\u016bras gaitu pacientiem un gatavojoties oper\u0101cijai. Endoprot\u0113ze ir izgatavota no met\u0101la un p\u0113c svara un izm\u0113ra gandr\u012bz atbilst re\u0101lajai prot\u0113zei. Caursp\u012bd\u012bgie kauli padara prot\u0113zes poz\u012bciju un funkciju skaidri redzamu.<\/li>\n<li><strong>Modelis 4520<\/strong>\u0160is loc\u012btavas modelis att\u0113lo loc\u012btavas strukt\u016bras un galven\u0101s skrim\u0161\u013ca strukt\u016bras aptuveni \u00bd dzi\u013cum\u0101. Iek\u0161\u0113j\u0101s strukt\u016bras var izskaidrot ar \u0161\u0137\u0113rsgriezumu, kas uzst\u0101d\u012bts uz mode\u013ca pamatnes. Izm\u0113rs: 12 x 10 x 15 cm, svars: 0,17 kg.<\/li>\n<li><strong>Modelis 4522<\/strong>\u0160is loc\u012btavas modelis att\u0113lo loc\u012btavas strukt\u016bras un galven\u0101s skrim\u0161\u013ca strukt\u016bras aptuveni \u00bd dzi\u013cum\u0101. Iek\u0161\u0113j\u0101s strukt\u016bras var izskaidrot ar \u0161\u0137\u0113rsgriezumu, kas uzst\u0101d\u012bts uz mode\u013ca pamatnes. Izm\u0113rs: 12 x 10 x 20 cm, svars: 0,15 kg.<\/li>\n<li><strong>Modelis 4550<\/strong>Cilv\u0113ka pleca loc\u012btavas dabiska izliekuma att\u0113ls. Pleca josta (l\u0101psti\u0146a un pleca kaula-musku\u013ca loc\u012btava) ar aug\u0161\u0113jo pleca kaula galvi\u0146u. Papildus galvenaj\u0101m sait\u0113m, piem\u0113ram, korakoakromi\u0101lajai saitei, korakohumer\u0101lajai saitei un l\u0101psti\u0146as saitei, att\u0113lotas ar\u012b loc\u012btavas kapsulas da\u013cas. Var demonstr\u0113t galven\u0101s pleca loc\u012btavas kust\u012bbas, piem\u0113ram, anteversiju, retroversiju, \u0101r\u0113jo un iek\u0161\u0113jo rot\u0101ciju un abdukciju. Ar no\u0146emamu stat\u012bvu. Izm\u0113rs: 16 x 13 x 18,5 cm.<\/li>\n<li><strong>Modelis 4552<\/strong>Cilv\u0113ka ce\u013ca loc\u012btavas dab\u012bgs atl\u0113jums. Ar mugurkaula un apak\u0161stilba sagatav\u0113m. Taisn\u0101 aug\u0161stilba musku\u013ca piestiprin\u0101\u0161an\u0101s vietas c\u012bpslas, ce\u013ca kapsula ar stiprin\u0101jumiem, s\u0101nu saites, menisks un krustenisk\u0101s saites ir izgatavotas no elast\u012bga sint\u0113tiska materi\u0101la. Var demonstr\u0113t ce\u013ca loc\u012btavas galven\u0101s kust\u012bbas, piem\u0113ram, saliek\u0161anu un izstiep\u0161anu, k\u0101 ar\u012b \u0101r\u0113jo un iek\u0161\u0113jo rot\u0101ciju. Ar no\u0146emamu stat\u012bvu.<\/li>\n<li><strong>Modelis 4553<\/strong>Cilv\u0113ka g\u016b\u017eas loc\u012btavas dabiska form\u0101cija. Aug\u0161stilba kaula tuk\u0161o telpu satur g\u016b\u017eas loc\u012btava. G\u016b\u017eas loc\u012btavas saites ar g\u016b\u017eas-aug\u0161stilba kaula saiti, i\u0161iohiemero\u0101lo saiti un kaunuma-aug\u0161stilba kaula saiti \u013cauj demonstr\u0113t g\u016b\u017eas loc\u012btavas kust\u012bbas. Saliek\u0161ana un abdukcija (ekstensija), abdukcija un addukcija un zin\u0101m\u0101 m\u0113r\u0101 ar\u012b \u0101r\u0113j\u0101 un iek\u0161\u0113j\u0101 rot\u0101cija. Ar no\u0146emamu stat\u012bvu.<\/li>\n<li><strong>Modelis 4556<\/strong>Cilv\u0113ka elko\u0146a loc\u012btavas dabiska izliekuma forma. Aug\u0161stilba kaula, spie\u0137kaula un stilba kaula tuk\u0161\u0101 telpa. Sai\u0161u apar\u0101ts un iek\u0161\u0113j\u0101s membr\u0101nas ir izgatavotas no elast\u012bga materi\u0101la. Modelis \u013cauj demonstr\u0113t elko\u0146a loc\u012btavas kust\u012bbas, piem\u0113ram, saliek\u0161anu un izstiep\u0161anu, k\u0101 ar\u012b apak\u0161delma kaulu kust\u012bbas pron\u0101cijas un supin\u0101cijas laik\u0101. Ar no\u0146emamu stat\u012bvu.<\/li>\n<li><strong>Modelis 4569<\/strong>\u0160is modelis detaliz\u0113ti ilustr\u0113 pleca musku\u013cu, sai\u0161u un kaulu strukt\u016bru. Caur da\u017e\u0101daj\u0101m musku\u013cu da\u013c\u0101m var nov\u0113rot dzi\u013co musku\u013cu strukt\u016bru l\u012bdz pat kaulam. Modelis ir vien\u0101 gabal\u0101 dzi\u013cum\u0101. Izm\u0113rs: 23 x 19 x 11 cm.<\/li>\n<li><strong>Modelis 4570<\/strong>Cilv\u0113ka ce\u013ca loc\u012btavas front\u0101lais gareniskais griezums. Kaulu strukt\u016bra, menisks, loc\u012btavu skrimslis, sinovi\u0101l\u0101 membr\u0101na un loc\u012btavu saites ir att\u0113lotas kr\u0101saini. Dabas lielums. Izm\u0113rs: 19 x 8 x 4 cm, svars: 0,3 kg.<\/li>\n<li><strong>Modelis 4661<\/strong>Dzi\u013ci izm\u0113r\u012bta cilv\u0113ka pleca loc\u012btava ar izveido\u0161anas skr\u016bvju apar\u0101tu (supraspinatus, infraspinatus, teres minor, teres major un subskapularis musku\u013ci) un bicepsa brahii c\u012bpslu. Loc\u012btavai ir ierobe\u017eota kust\u012bgums. Ar m\u0101c\u012bbu karti v\u0101cu\/ang\u013cu valod\u0101. Uz stat\u012bva. Izm\u0113rs: 17 x 15 x 12 cm, svars: 0,8 kg. Papla\u0161in\u0101ta anatomisk\u0101 programma. Jaun\u0101 papla\u0161in\u0101t\u0101 anatomisk\u0101 programma padara m\u0101c\u012b\u0161anos ar \u0161o augstas kvalit\u0101tes anatomisko modeli v\u0113l \u0113rt\u0101ku un efekt\u012bv\u0101ku!<\/li>\n<li><strong>Modelis 4662<\/strong>Dzi\u013cuma m\u0113r\u012bjums cilv\u0113ka ce\u013ca loc\u012btav\u0101 ar visiem svar\u012bg\u0101kajiem musku\u013ciem un sait\u0113m (kolater\u0101l\u0101s saites, menisks, essenci\u0101l\u0101s saites, ce\u013ca skrieme\u013cu c\u012bpsla). Loc\u012btava netiek sken\u0113ta. Ar instrukciju karti v\u0101cu\/ang\u013cu valod\u0101. Uz stat\u012bva. Izm\u0113rs: 8 x 8 x 24 cm, svars: 0,8 kg.<\/li>\n<li><strong>Modelis 4663<\/strong>Cilv\u0113ka g\u016b\u017eas loc\u012btava, izm\u0113r\u012bta dzi\u013cum\u0101 ar visiem svar\u012bg\u0101kajiem musku\u013ciem un sait\u0113m. Loc\u012btavai ir ierobe\u017eota kust\u012bgums. Ar izgl\u012btojo\u0161u karti v\u0101cu\/ang\u013cu valod\u0101. Uz stat\u012bva. Izm\u0113rs: 13 x 13 x 24 cm, svars: 0,7 kg.<\/li>\n<\/ul>\n<h3>Cilv\u0113ka loc\u012btavu mode\u013ci \u2013 <a href=\"http:\/\/labostera.lt\/lv\/product-brand\/erler-zimmer-gmbh-co-kg\/\">Erlera-Zimmera anatomijas grupa<\/a><\/h3>\n<p>Vair\u0101k inform\u0101cijas: <a href=\"https:\/\/erler-zimmer.de\/shop\/en\/shop\/anatomical-models\/skeleton-models\/\" target=\"_blank\" rel=\"noopener nofollow\">ra\u017eot\u0101ja t\u012bmek\u013ca vietn\u0113<\/a> vai nos\u016btiet mums piepras\u012bjumu!<\/p>","protected":false},"excerpt":{"rendered":"<p>Erlera-Cimmera cilv\u0113ka loc\u012btavas modelis \u2013 detaliz\u0113ts loc\u012btavu anatomijas att\u0113lojums. Lielisks m\u0101c\u012bbu l\u012bdzeklis un pacientu izgl\u012bto\u0161anai.<\/p>","protected":false},"featured_media":18863,"template":"","meta":[],"product_cat":[75,79],"product_tag":[692,577,690,703],"class_list":{"0":"post-18845","1":"product","2":"type-product","3":"status-publish","4":"has-post-thumbnail","6":"product_brand-erler-zimmer-gmbh-co-kg","7":"product_cat-modeliai-manekenai-muliazai","8":"product_cat-mokymo-priemones-ir-iranga","9":"product_tag-erler-zimmer-gmbh-co-kg","10":"product_tag-modeliai","11":"product_tag-models","12":"product_tag-sanario-modeliai","14":"first","15":"onbackorder","16":"shipping-taxable","17":"purchasable","18":"product-type-variable"},"_links":{"self":[{"href":"https:\/\/labostera.lt\/lv\/wp-json\/wp\/v2\/product\/18845","targetHints":{"allow":["GET"]}}],"collection":[{"href":"https:\/\/labostera.lt\/lv\/wp-json\/wp\/v2\/product"}],"about":[{"href":"https:\/\/labostera.lt\/lv\/wp-json\/wp\/v2\/types\/product"}],"wp:featuredmedia":[{"embeddable":true,"href":"https:\/\/labostera.lt\/lv\/wp-json\/wp\/v2\/media\/18863"}],"wp:attachment":[{"href":"https:\/\/labostera.lt\/lv\/wp-json\/wp\/v2\/media?parent=18845"}],"wp:term":[{"taxonomy":"product_cat","embeddable":true,"href":"https:\/\/labostera.lt\/lv\/wp-json\/wp\/v2\/product_cat?post=18845"},{"taxonomy":"product_tag","embeddable":true,"href":"https:\/\/labostera.lt\/lv\/wp-json\/wp\/v2\/product_tag?post=18845"}],"curies":[{"name":"wp","href":"https:\/\/api.w.org\/{rel}","templated":true}]}}