{"id":18774,"date":"2024-02-07T12:42:38","date_gmt":"2024-02-07T10:42:38","guid":{"rendered":"http:\/\/labostera.lt\/?post_type=product&#038;p=18774"},"modified":"2024-02-09T13:05:21","modified_gmt":"2024-02-09T11:05:21","slug":"zmogaus-kojos-ir-pedos-skeleto-modelis-erler-zimmer-human-leg-and-foot-skeleton-model","status":"publish","type":"product","link":"https:\/\/labostera.lt\/lv\/priemones-ir-iranga\/mokymo-priemones-ir-iranga\/modeliai-manekenai-muliazai\/zmogaus-kojos-ir-pedos-skeleto-modelis-erler-zimmer-human-leg-and-foot-skeleton-model\/","title":{"rendered":"Erlera-Zimmera cilv\u0113ka k\u0101jas un p\u0113das skeleta modelis"},"content":{"rendered":"<h2><strong>Erler-Zimmer GmbH &amp; Co. KG cilv\u0113ka k\u0101jas un p\u0113das skeleta modelis<\/strong>:<\/h2>\n<ul>\n<li><strong>Modelis M28<\/strong>Padzi\u013cin\u0101ti modelis par\u0101da lab\u0101s p\u0113das anatomiju, kur\u0101 visi galvenie nervi ir att\u0113loti gan uz aizmugur\u0113j\u0101s, gan pozicion\u0101l\u0101s virsmas. P\u0113du var no\u0146emt un novietot otr\u0101di uz soli\u0146a, lai atvieglotu pozicion\u0113\u0161anas virsmas p\u0101rbaudi. Uzst\u0101d\u012bts uz stat\u012bva ar atsl\u0113gas karti. Izm\u0113rs: 22 x 15 x 25 cm.<\/li>\n<li><strong>Modelis M139<\/strong>\u0160is 9 da\u013cu modelis att\u0113lo svar\u012bgas p\u0113das strukt\u016bras, piem\u0113ram, musku\u013cus, nervus, asinsvadus un c\u012bpslas. Izm\u0113rs: 23 x 13 x 10 cm, svars: 0,7 kg.<\/li>\n<li><strong>Modelis M230<\/strong>\u0160is cilv\u0113ka lab\u0101s p\u0113das dabiska izm\u0113ra modelis ir atv\u0113rts un par\u0101da kaulus, loc\u012btavas, c\u012bpslas, taukaudus un musku\u013cus. Apak\u0161stilba s\u0101kums ir att\u0113lots ar\u012b k\u0101 \u0161\u0137\u0113rsgriezums, un taj\u0101 redzams stilba kauls un mazais liela kauls, k\u0101 ar\u012b atbilsto\u0161ie musku\u013ci, c\u012bpslas, asinsvadi un taukaudi. Izm\u0113rs: 26 x 10,5 x 13,5 cm, svars: 0,6 kg.<\/li>\n<li><strong>Modelis M231<\/strong>\u0160is cilv\u0113ka lab\u0101s p\u0113das dabiska izm\u0113ra modelis ir atv\u0113rts un par\u0101da kaulus, loc\u012btavas, c\u012bpslas, taukaudus un musku\u013cus. Apak\u0161stilba s\u0101kums ir att\u0113lots ar\u012b k\u0101 \u0161\u0137\u0113rsgriezums, un taj\u0101 redzams stilba kauls un mazais liela kauls, k\u0101 ar\u012b atbilsto\u0161ie musku\u013ci, c\u012bpslas, asinsvadi un taukaudi. Izm\u0113rs: 26 x 10,5 x 13,5 cm, svars: 0,6 kg.<\/li>\n<li><strong>Modelis M232<\/strong>\u0160is cilv\u0113ka lab\u0101s p\u0113das dabiska izm\u0113ra modelis ir atv\u0113rts un par\u0101da kaulus, loc\u012btavas, c\u012bpslas, taukaudus un musku\u013cus. Apak\u0161stilba s\u0101kums ir att\u0113lots ar\u012b k\u0101 \u0161\u0137\u0113rsgriezums, un taj\u0101 redzams stilba kauls un mazais liela kauls, k\u0101 ar\u012b atbilsto\u0161ie musku\u013ci, c\u012bpslas, asinsvadi un taukaudi. Izm\u0113rs: 24,5 x 10,5 x 13,5 cm, svars: 0,6 kg.<\/li>\n<li><strong>Modelis M233<\/strong>Norm\u0101la p\u0113da, plakan\u0101 p\u0113da un velv\u0113ta p\u0113da aptuveni uz pusi maz\u0101ka par dabisko izm\u0113ru. Mode\u013ci ir divpus\u0113ji griezti no s\u0101niem un apak\u0161stilba s\u0101kum\u0101, par\u0101dot kaulus, musku\u013cus un kokgriezumus. Samazin\u0101ta M230, M231 un M232 mode\u013cu vilto\u0161ana. Pieejams tikai komplekt\u0101. Norm\u0101ls p\u0113das izm\u0113rs: 12 x 5 x 6 cm, svars: 0,6 kg.<\/li>\n<li><strong>Modelis 6009<\/strong>Inovat\u012bva koncepcija, kas papildina p\u0113das anatomijas izp\u0113ti! Strat\u0113\u0123iski izvietoti magn\u0113ti pal\u012bdz vad\u012bt mont\u0101\u017eu, skol\u0113niem apg\u016bstot atsevi\u0161\u0137u kaulu un to loc\u012btavu sare\u017e\u0123\u012bt\u0101s \u012bpa\u0161\u012bbas. \u0160aj\u0101 unik\u0101laj\u0101 magn\u0113tiskaj\u0101 p\u0113d\u0101 visas k\u0101jas, iz\u0146emot falangas, ir piln\u012bgi atdal\u012btas. Pamatne ir iek\u013cauta komplekt\u0101.<\/li>\n<li><strong>Modelis 6052<\/strong>K\u0101jas skeleta dabisks atl\u0113jums ar greb\u0113ja apar\u0101tu un saist\u012btajiem musku\u013ciem. Visi k\u0101jas kauli, k\u0101 ar\u012b stilba kauls un maz\u0101 vaiga s\u0101kums ir att\u0113loti atsevi\u0161\u0137i. Ar c\u012bpsl\u0101m pies\u0101tin\u0101tie musku\u013ci ir: garais pirksts, muguras piriformis muskulis, garais pirksts, garais piriformis muskulis, \u012bsais pirksts, garais pirksts, garais pirkstu ekstensors, priek\u0161\u0113jais piriformis muskulis, aug\u0161\u0113jais piriformis muskulis, apak\u0161\u0113jais ekstensors, plant\u0101rais virsmas muskulis un \u012bsais pirkstu ekstensors. Ar no\u0146emamu stat\u012bvu un lat\u012b\u0146u, v\u0101cu un ang\u013cu atsl\u0113g\u0101m.<\/li>\n<li><strong>Modelis 6053<\/strong>Cilv\u0113ka k\u0101jas dabisks atl\u0113jums uz \u0123ip\u0161a. Ar stilba kaula un maz\u0101 liela kaula ievieto\u0161anu. Bez autost\u0101vvietas.<\/li>\n<li><strong>Modelis 6054<\/strong>Dab\u012bga cilv\u0113ka k\u0101jas kust\u012bg\u0101 koka konstrukcija uz stieples. Ar stilba kaula un maz\u0101 liela kaula ievieto\u0161anu. Modelis l\u012bdz\u012bgs 6053, bet ar kaulu numer\u0101ciju. Bez autost\u0101vvietas.<\/li>\n<li><strong>Modelis 6056<\/strong>Re\u0101las cilv\u0113ka k\u0101jas atl\u0113jums ar stilba kaula un maz\u0101 liela kaula ievietojumu. K\u0101ja ir kust\u012bga un uzstiprin\u0101ta uz gumijas, t\u0101p\u0113c apli var lieliski nodemonstr\u0113t.<\/li>\n<li><strong>Modelis 6057<\/strong>Re\u0101las cilv\u0113ka k\u0101jas atl\u0113jums ar stilba kaula un maz\u0101 liela kaula ievietojumu. K\u0101ja ir kust\u012bga un uzstiprin\u0101ta uz gumijas, t\u0101p\u0113c apli var lieliski nodemonstr\u0113t. Ar kaulu numer\u0101ciju.<\/li>\n<li><strong>Modelis 6060<\/strong>Dab\u012bgs, viengabalains cilv\u0113ka k\u0101jas atl\u0113jums. Tiek att\u0113lotas visas strukt\u016bras un anatomisk\u0101s deta\u013cas. \u0100rk\u0101rt\u012bgi izdev\u012bgi!<\/li>\n<li><strong>Modelis 6061<\/strong>\u0160is k\u0101jas skelets ir \u013coti \u0113rts tiem, kas v\u0113las detaliz\u0113ti izp\u0113t\u012bt atsevi\u0161\u0137us kaulus. Pateicoties zaud\u0113tajam stiprin\u0101jumam uz neilona stieples, visus kaulus var atdal\u012bt un p\u0101rbaud\u012bt atsevi\u0161\u0137i. Neskatoties uz to, tie vienm\u0113r paliek pareizaj\u0101 p\u0113das anatomiskaj\u0101 poz\u012bcij\u0101.<\/li>\n<li><strong>Modelis 6062<\/strong>Cilv\u0113ka k\u0101jas dabiska izlie\u0161ana. Var no\u0146emt aug\u0161stilb\u0101, stilba kaul\u0101, ikr\u0101 un p\u0113d\u0101. Modelis l\u012bdz\u012bgs 6068, bet bez pusgurna.<\/li>\n<li><strong>Modelis 6068<\/strong>Cilv\u0113ka k\u0101jas dabiska izlie\u0161ana. Var no\u0146emt aug\u0161stilb\u0101, stilba kaul\u0101, ikr\u0101 un p\u0113d\u0101. Ar no\u0146emamu pusgurnu.<\/li>\n<li><strong>Modelis 6069<\/strong>Cilv\u0113ka k\u0101jas dabiska izlie\u0161ana. Var no\u0146emt aug\u0161stilb\u0101, stilba kaul\u0101, ikr\u0101 un p\u0113d\u0101. Modelis t\u0101ds pats k\u0101 6068, bet ar gumijas k\u0101ji\u0146\u0101m lab\u0101kai kust\u012bbai.<\/li>\n<li><strong>Modelis 6070<\/strong>Cilv\u0113ka k\u0101jas dabiska izlie\u0161ana. Var no\u0146emt aug\u0161stilb\u0101, stilba kaul\u0101, ikr\u0101 un p\u0113d\u0101. Ar no\u0146emamu pusgurnu. Ar musku\u013cu izcelsmes un ievieto\u0161anas vietu mar\u0137\u0113jumu.<\/li>\n<li><strong>Modelis 6071<\/strong>Cilv\u0113ka p\u0113das dabiska izliek\u0161ana. Var no\u0146emt aug\u0161stilb\u0101, stilba kaul\u0101, ikr\u0101 un p\u0113d\u0101. Ar musku\u013cu izcelsmes un ievieto\u0161anas vietu mar\u0137\u0113jumu. Modelis l\u012bdz\u012bgs 6070, bet bez pusgurna.<\/li>\n<li><strong>Modelis 6072<\/strong>Cilv\u0113ka k\u0101jas dabiska izlie\u0161ana. Var no\u0146emt aug\u0161stilb\u0101, stilba kaul\u0101, ikr\u0101 un p\u0113d\u0101. Ar no\u0146emamu pusn\u016bju. Ar musku\u013cu izcelsmes un ievieto\u0161anas vietu mar\u0137\u0113jumu. Modelis t\u0101ds pats k\u0101 6070, bet ar gumijas k\u0101ji\u0146\u0101m lab\u0101kai mobilit\u0101tei.<\/li>\n<li><strong>Modelis 6082<\/strong>Re\u0101l\u0101 dz\u012bves lab\u0101s k\u0101jas modelis, kur\u0101 att\u0113lotas visas galven\u0101s v\u0113nas un art\u0113rijas. Asinsrites sist\u0113ma ir redzama gan aug\u0161\u0113j\u0101, gan plant\u0101r\u0101 virsm\u0101. P\u0113du var no\u0146emt un novietot uz stat\u012bva otr\u0101di, lai viegl\u0101k redz\u0113tu zoles virsmu. Uzb\u016bv\u0113ts uz soli\u0146a. Izm\u0113rs: 22 x 15 x 25 cm<\/li>\n<\/ul>\n<h3>Cilv\u0113ka k\u0101jas un p\u0113das skeleta mode\u013ci \u2013 <a href=\"http:\/\/labostera.lt\/lv\/product-brand\/erler-zimmer-gmbh-co-kg\/\">Erlera-Zimmera anatomijas grupa<\/a><\/h3>\n<p>Vair\u0101k inform\u0101cijas: <a href=\"https:\/\/erler-zimmer.de\/shop\/en\/shop\/anatomical-models\/skeleton-models\/\" target=\"_blank\" rel=\"noopener nofollow\">ra\u017eot\u0101ja t\u012bmek\u013ca vietn\u0113<\/a> vai nos\u016btiet mums piepras\u012bjumu!<\/p>","protected":false},"excerpt":{"rendered":"<p>Erlera-Cimmera cilv\u0113ka k\u0101jas un p\u0113das skeleta modelis \u2013 detaliz\u0113ts cilv\u0113ka k\u0101jas un p\u0113das anatomijas att\u0113lojums. Ide\u0101li piem\u0113rots zin\u0101tniekiem un studentiem.<\/p>","protected":false},"featured_media":18826,"template":"","meta":[],"product_cat":[75,79],"product_tag":[692,702,577,690],"class_list":{"0":"post-18774","1":"product","2":"type-product","3":"status-publish","4":"has-post-thumbnail","6":"product_brand-erler-zimmer-gmbh-co-kg","7":"product_cat-modeliai-manekenai-muliazai","8":"product_cat-mokymo-priemones-ir-iranga","9":"product_tag-erler-zimmer-gmbh-co-kg","10":"product_tag-kojos-ir-pedos-skeleto-modeliai","11":"product_tag-modeliai","12":"product_tag-models","14":"first","15":"onbackorder","16":"shipping-taxable","17":"purchasable","18":"product-type-variable"},"_links":{"self":[{"href":"https:\/\/labostera.lt\/lv\/wp-json\/wp\/v2\/product\/18774","targetHints":{"allow":["GET"]}}],"collection":[{"href":"https:\/\/labostera.lt\/lv\/wp-json\/wp\/v2\/product"}],"about":[{"href":"https:\/\/labostera.lt\/lv\/wp-json\/wp\/v2\/types\/product"}],"wp:featuredmedia":[{"embeddable":true,"href":"https:\/\/labostera.lt\/lv\/wp-json\/wp\/v2\/media\/18826"}],"wp:attachment":[{"href":"https:\/\/labostera.lt\/lv\/wp-json\/wp\/v2\/media?parent=18774"}],"wp:term":[{"taxonomy":"product_cat","embeddable":true,"href":"https:\/\/labostera.lt\/lv\/wp-json\/wp\/v2\/product_cat?post=18774"},{"taxonomy":"product_tag","embeddable":true,"href":"https:\/\/labostera.lt\/lv\/wp-json\/wp\/v2\/product_tag?post=18774"}],"curies":[{"name":"wp","href":"https:\/\/api.w.org\/{rel}","templated":true}]}}