{"id":18728,"date":"2024-02-07T11:35:53","date_gmt":"2024-02-07T09:35:53","guid":{"rendered":"http:\/\/labostera.lt\/?post_type=product&#038;p=18728"},"modified":"2024-02-09T13:05:31","modified_gmt":"2024-02-09T11:05:31","slug":"zmogaus-rankos-skeleto-modelis-erler-zimmer-human-hand-skeleton-model","status":"publish","type":"product","link":"https:\/\/labostera.lt\/lv\/priemones-ir-iranga\/mokymo-priemones-ir-iranga\/modeliai-manekenai-muliazai\/zmogaus-rankos-skeleto-modelis-erler-zimmer-human-hand-skeleton-model\/","title":{"rendered":"Erler-Zimmer cilv\u0113ka rokas skeleta modelis"},"content":{"rendered":"<h2><strong>Erler-Zimmer GmbH &amp; Co. KG cilv\u0113ka rokas skeleta modelis<\/strong>:<\/h2>\n<ul>\n<li><strong>Modelis M161<\/strong>Padzi\u013cin\u0101ti modelis ar lielu precizit\u0101ti un deta\u013c\u0101m par\u0101da rokas anatomiju; Virsmas sl\u0101\u0146us var no\u0146emt da\u017e\u0101dos l\u012bme\u0146os, lai atkl\u0101tu iek\u0161\u0113j\u0101s strukt\u016bras. Musku\u013ci, asinsvadi, nervi, c\u012bpslas, skrim\u0161\u013ca strukt\u016bras un kauli ir labi p\u0101rst\u0101v\u0113ti. Izm\u0113rs: 11 x 13 x 23 cm, svars: 0,5 kg.<\/li>\n<li><strong>Modelis M260<\/strong>\u0160is dabiska lieluma cilv\u0113ka rokas modelis detaliz\u0113ti atspogu\u013co anatomiju. Tas att\u0113lo visas svar\u012bg\u0101s strukt\u016bras, piem\u0113ram, musku\u013cus, c\u012bpslas, saites, kaulus un nervus. Modeli nevar izjaukt un to var iz\u0146emt no tur\u0113t\u0101ja. Izm\u0113rs: 14 x 24 x 4 cm, svars: 0,6 kg.<\/li>\n<li><strong>Modelis 6001<\/strong>Dz\u012bva cilv\u0113ka rokas skeleta kopija. Visi rokas kauli ir atsevi\u0161\u0137i piestiprin\u0101ti pie stieples. Bez tur\u0113t\u0101ja.<\/li>\n<li><strong>Modelis 6002<\/strong>Dz\u012bva cilv\u0113ka rokas skeleta kopija. Visi rokas kauli ir atsevi\u0161\u0137i piestiprin\u0101ti pie stieples. Ar katra rokas kaula papildu numer\u0101ciju.<\/li>\n<li><strong>Modelis 6004<\/strong>\u0160is rokas skelets ir \u013coti \u0113rts tiem, kas v\u0113las detaliz\u0113ti izp\u0113t\u012bt atsevi\u0161\u0137us kaulus. Pateicoties stiprin\u0101jumam uz neilona stieples, visus kaulus var izol\u0113t un p\u0101rbaud\u012bt atsevi\u0161\u0137i. Tom\u0113r tie vienm\u0113r paliek pareizaj\u0101 anatomiskaj\u0101 poz\u012bcij\u0101 rok\u0101.<\/li>\n<li><strong>Modelis 6005<\/strong>Inovat\u012bva koncepcija, kas rokas anatomijas apguvei pie\u0161\u0137ir dinamisku komponentu! Strat\u0113\u0123iski izvietoti magn\u0113tiskie palikt\u0146i pal\u012bdz skol\u0113niem iepaz\u012bties ar atsevi\u0161\u0137\u0101m kaulu sast\u0101vda\u013c\u0101m un to loc\u012btavu mijiedarb\u012bbu. \u0160aj\u0101 unik\u0101laj\u0101 magn\u0113tiskaj\u0101 rok\u0101 visas ekstremit\u0101\u0161u falangas, iz\u0146emot vid\u0113j\u0101s\/aizmugur\u0113j\u0101s ekstremit\u0101tes, ir piln\u012bb\u0101 atdal\u012btas. Pamatne iek\u013cauta.<\/li>\n<li><strong>Modelis 6008<\/strong>Dz\u012bva cilv\u0113ka rokas skeleta kopija. Visi rokas kauli ir atsevi\u0161\u0137i piestiprin\u0101ti pie stieples. Ar siju un cauruli. Var demonstr\u0113t apak\u0161delma kaulu ru\u013c\u013cu kust\u012bbas (pron\u0101cija un supin\u0101cija) un plaukstas loc\u012btavas kust\u012bbas.<\/li>\n<li><strong>Modelis 6011<\/strong>Roka ar apak\u0161delma s\u0101kumu, c\u012bpsl\u0101m, karp\u0101lo kan\u0101lu un nerviem. Skelets ir uzmont\u0113ts uz stieples un sast\u0101v no atsevi\u0161\u0137iem kauliem. Modelis att\u0113lo \u0161\u0101das strukt\u016bras: virspus\u0113j\u0101 medi\u0101l\u0101 pirkstmusku\u013ca c\u012bpslas, gar\u0101 pirkstmusku\u013ca c\u012bpsla, karpusa kop\u0113j\u0101 karp\u0101l\u0101 kan\u0101la \u0161\u016bnas, medi\u0101nais nervs. Padzi\u013cin\u0101ti.<\/li>\n<li><strong>Modelis 6012<\/strong>Dz\u012bva cilv\u0113ka rokas veido\u0161an\u0101s kopija. Apak\u0161delma kaulu ripojo\u0161o kust\u012bbu (pron\u0101cija un supin\u0101cija) un plaukstas loc\u012btavas kust\u012bbu demonstr\u0113\u0161ana. Roka ir uzmont\u0113ta uz stieples. Modelis k\u0101 6016, bet bez plecu siksnas.<\/li>\n<li><strong>Modelis 6016<\/strong>Dz\u012bva cilv\u0113ka rokas veido\u0161an\u0101s kopija. Apak\u0161delma kaulu ripojo\u0161o kust\u012bbu (pron\u0101cija un supin\u0101cija) un plaukstas loc\u012btavas kust\u012bbu demonstr\u0113\u0161ana. Roka ir uzmont\u0113ta uz stieples.<\/li>\n<li><strong>Modelis 6020<\/strong>Dz\u012bva cilv\u0113ka rokas veido\u0161an\u0101s kopija. Apak\u0161delma kaulu ripojo\u0161o kust\u012bbu (pron\u0101cija un supin\u0101cija) un plaukstas loc\u012btavas kust\u012bbu demonstr\u0113\u0161ana. Roka ir uzmont\u0113ta uz stieples. Ieskaitot musku\u013cu izcelsmes un ievieto\u0161anas punktu mar\u0137\u0113\u0161anu. Modelis k\u0101 6021, bet bez plecu siksnas.<\/li>\n<li><strong>Modelis 6021<\/strong>Dz\u012bva cilv\u0113ka rokas veido\u0161an\u0101s kopija. Apak\u0161delma kaulu ripojo\u0161o kust\u012bbu (pron\u0101cija un supin\u0101cija) un plaukstas loc\u012btavas kust\u012bbu demonstr\u0113\u0161ana. Roka ir uzmont\u0113ta uz stieples. Ieskaitot musku\u013cu izcelsmes un ievieto\u0161anas punktu mar\u0137\u0113\u0161anu.<\/li>\n<li><strong>Modelis 6040<\/strong>Dab\u012bgs, nekust\u012bgs, viengabalains \u0123ip\u0161a atl\u0113jums, kur\u0101 att\u0113lota cilv\u0113ka roka. Visu strukt\u016bru un anatomisko deta\u013cu att\u0113lojums. \u012apa\u0161i ekonomiska cena!<\/li>\n<li><strong>Modelis 6080<\/strong>Cilv\u0113ka rokas dabiska \u0123ip\u0161a kopija ar asinsvadu att\u0113lojumu. Par\u0101diet ple\u010da, radi\u0101l\u0101s un elko\u0146a kaula art\u0113rijas ar to atbilsto\u0161aj\u0101m v\u0113n\u0101m un galvenaj\u0101m art\u0113rij\u0101m. Tiek nodro\u0161in\u0101ts bultu komplekts un plaukstas rokas asinsrites sist\u0113ma. Lai atvieglotu rokas asinsvadu sist\u0113mas p\u0113t\u012bjumus, tiek uzsv\u0113rta pareiza izm\u0113ru attiec\u012bba starp atsevi\u0161\u0137iem asinsvadiem. Uz soli\u0146a. Izm\u0113rs: 66 x 18 x 28 cm.<\/li>\n<li><strong>Modelis 6081<\/strong>Dz\u012bva kreis\u0101s rokas kopija da\u013c\u0113ji saliekt\u0101 st\u0101vokl\u012b ar vis\u0101m galvenaj\u0101m v\u0113n\u0101m un art\u0113rij\u0101m. Asinsrites sist\u0113mu p\u0101rst\u0101v gan plaukstas, gan muguras virsmas. Roku var iedarbin\u0101t, lai viegli p\u0101rbaud\u012btu modeli no visiem le\u0146\u0137iem un nepiecie\u0161am\u012bbas gad\u012bjum\u0101 to no\u0146emtu. Uzmont\u0113ts uz stat\u012bva ar atsl\u0113gas karti. Izm\u0113rs: 26 x 15 x 22 cm.<\/li>\n<\/ul>\n<h3>Cilv\u0113ka rokas skeleta mode\u013ci \u2013 <a href=\"http:\/\/labostera.lt\/lv\/product-brand\/erler-zimmer-gmbh-co-kg\/\">Erlera-Zimmera anatomijas grupa<\/a><\/h3>\n<p>Vair\u0101k inform\u0101cijas: <a href=\"https:\/\/erler-zimmer.de\/shop\/en\/shop\/anatomical-models\/skeleton-models\/\" target=\"_blank\" rel=\"noopener nofollow\">ra\u017eot\u0101ja t\u012bmek\u013ca vietn\u0113<\/a> vai nos\u016btiet mums piepras\u012bjumu!<\/p>","protected":false},"excerpt":{"rendered":"<p>Erlera-Cimmera cilv\u0113ka rokas skeleta modelis \u2013 detaliz\u0113ts rokas anatomiskais modelis, kur\u0101 att\u0113lotas visas svar\u012bg\u0101s strukt\u016bras: musku\u013ci, saites, nervi, kauli utt. Lielisks m\u0101c\u012bbu l\u012bdzeklis.<\/p>","protected":false},"featured_media":18746,"template":"","meta":[],"product_cat":[75,79],"product_tag":[692,577,690,700],"class_list":{"0":"post-18728","1":"product","2":"type-product","3":"status-publish","4":"has-post-thumbnail","6":"product_brand-erler-zimmer-gmbh-co-kg","7":"product_cat-modeliai-manekenai-muliazai","8":"product_cat-mokymo-priemones-ir-iranga","9":"product_tag-erler-zimmer-gmbh-co-kg","10":"product_tag-modeliai","11":"product_tag-models","12":"product_tag-rankos-skeleto-modeliai","14":"first","15":"onbackorder","16":"shipping-taxable","17":"purchasable","18":"product-type-variable"},"_links":{"self":[{"href":"https:\/\/labostera.lt\/lv\/wp-json\/wp\/v2\/product\/18728","targetHints":{"allow":["GET"]}}],"collection":[{"href":"https:\/\/labostera.lt\/lv\/wp-json\/wp\/v2\/product"}],"about":[{"href":"https:\/\/labostera.lt\/lv\/wp-json\/wp\/v2\/types\/product"}],"wp:featuredmedia":[{"embeddable":true,"href":"https:\/\/labostera.lt\/lv\/wp-json\/wp\/v2\/media\/18746"}],"wp:attachment":[{"href":"https:\/\/labostera.lt\/lv\/wp-json\/wp\/v2\/media?parent=18728"}],"wp:term":[{"taxonomy":"product_cat","embeddable":true,"href":"https:\/\/labostera.lt\/lv\/wp-json\/wp\/v2\/product_cat?post=18728"},{"taxonomy":"product_tag","embeddable":true,"href":"https:\/\/labostera.lt\/lv\/wp-json\/wp\/v2\/product_tag?post=18728"}],"curies":[{"name":"wp","href":"https:\/\/api.w.org\/{rel}","templated":true}]}}