{"id":18667,"date":"2024-02-07T10:31:25","date_gmt":"2024-02-07T08:31:25","guid":{"rendered":"http:\/\/labostera.lt\/?post_type=product&#038;p=18667"},"modified":"2024-02-09T13:05:39","modified_gmt":"2024-02-09T11:05:39","slug":"zmogaus-vaisiaus-kaukoles-modelis-erler-zimmer-fetal-human-skull-model","status":"publish","type":"product","link":"https:\/\/labostera.lt\/lv\/priemones-ir-iranga\/mokymo-priemones-ir-iranga\/modeliai-manekenai-muliazai\/zmogaus-vaisiaus-kaukoles-modelis-erler-zimmer-fetal-human-skull-model\/","title":{"rendered":"Erler-Zimmer aug\u013ca cilv\u0113ka galvaskausa modelis"},"content":{"rendered":"<h2><strong>Erler-Zimmer GmbH &amp; Co. KG cilv\u0113ka aug\u013ca galvaskausa modelis<\/strong>:<\/h2>\n<ul>\n<li><strong>Modelis 4518:<\/strong> Re\u0101listisks 38 ned\u0113\u013cu aug\u013ca galvaskausa modelis, kas izgatavots no unik\u0101la kaulam l\u012bdz\u012bga materi\u0101la. N\u0101k komplekt\u0101 ar atsl\u0113gas karti.<\/li>\n<li><strong>Modelis 4519:<\/strong> Z\u012bdai\u0146a galvaskauss, 30. gr\u016btniec\u012bbas ned\u0113\u013ca, izm\u0113ri: 12 \u00d7 12 \u00d7 27 cm, svars: 0,4 kg.<\/li>\n<li><strong>Modelis 4727:<\/strong> 40 ned\u0113\u013cu aug\u013ca galvaskauss ar nogrieztu v\u0101ku, m\u0101c\u012bbu l\u012bdzeklis osteologiem. Izm\u0113rs: nav zin\u0101ms.<\/li>\n<li><strong>Modelis 4742:<\/strong> Apbr\u012bnojama 40\u00bd ned\u0113\u013cu veca aug\u013ca galvaskausa rekonstrukcija, izm\u0113rs: 11,9 \u00d7 9,1 \u00d7 8,5 cm.<\/li>\n<li><strong>Modelis 4745:<\/strong> Apbr\u012bnojama 40 ned\u0113\u013cu aug\u013ca galvaskausa rekonstrukcija, izm\u0113rs: 11,4 \u00d7 8,7 \u00d7 8,6 cm.<\/li>\n<li><strong>Modelis 4746:<\/strong> Apbr\u012bnojama 35 ned\u0113\u013cu aug\u013ca galvaskausa rekonstrukcija, izm\u0113rs: 9,7 \u00d7 8,2 \u00d7 7,5 cm.<\/li>\n<li><strong>Modelis 4747:<\/strong> Apbr\u012bnojama 34 ned\u0113\u013cu aug\u013ca galvaskausa rekonstrukcija, izm\u0113rs: 8,7 \u00d7 7,4 \u00d7 6,7 cm.<\/li>\n<li><strong>Modelis 4750:<\/strong> Apbr\u012bnojama 32 ned\u0113\u013cu aug\u013ca galvaskausa rekonstrukcija, izm\u0113rs: 9,7 \u00d7 7,5 \u00d7 7,5 cm.<\/li>\n<li><strong>Modelis 4755:<\/strong> Apbr\u012bnojama 31 ned\u0113\u013cas aug\u013ca galvaskausa rekonstrukcija, izm\u0113rs: 8 \u00d7 6,5 \u00d7 6,5 cm.<\/li>\n<li><strong>Modelis 4757:<\/strong> Apbr\u012bnojama 30 ned\u0113\u013cu aug\u013ca galvaskausa rekonstrukcija, izm\u0113rs: 7,9 \u00d7 6,4 \u00d7 6,1 cm.<\/li>\n<li><strong>Modelis 4760:<\/strong> Apbr\u012bnojama 29. ned\u0113\u013cas aug\u013ca galvaskausa rekonstrukcija, izm\u0113rs: 7,5 \u00d7 5,7 \u00d7 5,9 cm.<\/li>\n<li><strong>Modelis 4762:<\/strong> Apbr\u012bnojama 21,5 ned\u0113\u013cas veca aug\u013ca galvaskausa rekonstrukcija, izm\u0113rs: 5,9 \u00d7 4,2 \u00d7 4,6 cm.<\/li>\n<li><strong>Modelis 4765:<\/strong> Apbr\u012bnojama 20 ned\u0113\u013cu aug\u013ca galvaskausa rekonstrukcija, izm\u0113rs: 4,7 \u00d7 3,5 \u00d7 3,8 cm.<\/li>\n<li><strong>Modelis 4767:<\/strong> Apbr\u012bnojama 17 ned\u0113\u013cu aug\u013ca galvaskausa rekonstrukcija, izm\u0113rs: 3,9 \u00d7 3,4 \u00d7 3,3 cm.<\/li>\n<li><strong>Modelis 4768:<\/strong> Apbr\u012bnojama 13 ned\u0113\u013cu aug\u013ca galvaskausa rekonstrukcija, izm\u0113rs: 5,9 \u00d7 4,2 \u00d7 4,6 cm.<\/li>\n<\/ul>\n<h3>Cilv\u0113ka aug\u013ca galvaskausa mode\u013ci \u2013 <a href=\"http:\/\/labostera.lt\/lv\/product-brand\/erler-zimmer-gmbh-co-kg\/\">Erlera-Zimmera anatomijas grupa<\/a><\/h3>\n<p>Vair\u0101k inform\u0101cijas: <a href=\"https:\/\/erler-zimmer.de\/shop\/en\/shop\/anatomical-models\/skeleton-models\/\" target=\"_blank\" rel=\"noopener nofollow\">ra\u017eot\u0101ja t\u012bmek\u013ca vietn\u0113<\/a> vai nos\u016btiet mums piepras\u012bjumu!<\/p>","protected":false},"excerpt":{"rendered":"<p>Erlera-Cimmera cilv\u0113ka aug\u013ca galvaskausa modelis \u2013 izcils 38 ned\u0113\u013cu aug\u013ca galvaskausa modelis, kas par\u0101da zobu un kaulu izvietojumu. Prec\u012bzas deta\u013cas formas att\u0113ls. Ide\u0101ls m\u0101c\u012bbu l\u012bdzeklis. <\/p>","protected":false},"featured_media":18708,"template":"","meta":[],"product_cat":[75,79],"product_tag":[692,577,690,698],"class_list":{"0":"post-18667","1":"product","2":"type-product","3":"status-publish","4":"has-post-thumbnail","6":"product_brand-erler-zimmer-gmbh-co-kg","7":"product_cat-modeliai-manekenai-muliazai","8":"product_cat-mokymo-priemones-ir-iranga","9":"product_tag-erler-zimmer-gmbh-co-kg","10":"product_tag-modeliai","11":"product_tag-models","12":"product_tag-zmogaus-kaukoles-modeliai","14":"first","15":"onbackorder","16":"shipping-taxable","17":"purchasable","18":"product-type-variable"},"_links":{"self":[{"href":"https:\/\/labostera.lt\/lv\/wp-json\/wp\/v2\/product\/18667","targetHints":{"allow":["GET"]}}],"collection":[{"href":"https:\/\/labostera.lt\/lv\/wp-json\/wp\/v2\/product"}],"about":[{"href":"https:\/\/labostera.lt\/lv\/wp-json\/wp\/v2\/types\/product"}],"wp:featuredmedia":[{"embeddable":true,"href":"https:\/\/labostera.lt\/lv\/wp-json\/wp\/v2\/media\/18708"}],"wp:attachment":[{"href":"https:\/\/labostera.lt\/lv\/wp-json\/wp\/v2\/media?parent=18667"}],"wp:term":[{"taxonomy":"product_cat","embeddable":true,"href":"https:\/\/labostera.lt\/lv\/wp-json\/wp\/v2\/product_cat?post=18667"},{"taxonomy":"product_tag","embeddable":true,"href":"https:\/\/labostera.lt\/lv\/wp-json\/wp\/v2\/product_tag?post=18667"}],"curies":[{"name":"wp","href":"https:\/\/api.w.org\/{rel}","templated":true}]}}