{"id":18599,"date":"2024-02-06T14:10:08","date_gmt":"2024-02-06T12:10:08","guid":{"rendered":"http:\/\/labostera.lt\/?post_type=product&#038;p=18599"},"modified":"2024-02-09T13:05:42","modified_gmt":"2024-02-09T11:05:42","slug":"zmogaus-kaukoles-modelis-erler-zimmer-human-skull-model","status":"publish","type":"product","link":"https:\/\/labostera.lt\/lv\/priemones-ir-iranga\/mokymo-priemones-ir-iranga\/modeliai-manekenai-muliazai\/zmogaus-kaukoles-modelis-erler-zimmer-human-skull-model\/","title":{"rendered":"Erlera-Zimmera cilv\u0113ka galvaskausa modelis"},"content":{"rendered":"<h2><strong>\u201eErler-Zimmer GmbH &amp; Co. KG cilv\u0113ka galvaskausa modelis<\/strong>:<\/h2>\n<ul>\n<li><strong>Modelis 4500<\/strong>Re\u0101listisks cilv\u0113ka galvaskausa modelis ar daudz\u0101m deta\u013c\u0101m. Sast\u0101v no trim da\u013c\u0101m: galvaskausa pamatnes, galvaskausa v\u0101ka un \u017eok\u013ca. Zobi atbilst re\u0101listiskam zobu izvietojumam un formai.<\/li>\n<li><strong>Modelis 4505<\/strong>Galvaskausa modelis, kas l\u012bdz\u012bgs atsaucei 4500, bet ar papildu numur\u0113tiem kauliem un strukt\u016br\u0101m.<\/li>\n<li><strong>Modelis 4508<\/strong>Galvaskausa modelis, kas l\u012bdz\u012bgs atsaucei 4500, bet ar papildu numur\u0113tiem kauliem un didaktiskiem att\u0113liem vien\u0101 galvaskausa pus\u0113.<\/li>\n<li><strong>Modelis 4509<\/strong>Galvaskausa modelis, kas l\u012bdz\u012bgs atsaucei 4500, bet ar papildu rakstiem musku\u013cu ievieto\u0161anas un s\u0101kuma viet\u0101s.<\/li>\n<li><strong>Modelis 4512<\/strong>\u0160is modelis \u013cauj demonstr\u0113t ko\u0161\u013c\u0101\u0161anas musku\u013cu funkciju ar \u017eok\u013ca aizv\u0113r\u0161anu, atv\u0113r\u0161anu, k\u0101 ar\u012b s\u0101nu un priek\u0161\u0113jo nob\u012bdi. Galvaskausa v\u0101ci\u0146\u0161 ir no\u0146emams, un \u017eoklis ir kust\u012bgs.<\/li>\n<li><strong>Modelis 4513<\/strong>Aug\u0161\u0113j\u0101 un apak\u0161\u0113j\u0101 \u017eok\u013ca zobus var iz\u0146emt un ievietot atpaka\u013c. \u017doklis ir atv\u0113rts un redzamas saknes, porain\u0101 virsma, nervu kan\u0101li un iespr\u016bdis gudr\u012bbas zobs.<\/li>\n<li><strong>Modelis 4514<\/strong>\u0160is iespaid\u012bgais modelis att\u0113lo cilv\u0113ka galvaskausu ar vissvar\u012bg\u0101kajiem galvas musku\u013ciem vien\u0101 pus\u0113. Galvaskauss ir l\u012bdz\u012bgs 4500 modelim, bet \u017eoklis ir nekust\u012bgs. Galvaskausa v\u0101ku var atv\u0113rt un no\u0146emt.<\/li>\n<li><strong>Modelis 4516<\/strong>\u0160aj\u0101 model\u012b ir att\u0113lots dabiska lieluma galvaskauss ar septi\u0146iem kakla skrieme\u013ciem. Art\u0113rijas ir att\u0113lotas vien\u0101 pus\u0113, bet nervi \u2014 otr\u0101 pus\u0113. No\u0146emot v\u0101ku, atkl\u0101jas galvenie nervi un art\u0113rijas galvaskausa iek\u0161pus\u0113.<\/li>\n<li><strong>Modelis 4533<\/strong>Re\u0101listisks cilv\u0113ka galvaskausa modelis, kas sast\u0101v no galvaskausa pamatnes, galvaskausa v\u0101ci\u0146a un \u017eok\u013ca. Zobi atbilst re\u0101listiskam zobu izvietojumam un formai. Galvaskausa v\u0101ci\u0146\u0161 ir no\u0146emams, \u017eoklis ir kust\u012bgs.<\/li>\n<li><strong>Modelis 4650<\/strong>Miniat\u016brs cilv\u0113ka galvaskauss dabiska izm\u0113ra. Ar kust\u012bgu \u017eokli un no\u0146emamu galvaskausa v\u0101ci\u0146u. Ar no\u0146emamu stat\u012bvu.<\/li>\n<li><strong>Modelis 4701<\/strong>\u0160is modelis ir veidots no 22 atsevi\u0161\u0137iem kauliem, un tam ir \u0113rta magn\u0113tisk\u0101 savienojuma sist\u0113ma, kas \u013cauj viegli salikt un izjaukt modeli. Piem\u0113rots osteop\u0101tiem.<\/li>\n<li><strong>Modelis 4705<\/strong>\u0160is augst\u0101k\u0101s klases galvaskausa modelis ir veidots no 22 atsevi\u0161\u0137iem kauliem un 32 atsevi\u0161\u0137iem zobiem. Tas ir veidots no katra kaula no piln\u012bb\u0101 desartikul\u0113ta mode\u013ca (atsauces nr. 4706) un ir uzst\u0101d\u012bts uz stat\u012bva, kur\u0101 abi pariet\u0101lie kauli ir atdal\u012bti, t\u0101d\u0113j\u0101di nodro\u0161inot piek\u013cuvi galvaskausa iek\u0161pusei. Var iz\u0146emt 32 atsevi\u0161\u0137us zobus. \u0160is galvaskauss, visticam\u0101k, pieder jaunai pieaugu\u0161ai sievietei, ir s\u012bki detaliz\u0113ts, ar vis\u0101m atver\u0113m, kan\u0101liem, \u0161uv\u0113m un deta\u013c\u0101m, kas l\u012bdzin\u0101s \u012bstam galvaskausam.<\/li>\n<li><strong>Modelis 4708<\/strong>\u0160is aizraujo\u0161ais galvaskausa modelis ir veidots no 22 atsevi\u0161\u0137iem kauliem, un tam ir \u0113rta magn\u0113tisk\u0101 savienojuma sist\u0113ma, kas \u013cauj viegli salikt un izjaukt modeli. Piem\u0113rots osteop\u0101tiem.<\/li>\n<li><strong>Modelis 4710<\/strong>Augst\u0101k\u0101s klases \u012bsta lieta galvaskausa da\u013ca ar \u0101rk\u0101rt\u012bgi liel\u0101m pieaugu\u0161a v\u012brie\u0161a deta\u013c\u0101m. Pateicoties \u013coti \u012bpa\u0161ai ra\u017eo\u0161anas tehnolo\u0123ijai, tiek atveidotas pat viss\u012bk\u0101k\u0101s deta\u013cas. Augstas kvalit\u0101tes strukt\u016bras d\u0113\u013c tas izskat\u0101s un j\u016btas gandr\u012bz k\u0101 \u012bsts cilv\u0113ka galvaskauss.<\/li>\n<li><strong>Modelis 4715<\/strong>Augst\u0101k\u0101s klases \u012bsta lieta galvaskausa da\u013ca ar \u0101rk\u0101rt\u012bgi liel\u0101m pieaugu\u0161as sievietes deta\u013c\u0101m. Pateicoties \u013coti \u012bpa\u0161ai ra\u017eo\u0161anas tehnolo\u0123ijai, tiek atveidotas pat viss\u012bk\u0101k\u0101s deta\u013cas. Augstas kvalit\u0101tes strukt\u016bras d\u0113\u013c tas izskat\u0101s un j\u016btas gandr\u012bz k\u0101 \u012bsts cilv\u0113ka galvaskauss.<\/li>\n<li><strong>Modelis 4721<\/strong>Pirmklas\u012bga \u012bsta lieta galvaskausa da\u013ca ar \u0101rk\u0101rt\u012bgi liel\u0101m pusaugu meitenes deta\u013c\u0101m. Pateicoties \u013coti \u012bpa\u0161ai ra\u017eo\u0161anas tehnolo\u0123ijai, tiek atveidotas pat viss\u012bk\u0101k\u0101s deta\u013cas. Augstas kvalit\u0101tes strukt\u016bras d\u0113\u013c tas izskat\u0101s un j\u016btas gandr\u012bz k\u0101 \u012bsts cilv\u0113ka galvaskauss. Divda\u013c\u012bgs modelis.<\/li>\n<li><strong>Modelis 4725<\/strong>Pirmklas\u012bga \u012bsta lieta galvaskausa da\u013ca ar \u0101rk\u0101rt\u012bgi liel\u0101m 12 gadus vecas meitenes deta\u013c\u0101m. Pateicoties \u013coti \u012bpa\u0161ai ra\u017eo\u0161anas tehnolo\u0123ijai, tiek atveidotas pat viss\u012bk\u0101k\u0101s deta\u013cas. Augstas kvalit\u0101tes konstrukcijas d\u0113\u013c t\u0101 izskat\u0101s un j\u016btas gandr\u012bz k\u0101 \u012bsts cilv\u0113ka galvaskauss.<\/li>\n<li><strong>Modelis 4728<\/strong>\u0160is artikul\u0113tais galvaskauss ir no pilnlaika (10 m\u0113ne\u0161us veca) aug\u013ca. Pirms non\u0101k\u0161anas Maksvela muzej\u0101 tas bija da\u013ca no medic\u012bnas eksperta sal\u012bdzino\u0161\u0101s patolo\u0123ijas kolekcijas un ir iev\u0113rojams ar savu piln\u012bgumu. Katrs kauls, gan liels, gan mazs, ir rekonstru\u0113ts \u013coti detaliz\u0113ti.<\/li>\n<li><strong>Modelis 4730<\/strong>Pirmklas\u012bga \u012bsta lieta galvaskausa da\u013ca ar izcili liel\u0101m 5 gadus veca b\u0113rna deta\u013c\u0101m. Pateicoties \u013coti \u012bpa\u0161ai ra\u017eo\u0161anas tehnolo\u0123ijai, tiek atveidotas pat viss\u012bk\u0101k\u0101s deta\u013cas. Augstas kvalit\u0101tes strukt\u016bras d\u0113\u013c tas izskat\u0101s un j\u016btas gandr\u012bz k\u0101 \u012bsts cilv\u0113ka galvaskauss.<\/li>\n<li><strong>Modelis 4739<\/strong>\u0160is galvaskauss ir lielisks pusaud\u017ea piem\u0113rs. Iz\u0146emot gudr\u012bbas zobus, visi past\u0101v\u012bgie zobi ir piln\u012bb\u0101 iz\u0161\u0137\u012blu\u0161ies, un neiz\u0161\u0137\u012blu\u0161ies zobi ir paliku\u0161i. Ilk\u0146i, premol\u0101ri un otrie mol\u0101ri radiogr\u0101fiski var b\u016bt aizv\u0113rti apm\u0113ram pus\u0113 l\u012bdz div\u0101s tre\u0161da\u013c\u0101s; tas atbilst 13,5 l\u012bdz 14 gadiem.<\/li>\n<li><strong>Modelis 4740<\/strong>Pirmklas\u012bga \u012bsta lieta galvaskausa da\u013ca ar izcili liel\u0101m 15 m\u0113ne\u0161us veca b\u0113rna deta\u013c\u0101m. Pateicoties \u013coti \u012bpa\u0161ai ra\u017eo\u0161anas tehnolo\u0123ijai, tiek atveidotas pat viss\u012bk\u0101k\u0101s deta\u013cas. Augstas kvalit\u0101tes strukt\u016bras d\u0113\u013c tas izskat\u0101s un j\u016btas gandr\u012bz k\u0101 \u012bsts cilv\u0113ka galvaskauss.<\/li>\n<li><strong>Modelis 4770<\/strong>Pirmklas\u012bga \u012bsta, lieta galvaskausa da\u013ca ar izcili liel\u0101m deta\u013c\u0101m un 1 gadu veca b\u0113rna galvaskausa griezumu. Pateicoties \u013coti \u012bpa\u0161ai ra\u017eo\u0161anas tehnolo\u0123ijai, tiek atveidotas pat viss\u012bk\u0101k\u0101s deta\u013cas. Augstas kvalit\u0101tes strukt\u016bras d\u0113\u013c tas izskat\u0101s un j\u016btas gandr\u012bz k\u0101 \u012bsts cilv\u0113ka galvaskauss.<\/li>\n<li><strong>Modelis 4774<\/strong>Pirmklas\u012bga \u012bsta lieta galvaskausa da\u013ca ar izcili liel\u0101m 4 gadus veca b\u0113rna deta\u013c\u0101m. Pateicoties \u013coti \u012bpa\u0161ai ra\u017eo\u0161anas tehnolo\u0123ijai, tiek atveidotas pat viss\u012bk\u0101k\u0101s deta\u013cas. Augstas kvalit\u0101tes strukt\u016bras d\u0113\u013c tas izskat\u0101s un j\u016btas gandr\u012bz k\u0101 \u012bsts cilv\u0113ka galvaskauss.<\/li>\n<li><strong>Modelis 4775<\/strong>Pirmklas\u012bga \u012bsta lieta galvaskausa da\u013ca ar izcili liel\u0101m 1,5 gadus veca b\u0113rna deta\u013c\u0101m. Pateicoties \u013coti \u012bpa\u0161ai ra\u017eo\u0161anas tehnolo\u0123ijai, tiek atveidotas pat viss\u012bk\u0101k\u0101s deta\u013cas. Augstas kvalit\u0101tes strukt\u016bras d\u0113\u013c tas izskat\u0101s un j\u016btas gandr\u012bz k\u0101 \u012bsts cilv\u0113ka galvaskauss.<\/li>\n<li><strong>Modelis 4776<\/strong>Pirmklas\u012bga \u012bsta galvaskausa lieta da\u013ca ar izcili detaliz\u0113tu att\u0113lojumu, kas att\u0113lo 3 gadus vecu b\u0113rnu. \u0160aj\u0101 galvaskaus\u0101 redzami ar\u012b daudzi vormijas kauli (\u0161uves), kas atrodas pie lambdo\u012bd\u0101 \u0161uves. Att\u0113lots ar\u012b epipterozais kauls, kas ir vormijas kauls, kas atrodams anatomisk\u0101 orientier\u012b, ko sauc par pterionu.<\/li>\n<li><strong>Modelis 4777<\/strong>Pirmklas\u012bga \u012bsta lieta galvaskausa da\u013ca ar izcili liel\u0101m 14 m\u0113ne\u0161us veca b\u0113rna deta\u013c\u0101m. Pateicoties \u013coti \u012bpa\u0161ai ra\u017eo\u0161anas tehnolo\u0123ijai, tiek atveidotas pat viss\u012bk\u0101k\u0101s deta\u013cas. Augstas kvalit\u0101tes strukt\u016bras d\u0113\u013c tas izskat\u0101s un j\u016btas gandr\u012bz k\u0101 \u012bsts cilv\u0113ka galvaskauss.<\/li>\n<li><strong>Modelis 4778<\/strong>Lielisks piem\u0113rs neparasti garam un \u0161auram galvaskausam sagit\u0101l\u0101s loc\u012btavas priek\u0161laic\u012bgas sl\u0113g\u0161an\u0101s d\u0113\u013c ar smag\u0101m kaulu \u0161\u0137iedr\u0101m sagit\u0101l\u0101s loc\u012btavas l\u012bnij\u0101.<\/li>\n<li><strong>Modelis 4779<\/strong>Pirmklas\u012bga \u012bsta lieta galvaskausa da\u013ca ar izcili liel\u0101m 9 gadus veca b\u0113rna deta\u013c\u0101m. Pateicoties \u013coti \u012bpa\u0161ai ra\u017eo\u0161anas tehnolo\u0123ijai, tiek atveidotas pat viss\u012bk\u0101k\u0101s deta\u013cas. Augstas kvalit\u0101tes strukt\u016bras d\u0113\u013c tas izskat\u0101s un j\u016btas gandr\u012bz k\u0101 \u012bsts cilv\u0113ka galvaskauss.<\/li>\n<li><strong>Modelis 4800<\/strong>\u0160is galvaskausa modelis ir saglab\u0101jusies \u012bsta cilv\u0113ka parauga da\u013ca un p\u0113c iesp\u0113jas detaliz\u0113t\u0101k att\u0113lo visas anatomisk\u0101s strukt\u016bras. Tas ir paredz\u0113ts medic\u012bnas, \u0137irur\u0123ijas, otolaringolo\u0123ijas, oftalmolo\u0123ijas un zob\u0101rstniec\u012bbas studentiem. Galvaskauss ir sare\u017e\u0123\u012bti izgriezts un savienots ar met\u0101la un magn\u0113tisk\u0101m loc\u012btav\u0101m.<\/li>\n<li><strong>Modelis 4810<\/strong>\u0160is galvaskausa modelis ir saglab\u0101jusies \u012bsta b\u0113rna galvaskausa parauga da\u013ca un att\u0113lo visas anatomisk\u0101s strukt\u016bras visaugst\u0101kaj\u0101 detaliz\u0101cijas l\u012bmen\u012b. Tas tika izveidots anatomijas, medic\u012bnas, \u0137irur\u0123ijas, LOR medic\u012bnas, oftalmolo\u0123ijas un zob\u0101rstniec\u012bbas studentiem. Galvaskauss ir sare\u017e\u0123\u012bti izgriezts un savienots ar met\u0101la un magn\u0113tisk\u0101m loc\u012btav\u0101m.<\/li>\n<\/ul>\n<h3>Cilv\u0113ka galvaskausa mode\u013ci \u2013 <a href=\"http:\/\/labostera.lt\/lv\/product-brand\/erler-zimmer-gmbh-co-kg\/\">Erlera-Zimmera anatomijas grupa<\/a><\/h3>\n<p>Vair\u0101k inform\u0101cijas: <a href=\"https:\/\/erler-zimmer.de\/shop\/en\/shop\/anatomical-models\/skeleton-models\/\" target=\"_blank\" rel=\"noopener nofollow\">ra\u017eot\u0101ja t\u012bmek\u013ca vietn\u0113<\/a> vai nos\u016btiet mums piepras\u012bjumu!<\/p>","protected":false},"excerpt":{"rendered":"<p>Erlera-Zimmera cilv\u0113ka galvaskausa mode\u013ci \u2013 re\u0101listiski un detaliz\u0113ti replikas mode\u013ci ar numur\u0113tiem kauliem un rakstiem. Piem\u0113rots medic\u012bniskajai izgl\u012bt\u012bbai un praksei. Izv\u0113lieties no da\u017e\u0101diem mode\u013ciem \u0161eit!<\/p>","protected":false},"featured_media":18636,"template":"","meta":[],"product_cat":[75,79],"product_tag":[692,577,690,698],"class_list":{"0":"post-18599","1":"product","2":"type-product","3":"status-publish","4":"has-post-thumbnail","6":"product_brand-erler-zimmer-gmbh-co-kg","7":"product_cat-modeliai-manekenai-muliazai","8":"product_cat-mokymo-priemones-ir-iranga","9":"product_tag-erler-zimmer-gmbh-co-kg","10":"product_tag-modeliai","11":"product_tag-models","12":"product_tag-zmogaus-kaukoles-modeliai","14":"first","15":"onbackorder","16":"shipping-taxable","17":"purchasable","18":"product-type-variable"},"_links":{"self":[{"href":"https:\/\/labostera.lt\/lv\/wp-json\/wp\/v2\/product\/18599","targetHints":{"allow":["GET"]}}],"collection":[{"href":"https:\/\/labostera.lt\/lv\/wp-json\/wp\/v2\/product"}],"about":[{"href":"https:\/\/labostera.lt\/lv\/wp-json\/wp\/v2\/types\/product"}],"wp:featuredmedia":[{"embeddable":true,"href":"https:\/\/labostera.lt\/lv\/wp-json\/wp\/v2\/media\/18636"}],"wp:attachment":[{"href":"https:\/\/labostera.lt\/lv\/wp-json\/wp\/v2\/media?parent=18599"}],"wp:term":[{"taxonomy":"product_cat","embeddable":true,"href":"https:\/\/labostera.lt\/lv\/wp-json\/wp\/v2\/product_cat?post=18599"},{"taxonomy":"product_tag","embeddable":true,"href":"https:\/\/labostera.lt\/lv\/wp-json\/wp\/v2\/product_tag?post=18599"}],"curies":[{"name":"wp","href":"https:\/\/api.w.org\/{rel}","templated":true}]}}