{"id":18512,"date":"2024-02-06T10:20:08","date_gmt":"2024-02-06T08:20:08","guid":{"rendered":"http:\/\/labostera.lt\/?post_type=product&#038;p=18512"},"modified":"2024-02-09T13:05:48","modified_gmt":"2024-02-09T11:05:48","slug":"zmogaus-stuburo-modelis-erler-zimmer-human-spine-model","status":"publish","type":"product","link":"https:\/\/labostera.lt\/lv\/priemones-ir-iranga\/mokymo-priemones-ir-iranga\/modeliai-manekenai-muliazai\/zmogaus-stuburo-modelis-erler-zimmer-human-spine-model\/","title":{"rendered":"Erler-Zimmer cilv\u0113ka mugurkaula modelis"},"content":{"rendered":"<h2><strong>Erler-Zimmer GmbH &amp; Co. KG cilv\u0113ka mugurkaula modelis<\/strong>:<\/h2>\n<ul>\n<li><strong>Modelis A250<\/strong>Augstas kvalit\u0101tes cilv\u0113ka mugurkaula modelis ar no\u0146emamu iegur\u0146a kaulu. Modelis sast\u0101v no kakla, kr\u016b\u0161u kurvja un jostas skrieme\u013ciem, krustu kaula, astes kaula un pilna iegur\u0146a. Tiek nodro\u0161in\u0101ta mugurkaula art\u0113riju, muguras smadze\u0146u nervu zaru un L3-L4 starpskrieme\u013cu disku tr\u016bces att\u0113ldiagnostika. Piestiprin\u0101ts pie stat\u012bva. Izm\u0113rs: 75 cm, svars: aptuveni 2,5 kg<\/li>\n<li><strong>Modelis A251<\/strong>Augstas kvalit\u0101tes cilv\u0113ka mugurkaula modelis ar no\u0146emamu iegur\u0146a kaulu. Modelis sast\u0101v no kakla, kr\u016b\u0161u kurvja un jostas skrieme\u013ciem, krustu kaula, astes kaula, pilna iegur\u0146a ar simfizi un no\u0146emamiem aug\u0161stilba kaula galiem. Tiek nodro\u0161in\u0101ta mugurkaula art\u0113riju, muguras smadze\u0146u nervu zaru un L3-L4 starpskrieme\u013cu disku tr\u016bces att\u0113ldiagnostika. Piestiprin\u0101ts pie stat\u012bva. Izm\u0113rs: 85 cm, svars: aptuveni 2,9 kg<\/li>\n<li><strong>Modelis 4001<\/strong>Samazin\u0101ta izm\u0113ra cilv\u0113ka mugurkaula modelis, aptuveni puse no dabisk\u0101 izm\u0113ra. Visi kauli tiek par\u0101d\u012bti atsevi\u0161\u0137i. \u0160is piln\u012bb\u0101 kust\u012bgais modelis att\u0113lo skrieme\u013cus, galvaskausa pamatnes galvenos segmentus, iegur\u0146a kaulus, starpskrieme\u013cu diskus, mugurkaula art\u0113rijas un izejo\u0161os muguras nervus. Modelis ir ide\u0101li piem\u0113rots ce\u013cojumiem, kursiem, semin\u0101riem vai pat m\u0101jas viz\u012bt\u0113m. \u0112rts un iztur\u012bgs, iederas jebkur\u0101 som\u0101. Modeli var viegli atdal\u012bt no pievilc\u012bg\u0101 stat\u012bva. Izm\u0113rs: 38 cm, svars: 0,2 kg<\/li>\n<li><strong>Modelis 4002<\/strong>Samazin\u0101ta izm\u0113ra cilv\u0113ka mugurkaula modelis, aptuveni puse no dabisk\u0101 izm\u0113ra, kur\u0101 redzami visi kauli, starpskrieme\u013cu diski un muguras nervi. Tiek nodro\u0161in\u0101ta ar\u012b mugurkaula art\u0113riju att\u0113lveido\u0161ana. Piestiprin\u0101ts pie stat\u012bva. Izm\u0113rs: aptuveni 38 cm, svars: 0,3 kg<\/li>\n<li><strong>Modelis 4006<\/strong>Augstas kvalit\u0101tes cilv\u0113ka mugurkaula modelis ar no\u0146emamu iegur\u0146a kaulu. Modelis ir piestiprin\u0101ts pie elast\u012bgas met\u0101la spir\u0101lveida caurules, kas padara mugurkaulu sp\u0113c\u012bgu un vienlaikus \u013coti kust\u012bgu. \u012apa\u0161i elast\u012bgi starpskrieme\u013cu diski uzvedas k\u0101 dabiski starpskrieme\u013cu diski. Tiek par\u0101d\u012bti ar\u012b mugurkaula nervi un mugurkaula art\u0113rijas. Bez stat\u012bva. Izm\u0113rs: 70 cm, svars: 1,8 kg<\/li>\n<li><strong>Modelis 4010-1<\/strong>Mugurkauls ar iegur\u0146a kaulu, att\u0113lojums kr\u0101sainos plankumos<\/li>\n<li><strong>Modelis 4011-1<\/strong>Mugurkauls ar iegur\u0146a kaulu un musku\u013cu mar\u0137\u0113jumiem<\/li>\n<li><strong>Modelis 4014-1<\/strong>Mugurkauls ar iegur\u0146a kaulu un aug\u0161stilba kaulu galiem<\/li>\n<li><strong>Modelis 4017<\/strong>Mugurkaul\u0101 ir nov\u0113rojamas iegur\u0146a un aug\u0161stilba kaulu galu deform\u0101cijas. \u0160is modelis var simul\u0113t aug\u0161stilba kaulu kust\u012bbas g\u016b\u017eas loc\u012btav\u0101. Aug\u0161stilba kaulu galus var attiec\u012bgi pacelt un nolaist, un var simul\u0113t vienpus\u0113ju ekstremit\u0101\u0161u sa\u012bsin\u0101\u0161anos un ieg\u016bto iegur\u0146a sl\u012bpumu. Modelis ir \u013coti piem\u0113rots fizioterapijai, mas\u0101\u017eas apm\u0101c\u012bbai un ar\u012b ortop\u0113dij\u0101 k\u0101 demonstr\u0101cijas modelis. Viegli no\u0146emams no stat\u012bva. Izm\u0113rs: 78 cm, Svars: 4,8 kg<\/li>\n<li><strong>Modelis 4018<\/strong>\u012apa\u0161i izstr\u0101d\u0101ts Zilgrei treni\u0146iem, bet piem\u0113rots ar\u012b fizioterapijas, mas\u0101\u017eas un m\u016bzikas apm\u0101c\u012bbas iest\u0101d\u0113m (dzied\u0101t\u0101jiem, p\u016b\u0161aminstrumentu sp\u0113l\u0113t\u0101jiem) un ortop\u0113dijai. \u0160is modelis var simul\u0113t aug\u0161stilba kaulu kust\u012bbas g\u016b\u017eas loc\u012btav\u0101. Aug\u0161stilba kaulu galus var attiec\u012bgi pacelt un nolaist, un var simul\u0113t vienpus\u0113ju ekstremit\u0101\u0161u sa\u012bsin\u0101\u0161anos un ieg\u016bto iegur\u0146a sl\u012bpumu. K\u0101 tas tiek kompens\u0113ts iegurn\u012b un mugurkaul\u0101, var par\u0101d\u012bt model\u012b. Kr\u016b\u0161kurvja (kr\u016b\u0161kurvja) fiks\u0101cija ar plecu jostu \u013cauj izskaidrot mugurkaula un kr\u016b\u0161kurvja kust\u012bbu kombin\u0101ciju elpo\u0161anas un elpo\u0161anas vingro\u0161anas laik\u0101. Viegli no\u0146emams no stat\u012bva. Izm\u0113rs: 78 cm, svars: 5,4 kg<\/li>\n<li><strong>Modelis 4020<\/strong>Skrieme\u013ca skriemelis ar kr\u016b\u0161kurvi, galvas aizmuguri, mugurkaula art\u0113riju, muguras smadzen\u0113m, izejo\u0161ajiem muguras nerviem un kust\u012bgo ribu loku. Kr\u016b\u0161kurvja (kr\u016b\u0161kurvja) fiks\u0101cija ar plecu jostu \u013cauj izskaidrot mugurkaula un kr\u016b\u0161kurvja kust\u012bbu kombin\u0101ciju elpo\u0161anas un elpo\u0161anas vingro\u0161anas laik\u0101. Pateicoties \u012bpa\u0161ajai kr\u016b\u0161u-later\u0101lajai ribu skrim\u0161\u013ca loc\u012btavai, var veikt ar\u012b asimetriskas kust\u012bbas. \u0160is funkcion\u0101lais modelis ir piem\u0113rots fizioterapijai, mas\u0101\u017eas apm\u0101c\u012bbai, m\u016bzikas izgl\u012bt\u012bbai (dzied\u0101t\u0101jiem, p\u016b\u0161aminstrumentu sp\u0113l\u0113t\u0101jiem) un pirm\u0101s pal\u012bdz\u012bbas kursiem. Viegli no\u0146emams no stat\u012bva. Izm\u0113rs bez stat\u012bva: apm. 70 cm, Svars: 5,3 kg<\/li>\n<li><strong>Modelis 4024<\/strong>\u012asts augst\u0101k\u0101s kvalit\u0101tes cilv\u0113ka mugurkaula modelis ar no\u0146emamu iegur\u0146a kaulu. Starpskrieme\u013cu diski ir izgatavoti no plastmasas un tiem ir redzama tr\u016bce starp L2 un L3. Modelis ir piestiprin\u0101ts pie elast\u012bgas met\u0101la caurules, t\u0101p\u0113c ir \u013coti mobils un pietiekami iztur\u012bgs intens\u012bvai lieto\u0161anai. Tiek par\u0101d\u012bti ar\u012b muguras nervi un mugurkaula art\u0113rijas. Izm\u0113rs bez stat\u012bva: 70 cm, svars bez stat\u012bva: 1,9 kg<\/li>\n<li><strong>Modelis 4033-1<\/strong>\u012asts augst\u0101k\u0101s kvalit\u0101tes cilv\u0113ka mugurkaula modelis ar no\u0146emamu iegur\u0146a kaulu. Starpskrieme\u013cu diski ir izgatavoti no plastmasas un tiem ir redzama tr\u016bce starp L2 un L3. Modelis ir piestiprin\u0101ts pie elast\u012bgas met\u0101la caurules, t\u0101p\u0113c ir \u013coti mobils un pietiekami iztur\u012bgs intens\u012bvai lieto\u0161anai. Tiek par\u0101d\u012bti ar\u012b muguras nervi un mugurkaula art\u0113rijas. Izm\u0113rs bez stat\u012bva: 70 cm, svars bez stat\u012bva: 1,9 kg<\/li>\n<li><strong>Modelis 4034<\/strong>\u012asts cilv\u0113ka kakla mugurkaula modelis, elast\u012bgs, ar galvaskausa daivu, muguras nerviem, muguras smadzen\u0113m, smadze\u0146u stumbru un nervu stumbru. Turkl\u0101t tiek att\u0113loti kakla mugurkaula musku\u013ci. \u0160aj\u0101 kakla mugurkaul\u0101 ir redzami dzi\u013c\u0101ki musku\u013cu sl\u0101\u0146i. Uz pamatnes. Izm\u0113rs: 25 x 10 x 18 cm, svars: 0,7 kg<\/li>\n<li><strong>Modelis 4036<\/strong>L1 l\u012bdz L5 un krustu kauls ir elast\u012bgi. Ar muguras nerviem un izejo\u0161ajiem muguras nerviem. Var demonstr\u0113t visas kust\u012bbas jostas da\u013c\u0101. Ar no\u0146emamu stat\u012bvu.<\/li>\n<li><strong>Modelis 4040<\/strong>5 jostas skrieme\u013ci ar krustu kaulu, papildus ar no\u0146emamu iegur\u0146a kaulu.<\/li>\n<li><strong>Modelis 4045<\/strong>5 jostas skrieme\u013ci ar krustu kaulu, papildus ar no\u0146emamu iegur\u0146a kaulu un aug\u0161stilba kaula galiem.<\/li>\n<li><strong>Modelis 4045G<\/strong>5 jostas skrieme\u013ci ar krustu kaulu, papildus ar no\u0146emamu iegur\u0146a kaulu un no\u0146emamiem aug\u0161stilba kaula galiem. Ar elast\u012bgu stat\u012bvu, kas \u013cauj par\u0101d\u012bt krop\u013cojumus, piem\u0113ram, vienpus\u0113ju ekstremit\u0101\u0161u sa\u012bsin\u0101\u0161anos.<\/li>\n<li><strong>Modelis 4047<\/strong>Sast\u0101v no 3 jostas skrieme\u013ciem ar starpskrieme\u013cu diskiem, muguras smadzen\u0113m un izejo\u0161ajiem muguras nerviem. Tiek par\u0101d\u012bts viens norm\u0101ls starpskrieme\u013cu disks, viens starpskrieme\u013cu disks ar s\u0101nu tr\u016bci un viens starpskrieme\u013cu disks ar iek\u0161\u0113jo tr\u016bci. Modeli var izjaukt, un starpskrieme\u013cu diskus var iz\u0146emt r\u016bp\u012bg\u0101kai p\u0101rbaudei. Dabisk\u0101 lie\u0161ana. Ar no\u0146emamu stat\u012bvu.<\/li>\n<li><strong>Modelis 4050<\/strong>Re\u0101listisks cilv\u0113ka iegur\u0146a modelis ar jostas da\u013cu. Mugurkaula\/iegur\u0146a modelis ir elast\u012bgs, par\u0101dot jostas da\u013cas virspus\u0113jos, dzi\u013c\u0101kos un dzi\u013c\u0101kos musku\u013cu sl\u0101\u0146us. Turkl\u0101t tiek att\u0113lotas muguras smadzenes un muguras nervi. Skrieme\u013ci ir elast\u012bgi savienoti ar krustu kaulu, lai nodro\u0161in\u0101tu dabiskas kust\u012bbas. Uz stat\u012bva, no\u0146emams. Izm\u0113rs: 39 x 26 x 21 cm, svars: 1,5 kg<\/li>\n<li><strong>Modelis 4060<\/strong>Th1 l\u012bdz Th12 ir elast\u012bgi. Ar muguras nerviem un izejo\u0161ajiem muguras nerviem. Var demonstr\u0113t visas kust\u012bbas kr\u016b\u0161u mugurkaul\u0101. Ar no\u0146emamu stat\u012bvu.<\/li>\n<li><strong>Modelis 4068<\/strong>\u0160is cilv\u0113ka jostas skrieme\u013cu modelis atrodas vidusda\u013c\u0101 un vien\u0101 pus\u0113 par\u0101da vesel\u012bgu kaulu strukt\u016bru, bet otr\u0101 pus\u0113 \u2013 osteoporotiskas kaulu strukt\u016bras. Modelis sast\u0101v no magn\u0113tisk\u0101m da\u013c\u0101m un ir viegli no\u0146emams no stat\u012bva. Izm\u0113rs: 13 x 12 x 7 cm, svars: 0,5 kg<\/li>\n<li><strong>Modelis 4073<\/strong>No C1 l\u012bdz C7, turkl\u0101t kaula pamatnes segmenti ir elast\u012bgi. Ar muguras nerviem un izejo\u0161ajiem muguras nerviem. Var demonstr\u0113t visas kust\u012bbas kakla mugurkaul\u0101 un galvas loc\u012btav\u0101s. Ar no\u0146emamu stat\u012bvu.<\/li>\n<li><strong>Modelis 4078<\/strong>\u0160is modelis sast\u0101v no trim vid\u0113ja griezuma jostas skrieme\u013ciem ar starpskrieme\u013cu diskiem. Skrieme\u013ca aug\u0161\u0113j\u0101 virsma uzr\u0101da vesel\u012bgu kaulu strukt\u016bru, savuk\u0101rt vid\u0113jais skriemelis uzr\u0101da osteoporozes stadiju ar salauztu jumtu un pamatpl\u0101ksni (zivs skriemelis). Atsevi\u0161\u0137i no\u0146emams no stat\u012bva. Izm\u0113rs: 16 cm<\/li>\n<li><strong>Modelis 4079<\/strong>Galvas loc\u012btavu shematisks modelis. Tas ir ide\u0101li piem\u0113rots kust\u012bbu meh\u0101nismu demonstr\u0113\u0161anai atlanto-pakau\u0161a loc\u012btav\u0101 un atlantoaksi\u0101laj\u0101 loc\u012btav\u0101. Izm\u0113rs: 8,5 x 8,5 x 5 cm<\/li>\n<li><strong>Modelis 4080<\/strong>\u0160is modelis pied\u0101v\u0101 visas 4083 mode\u013ca funkcijas, ta\u010du tas ir pieejams dabisk\u0101 izm\u0113r\u0101. Ar no\u0146emamu stat\u012bvu.<\/li>\n<li><strong>Modelis 4083<\/strong>\u0160is modelis, kas ir unik\u0101ls pasaul\u0113, sast\u0101v no kakla skrieme\u013ca C3, C2 ass, C1 atlanta un segment\u0101l\u0101 pamatkaula. Visas deta\u013cas ir att\u0113lotas 2x palielin\u0101jum\u0101, lai uzlabotu demonstr\u0101ciju. Ar \u0161o modeli ir iesp\u0113jams prec\u012bzi un anatomiski pareiz\u0101 veid\u0101 izprast aug\u0161\u0113j\u0101 kakla re\u0123iona kust\u012bbas. Var lieliski demonstr\u0113t visas iesp\u0113jam\u0101s kust\u012bbas atlanto-pakau\u0161a un atlantoaksi\u0101laj\u0101s loc\u012btav\u0101s. Ar no\u0146emamu stat\u012bvu.<\/li>\n<li><strong>Modelis 4090<\/strong>2 jostas skrieme\u013ci, elast\u012bgi. Divi elast\u012bgi piestiprin\u0101ti jostas skrieme\u013ci ar starpskrieme\u013cu diskiem, kurus var demont\u0113t. Ide\u0101li piem\u0113rots ce\u013co\u0161anai; iederas bik\u0161u kabat\u0101.<\/li>\n<li><strong>Modelis 4092<\/strong>3 kr\u016b\u0161u skrieme\u013ci, elast\u012bgi. Tr\u012bs elast\u012bgi piestiprin\u0101ti kr\u016b\u0161u skrieme\u013ci ar starpskrieme\u013cu diskiem, kurus var demont\u0113t. Ide\u0101li piem\u0113rots ce\u013co\u0161anai; iederas bik\u0161u kabat\u0101.<\/li>\n<li><strong>Modelis 4094<\/strong>7 kakla skrieme\u013ci, 12 kr\u016b\u0161u skrieme\u013ci un 5 jostas skrieme\u013ci br\u012bvi izme\u017e\u0123\u012bti uz gumijas lentes. Tas ir ide\u0101li piem\u0113rots atsevi\u0161\u0137u skrieme\u013cu individu\u0101lai p\u0101rbaudei ar vis\u0101m strukt\u016br\u0101m, izaugumiem un loc\u012btavu virsm\u0101m.<\/li>\n<li><strong>Modelis 4097<\/strong>2 jostas skrieme\u013ci, 2 kr\u016b\u0161u skrieme\u013ci, 2 kakla skrieme\u013ci bez atlanta un ass, br\u012bvi apt\u012bti uz gumijas un \u013cauj detaliz\u0113ti p\u0101rbaud\u012bt katru atsevi\u0161\u0137u skriemeli. Visas strukt\u016bras, loc\u012btavu virsmas, izaugumi utt. ir atpaz\u012bstami. Uz soli\u0146a, nostiprin\u0101ts ar starpskrieme\u013cu diskiem.<\/li>\n<li><strong>Modelis 4098<\/strong>2 jostas skrieme\u013ci, 2 kr\u016b\u0161u skrieme\u013ci, 2 kakla skrieme\u013ci bez atlanta un ass, br\u012bvi apt\u012bti uz gumijas un \u013cauj detaliz\u0113ti p\u0101rbaud\u012bt katru atsevi\u0161\u0137u skriemeli. Visas strukt\u016bras, loc\u012btavu virsmas, izaugumi utt. ir atpaz\u012bstami. Bez stat\u012bva.<\/li>\n<li><strong>Modelis 4099<\/strong>Ar \u0161o eleganto galda stat\u012bvu mugurkaulu demonstr\u0101cijas nol\u016bkos var atst\u0101t vis\u0101s dabiskaj\u0101s poz\u012bcij\u0101s. Stat\u012bvu ir viegli salikt un izjaukt, izmantojot vienk\u0101r\u0161u spraudkontakta savienojumu. Stat\u012bvs ir viegli p\u0101rn\u0113s\u0101jams un ir tikai 6 cm augsts.<\/li>\n<li><strong>Modelis 4400<\/strong>\u0160is divu jostas skrieme\u013cu modelis, kas ir aptuveni divreiz liel\u0101ki par dabisko izm\u0113ru, sp\u0113j par\u0101d\u012bt later\u0101lo starpskrieme\u013cu diska tr\u016bci. Ja divi skrieme\u013ci tiek saspiesti kop\u0101, diska iek\u0161\u0113jais kodols tiek izstumts uz \u0101ru, veidojot tr\u016bci. P\u0101rvietota tr\u016bce grafiski par\u0101da spiedienu uz muguras nervu. Ar \u0161o noder\u012bgo r\u012bku j\u016bs varat \u0101tri un vienk\u0101r\u0161i demonstr\u0113t, kas notiek, ja pacientam ir tr\u016bce. Pateicoties palielin\u0101tajam izm\u0113ram, to ir viegli lietot, un tas ir piem\u0113rots ar\u012b grupu treni\u0146iem.<\/li>\n<li><strong>Modelis 7577<\/strong>\u0160is modelis sast\u0101v no 4 skrieme\u013cu p\u0101riem un papildus norm\u0101lajam st\u0101voklim par\u0101da tr\u012bs da\u017e\u0101das patolo\u0123ijas: nelielus diska boj\u0101jumus, tr\u016bci ar kaulu de\u0123ener\u0101ciju un progres\u0113jo\u0161u kaulu un disku de\u0123ener\u0101ciju. Skrieme\u013cu p\u0101ri ir magn\u0113tiski piestiprin\u0101ti pie akrila pamatnes un tos var viegli no\u0146emt. Visi skrieme\u013ci ir elast\u012bgi, kas \u013cauj tiem kust\u0113ties. Izm\u0113rs: 38 x 10 x 10 cm, svars: 0,9 kg<\/li>\n<\/ul>\n<h3>Cilv\u0113ka mugurkaula mode\u013ci \u2013 <a href=\"http:\/\/labostera.lt\/lv\/product-brand\/erler-zimmer-gmbh-co-kg\/\">Erlera-Zimmera anatomijas grupa<\/a><\/h3>\n<p>Vair\u0101k inform\u0101cijas: <a href=\"https:\/\/erler-zimmer.de\/shop\/en\/shop\/anatomical-models\/skeleton-models\/\" target=\"_blank\" rel=\"noopener nofollow\">ra\u017eot\u0101ja t\u012bmek\u013ca vietn\u0113<\/a> vai nos\u016btiet mums piepras\u012bjumu!<\/p>","protected":false},"excerpt":{"rendered":"<p>Erlera-Zimmera cilv\u0113ka mugurkaula mode\u013ci \u2013 detaliz\u0113ta inform\u0101cija par da\u017e\u0101d\u0101m cilv\u0113ka mugurkaula mode\u013cu versij\u0101m un to izmanto\u0161anu apm\u0101c\u012bb\u0101 un p\u0113tniec\u012bb\u0101. Atrodi sev piem\u0113rot\u0101ko modeli \u0161eit!<\/p>","protected":false},"featured_media":18595,"template":"","meta":[],"product_cat":[75,79],"product_tag":[692,577,690,697],"class_list":{"0":"post-18512","1":"product","2":"type-product","3":"status-publish","4":"has-post-thumbnail","6":"product_brand-erler-zimmer-gmbh-co-kg","7":"product_cat-modeliai-manekenai-muliazai","8":"product_cat-mokymo-priemones-ir-iranga","9":"product_tag-erler-zimmer-gmbh-co-kg","10":"product_tag-modeliai","11":"product_tag-models","12":"product_tag-zmogaus-dubens-kaulo-modeliai","14":"first","15":"onbackorder","16":"shipping-taxable","17":"purchasable","18":"product-type-variable"},"_links":{"self":[{"href":"https:\/\/labostera.lt\/lv\/wp-json\/wp\/v2\/product\/18512","targetHints":{"allow":["GET"]}}],"collection":[{"href":"https:\/\/labostera.lt\/lv\/wp-json\/wp\/v2\/product"}],"about":[{"href":"https:\/\/labostera.lt\/lv\/wp-json\/wp\/v2\/types\/product"}],"wp:featuredmedia":[{"embeddable":true,"href":"https:\/\/labostera.lt\/lv\/wp-json\/wp\/v2\/media\/18595"}],"wp:attachment":[{"href":"https:\/\/labostera.lt\/lv\/wp-json\/wp\/v2\/media?parent=18512"}],"wp:term":[{"taxonomy":"product_cat","embeddable":true,"href":"https:\/\/labostera.lt\/lv\/wp-json\/wp\/v2\/product_cat?post=18512"},{"taxonomy":"product_tag","embeddable":true,"href":"https:\/\/labostera.lt\/lv\/wp-json\/wp\/v2\/product_tag?post=18512"}],"curies":[{"name":"wp","href":"https:\/\/api.w.org\/{rel}","templated":true}]}}