{"id":18453,"date":"2024-02-05T14:36:55","date_gmt":"2024-02-05T12:36:55","guid":{"rendered":"http:\/\/labostera.lt\/?post_type=product&#038;p=18453"},"modified":"2024-02-09T13:07:26","modified_gmt":"2024-02-09T11:07:26","slug":"zmogaus-miniatiurinis-skeleto-modelis-erler-zimmer-human-miniature-skeleton-model","status":"publish","type":"product","link":"https:\/\/labostera.lt\/lv\/priemones-ir-iranga\/mokymo-priemones-ir-iranga\/modeliai-manekenai-muliazai\/zmogaus-miniatiurinis-skeleto-modelis-erler-zimmer-human-miniature-skeleton-model\/","title":{"rendered":"Erler-Zimmer cilv\u0113ka miniat\u016bras skeleta modelis"},"content":{"rendered":"<h2><strong>Erler-Zimmer GmbH &amp; Co. KG cilv\u0113ka miniat\u016brais skeleta modelis<\/strong>:<\/h2>\n<ul>\n<li>Re\u0101listisks maz\u0101ka cilv\u0113ka skeleta att\u0113lojums pusdz\u012bv\u012bbas izm\u0113r\u0101.<\/li>\n<li>Rokas un k\u0101jas ir piln\u012bb\u0101 kust\u012bgas; Plecu, gurnu, ce\u013ca un g\u016b\u017eas loc\u012btavas ir uzst\u0101d\u012btas k\u0101 b\u012bd\u0101mas loc\u012btavas, kas \u013cauj dabiski kust\u0113ties.<\/li>\n<li>Trij\u017eubura maska, rokas un k\u0101jas ir no\u0146emamas.<\/li>\n<li>K\u0101jas var b\u016bt atvienotas ce\u013ca un g\u016b\u017eas loc\u012btav\u0101s.<\/li>\n<li>Izm\u0113rs bez stat\u012bva: 84 cm. Modeli var viegli no\u0146emt no stat\u012bva.<\/li>\n<li>Svars: 1,2 kg<\/li>\n<\/ul>\n<ul>\n<li>Re\u0101listisks maz\u0101ka cilv\u0113ka skeleta att\u0113lojums pusdz\u012bv\u012bbas izm\u0113r\u0101. Masku, rokas un k\u0101jas var izjaukt. Izm\u0113rs bez stat\u012bva: apm. 80 cm.<\/li>\n<li>Re\u0101listisks maz\u0101ka cilv\u0113ka skeleta att\u0113lojums pusdz\u012bv\u012bbas izm\u0113r\u0101. Rokas un k\u0101jas ir piln\u012bb\u0101 kust\u012bgas; Plecu, gurnu, ce\u013ca un g\u016b\u017eas loc\u012btavas ir uzst\u0101d\u012btas k\u0101 b\u012bd\u0101mas loc\u012btavas, kas \u013cauj dabiski kust\u0113ties. Trij\u017eubura maska, rokas un k\u0101jas ir no\u0146emamas. K\u0101jas var b\u016bt atvienotas ce\u013ca un g\u016b\u017eas loc\u012btav\u0101s. Mugurkauls ir kust\u012bgs un nodro\u0161ina dabiskas kust\u012bbas. Izm\u0113rs bez stat\u012bva: 84 cm. Modeli var viegli no\u0146emt no stat\u012bva. Svars: 1,2 kg<\/li>\n<li>Re\u0101listisks maz\u0101ka cilv\u0113ka skeleta att\u0113lojums pusdz\u012bv\u012bbas izm\u0113r\u0101. Rokas un k\u0101jas ir piln\u012bb\u0101 kust\u012bgas; Plecu, gurnu, ce\u013ca un g\u016b\u017eas loc\u012btavas ir uzst\u0101d\u012btas k\u0101 b\u012bd\u0101mas loc\u012btavas, kas \u013cauj dabiski kust\u0113ties. Trij\u017eubura maska, rokas un k\u0101jas ir no\u0146emamas. K\u0101jas var b\u016bt atvienotas ce\u013ca un g\u016b\u017eas loc\u012btav\u0101s. Mugurkauls ir kust\u012bgs un nodro\u0161ina dabiskas kust\u012bbas. Turkl\u0101t musku\u013cu izcelsme un ievietojumi ir kr\u0101su kod\u0113ti un aprakst\u012bti atsl\u0113gas kart\u012bt\u0113. Izm\u0113rs bez stat\u012bva: 81 cm.<\/li>\n<li>Re\u0101listisks maz\u0101ka cilv\u0113ka skeleta att\u0113lojums pusdz\u012bv\u012bbas izm\u0113r\u0101. Rokas un k\u0101jas ir piln\u012bb\u0101 kust\u012bgas; Plecu, gurnu, ce\u013ca un g\u016b\u017eas loc\u012btavas ir uzst\u0101d\u012btas k\u0101 b\u012bd\u0101mas loc\u012btavas, kas \u013cauj dabiski kust\u0113ties. Trij\u017eubura maska, rokas un k\u0101jas ir no\u0146emamas. K\u0101jas var b\u016bt atvienotas ce\u013ca un g\u016b\u017eas loc\u012btav\u0101s. Mugurkauls ir kust\u012bgs un nodro\u0161ina dabiskas kust\u012bbas. Turkl\u0101t musku\u013cu izcelsme un ievietojumi ir kr\u0101su kod\u0113ti un aprakst\u012bti atsl\u0113gas kart\u012bt\u0113. Izm\u0113rs bez stat\u012bva: 84 cm. Modeli var viegli no\u0146emt no stat\u012bva. Svars: 1,2 kg<\/li>\n<li>Visi skeleta kauli ir att\u0113loti atsevi\u0161\u0137i. Lielisks pieaugu\u0161a v\u012brie\u0161a skeleta aktieru sast\u0101vs. Re\u0101listisks kaulu strukt\u016bras att\u0113lojums ar vis\u0101m atver\u0113m, fis\u016br\u0101m un izaugumiem. Masku var izjaukt tr\u012bs da\u013c\u0101s \u2014 maskas jumt\u0101, maskas pamatn\u0113 un \u017eokl\u012b. Sast\u0101v no 130 da\u013c\u0101m. Nav piem\u0113rots pa\u0161mont\u0101\u017eai. Iepakota uzglab\u0101\u0161anas kast\u0113. Svars: 7,3 kg<\/li>\n<li>Visi kauli labaj\u0101 pus\u0113 vai tie, kas skelet\u0101 ir tikai vienu reizi, tiek par\u0101d\u012bti atsevi\u0161\u0137i. Perfekts pieaugu\u0161a v\u012brie\u0161a skeleta atveidojums. Re\u0101listisks kaulu strukt\u016bras att\u0113lojums ar vis\u0101m atver\u0113m, fis\u016br\u0101m un izaugumiem. Masku var izjaukt tr\u012bs da\u013c\u0101s \u2014 maskas jumt\u0101, maskas pamatn\u0113 un \u017eokl\u012b. Nav piem\u0113rots pa\u0161mont\u0101\u017eai. Iepakota uzglab\u0101\u0161anas kast\u0113. Svars: 5,6 kg<\/li>\n<\/ul>\n<table>\n<tbody>\n<tr valign=\"middle\">\n<td style=\"padding: 5px; text-align: left; width: 28%;\"><\/td>\n<td style=\"padding: 5px; text-align: center; width: 8%;\"><strong>Toms<\/strong><br \/>\n3032<\/td>\n<td style=\"padding: 5px; text-align: center; width: 8%;\"><strong>Patriks<\/strong><br \/>\n3030<\/td>\n<td style=\"padding: 5px; text-align: center; width: 8%;\"><strong>P\u0101vils<\/strong><br \/>\n3040<\/td>\n<td style=\"padding: 5px; text-align: center; width: 8%;\"><strong>Daniels<\/strong><br \/>\n3035<\/td>\n<td style=\"padding: 5px; text-align: center; width: 8%;\"><strong>Freds<\/strong><br \/>\n3045<\/td>\n<td style=\"padding: 5px; text-align: center; width: 8%;\"><strong>Atlas\u012btais skelets<\/strong><br \/>\n3020<\/td>\n<td style=\"padding: 5px; text-align: center; width: 8%;\"><strong>Atlas\u012btais skelets, tikai lab\u0101 puse<\/strong><br \/>\n3024<\/td>\n<\/tr>\n<tr>\n<td><strong>St\u012bva mugurkaula<\/strong><\/td>\n<td style=\"text-align: center;\">\u2713<\/td>\n<td style=\"text-align: center;\">\u2713<\/td>\n<td style=\"text-align: center;\"><\/td>\n<td style=\"text-align: center;\">\u2713<\/td>\n<td style=\"text-align: center;\"><\/td>\n<td style=\"text-align: center;\"><\/td>\n<td style=\"text-align: center;\"><\/td>\n<\/tr>\n<tr>\n<td><strong>Elast\u012bga mugurkaula<\/strong><\/td>\n<td style=\"text-align: center;\"><\/td>\n<td style=\"text-align: center;\"><\/td>\n<td style=\"text-align: center;\">\u2713<\/td>\n<td style=\"text-align: center;\"><\/td>\n<td style=\"text-align: center;\">\u2713<\/td>\n<td style=\"text-align: center;\"><\/td>\n<td style=\"text-align: center;\"><\/td>\n<\/tr>\n<tr>\n<td><strong>Musku\u013cu mar\u0137\u0113\u0161ana<\/strong><\/td>\n<td style=\"text-align: center;\"><\/td>\n<td style=\"text-align: center;\"><\/td>\n<td style=\"text-align: center;\"><\/td>\n<td style=\"text-align: center;\">\u2713<\/td>\n<td style=\"text-align: center;\">\u2713<\/td>\n<td style=\"text-align: center;\"><\/td>\n<td style=\"text-align: center;\"><\/td>\n<\/tr>\n<tr>\n<td><strong>Tr\u012bsda\u013c\u012bgs galvaskauss<\/strong><\/td>\n<td style=\"text-align: center;\">\u2713<\/td>\n<td style=\"text-align: center;\">\u2713<\/td>\n<td style=\"text-align: center;\">\u2713<\/td>\n<td style=\"text-align: center;\">\u2713<\/td>\n<td style=\"text-align: center;\">\u2713<\/td>\n<td style=\"text-align: center;\">\u2713<\/td>\n<td style=\"text-align: center;\">\u2713<\/td>\n<\/tr>\n<tr>\n<td><strong>No\u0146emamas rokas<\/strong><\/td>\n<td style=\"text-align: center;\">\u2713<\/td>\n<td style=\"text-align: center;\">\u2713<\/td>\n<td style=\"text-align: center;\">\u2713<\/td>\n<td style=\"text-align: center;\">\u2713<\/td>\n<td style=\"text-align: center;\">\u2713<\/td>\n<td style=\"text-align: center;\">\u2713<\/td>\n<td style=\"text-align: center;\">\u2713<\/td>\n<\/tr>\n<tr>\n<td><strong>No\u0146emamas k\u0101jas<\/strong><\/td>\n<td style=\"text-align: center;\">\u2713<\/td>\n<td style=\"text-align: center;\">\u2713<\/td>\n<td style=\"text-align: center;\">\u2713<\/td>\n<td style=\"text-align: center;\">\u2713<\/td>\n<td style=\"text-align: center;\">\u2713<\/td>\n<td style=\"text-align: center;\">\u2713<\/td>\n<td style=\"text-align: center;\">\u2713<\/td>\n<\/tr>\n<tr>\n<td><strong>No\u0146emamas k\u0101jas<\/strong><\/td>\n<td style=\"text-align: center;\">\u2713<\/td>\n<td style=\"text-align: center;\">\u2713<\/td>\n<td style=\"text-align: center;\">\u2713<\/td>\n<td style=\"text-align: center;\">\u2713<\/td>\n<td style=\"text-align: center;\">\u2713<\/td>\n<td style=\"text-align: center;\">\u2713<\/td>\n<td style=\"text-align: center;\">\u2713<\/td>\n<\/tr>\n<tr>\n<td><strong>Augstums, ieskaitot stat\u012bvu (cm)<\/strong><\/td>\n<td style=\"padding: 5px; text-align: center;\">80 cm<\/td>\n<td style=\"padding: 5px; text-align: center;\">84 cm<\/td>\n<td style=\"padding: 5px; text-align: center;\">84 cm<\/td>\n<td style=\"padding: 5px; text-align: center;\">84 cm<\/td>\n<td style=\"padding: 5px; text-align: center;\">84 cm<\/td>\n<td style=\"padding: 5px; text-align: center;\">\u2013<\/td>\n<td style=\"padding: 5px; text-align: center;\">\u2013<\/td>\n<\/tr>\n<\/tbody>\n<\/table>\n<h3>Miniat\u016bri cilv\u0113ka skeleta mode\u013ci \u2013 <a href=\"http:\/\/labostera.lt\/lv\/product-brand\/erler-zimmer-gmbh-co-kg\/\">Erlera-Zimmera anatomijas grupa<\/a><\/h3>\n<p>Vair\u0101k inform\u0101cijas: <a href=\"https:\/\/erler-zimmer.de\/shop\/en\/shop\/anatomical-models\/skeleton-models\/\" target=\"_blank\" rel=\"noopener nofollow\">ra\u017eot\u0101ja t\u012bmek\u013ca vietn\u0113<\/a> vai nos\u016btiet mums piepras\u012bjumu!<\/p>","protected":false},"excerpt":{"rendered":"<p>Erlera-Zimmera cilv\u0113ka miniat\u016brais skeleta modelis \u2013 augst\u0101k\u0101s klases pieaugu\u0161a v\u012brie\u0161a skeleta reprodukcija. Augstas kvalit\u0101tes, roku darbs, mont\u0101\u017ea V\u0101cij\u0101. Ide\u0101ls modelis intens\u012bvai lieto\u0161anai.<\/p>","protected":false},"featured_media":18467,"template":"","meta":[],"product_cat":[75,79],"product_tag":[692,577,690,701],"class_list":{"0":"post-18453","1":"product","2":"type-product","3":"status-publish","4":"has-post-thumbnail","6":"product_brand-erler-zimmer-gmbh-co-kg","7":"product_cat-modeliai-manekenai-muliazai","8":"product_cat-mokymo-priemones-ir-iranga","9":"product_tag-erler-zimmer-gmbh-co-kg","10":"product_tag-modeliai","11":"product_tag-models","12":"product_tag-zmogaus-miniatiuriniai-skeleto-modeliai","14":"first","15":"onbackorder","16":"shipping-taxable","17":"purchasable","18":"product-type-variable"},"_links":{"self":[{"href":"https:\/\/labostera.lt\/lv\/wp-json\/wp\/v2\/product\/18453","targetHints":{"allow":["GET"]}}],"collection":[{"href":"https:\/\/labostera.lt\/lv\/wp-json\/wp\/v2\/product"}],"about":[{"href":"https:\/\/labostera.lt\/lv\/wp-json\/wp\/v2\/types\/product"}],"wp:featuredmedia":[{"embeddable":true,"href":"https:\/\/labostera.lt\/lv\/wp-json\/wp\/v2\/media\/18467"}],"wp:attachment":[{"href":"https:\/\/labostera.lt\/lv\/wp-json\/wp\/v2\/media?parent=18453"}],"wp:term":[{"taxonomy":"product_cat","embeddable":true,"href":"https:\/\/labostera.lt\/lv\/wp-json\/wp\/v2\/product_cat?post=18453"},{"taxonomy":"product_tag","embeddable":true,"href":"https:\/\/labostera.lt\/lv\/wp-json\/wp\/v2\/product_tag?post=18453"}],"curies":[{"name":"wp","href":"https:\/\/api.w.org\/{rel}","templated":true}]}}