{"id":18435,"date":"2024-02-05T13:15:19","date_gmt":"2024-02-05T11:15:19","guid":{"rendered":"http:\/\/labostera.lt\/?post_type=product&#038;p=18435"},"modified":"2024-02-09T13:07:32","modified_gmt":"2024-02-09T11:07:32","slug":"vaiko-kudikio-ir-paauglio-anatominis-modelis-erler-zimmer-child-anatomical-model","status":"publish","type":"product","link":"https:\/\/labostera.lt\/lv\/priemones-ir-iranga\/mokymo-priemones-ir-iranga\/modeliai-manekenai-muliazai\/vaiko-kudikio-ir-paauglio-anatominis-modelis-erler-zimmer-child-anatomical-model\/","title":{"rendered":"B\u0113rna, z\u012bdai\u0146a un pusaud\u017ea anatomiskais modelis Erlera-Zimmera b\u0113rna anatomiskais modelis"},"content":{"rendered":"<h2><strong>\u201eErler-Zimmer GmbH &amp; Co. KG b\u0113rna, z\u012bdai\u0146a un pusaud\u017ea anatomiskais modelis<\/strong>:<\/h2>\n<ul>\n<li>Pirmklas\u012bgs \u012bsta b\u0113rna skeleta aktieru sast\u0101vs.<\/li>\n<li>Visas plaisas un atveres ir r\u016bp\u012bgi atjaunotas.<\/li>\n<li>Ekstremit\u0101t\u0113m ir ierobe\u017eota mobilit\u0101te.<\/li>\n<li>Uzr\u0101da nesapl\u016bdu\u0161as garo kaulu epif\u012bzes un da\u017eu kaulu skrim\u0161\u013cain\u0101s malas, kas ir rakstur\u012bgi \u0161im att\u012bst\u012bbas vecumam.<\/li>\n<li>N\u0101k komplekt\u0101 ar stat\u012bvu.<\/li>\n<li>Izm\u0113rs: 65 cm<\/li>\n<\/ul>\n<ul>\n<li><strong>Z\u012bdai\u0146a anatomiskais modelis<\/strong><br \/>\nZ\u012bdai\u0146a skeleta atl\u0113jums 30 gr\u016btniec\u012bbas ned\u0113\u013c\u0101. Restaur\u0113ts un r\u016bp\u012bgi kr\u0101sots. Modelis ir nekust\u012bgs, komplekt\u0101 ietilpst stat\u012bvs.<br \/>\nIzm\u0113rs: apm\u0113ram 40 cm<\/li>\n<li><strong>Pusaud\u017ea anatomiskais modelis<\/strong> \u2013<br \/>\nNevainojami pusaud\u017eu skeleta paraugi ir rets atradums izgl\u012btojo\u0161os komplektos. \u0160is ir lielisks pusaud\u017eu skeleta piem\u0113rs izgl\u012btojo\u0161iem m\u0113r\u0137iem. Modelis ar daudziem kauliem un aug\u0161anas pl\u0101tn\u0113m. Stat\u012bvs iek\u013cauts komplekt\u0101.<br \/>\nIzm\u0113rs: 154 cm<\/li>\n<\/ul>\n<h3>B\u0113rnu, z\u012bdai\u0146u un pusaud\u017eu anatomiskie mode\u013ci \u2013 <a href=\"http:\/\/labostera.lt\/lv\/product-brand\/erler-zimmer-gmbh-co-kg\/\">Erlera-Zimmera anatomijas grupa<\/a><\/h3>\n<p>Vair\u0101k inform\u0101cijas: <a href=\"https:\/\/erler-zimmer.de\/shop\/en\/shop\/anatomical-models\/skeleton-models\/\" target=\"_blank\" rel=\"noopener nofollow\">ra\u017eot\u0101ja t\u012bmek\u013ca vietn\u0113<\/a> vai nos\u016btiet mums piepras\u012bjumu!<\/p>","protected":false},"excerpt":{"rendered":"<p>Erlera-Cimmera b\u0113rna anatomiskais modelis ir augst\u0101k\u0101s klases b\u0113rna, z\u012bdai\u0146a un pusaud\u017ea skeleta atl\u0113jums ar r\u016bp\u012bgi atveidotiem visiem l\u016bzumiem un atver\u0113m. Neticami detaliz\u0113ts b\u0113rna re\u0101listisk\u0101s kaulu strukt\u016bras att\u0113lojums.<\/p>","protected":false},"featured_media":18446,"template":"","meta":[],"product_cat":[75,79],"product_tag":[692,694,577,690,695,693,691],"class_list":{"0":"post-18435","1":"product","2":"type-product","3":"status-publish","4":"has-post-thumbnail","6":"product_brand-erler-zimmer-gmbh-co-kg","7":"product_cat-modeliai-manekenai-muliazai","8":"product_cat-mokymo-priemones-ir-iranga","9":"product_tag-erler-zimmer-gmbh-co-kg","10":"product_tag-kudikio-anatominiai-modeliai","11":"product_tag-modeliai","12":"product_tag-models","13":"product_tag-paauglio-anatominiai-modeliai","14":"product_tag-vaiko-anatominiai-modeliai","15":"product_tag-zmogaus-anamotiniai-modeliai","17":"first","18":"onbackorder","19":"shipping-taxable","20":"purchasable","21":"product-type-variable"},"_links":{"self":[{"href":"https:\/\/labostera.lt\/lv\/wp-json\/wp\/v2\/product\/18435","targetHints":{"allow":["GET"]}}],"collection":[{"href":"https:\/\/labostera.lt\/lv\/wp-json\/wp\/v2\/product"}],"about":[{"href":"https:\/\/labostera.lt\/lv\/wp-json\/wp\/v2\/types\/product"}],"wp:featuredmedia":[{"embeddable":true,"href":"https:\/\/labostera.lt\/lv\/wp-json\/wp\/v2\/media\/18446"}],"wp:attachment":[{"href":"https:\/\/labostera.lt\/lv\/wp-json\/wp\/v2\/media?parent=18435"}],"wp:term":[{"taxonomy":"product_cat","embeddable":true,"href":"https:\/\/labostera.lt\/lv\/wp-json\/wp\/v2\/product_cat?post=18435"},{"taxonomy":"product_tag","embeddable":true,"href":"https:\/\/labostera.lt\/lv\/wp-json\/wp\/v2\/product_tag?post=18435"}],"curies":[{"name":"wp","href":"https:\/\/api.w.org\/{rel}","templated":true}]}}