{"id":18402,"date":"2024-02-05T10:23:18","date_gmt":"2024-02-05T08:23:18","guid":{"rendered":"http:\/\/labostera.lt\/?post_type=product&#038;p=18402"},"modified":"2024-05-07T10:50:07","modified_gmt":"2024-05-07T07:50:07","slug":"biosaugos-spinta-cruma-cyto-series-biosafety-cabinet","status":"publish","type":"product","link":"https:\/\/labostera.lt\/lv\/priemones-ir-iranga\/laboratorine-iranga\/biosaugos-spinta-cruma-cyto-series-biosafety-cabinet\/","title":{"rendered":"Biodro\u0161\u012bbas skapis Cruma Cyto s\u0113rija Biodro\u0161\u012bbas skapis"},"content":{"rendered":"<h2><strong>&quot;Cruma - Diantech Solutions SL&quot; Cyto s\u0113rijas biodro\u0161\u012bbas skapis<\/strong><\/h2>\n<ul>\n<li>Citostatisku z\u0101\u013cu un biolo\u0123isko a\u0123entu dro\u0161a sagatavo\u0161ana un apstr\u0101de.<\/li>\n<li>EN-12469 un DIN 12980 sertifik\u0101ts.<\/li>\n<li>Tr\u012bs filtru sist\u0113ma ar &quot;maiss iek\u0161\u0101 - maiss \u0101r\u0101&quot; tehnolo\u0123iju nodro\u0161ina maksim\u0101lu dro\u0161\u012bbu.<\/li>\n<li>Autom\u0101tiska gaisa pl\u016bsmas kontrole un HEPA filtra kalpo\u0161anas laika uzraudz\u012bba nodro\u0161ina efektivit\u0101ti.<\/li>\n<\/ul>\n<h3>Funkcijas un pielietojums<\/h3>\n<ul>\n<li><strong>Funkcijas<\/strong>TUV NORD sertifik\u0101ts, tr\u012bs filtru sist\u0113ma, b\u012bd\u0101ms logs ar viedvad\u012bbu.<\/li>\n<li><strong>Lietojums<\/strong>Citostatisku z\u0101\u013cu pagatavo\u0161ana, biolo\u0123isko a\u0123entu manipul\u0101cijas.<\/li>\n<li><strong>Tehnolo\u0123ija<\/strong>Sist\u0113ma &quot;Bag in-Bag out&quot; nodro\u0161ina augstu dro\u0161\u012bbas l\u012bmeni.<\/li>\n<li><strong>Vad\u012bba<\/strong>Mikroprocesora sist\u0113ma ar autom\u0101tisku gaisa pl\u016bsmas kontroli.<\/li>\n<\/ul>\n<h3>Noder\u012bgi darbam ar biolo\u0123iskaj\u0101m grup\u0101m<\/h3>\n<p>Dro\u0161a citostatisko z\u0101\u013cu sagatavo\u0161ana un biolo\u0123isko a\u0123entu apstr\u0101de atbilsto\u0161i 1., 2. un 3. riska grupai. Ide\u0101ls biodro\u0161\u012bbas skapis j\u016bsu laboratorijai.<\/p>\n<h3>Aizsardz\u012bba<\/h3>\n<p>Cruma Cyto s\u0113rija ir sertific\u0113ta biodro\u0161\u012bbas skapis ar tr\u012bs filtru sist\u0113mu un &quot;maiss iek\u0161\u0101-maiss \u0101r\u0101&quot; tehnolo\u0123iju. \u0160is skapis nodro\u0161ina absol\u016btu aizsardz\u012bbu un efektivit\u0101ti, \u013caujot dro\u0161i un \u0113rti manipul\u0113t ar citostatisk\u0101m z\u0101l\u0113m un biolo\u0123iskajiem a\u0123entiem.<\/p>\n<h3>Biodro\u0161\u012bbas skapji \u2013 <a href=\"http:\/\/labostera.lt\/lv\/product-brand\/cruma-diantech-solutions-s-l\/\">Cruma laboratorijas m\u0113be\u013cu grupa<\/a><\/h3>\n<p>Vair\u0101k inform\u0101cijas: <strong><a href=\"https:\/\/cruma.es\/en\/biosafety-cabinets-for-cytostatics\/\" target=\"_blank\" rel=\"noopener nofollow\">ra\u017eot\u0101ja t\u012bmek\u013ca vietn\u0113<\/a><\/strong> vai nos\u016btiet mums piepras\u012bjumu!<\/p>","protected":false},"excerpt":{"rendered":"<p><strong>Cruma Cyto:<\/strong> Biodro\u0161\u012bbas skapis citostatisku z\u0101\u013cu pagatavo\u0161anai un biolo\u0123isko a\u0123entu manipul\u0101cij\u0101m. Tr\u012bs filtru sist\u0113ma ar &quot;maiss iek\u0161\u0101 - maiss \u0101r\u0101&quot; tehnolo\u0123iju. Dro\u0161s un sertific\u0113ts!<\/p>","protected":false},"featured_media":18407,"template":"","meta":[],"product_cat":[76,121],"product_tag":[688,687,676],"class_list":{"0":"post-18402","1":"product","2":"type-product","3":"status-publish","4":"has-post-thumbnail","6":"product_brand-cruma-diantech-solutions-s-l","7":"product_cat-laboratorine-iranga","8":"product_cat-laminarai-ir-traukos-spintos","9":"product_tag-biosafety-cabinets","10":"product_tag-biosaugos-spintos","11":"product_tag-cruma-diantech-solutions-s-l","13":"first","14":"instock","15":"shipping-taxable","16":"purchasable","17":"product-type-variable"},"_links":{"self":[{"href":"https:\/\/labostera.lt\/lv\/wp-json\/wp\/v2\/product\/18402","targetHints":{"allow":["GET"]}}],"collection":[{"href":"https:\/\/labostera.lt\/lv\/wp-json\/wp\/v2\/product"}],"about":[{"href":"https:\/\/labostera.lt\/lv\/wp-json\/wp\/v2\/types\/product"}],"wp:featuredmedia":[{"embeddable":true,"href":"https:\/\/labostera.lt\/lv\/wp-json\/wp\/v2\/media\/18407"}],"wp:attachment":[{"href":"https:\/\/labostera.lt\/lv\/wp-json\/wp\/v2\/media?parent=18402"}],"wp:term":[{"taxonomy":"product_cat","embeddable":true,"href":"https:\/\/labostera.lt\/lv\/wp-json\/wp\/v2\/product_cat?post=18402"},{"taxonomy":"product_tag","embeddable":true,"href":"https:\/\/labostera.lt\/lv\/wp-json\/wp\/v2\/product_tag?post=18402"}],"curies":[{"name":"wp","href":"https:\/\/api.w.org\/{rel}","templated":true}]}}