{"id":18396,"date":"2024-02-05T09:28:25","date_gmt":"2024-02-05T07:28:25","guid":{"rendered":"http:\/\/labostera.lt\/?post_type=product&#038;p=18396"},"modified":"2024-02-05T10:24:33","modified_gmt":"2024-02-05T08:24:33","slug":"biosaugos-spinta-cruma-virus-3-biosafety-cabinet","status":"publish","type":"product","link":"https:\/\/labostera.lt\/lv\/priemones-ir-iranga\/laboratorine-iranga\/biosaugos-spinta-cruma-virus-3-biosafety-cabinet\/","title":{"rendered":"Biodro\u0161\u012bbas skapis Cruma Virus-3 biodro\u0161\u012bbas skapis"},"content":{"rendered":"<h2><strong>\u201e&quot;Cruma - Diantech Solutions SL&quot; Virus-3 biodro\u0161\u012bbas skapis<\/strong><\/h2>\n<ul>\n<li>Covid-19 v\u012brusa gad\u012bjum\u0101 nepiecie\u0161ams visaugst\u0101kais dro\u0161\u012bbas l\u012bmenis!<\/li>\n<li>III klases mikrobiolo\u0123isk\u0101s dro\u0161\u012bbas skapis, ko It\u0101lij\u0101 izstr\u0101d\u0101jis Euroclone\u00ae.<\/li>\n<li>Jaun\u0101kais modelis, kas paredz\u0113ts pand\u0113miju un citu b\u012bstamu mikroorganismu draudu apkaro\u0161anai.<\/li>\n<\/ul>\n<h3>Biolo\u0123isk\u0101s dro\u0161\u012bbas skapis \u2013 funkcijas un pielietojums<\/h3>\n<ul>\n<li><strong>Funkcijas<\/strong>\u0112rta vad\u012bba acu l\u012bmen\u012b, mikroprocesora vad\u012bta ventil\u0101cija, UV gaisma (standarta opcija).<\/li>\n<li><strong>Lietojums<\/strong>Manipul\u0101cijas ar 1., 2. un 3. riska grupas mikroorganismiem, bakt\u0113rij\u0101m, v\u012brusiem. Kultiv\u0113\u0161ana, mikroskopija, \u0123en\u0113tisk\u0101 manipul\u0101cija.<\/li>\n<\/ul>\n<h3>Lieto\u0161anas opcijas<\/h3>\n<p>Manipul\u0101cijas ar 1., 2. un 3. riska grupas mikroorganismiem, bakt\u0113rij\u0101m, s\u0113n\u012bt\u0113m, v\u012brusiem un paraz\u012btiem. Kultiv\u0113\u0161ana, mikroskopija, \u0123en\u0113tisk\u0101 manipul\u0101cija.<\/p>\n<h3>Augst\u0101k\u0101 l\u012bme\u0146a dro\u0161\u012bba<\/h3>\n<p>Jaun\u0101kais modelis, kas \u012bpa\u0161i izstr\u0101d\u0101ts c\u012b\u0146ai pret Covid-19 v\u012brusu un citiem b\u012bstamiem mikroorganismiem. III klases mikrobiolo\u0123isk\u0101s dro\u0161\u012bbas skapis Euroclone\u00ae.<\/p>\n<p>Mikroprocesora vad\u012bts, ar UV gaismu, \u0113rta lieto\u0161ana un daudz\u0101m dro\u0161\u012bbas funkcij\u0101m.<\/p>\n<h3>Biodro\u0161\u012bbas skapji \u2013 <a href=\"http:\/\/labostera.lt\/lv\/product-brand\/cruma-diantech-solutions-s-l\/\">Cruma laboratorijas m\u0113be\u013cu grupa<\/a><\/h3>\n<p>Vair\u0101k inform\u0101cijas: <strong><a href=\"https:\/\/cruma.es\/en\/biosafety-cabinets-class-3\/\" target=\"_blank\" rel=\"noopener nofollow\">ra\u017eot\u0101ja t\u012bmek\u013ca vietn\u0113<\/a><\/strong> vai nos\u016btiet mums piepras\u012bjumu!<\/p>","protected":false},"excerpt":{"rendered":"<p><strong>Cruma Virus-3 biodro\u0161\u012bbas kabinets:<\/strong> Dro\u0161\u012bba visaugst\u0101kaj\u0101 l\u012bmen\u012b! III klases mikrobiolo\u0123isk\u0101s dro\u0161\u012bbas skapis no Euroclone\u00ae, kas \u012bpa\u0161i izstr\u0101d\u0101ts c\u012b\u0146ai pret Covid-19 v\u012brusu.<\/p>","protected":false},"featured_media":18401,"template":"","meta":[],"product_cat":[76,121],"product_tag":[688,687,676],"class_list":{"0":"post-18396","1":"product","2":"type-product","3":"status-publish","4":"has-post-thumbnail","6":"product_brand-cruma-diantech-solutions-s-l","7":"product_cat-laboratorine-iranga","8":"product_cat-laminarai-ir-traukos-spintos","9":"product_tag-biosafety-cabinets","10":"product_tag-biosaugos-spintos","11":"product_tag-cruma-diantech-solutions-s-l","13":"first","14":"onbackorder","15":"shipping-taxable","16":"purchasable","17":"product-type-simple"},"_links":{"self":[{"href":"https:\/\/labostera.lt\/lv\/wp-json\/wp\/v2\/product\/18396","targetHints":{"allow":["GET"]}}],"collection":[{"href":"https:\/\/labostera.lt\/lv\/wp-json\/wp\/v2\/product"}],"about":[{"href":"https:\/\/labostera.lt\/lv\/wp-json\/wp\/v2\/types\/product"}],"wp:featuredmedia":[{"embeddable":true,"href":"https:\/\/labostera.lt\/lv\/wp-json\/wp\/v2\/media\/18401"}],"wp:attachment":[{"href":"https:\/\/labostera.lt\/lv\/wp-json\/wp\/v2\/media?parent=18396"}],"wp:term":[{"taxonomy":"product_cat","embeddable":true,"href":"https:\/\/labostera.lt\/lv\/wp-json\/wp\/v2\/product_cat?post=18396"},{"taxonomy":"product_tag","embeddable":true,"href":"https:\/\/labostera.lt\/lv\/wp-json\/wp\/v2\/product_tag?post=18396"}],"curies":[{"name":"wp","href":"https:\/\/api.w.org\/{rel}","templated":true}]}}