{"id":18390,"date":"2024-02-02T13:33:08","date_gmt":"2024-02-02T11:33:08","guid":{"rendered":"http:\/\/labostera.lt\/?post_type=product&#038;p=18390"},"modified":"2024-02-05T10:28:31","modified_gmt":"2024-02-05T08:28:31","slug":"biosaugos-spinta-cruma-bio-series-biosafety-cabinet","status":"publish","type":"product","link":"https:\/\/labostera.lt\/lv\/priemones-ir-iranga\/laboratorine-iranga\/biosaugos-spinta-cruma-bio-series-biosafety-cabinet\/","title":{"rendered":"Cruma BIO+ s\u0113rijas biodro\u0161\u012bbas skapis"},"content":{"rendered":"<h2><strong>&quot;Cruma - Diantech Solutions SL&quot; BIO+ biodro\u0161\u012bbas skapis<\/strong><\/h2>\n<ul>\n<li>Sertific\u0113ts T\u00fcv Nord saska\u0146\u0101 ar EN 12469:2000 standartu.<\/li>\n<li>II klases A2 tipa biodro\u0161\u012bbas skapis ar UV gaismu.<\/li>\n<li>Aizsarg\u0101 pret 1., 2. un 3. riska grupas mikroorganismiem.<\/li>\n<li>Aizsarg\u0101 gan person\u0101lu, gan vidi, gan materi\u0101lus no \u0101r\u0113ja pies\u0101r\u0146ojuma.<\/li>\n<\/ul>\n<h3>Biodro\u0161\u012bbas skapis \u2013 funkcijas un pielietojums<\/h3>\n<ul>\n<li><strong>Funkcijas<\/strong>Absolute H14 filtri, recirkul\u0101cijas gaisa pl\u016bsma, gaismas intensit\u0101te virs 900 luksiem.<\/li>\n<li><strong>Lieto\u0161anas opcijas<\/strong>Manipul\u0101cijas ar mikroorganismiem, bakt\u0113rij\u0101m, s\u0113n\u012bt\u0113m, v\u012brusiem un paraz\u012btiem. \u0122en\u0113tisk\u0101 manipul\u0101cija utt.<\/li>\n<li><strong>Br\u012bdin\u0101jumi<\/strong>Daudzl\u012bme\u0146u br\u012bdin\u0101jumi par gaisa pl\u016bsmu, loga poz\u012bciju un nep\u0101rtraukti r\u0101d\u012btajiem darb\u012bbas apst\u0101k\u013ciem.<\/li>\n<li><strong>Funkcion\u0101l\u0101s specifik\u0101cijas<\/strong>Nep\u0101rtraukta dro\u0161\u012bbas parametru uzraudz\u012bba, elektroniska ventilatora vad\u012bba, dekontamin\u0101cijas cikla programmat\u016bra.<\/li>\n<li><strong>Vienk\u0101r\u0161i un efekt\u012bvi<\/strong>Nolaists priek\u0161\u0113jais dizains, pieejama priek\u0161puse filtra piek\u013cuvei, ieejas ligzdas no aug\u0161as.<\/li>\n<\/ul>\n<h3>Lieto\u0161anas opcijas<\/h3>\n<p>Mikroorganismu manipul\u0101cija, kultiv\u0113\u0161ana, mikroskopija, \u0123en\u0113tisk\u0101 manipul\u0101cija.<\/p>\n<h3>Piln\u012bb\u0101 dro\u0161a darba vieta<\/h3>\n<p>Aktiviz\u0113jot, past\u0101v\u012bga sterila gaisa pl\u016bsma nov\u0113r\u0161 mikroorganismu izdal\u012b\u0161anos, nodro\u0161inot operatoram piln\u012bgu aizsardz\u012bbu pret iesp\u0113jamu pies\u0101r\u0146ojumu.<\/p>\n<p>Abas gaisa pl\u016bsmas, kas pl\u016bst p\u0101ri darba virsmai, tiek sadal\u012btas caur filtriem, kas nodro\u0161ina sterilit\u0101ti un recirkul\u0101ciju.<\/p>\n<h3>Biodro\u0161\u012bbas skapji \u2013 <a href=\"http:\/\/labostera.lt\/lv\/product-brand\/cruma-diantech-solutions-s-l\/\">Cruma laboratorijas m\u0113be\u013cu grupa<\/a><\/h3>\n<p>Vair\u0101k inform\u0101cijas: <strong><a href=\"https:\/\/cruma.es\/en\/biosafety-cabinets-class-2-type-a2\/\" target=\"_blank\" rel=\"noopener nofollow\">ra\u017eot\u0101ja t\u012bmek\u013ca vietn\u0113<\/a><\/strong> vai nos\u016btiet mums piepras\u012bjumu!<\/p>","protected":false},"excerpt":{"rendered":"<p><strong>Cruma BIO+ skapis:<\/strong> Nodro\u0161ina mikrobiolo\u0123isko dro\u0161\u012bbu un vides aizsardz\u012bbu. II klases A2 tipa biodro\u0161\u012bbas skapis, kas sertific\u0113ts atbilsto\u0161i standartam EN 12469:2000.<\/p>","protected":false},"featured_media":18393,"template":"","meta":[],"product_cat":[76,121],"product_tag":[688,687,676],"class_list":{"0":"post-18390","1":"product","2":"type-product","3":"status-publish","4":"has-post-thumbnail","6":"product_brand-cruma-diantech-solutions-s-l","7":"product_cat-laboratorine-iranga","8":"product_cat-laminarai-ir-traukos-spintos","9":"product_tag-biosafety-cabinets","10":"product_tag-biosaugos-spintos","11":"product_tag-cruma-diantech-solutions-s-l","13":"first","14":"onbackorder","15":"shipping-taxable","16":"purchasable","17":"product-type-variable"},"_links":{"self":[{"href":"https:\/\/labostera.lt\/lv\/wp-json\/wp\/v2\/product\/18390","targetHints":{"allow":["GET"]}}],"collection":[{"href":"https:\/\/labostera.lt\/lv\/wp-json\/wp\/v2\/product"}],"about":[{"href":"https:\/\/labostera.lt\/lv\/wp-json\/wp\/v2\/types\/product"}],"wp:featuredmedia":[{"embeddable":true,"href":"https:\/\/labostera.lt\/lv\/wp-json\/wp\/v2\/media\/18393"}],"wp:attachment":[{"href":"https:\/\/labostera.lt\/lv\/wp-json\/wp\/v2\/media?parent=18390"}],"wp:term":[{"taxonomy":"product_cat","embeddable":true,"href":"https:\/\/labostera.lt\/lv\/wp-json\/wp\/v2\/product_cat?post=18390"},{"taxonomy":"product_tag","embeddable":true,"href":"https:\/\/labostera.lt\/lv\/wp-json\/wp\/v2\/product_tag?post=18390"}],"curies":[{"name":"wp","href":"https:\/\/api.w.org\/{rel}","templated":true}]}}