{"id":18386,"date":"2024-02-02T11:30:08","date_gmt":"2024-02-02T09:30:08","guid":{"rendered":"http:\/\/labostera.lt\/?post_type=product&#038;p=18386"},"modified":"2024-02-02T14:11:05","modified_gmt":"2024-02-02T12:11:05","slug":"traukos-spinta-cruma-cpr-cabinet","status":"publish","type":"product","link":"https:\/\/labostera.lt\/lv\/priemones-ir-iranga\/laboratorine-iranga\/traukos-spinta-cruma-cpr-cabinet\/","title":{"rendered":"Cruma CPR skapis"},"content":{"rendered":"<h2><strong>Cruma - Diantech Solutions SL CPR vilkmes skapis<\/strong><\/h2>\n<ul>\n<li>Speci\u0101li izstr\u0101d\u0101ts g\u0113nu amplifik\u0101cijai, izmantojot PCR tehniku.<\/li>\n<li>Apr\u012bkots ar taimeri un trim 15 W UV lamp\u0101m sterilit\u0101tes nodro\u0161in\u0101\u0161anai.<\/li>\n<li>4 mm biezais r\u016bd\u012btais stikls darbojas k\u0101 UV starojuma filtrs.<\/li>\n<li>UV lampu autom\u0101tiska izsl\u0113g\u0161ana, pasarg\u0101jot operatoru no nejau\u0161as durvju atv\u0113r\u0161anas.<\/li>\n<\/ul>\n<h3>Tvaika nos\u016bc\u0113js \u2013 pielietojums un priek\u0161roc\u012bbas<\/h3>\n<ul>\n<li><strong>M\u016bsdien\u012bgas risin\u0101jumu iesp\u0113jas<\/strong>Inovat\u012bvs skapis laboratorijas darbam ar \u0113rtu darba virsmu un elegantu dizainu.<\/li>\n<li><strong>Elast\u012bba<\/strong>Piem\u0113rots gr\u016bti pieejam\u0101m viet\u0101m un viegli p\u0101rvietojams.<\/li>\n<li><strong>Piln\u012bga aizsardz\u012bba<\/strong>Tr\u012bs UV lampas nodro\u0161ina piln\u012bgu paraugu dro\u0161\u012bbu pret savstarp\u0113ju pies\u0101r\u0146ojumu.<\/li>\n<li><strong>Ener\u0123ijas taup\u012b\u0161ana<\/strong>Samazina ener\u0123ijas pat\u0113ri\u0146u, izmantojot 15 vatu UV lampas un LED apgaismojumu.<\/li>\n<li><strong>Ekonomisks un viegli lietojams<\/strong>Skapja uzst\u0101d\u012b\u0161anai nav nepiecie\u0161ams d\u0101rgs darbs, tas darbojas k\u0101 &quot;Plug&amp;Play&quot;.<\/li>\n<\/ul>\n<h3>Lieto\u0161anas opcijas<\/h3>\n<p>\u0122en\u0113tisk\u0101 izp\u0113te, DNS un RNS paraugu test\u0113\u0161ana.<\/p>\n<h3>Lamin\u0101r\u0101s pl\u016bsmas skapji \u2013 <a href=\"http:\/\/labostera.lt\/lv\/product-brand\/cruma-diantech-solutions-s-l\/\">Cruma laboratorijas m\u0113be\u013cu grupa<\/a><\/h3>\n<p>Vair\u0101k inform\u0101cijas: <strong><a href=\"https:\/\/cruma.es\/en\/horizontal-laminar-flow-cabinets\/\" target=\"_blank\" rel=\"noopener nofollow\">ra\u017eot\u0101ja t\u012bmek\u013ca vietn\u0113<\/a><\/strong> vai nos\u016btiet mums piepras\u012bjumu!<\/p>","protected":false},"excerpt":{"rendered":"<p><strong>Cruma PCR skapis:<\/strong> Laboratorijas ier\u012bce, kas paredz\u0113ta PCR metod\u0113m. Sterilit\u0101te un lieto\u0161anas \u0113rtums. Aizsarg\u0101jo\u0161s UV stikls un 15 W UV lampas.<\/p>","protected":false},"featured_media":18389,"template":"","meta":[],"product_cat":[76,121],"product_tag":[686,676,677],"class_list":{"0":"post-18386","1":"product","2":"type-product","3":"status-publish","4":"has-post-thumbnail","6":"product_brand-cruma-diantech-solutions-s-l","7":"product_cat-laboratorine-iranga","8":"product_cat-laminarai-ir-traukos-spintos","9":"product_tag-cpr-cabinets","10":"product_tag-cruma-diantech-solutions-s-l","11":"product_tag-traukos-spintos","13":"first","14":"onbackorder","15":"shipping-taxable","16":"purchasable","17":"product-type-simple"},"_links":{"self":[{"href":"https:\/\/labostera.lt\/lv\/wp-json\/wp\/v2\/product\/18386","targetHints":{"allow":["GET"]}}],"collection":[{"href":"https:\/\/labostera.lt\/lv\/wp-json\/wp\/v2\/product"}],"about":[{"href":"https:\/\/labostera.lt\/lv\/wp-json\/wp\/v2\/types\/product"}],"wp:featuredmedia":[{"embeddable":true,"href":"https:\/\/labostera.lt\/lv\/wp-json\/wp\/v2\/media\/18389"}],"wp:attachment":[{"href":"https:\/\/labostera.lt\/lv\/wp-json\/wp\/v2\/media?parent=18386"}],"wp:term":[{"taxonomy":"product_cat","embeddable":true,"href":"https:\/\/labostera.lt\/lv\/wp-json\/wp\/v2\/product_cat?post=18386"},{"taxonomy":"product_tag","embeddable":true,"href":"https:\/\/labostera.lt\/lv\/wp-json\/wp\/v2\/product_tag?post=18386"}],"curies":[{"name":"wp","href":"https:\/\/api.w.org\/{rel}","templated":true}]}}