{"id":18379,"date":"2024-02-02T10:58:36","date_gmt":"2024-02-02T08:58:36","guid":{"rendered":"http:\/\/labostera.lt\/?post_type=product&#038;p=18379"},"modified":"2024-02-02T13:59:07","modified_gmt":"2024-02-02T11:59:07","slug":"laminarine-traukos-spinta-cruma-hz-series-laminar-flow-cabinet","status":"publish","type":"product","link":"https:\/\/labostera.lt\/lv\/priemones-ir-iranga\/laboratorine-iranga\/laminarine-traukos-spinta-cruma-hz-series-laminar-flow-cabinet\/","title":{"rendered":"Lamin\u0101r\u0101s pl\u016bsmas skapis Cruma HZ s\u0113rijas lamin\u0101r\u0101s pl\u016bsmas skapis"},"content":{"rendered":"<h2><strong>Cruma \u2013 Diantech Solutions SL HZ s\u0113rijas lamin\u0101r\u0101s pl\u016bsmas skapis<\/strong><\/h2>\n<p>ISO 5. klases horizont\u0101l\u0101s lamin\u0101r\u0101s pl\u016bsmas skapji (iepriek\u0161 100. klase) ir ide\u0101li piem\u0113roti lietojumiem, kuros ir svar\u012bgi nodro\u0161in\u0101t produktu aizsardz\u012bbu pret \u0101r\u0113ju pies\u0101r\u0146ojumu un savstarp\u0113ju pies\u0101r\u0146ojumu. \u012apa\u0161ais veids, k\u0101 ir saliktas filtra iek\u0161\u0113j\u0101s sienas, kas atrodas uz t\u0101 perimetra, nov\u0113r\u0161 jebk\u0101du potenci\u0101lu pies\u0101r\u0146ot\u0101ju iek\u013c\u016b\u0161anu darba zon\u0101, izmantojot filtra r\u0101mja Venturi efektu. No apk\u0101rt\u0113j\u0101s vides sav\u0101ktais gaiss tiek att\u012br\u012bts, izmantojot poliuret\u0101nu ar augstu svara efektivit\u0101ti, ar ventilatora motoru to iespie\u017e tampon\u0101, p\u0113c tam izlai\u017e caur absol\u016bto filtru un izvada darba zon\u0101. Gaiss tiek izvad\u012bts no operatora priek\u0161\u0101 novietota H14 HEPA filtra, p\u0101rvietojoties kompakt\u0101, lamin\u0101r\u0101 pl\u016bsm\u0101, radot ISO 4. klases un t\u0101d\u0113j\u0101di sterilu darba zonu un nodro\u0161inot, ka pies\u0101r\u0146ojuma da\u013ci\u0146as aiz produkta atrodas t\u0101l\u0101k.<\/p>\n<h3>Paraugu aizsardz\u012bba. Piln\u012bga sterilit\u0101te.<\/h3>\n<p>M\u016bsu horizont\u0101l\u0101s lamin\u0101r\u0101s pl\u016bsmas skapji garant\u0113 lamin\u0101ru gaisa pl\u016bsmu atbilsto\u0161i ISO 4. klases gaisa t\u012br\u012bbas standartiem saska\u0146\u0101 ar EN14644-1, pateicoties m\u016bsu uzlabotajam H14 HEPA filtram, kas nodro\u0161ina minim\u0101lo efektivit\u0101tes l\u012bmeni 99,995% da\u013ci\u0146\u0101m l\u012bdz 0,3 \u00b5m.<\/p>\n<h3>Univers\u0101ls<\/h3>\n<p>Tos var izmantot viet\u0101s, kur ir gr\u016bti izs\u016bkn\u0113t pies\u0101r\u0146oto gaisu, piem\u0113ram, \u0113ku apak\u0161\u0113jos pagalmos, un tos var uzst\u0101d\u012bt da\u017e\u0101d\u0101s viet\u0101s, kas noz\u012bm\u0113, ka tos ir viegli p\u0101rvietot, ja nepiecie\u0161ams.<\/p>\n<h3>Ekonomiski resursi un vienk\u0101r\u0161a uzst\u0101d\u012b\u0161ana<\/h3>\n<p>Skapja uzst\u0101d\u012b\u0161anai nav nepiecie\u0161ams d\u0101rgs darbs, kas noz\u012bm\u0113, ka nav papildu izmaksu un nav nepiecie\u0161ams p\u0101rtraukt laboratorijas pilnu jaudu.<\/p>\n<h3>Ener\u0123ijas taup\u012b\u0161ana<\/h3>\n<p>At\u0161\u0137ir\u012bb\u0101 no citiem ra\u017eot\u0101jiem, m\u016bsu skapji neizmanto laboratorijas gaisa kondicion\u0113\u0161anu, kas iev\u0113rojami samazina ener\u0123ijas izmaksas: filtr\u0113ts gaiss netiek izvad\u012bts \u0101r\u0101, bet gan atk\u0101rtoti ievad\u012bts laboratorij\u0101, att\u012br\u012bts no pies\u0101r\u0146ojo\u0161\u0101m da\u013ci\u0146\u0101m.<\/p>\n<h3>Funkcijas<\/h3>\n<ul>\n<li><strong>Ra\u017eo\u0161ana:<\/strong> \u0100r\u0113j\u0101s da\u013cas ir izgatavotas no cinkota auksti velm\u0113ta t\u0113rauda, p\u0101rkl\u0101tas ar baltu epoks\u012bda sve\u0137iem, ceptas cepe\u0161kr\u0101sn\u012bs 200 \u00b0C temperat\u016br\u0101 un iztur\u012bgas pret steriliz\u0101cij\u0101 izmantotajiem \u0137\u012bmiskajiem savienojumiem.<\/li>\n<li><strong>Darba virsma:<\/strong> Darba kameras virsma ir izgatavota no balta r\u016bd\u012bta stikla, kas ir \u013coti iztur\u012bgs pret triecieniem un \u0137\u012bmisk\u0101m ietekm\u0113m.<\/li>\n<li><strong>Absol\u016btais H14 HEPA filtrs:<\/strong> ar pl\u016bsmas \u0101trumu un efektivit\u0101tes l\u012bmeni virs 99,995% da\u013ci\u0146\u0101m, kuru izm\u0113rs ir 0,3 mikroni. Standarti MIL-F51068C un BS 3298.<\/li>\n<li><strong>V\u0113ja motori:<\/strong> divk\u0101r\u0161ie centrb\u0113dzes v\u0113ja motori, kas sp\u0113j nodro\u0161in\u0101t lamin\u0101ru pl\u016bsmu darba viet\u0101, \u012bpa\u0161i, ja runa ir par filtra pies\u0101tin\u0101jumu l\u012bdz maksim\u0101lajai v\u0113rt\u012bbai 400 pask\u0101li.<\/li>\n<li><strong>Vad\u012bbas panelis:<\/strong> M\u012bksta tastat\u016bra ar sl\u0113dzi LED lamp\u0101m, UV ultravioletaj\u0101m lamp\u0101m, apkopes sist\u0113mu, kas regul\u0113 gaisa \u0101trumu caur HEPA filtru, elektroniski regul\u0113jama un ar vad\u012bbas tausti\u0146u, kas samazina \u0101trumu ECO re\u017e\u012bm\u0101.<\/li>\n<li><strong>Apgaismojums:<\/strong> LED lampas, kas uzst\u0101d\u012btas centr\u0101 ar prizmatisku dif\u016bzijas ekr\u0101nu, kas uzlabo gaismas sadal\u012bjumu uz darba virsmas.<\/li>\n<\/ul>\n<h3>Lietder\u012bba<\/h3>\n<p>Tromboc\u012btiem bag\u0101tin\u0101ta plazma, aug\u0161anas faktori, z\u0101\u013cu pieg\u0101de aptiekas noda\u013c\u0101, hematolo\u0123ija, kl\u012bnisk\u0101 anal\u012bze un mikroskopisk\u0101 anal\u012bze, antibiotiku un injic\u0113jamu z\u0101\u013cu (iz\u0146emot citostatiskos l\u012bdzek\u013cus) pild\u012b\u0161ana, audu kult\u016bra, augu \u0161\u016bnu kult\u016bras, vec\u0101ku maisi\u0146u atjauno\u0161ana, m\u0101ksl\u012bg\u0101s apaug\u013co\u0161anas metodes, mikrora\u017eo\u0161anas metodes, \u016bdens un p\u0101rtikas kvalit\u0101tes kontrole, elektronisko ier\u012b\u010du ra\u017eo\u0161ana un remonts, putek\u013cu aizsardz\u012bba optikas nozar\u0113 u.c.<\/p>\n<h3>127x34 mm LCD displejs<\/h3>\n<p>Ierakstiet instal\u0113to filtru, darba stundas, der\u012bguma termi\u0146u un citus skat\u012b\u0161anas datumus, atpaka\u013cskait\u012b\u0161anas taimeri, pulksteni un kalend\u0101ru.<\/p>\n<h3>Jaunas funkcijas un komponenti<\/h3>\n<p>S\u0101kotn\u0113j\u0101 cikla pl\u016bsmas piem\u0113rot\u012bba un gal\u012bgais t\u012br\u012b\u0161anas cikls, k\u013c\u016bmes LED indikators, gaisa pl\u016bsmas kontrole, izmantojot mikroprocesoru, HEPA filtrs ar elektronisko mikrosh\u0113mu, LED apgaismojums.<\/p>\n<h3>Jauni br\u012bdin\u0101jumi un pl\u0101notie pazi\u0146ojumi<\/h3>\n<p>Br\u012bdin\u0101jums par n\u0101kamo der\u012bguma termi\u0146u, br\u012bdin\u0101jums par vair\u0101k\u0101m filtra kalpo\u0161anas stund\u0101m, atpaka\u013cskait\u012b\u0161anas taimeris, br\u012bdin\u0101jums par filtra der\u012bguma termi\u0146u p\u0113c stund\u0101m un datuma, apr\u012bkojums bez filtra br\u012bdin\u0101juma.<\/p>\n<h3>Parauga aizsardz\u012bba<\/h3>\n<p>T\u012bra vieta paraugu apstr\u0101dei un aizsardz\u012bbai. M\u016bsu horizont\u0101l\u0101s lamin\u0101r\u0101s pl\u016bsmas skapja gaisa pl\u016bsma pl\u016bst caur H14 HEPA filtru (ra\u017eots saska\u0146\u0101 ar EN-1822) ar nemain\u012bgu \u0101trumu, horizont\u0101li p\u0101rvietojoties pa skapja lamin\u0101r\u0101s pl\u016bsmas zonu. Tas rada sterilu vidi atbilsto\u0161i ISO 4. klasei (iepriek\u0161\u0113j\u0101 Amerikas Feder\u0101l\u0101 standarta 209E versija) un aizsarg\u0101 produktu no \u0101r\u0113ja pies\u0101r\u0146ojuma un iesp\u0113jamas savstarp\u0113jas pies\u0101r\u0146o\u0161an\u0101s starp paraugiem.<\/p>\n<p>Vienpak\u0101pes filtr\u0101cijas sist\u0113ma ar minim\u0101lo efektivit\u0101tes l\u012bmeni 99,995% da\u013ci\u0146\u0101m ar izm\u0113ru 0,3 \u00b5m, papildin\u0101ta ar 100% ekstrakcijas l\u012bmeni, pateicoties \u0101r\u0113jai gaisa pl\u016bsmai. Piln\u012bga parauga aizsardz\u012bba.<\/p>\n<h3>Lamin\u0101r\u0101s pl\u016bsmas skapji \u2013 <a href=\"http:\/\/labostera.lt\/lv\/product-brand\/cruma-diantech-solutions-s-l\/\">Cruma laboratorijas m\u0113be\u013cu grupa<\/a><\/h3>\n<p>Vair\u0101k inform\u0101cijas: <strong><a href=\"https:\/\/cruma.es\/en\/horizontal-laminar-flow-cabinets\/\" target=\"_blank\" rel=\"noopener nofollow\">ra\u017eot\u0101ja t\u012bmek\u013ca vietn\u0113<\/a><\/strong> vai nos\u016btiet mums piepras\u012bjumu!<\/p>","protected":false},"excerpt":{"rendered":"<p>Cruma HZ \u2013 lamin\u0101r\u0101s pl\u016bsmas skapis. Horizont\u0101la lamin\u0101ras pl\u016bsmas skapis ar H14 HEPA filtru, kas nodro\u0161ina sterilu ISO 4. klases gaisu darba telp\u0101. Elast\u012bgs, ekonomisks un viegli uzst\u0101d\u0101ms.<\/p>","protected":false},"featured_media":18384,"template":"","meta":[],"product_cat":[76,121],"product_tag":[676,657,677],"class_list":{"0":"post-18379","1":"product","2":"type-product","3":"status-publish","4":"has-post-thumbnail","6":"product_brand-cruma-diantech-solutions-s-l","7":"product_cat-laboratorine-iranga","8":"product_cat-laminarai-ir-traukos-spintos","9":"product_tag-cruma-diantech-solutions-s-l","10":"product_tag-laminar-flow-cabinets","11":"product_tag-traukos-spintos","13":"first","14":"onbackorder","15":"shipping-taxable","16":"purchasable","17":"product-type-variable"},"_links":{"self":[{"href":"https:\/\/labostera.lt\/lv\/wp-json\/wp\/v2\/product\/18379","targetHints":{"allow":["GET"]}}],"collection":[{"href":"https:\/\/labostera.lt\/lv\/wp-json\/wp\/v2\/product"}],"about":[{"href":"https:\/\/labostera.lt\/lv\/wp-json\/wp\/v2\/types\/product"}],"wp:featuredmedia":[{"embeddable":true,"href":"https:\/\/labostera.lt\/lv\/wp-json\/wp\/v2\/media\/18384"}],"wp:attachment":[{"href":"https:\/\/labostera.lt\/lv\/wp-json\/wp\/v2\/media?parent=18379"}],"wp:term":[{"taxonomy":"product_cat","embeddable":true,"href":"https:\/\/labostera.lt\/lv\/wp-json\/wp\/v2\/product_cat?post=18379"},{"taxonomy":"product_tag","embeddable":true,"href":"https:\/\/labostera.lt\/lv\/wp-json\/wp\/v2\/product_tag?post=18379"}],"curies":[{"name":"wp","href":"https:\/\/api.w.org\/{rel}","templated":true}]}}