{"id":18367,"date":"2024-02-02T09:37:23","date_gmt":"2024-02-02T07:37:23","guid":{"rendered":"http:\/\/labostera.lt\/?post_type=product&#038;p=18367"},"modified":"2024-02-02T12:07:50","modified_gmt":"2024-02-02T10:07:50","slug":"laminarine-traukos-spinta-cruma-fl-series-laminar-flow-hood","status":"publish","type":"product","link":"https:\/\/labostera.lt\/lv\/priemones-ir-iranga\/laboratorine-iranga\/laminarine-traukos-spinta-cruma-fl-series-laminar-flow-hood\/","title":{"rendered":"Lamin\u0101r\u0101s pl\u016bsmas nos\u016bc\u0113js Cruma FL s\u0113rijas lamin\u0101r\u0101s pl\u016bsmas nos\u016bc\u0113js"},"content":{"rendered":"<h2><strong>\u201e&quot;Cruma - Diantech Solutions SL&quot; FL s\u0113rijas velm\u0113\u0161anas skapis<\/strong><\/h2>\n<p>Lai nodro\u0161in\u0101tu testu ticam\u012bbu, ir svar\u012bgi, lai skap\u012b veiktais darbs neb\u016btu pies\u0101r\u0146ots. M\u016bsu vertik\u0101l\u0101s lamin\u0101r\u0101s pl\u016bsmas skapji \u0123ener\u0113 sterilu ISO 5. klases gaisu, kas pl\u016bst caur H14 HEPA filtru (ra\u017eots saska\u0146\u0101 ar EN-1822), nolai\u017eoties caur skapja vertik\u0101lo lamin\u0101r\u0101s pl\u016bsmas zonu. Tas nodro\u0161ina sterilu gaisu, aizsarg\u0101jot produktu no \u0101r\u0113ja pies\u0101r\u0146ojuma un iesp\u0113jamas savstarp\u0113jas pies\u0101r\u0146o\u0161anas starp paraugiem.<\/p>\n<p>Skapji, kas apr\u012bkoti ar m\u016bsu filtr\u0101cijas sist\u0113mu, kuras minim\u0101lais efektivit\u0101tes l\u012bmenis ir 99,995% da\u013ci\u0146\u0101m l\u012bdz 0,3 \u00b5m aug\u0161\u0113j\u0101 filtr\u0101 un gaisa pl\u016bsmas nos\u016bk\u0161anas l\u012bmenis 100% uz \u0101ru.<\/p>\n<h3>Paraugu aizsardz\u012bba. Piln\u012bga sterilit\u0101te.<\/h3>\n<p>M\u016bsu vertik\u0101l\u0101s lamin\u0101r\u0101s pl\u016bsmas skapji garant\u0113 lamin\u0101ru gaisa pl\u016bsmu, kas atbilst ISO 5. klases gaisa t\u012br\u012bbas standartiem saska\u0146\u0101 ar EN14644-1, pateicoties m\u016bsu uzlabotajiem H14 HEPA filtriem, kas nodro\u0161ina minim\u0101lo efektivit\u0101tes l\u012bmeni 99,995% da\u013ci\u0146\u0101m l\u012bdz 0,3 \u00b5m.<\/p>\n<h3>Univers\u0101ls<\/h3>\n<p>Tos var izmantot viet\u0101s, kur ir gr\u016bti izs\u016bkn\u0113t pies\u0101r\u0146oto gaisu, piem\u0113ram, \u0113ku apak\u0161\u0113jos pagalmos, un tos var uzst\u0101d\u012bt da\u017e\u0101d\u0101s viet\u0101s, kas noz\u012bm\u0113, ka tos ir viegli p\u0101rvietot, ja nepiecie\u0161ams.<\/p>\n<h3>Ekonomiski resursi un vienk\u0101r\u0161a uzst\u0101d\u012b\u0161ana<\/h3>\n<p>Skapja uzst\u0101d\u012b\u0161anai nav nepiecie\u0161ams d\u0101rgs darbs, kas noz\u012bm\u0113, ka nav papildu izmaksu un nav nepiecie\u0161ams p\u0101rtraukt laboratorijas pilnu jaudu.<\/p>\n<h3>Ener\u0123ijas taup\u012b\u0161ana<\/h3>\n<p>At\u0161\u0137ir\u012bb\u0101 no citiem ra\u017eot\u0101jiem, m\u016bsu skapji neizmanto laboratorijas gaisa kondicion\u0113\u0161anu, kas iev\u0113rojami samazina ener\u0123ijas izmaksas: filtr\u0113ts gaiss netiek izvad\u012bts \u0101r\u0101, bet gan atk\u0101rtoti ievad\u012bts laboratorij\u0101, att\u012br\u012bts no pies\u0101r\u0146ojo\u0161\u0101m da\u013ci\u0146\u0101m.<\/p>\n<h3>Funkcijas<\/h3>\n<ul>\n<li><strong>Ra\u017eo\u0161ana:<\/strong> \u0100r\u0113j\u0101s da\u013cas ir izgatavotas no cinkota auksti velm\u0113ta t\u0113rauda, p\u0101rkl\u0101tas ar baltu epoks\u012bda sve\u0137iem, ceptas cepe\u0161kr\u0101sn\u012bs 200 \u00b0C temperat\u016br\u0101 un iztur\u012bgas pret steriliz\u0101cij\u0101 izmantotajiem \u0137\u012bmiskajiem savienojumiem.<\/li>\n<li><strong>Darba virsma:<\/strong> Darba kameras virsma ir izgatavota no balta r\u016bd\u012bta stikla, kas ir \u013coti iztur\u012bgs pret triecieniem un \u0137\u012bmisk\u0101m ietekm\u0113m.<\/li>\n<li><strong>Absol\u016btais H14 HEPA filtrs:<\/strong> ar pl\u016bsmas \u0101trumu un efektivit\u0101tes l\u012bmeni virs 99,995% da\u013ci\u0146\u0101m, kuru izm\u0113rs ir 0,3 mikroni. Standarti MIL-F51068C un BS 3298.<\/li>\n<li><strong>V\u0113ja motori:<\/strong> divk\u0101r\u0161ie centrb\u0113dzes v\u0113ja motori, kas sp\u0113j nodro\u0161in\u0101t lamin\u0101ru pl\u016bsmu darba viet\u0101, \u012bpa\u0161i, ja runa ir par filtra pies\u0101tin\u0101jumu l\u012bdz maksim\u0101lajai v\u0113rt\u012bbai 400 pask\u0101li.<\/li>\n<li><strong>Vad\u012bbas panelis:<\/strong> M\u012bksto tausti\u0146u tastat\u016bra ar sl\u0113dzi LED apgaismojumam, UV ultravioletajam apgaismojumam, apkopes sist\u0113mai, kas elektroniski regul\u0113 gaisa \u0101trumu caur HEPA filtru, un vad\u012bbas tausti\u0146am, kas samazina \u0101trumu ECO re\u017e\u012bm\u0101.<\/li>\n<li><strong>Apgaismojums:<\/strong> LED lampas, kas uzst\u0101d\u012btas centr\u0101 ar prizmatisku dif\u016bzijas ekr\u0101nu, kas uzlabo gaismas sadal\u012bjumu uz darba virsmas.<\/li>\n<\/ul>\n<h3>Pielietojuma joma<\/h3>\n<p>Laboratorijas p\u0101rtikas r\u016bpniec\u012bba kopum\u0101, z\u0101\u013cu p\u0101rne\u0161ana farm\u0101cijas noda\u013c\u0101, hematolo\u0123ija un kl\u012bnisk\u0101 anal\u012bze, pild\u012btu antibiotiku un injic\u0113jamu z\u0101\u013cu (iz\u0146emot citostatiskos l\u012bdzek\u013cus) mikroskopisk\u0101 anal\u012bze, audu kult\u016bru maisi\u0146i, m\u0101ksl\u012bg\u0101s apaug\u013co\u0161anas metodes, mikrora\u017eo\u0161ana, augu \u0161\u016bnu kult\u016bras, \u016bdens kvalit\u0101tes kontrole, elektronisko ier\u012b\u010du ra\u017eo\u0161ana un citas.<\/p>\n<h3>127x34 mm LCD displejs<\/h3>\n<p>Ierakstiet instal\u0113to filtru, darba stundas, der\u012bguma termi\u0146u un citus skat\u012b\u0161anas datumus, atpaka\u013cskait\u012b\u0161anas taimeri, pulksteni un kalend\u0101ru.<\/p>\n<h3>Jaunas funkcijas un komponenti<\/h3>\n<p>S\u0101kotn\u0113j\u0101 cikla pl\u016bsmas piem\u0113rot\u012bba un gal\u012bgais t\u012br\u012b\u0161anas cikls, k\u013c\u016bmes LED indikators, gaisa pl\u016bsmas kontrole, izmantojot mikroprocesoru, HEPA filtrs ar elektronisko mikrosh\u0113mu, LED apgaismojums.<\/p>\n<h3>Jauni br\u012bdin\u0101jumi un pl\u0101notie pazi\u0146ojumi<\/h3>\n<p>Br\u012bdin\u0101jums par n\u0101kamo der\u012bguma termi\u0146u, br\u012bdin\u0101jums par vair\u0101k\u0101m filtra kalpo\u0161anas stund\u0101m, atpaka\u013cskait\u012b\u0161anas taimeris, br\u012bdin\u0101jums par filtra der\u012bguma termi\u0146u p\u0113c stund\u0101m un datuma, apr\u012bkojums bez filtra br\u012bdin\u0101juma.<\/p>\n<h3>T\u012br\u0101 zona<\/h3>\n<p>Aizsarg\u0101jiet paraugus no savstarp\u0113jas pies\u0101r\u0146o\u0161anas. Vertik\u0101l\u0101s lamin\u0101r\u0101s pl\u016bsmas skapja gaiss pl\u016bst caur H14 HEPA filtru (ra\u017eots saska\u0146\u0101 ar EN-1822) ar nemain\u012bgu \u0101trumu, vertik\u0101li p\u0101rvietojoties pa skapja lamin\u0101r\u0101s pl\u016bsmas zonu. Tas nodro\u0161ina sterilu vidi atbilsto\u0161i ISO 5. klasei (iepriek\u0161\u0113j\u0101 Amerikas Feder\u0101l\u0101 standarta 209E versija) un aizsarg\u0101 produktu no \u0101r\u0113ja pies\u0101r\u0146ojuma un iesp\u0113jamas savstarp\u0113jas pies\u0101r\u0146o\u0161anas starp paraugiem.<\/p>\n<p>Vienpak\u0101pes filtr\u0101cijas sist\u0113ma ar minim\u0101lo efektivit\u0101tes l\u012bmeni 99,995% da\u013ci\u0146\u0101m l\u012bdz 0,3 \u00b5m aug\u0161\u0113j\u0101 filtr\u0101 un ekstrakcijas l\u012bmeni 100% gaisa pl\u016bsmai uz \u0101ru. Pilns aizsardz\u012bbas l\u012bmenis paraugam.<\/p>\n<h3>Lamin\u0101r\u0101s pl\u016bsmas skapji \u2013 <a href=\"http:\/\/labostera.lt\/lv\/product-brand\/cruma-diantech-solutions-s-l\/\">Cruma laboratorijas m\u0113be\u013cu grupa<\/a><\/h3>\n<p>Vair\u0101k inform\u0101cijas: <strong><a href=\"https:\/\/cruma.es\/en\/vertical-laminar-flow-cabinets\/\" target=\"_blank\" rel=\"noopener nofollow\">ra\u017eot\u0101ja t\u012bmek\u013ca vietn\u0113<\/a><\/strong> vai nos\u016btiet mums piepras\u012bjumu!<\/p>","protected":false},"excerpt":{"rendered":"<p>Cruma FL \u2013 tvaiku nos\u016bc\u0113js. Vertik\u0101ls lamin\u0101r\u0101s pl\u016bsmas skapis ar H14 HEPA filtru nodro\u0161ina ISO 5. klases sterilu gaisu, aizsarg\u0101jot paraugus no pies\u0101r\u0146ojuma. Ekonomisks, piel\u0101gojams un viegli uzst\u0101d\u0101ms.<\/p>","protected":false},"featured_media":18375,"template":"","meta":[],"product_cat":[76,121],"product_tag":[676,684,677],"class_list":{"0":"post-18367","1":"product","2":"type-product","3":"status-publish","4":"has-post-thumbnail","6":"product_brand-cruma-diantech-solutions-s-l","7":"product_cat-laboratorine-iranga","8":"product_cat-laminarai-ir-traukos-spintos","9":"product_tag-cruma-diantech-solutions-s-l","10":"product_tag-laminar-flow-hoods","11":"product_tag-traukos-spintos","13":"first","14":"onbackorder","15":"shipping-taxable","16":"purchasable","17":"product-type-variable"},"_links":{"self":[{"href":"https:\/\/labostera.lt\/lv\/wp-json\/wp\/v2\/product\/18367","targetHints":{"allow":["GET"]}}],"collection":[{"href":"https:\/\/labostera.lt\/lv\/wp-json\/wp\/v2\/product"}],"about":[{"href":"https:\/\/labostera.lt\/lv\/wp-json\/wp\/v2\/types\/product"}],"wp:featuredmedia":[{"embeddable":true,"href":"https:\/\/labostera.lt\/lv\/wp-json\/wp\/v2\/media\/18375"}],"wp:attachment":[{"href":"https:\/\/labostera.lt\/lv\/wp-json\/wp\/v2\/media?parent=18367"}],"wp:term":[{"taxonomy":"product_cat","embeddable":true,"href":"https:\/\/labostera.lt\/lv\/wp-json\/wp\/v2\/product_cat?post=18367"},{"taxonomy":"product_tag","embeddable":true,"href":"https:\/\/labostera.lt\/lv\/wp-json\/wp\/v2\/product_tag?post=18367"}],"curies":[{"name":"wp","href":"https:\/\/api.w.org\/{rel}","templated":true}]}}