{"id":18358,"date":"2024-02-01T15:05:41","date_gmt":"2024-02-01T13:05:41","guid":{"rendered":"http:\/\/labostera.lt\/?post_type=product&#038;p=18358"},"modified":"2024-02-02T12:06:43","modified_gmt":"2024-02-02T10:06:43","slug":"milteliu-svarstykliu-spinta-cruma-p-series-powder-weighing-cabinet","status":"publish","type":"product","link":"https:\/\/labostera.lt\/lv\/priemones-ir-iranga\/laboratorine-iranga\/milteliu-svarstykliu-spinta-cruma-p-series-powder-weighing-cabinet\/","title":{"rendered":"Pulverveida sv\u0113r\u0161anas skapis Cruma P s\u0113rijas pulverveida sv\u0113r\u0161anas skapis"},"content":{"rendered":"<h2><strong>Cruma \u2013 Diantech Solutions SL P s\u0113rijas pulverveida sv\u0113r\u0161anas skapis<\/strong><\/h2>\n<p>Lai nodro\u0161in\u0101tu darbinieku aizsardz\u012bbu prec\u012bzas pulverveida vielu sv\u0113r\u0161anas laik\u0101, Cruma ir izstr\u0101d\u0101jusi jaunu skapi ar dubultu HEPA filtru, kas uztver da\u013ci\u0146as l\u012bdz 0,3 mikroniem. Skapis ir pieejams divos da\u017e\u0101dos izm\u0113ros un ir apr\u012bkots ar galveno H14 filtru un dro\u0161\u012bbas H14 filtru izpl\u016bdes viet\u0101. P\u0113c piepras\u012bjuma HEPA filtra viet\u0101 var uzst\u0101d\u012bt aktiv\u0113t\u0101s ogles filtru.<\/p>\n<h3>Sertific\u0113ts<\/h3>\n<p>Ra\u017eots Barselon\u0101, izmantojot CE komponentus, un sertific\u0113ts \u0101r\u0113j\u0101 laboratorij\u0101, iev\u0113rojot starptautiskos standartus un piem\u0113rojot ISO 9001:2015 kvalit\u0101tes krit\u0113rijus.<\/p>\n<h3>Univers\u0101lis<\/h3>\n<p>Tos var izmantot viet\u0101s, kur ir gr\u016bti izs\u016bkn\u0113t pies\u0101r\u0146oto gaisu, piem\u0113ram, \u0113ku apak\u0161\u0113jos pagalmos, un tos var uzst\u0101d\u012bt da\u017e\u0101d\u0101s viet\u0101s, kas noz\u012bm\u0113, ka tos ir viegli p\u0101rvietot, ja nepiecie\u0161ams.<\/p>\n<h3>Ekonomiski resursi un vienk\u0101r\u0161a uzst\u0101d\u012b\u0161ana<\/h3>\n<p>G\u0101zu izvades cauru\u013cu uzst\u0101d\u012b\u0161anai nav nepiecie\u0161ams veikt d\u0101rgus darbus, t\u0101p\u0113c nav papildu izmaksu un nav nepiecie\u0161ams p\u0101rtraukt laboratorijas pilnu jaudu.<\/p>\n<h3>Ener\u0123ijas taup\u012b\u0161ana<\/h3>\n<p>At\u0161\u0137ir\u012bb\u0101 no tradicion\u0101laj\u0101m izpl\u016bdes mask\u0101m, m\u016bsu d\u016bmu maskas neizmanto laboratorijas iek\u0161\u0113jo gaisa kondicion\u0113\u0161anu, kas iev\u0113rojami samazina ener\u0123ijas izmaksas. Izs\u016bktais gaiss netiek izvad\u012bts \u0101r\u0101, bet gan p\u0101rstr\u0101d\u0101ts laboratorijas iek\u0161ien\u0113, att\u012br\u012bts no pies\u0101r\u0146ot\u0101jiem.<\/p>\n<h3>Funkcijas<\/h3>\n<ul>\n<li><strong>Ra\u017eo\u0161ana:<\/strong> \u0100r\u0113j\u0101s da\u013cas ir izgatavotas no 1,2 mm cinkota t\u0113rauda ar sk\u0101bes iztur\u012bgu polim\u0113ra p\u0101rkl\u0101jumu, kas saciet\u0113 200 \u00b0C temperat\u016br\u0101. Durvis ir izgatavotas no 6 mm bieza caursp\u012bd\u012bga polimetilmetakril\u0101ta (gaismas caurlaid\u012bbas koeficients 93%).<\/li>\n<li><strong>Darba virsma:<\/strong> Darba zonas\/darba kamera ir izgatavota no ner\u016bs\u0113jo\u0161\u0101 t\u0113rauda AISI 304 2B.<\/li>\n<li><strong>127x34 mm LCD displejs inform\u0113 par:<\/strong> Past\u0101v\u012bgi tiek uzraudz\u012bts gaisa \u0101trums, uzst\u0101d\u012bts filtrs, darba stundas, der\u012bguma termi\u0146\u0161 un citi p\u0101rskat\u012b\u0161anas datumi, durvju atv\u0113r\u0161anas br\u012bdin\u0101jums, izmantojot elektronisko fotopap\u012bra elementu, atpaka\u013cskait\u012b\u0161anas taimeri, pulksteni un kalend\u0101ru.<\/li>\n<li><strong>Funkcijas un sast\u0101vda\u013cas:<\/strong> S\u0101kotn\u0113j\u0101 gaisa pl\u016bsmas cikla regul\u0113\u0161ana un gal\u012bgais t\u012br\u012b\u0161anas cikls, k\u013c\u016bmes LED, gaisa pl\u016bsmas kontrole, izmantojot mikroprocesoru, filtrs ar elektronisko mikrosh\u0113mu, iek\u0161\u0113jais temperat\u016bras sensors, br\u012bdin\u0101jums par atv\u0113rt\u0101m durv\u012bm \/ atv\u0113rt\u0101m durv\u012bm izsl\u0113g\u0161anas re\u017e\u012bm\u0101, br\u012bdin\u0101jums par n\u0101kamo p\u0101rskat\u012b\u0161anu, br\u012bdin\u0101jums par vair\u0101k\u0101m filtra kalpo\u0161anas stund\u0101m, atpaka\u013cskait\u012b\u0161anas taimeris, br\u012bdin\u0101jums par filtra beigu laiku (p\u0113c stund\u0101m), br\u012bdin\u0101jums par filtra beigu laiku (p\u0113c datuma), temperat\u016bras br\u012bdin\u0101jums, apr\u012bkojums bez filtra br\u012bdin\u0101juma, zema barjera.<\/li>\n<\/ul>\n<h3>Lietojums<\/h3>\n<p>Anal\u012btisk\u0101s laboratorijas, p\u0113tniec\u012bbas laboratorijas, kvalit\u0101tes kontroles laboratorijas, kl\u012bnisk\u0101s laboratorijas utt. \u2013 \u012bs\u0101k sakot, jebkura laboratorija.<\/p>\n<h3>127x34 mm LCD displejs<\/h3>\n<p>Ieb\u016bv\u0113ts filtrs, darba stundas, der\u012bguma termi\u0146\u0161 un n\u0101kam\u0101s p\u0101rskat\u012b\u0161anas datums, atpaka\u013cskait\u012b\u0161anas taimeris, pulkstenis un kalend\u0101rs.<\/p>\n<h3>Jaunas funkcijas un komponenti<\/h3>\n<p>Gaisa pl\u016bsmas cikla un p\u0113d\u0113j\u0101 t\u012br\u012b\u0161anas cikla s\u0101kotn\u0113j\u0101 regul\u0113\u0161ana, k\u013c\u016bmes LED indikators, gaisa pl\u016bsmas kontrole, izmantojot mikroprocesoru, HEPA filtrs ar elektronisko mikrosh\u0113mu, LED apgaismojums.<\/p>\n<h3>Jauni br\u012bdin\u0101jumi un pl\u0101notie pazi\u0146ojumi<\/h3>\n<p>Br\u012bdin\u0101jums par n\u0101kamo der\u012bguma termi\u0146u, br\u012bdin\u0101jums par vair\u0101k\u0101m filtra kalpo\u0161anas stund\u0101m, atpaka\u013cskait\u012b\u0161anas taimeris, br\u012bdin\u0101jums par filtra der\u012bguma termi\u0146u p\u0113c stund\u0101m un datuma, apr\u012bkojums bez filtra br\u012bdin\u0101juma.<\/p>\n<h3>Elpojiet. Sv\u0113rt<\/h3>\n<p>Skapis ar dubultu Hepa filtr\u0101ciju: Filtr\u0101cijas sist\u0113ma sast\u0101v no diviem HEP H14 filtriem da\u013ci\u0146\u0101m l\u012bdz 0,3 mikroniem. Standarts bez p\u0101rsteigumiem.<\/p>\n<p>Skapis ir apr\u012bkots ar H-14 galveno filtru un H-14 dro\u0161\u012bbas filtru izpl\u016bdes viet\u0101. P\u0113c piepras\u012bjuma to var konfigur\u0113t ar aktiv\u0113t\u0101s ogles filtru izpl\u016bdes punkt\u0101 HEPA filtra viet\u0101.<\/p>\n<h3>Pulverveida skapji \u2013 <a href=\"http:\/\/labostera.lt\/lv\/product-brand\/cruma-diantech-solutions-s-l\/\">Cruma laboratorijas m\u0113be\u013cu grupa<\/a><\/h3>\n<p>Vair\u0101k inform\u0101cijas: <strong><a href=\"https:\/\/cruma.es\/en\/powder-weighing-cabinets\/\" target=\"_blank\" rel=\"noopener nofollow\">ra\u017eot\u0101ja t\u012bmek\u013ca vietn\u0113<\/a><\/strong> vai nos\u016btiet mums piepras\u012bjumu!<\/p>","protected":false},"excerpt":{"rendered":"<p>Cruma P \u2013 svaru skapis. Dro\u0161a pulverveida sv\u0113r\u0161anas skapja inov\u0101cija ar dubultu HEPA filtr\u0101ciju. Ekonomisks, viegli uzst\u0101d\u0101ms un ener\u0123iju taupo\u0161s.<\/p>","protected":false},"featured_media":18360,"template":"","meta":[],"product_cat":[76,121],"product_tag":[676,685,683],"class_list":{"0":"post-18358","1":"product","2":"type-product","3":"status-publish","4":"has-post-thumbnail","6":"product_brand-cruma-diantech-solutions-s-l","7":"product_cat-laboratorine-iranga","8":"product_cat-laminarai-ir-traukos-spintos","9":"product_tag-cruma-diantech-solutions-s-l","10":"product_tag-powder-weighing-cabinets","11":"product_tag-svarstykliu-spintos","13":"first","14":"onbackorder","15":"shipping-taxable","16":"purchasable","17":"product-type-variable"},"_links":{"self":[{"href":"https:\/\/labostera.lt\/lv\/wp-json\/wp\/v2\/product\/18358","targetHints":{"allow":["GET"]}}],"collection":[{"href":"https:\/\/labostera.lt\/lv\/wp-json\/wp\/v2\/product"}],"about":[{"href":"https:\/\/labostera.lt\/lv\/wp-json\/wp\/v2\/types\/product"}],"wp:featuredmedia":[{"embeddable":true,"href":"https:\/\/labostera.lt\/lv\/wp-json\/wp\/v2\/media\/18360"}],"wp:attachment":[{"href":"https:\/\/labostera.lt\/lv\/wp-json\/wp\/v2\/media?parent=18358"}],"wp:term":[{"taxonomy":"product_cat","embeddable":true,"href":"https:\/\/labostera.lt\/lv\/wp-json\/wp\/v2\/product_cat?post=18358"},{"taxonomy":"product_tag","embeddable":true,"href":"https:\/\/labostera.lt\/lv\/wp-json\/wp\/v2\/product_tag?post=18358"}],"curies":[{"name":"wp","href":"https:\/\/api.w.org\/{rel}","templated":true}]}}