{"id":18356,"date":"2024-02-01T14:32:03","date_gmt":"2024-02-01T12:32:03","guid":{"rendered":"http:\/\/labostera.lt\/?post_type=product&#038;p=18356"},"modified":"2024-02-01T15:10:33","modified_gmt":"2024-02-01T13:10:33","slug":"ventiliuojama-svarstykliu-spinta-cruma-w-2-precision-weighing-cabinet","status":"publish","type":"product","link":"https:\/\/labostera.lt\/lv\/priemones-ir-iranga\/laboratorine-iranga\/ventiliuojama-svarstykliu-spinta-cruma-w-2-precision-weighing-cabinet\/","title":{"rendered":"Ventil\u0113jama sv\u0113r\u0161anas skapja Cruma W-2 prec\u012bz\u0101s sv\u0113r\u0161anas skapis"},"content":{"rendered":"<h2><strong>Cruma \u2013 Diantech Solutions SL W-2 ventil\u0113jama sv\u0113r\u0161anas skapis<\/strong><\/h2>\n<p>Cruma ievie\u0161 jaunu sv\u0113r\u0161anas skapja modeli \u012bpa\u0161i prec\u012bzai sv\u0113r\u0161anai, nodro\u0161inot piln\u012bgu darbinieku un vides aizsardz\u012bbu, analiz\u0113jot materi\u0101lus zin\u0101tniskajos p\u0113t\u012bjumos.<\/p>\n<p>Darbs ar \u013coti toksiskiem materi\u0101liem vairs nav probl\u0113ma laboratorijas person\u0101lam, pateicoties m\u016bsu jaunajai Cruma W-2 ventil\u0113jam\u0101 svaru skapja (VSS) filtr\u0101cijas sist\u0113mai*, kas nodro\u0161ina augst\u0101ko dro\u0161\u012bbas l\u012bmeni un iesp\u0113ju nomain\u012bt jaunu filtru.<\/p>\n<p>Jut\u012bgiem mikrosvariem darb\u012bbai nepiecie\u0161ama aizsarg\u0101ta un vibr\u0101cijas izol\u0113ta vide, prom no gaisa pl\u016bsm\u0101m. Cruma W-2 garant\u0113 prec\u012bzu un dro\u0161u darba vidi, str\u0101d\u0101jot ar \u013coti rea\u0123\u0113jo\u0161iem materi\u0101liem, nodro\u0161inot izcilu ergonomiku un komfortu. Darba virsma ir izol\u0113ta no jebk\u0101d\u0101m vibr\u0101cij\u0101m, pateicoties vibr\u0101ciju nov\u0113r\u0161anas sist\u0113mai*, kas \u013cauj prec\u012bzi un \u0101tri kalibr\u0113t jebkuru svaru l\u012bdz 6 cipariem**. Ergonomisks dizains un funkcionalit\u0101te atbilst visstingr\u0101kajiem kvalit\u0101tes un dro\u0161\u012bbas standartiem. *Patent\u0113ts **sertific\u0113jusi EA akredit\u0113ta iest\u0101de<\/p>\n<h3>Sertific\u0113ts un patent\u0113ts<\/h3>\n<p>Ra\u017eots Barselon\u0101, izmantojot Eiropas CE komponentus, sertific\u0113ts \u0101r\u0113j\u0101 laboratorij\u0101 saska\u0146\u0101 ar starptautiskajiem noteikumiem un piem\u0113rojot ISO 9001:2015 kvalit\u0101tes krit\u0113rijus, procesa laik\u0101 tiek patent\u0113ta ekskluz\u012bva filtr\u0101cijas sist\u0113ma.<\/p>\n<h3>\u012apa\u0161i dro\u0161s<\/h3>\n<p>Filtr\u0101cijas sist\u0113ma ar dubultu filtr\u0101ciju standarta apr\u012bkojum\u0101: galvenais HEPA H-14 filtrs ar BagIn un BagOut sist\u0113mu, kas nodro\u0161ina piln\u012bgu operatora aizsardz\u012bbu, mainot pies\u0101tin\u0101tu filtru, un papildu HEPA H-14 dro\u0161\u012bbas filtrs, izs\u016bkn\u0113jot gaisu.<\/p>\n<h3>Ekonomiski resursi un vienk\u0101r\u0161a uzst\u0101d\u012b\u0161ana<\/h3>\n<p>Lai s\u0101ktu darbu, nav nepiecie\u0161amas sare\u017e\u0123\u012btas uzst\u0101d\u012b\u0161anas darb\u012bbas: klients sa\u0146ems ventil\u0113jamo svaru skapi (VSC), izpakos to un p\u0113c pievieno\u0161anas var\u0113s s\u0101kt darbu, nep\u0101rtraucot laboratorijas darb\u012bbu ar pilnu jaudu.<\/p>\n<h3>Ener\u0123ijas taup\u012b\u0161ana<\/h3>\n<p>At\u0161\u0137ir\u012bb\u0101 no tradicion\u0101laj\u0101m izpl\u016bdes mask\u0101m, m\u016bsu ventil\u0113jam\u0101s uzglab\u0101\u0161anas skapji neizmanto laboratorijas iek\u0161\u0113jo gaisa kondicion\u0113\u0161anu, kas iev\u0113rojami samazina ener\u0123ijas izmaksas. Izs\u016bktais gaiss netiek izvad\u012bts \u0101r\u0101, bet gan p\u0101rstr\u0101d\u0101ts laboratorijas iek\u0161ien\u0113, att\u012br\u012bts no pies\u0101r\u0146ot\u0101jiem.<\/p>\n<h3>Funkcijas<\/h3>\n<ul>\n<li><strong>Dro\u0161\u012bba, str\u0101d\u0101jot ar \u013coti akt\u012bv\u0101m viel\u0101m:<\/strong> Dro\u0161a un uzticama pies\u0101r\u0146ojuma absorbcijas sist\u0113ma, kas garant\u0113 maksim\u0101lu person\u0101la aizsardz\u012bbu ar minim\u0101lu trok\u0161\u0146a l\u012bmeni un ener\u0123ijas pat\u0113ri\u0146u.<\/li>\n<li><strong>Astes formas rokas satv\u0113riens:<\/strong> Piln\u012bgam komfortam.<\/li>\n<li><strong>2 iek\u0161\u0113j\u0101s elektr\u012bbas rozetes:<\/strong> \u013bauj k\u0101rt\u012bgi savienot da\u017e\u0101das sv\u0113r\u0161anas oper\u0101cij\u0101s izmantot\u0101s ier\u012bces.<\/li>\n<li><strong>Gran\u012bta darba virsma:<\/strong> Darba virsma ir uzmont\u0113ta uz 6 klusiem blokiem, kas sl\u0101p\u0113 un piln\u012bb\u0101 izol\u0113 vibr\u0101cijas, izmantojot \u013coti jut\u012bgus mikrosvarus l\u012bdz pat 0,000001* gramam. *sertific\u0113jusi EA akredit\u0113ta iest\u0101de<\/li>\n<li><strong>LED apgaismojums:<\/strong> Nodro\u0161ina gaismas intensit\u0101ti virs 900 luksiem.<\/li>\n<li><strong>Integr\u0113ta atkritumu utiliz\u0101cijas sist\u0113ma:<\/strong> Uzmont\u0113ts uz akrila s\u0101nu pane\u013ca, kas nodro\u0161ina \u0113rtu un dro\u0161u atkritumu uzglab\u0101\u0161anu un utiliz\u0101ciju.<\/li>\n<li><strong>Papildus joniz\u0101cijas elektrods:<\/strong> Lai izvair\u012btos no elektrostatiskajiem l\u0101diem darba telp\u0101.<\/li>\n<\/ul>\n<h3>Lietojums<\/h3>\n<p>\u0160\u0137\u012bdumu bl\u012bvuma m\u0113r\u012b\u0161ana, paraugu sagatavo\u0161ana, emisijas testi: cieto da\u013ci\u0146u daudzums tiek noteikts, pamatojoties uz sv\u0113r\u0161anu, neorganisko atlikumu anal\u012bze - NVR satura gravimetrisk\u0101 noteik\u0161ana, doz\u0113\u0161ana, mitruma satura noteik\u0161ana, prec\u012bza atlikumu anal\u012bze - prec\u012bza standarta sagatavo\u0161ana, formulas izstr\u0101de un prec\u012bzas sv\u0113r\u0161anas oper\u0101cijas, CHNSO elementu anal\u012bze - parauga sagatavo\u0161ana, met\u0101lu mikroelementu anal\u012bze: parauga un standarta sagatavo\u0161ana.<\/p>\n<h3>Ergonomika un komforts laboratorijas lieto\u0161anai<\/h3>\n<p>Da\u017e\u0101die uzst\u0101d\u012bt\u0101 vad\u012bbas pane\u013ca br\u012bdin\u0101jumi un sign\u0101li \u013cauj lietot\u0101jam str\u0101d\u0101t piln\u012bg\u0101 dro\u0161\u012bb\u0101 un piln\u012bb\u0101 koncentr\u0113ties darbam; Vienlaikus galda priek\u0161\u0113j\u0101s malas profila sp\u0101rna formas efekts pilda divas funkcijas: tas vienm\u0113r\u012bgi sadala gaisu un \u013cauj rok\u0101m \u0113rti atp\u016bsties.<\/p>\n<p>Toksisko vielu ies\u016bk\u0161ana notiek caur speci\u0101li izstr\u0101d\u0101t\u0101m ies\u016bk\u0161anas atver\u0113m, kas atrodas aizmugur\u0113j\u0101 panel\u012b un nov\u0113r\u0161 b\u012bstamu vielu izpl\u016b\u0161anu no ier\u012bces un draudus lietot\u0101jam. Turkl\u0101t t\u0101 plakanais un viendab\u012bgais dizains atbilst visstingr\u0101kaj\u0101m higi\u0113nas, dekontamin\u0101cijas un t\u012br\u012b\u0161anas pras\u012bb\u0101m.<\/p>\n<p>Lielais digit\u0101lais displejs pied\u0101v\u0101 2 lietot\u0101ja l\u012bme\u0146us, kas padara skapja konfigur\u0113\u0161anu \u013coti \u0113rtu un dro\u0161u. Tas ir apr\u012bkots ar\u012b ar atkritumu utiliz\u0101cijas sist\u0113mu, kas ieb\u016bv\u0113ta tie\u0161i darba virsm\u0101, nodro\u0161inot \u013coti dro\u0161u atkritumu utiliz\u0101ciju.<\/p>\n<p>BagIn &amp; BagOut sist\u0113ma, nomainot aizs\u0113r\u0113ju\u0161u filtru, nodro\u0161ina piln\u012bgu dro\u0161\u012bbu un aizsardz\u012bbu filtra nomai\u0146as laik\u0101, nov\u0113r\u0161ot iesp\u0113jamus negad\u012bjumus vai tehnisk\u0101 person\u0101la pies\u0101r\u0146o\u0161anu.<\/p>\n<p>Cruma W-2 ir ide\u0101ls ventil\u0113jamais svaru skapis (VSS) \u012bpa\u0161i prec\u012bz\u0101m sv\u0113r\u0161anas darb\u012bb\u0101m: dro\u0161s, ergonomisks un \u0113rts.<\/p>\n<h3>Prec\u012bzijas svaru skapji \u2013 <a href=\"http:\/\/labostera.lt\/lv\/product-brand\/cruma-diantech-solutions-s-l\/\">Cruma laboratorijas m\u0113be\u013cu grupa<\/a><\/h3>\n<p>Vair\u0101k inform\u0101cijas: <strong><a href=\"https:\/\/cruma.es\/en\/precision-weighing-cabinet-w-2\/\" target=\"_blank\" rel=\"noopener nofollow\">ra\u017eot\u0101ja t\u012bmek\u013ca vietn\u0113<\/a><\/strong> vai nos\u016btiet mums piepras\u012bjumu!<\/p>","protected":false},"excerpt":{"rendered":"<p>Cruma W-2 \u2013 svaru skapis. Jaun\u0101k\u0101s tehnolo\u0123ijas nodro\u0161ina precizit\u0101ti un dro\u0161\u012bbu. Ide\u0101la \u012bpa\u0161i prec\u012bza sv\u0113r\u0161anas skapis.<\/p>","protected":false},"featured_media":18357,"template":"","meta":[],"product_cat":[76,121],"product_tag":[676,682,683],"class_list":{"0":"post-18356","1":"product","2":"type-product","3":"status-publish","4":"has-post-thumbnail","6":"product_brand-cruma-diantech-solutions-s-l","7":"product_cat-laboratorine-iranga","8":"product_cat-laminarai-ir-traukos-spintos","9":"product_tag-cruma-diantech-solutions-s-l","10":"product_tag-precision-weighing-cabinets","11":"product_tag-svarstykliu-spintos","13":"first","14":"onbackorder","15":"shipping-taxable","16":"purchasable","17":"product-type-simple"},"_links":{"self":[{"href":"https:\/\/labostera.lt\/lv\/wp-json\/wp\/v2\/product\/18356","targetHints":{"allow":["GET"]}}],"collection":[{"href":"https:\/\/labostera.lt\/lv\/wp-json\/wp\/v2\/product"}],"about":[{"href":"https:\/\/labostera.lt\/lv\/wp-json\/wp\/v2\/types\/product"}],"wp:featuredmedia":[{"embeddable":true,"href":"https:\/\/labostera.lt\/lv\/wp-json\/wp\/v2\/media\/18357"}],"wp:attachment":[{"href":"https:\/\/labostera.lt\/lv\/wp-json\/wp\/v2\/media?parent=18356"}],"wp:term":[{"taxonomy":"product_cat","embeddable":true,"href":"https:\/\/labostera.lt\/lv\/wp-json\/wp\/v2\/product_cat?post=18356"},{"taxonomy":"product_tag","embeddable":true,"href":"https:\/\/labostera.lt\/lv\/wp-json\/wp\/v2\/product_tag?post=18356"}],"curies":[{"name":"wp","href":"https:\/\/api.w.org\/{rel}","templated":true}]}}