{"id":18354,"date":"2024-02-01T13:00:26","date_gmt":"2024-02-01T11:00:26","guid":{"rendered":"http:\/\/labostera.lt\/?post_type=product&#038;p=18354"},"modified":"2024-02-01T15:09:46","modified_gmt":"2024-02-01T13:09:46","slug":"ventiliuojama-chemikalu-saugojimo-spinta-cruma-2010-vented-chemical-storage-cupboard","status":"publish","type":"product","link":"https:\/\/labostera.lt\/lv\/priemones-ir-iranga\/laboratorine-iranga\/ventiliuojama-chemikalu-saugojimo-spinta-cruma-2010-vented-chemical-storage-cupboard\/","title":{"rendered":"Ventil\u0113jams \u0137\u012bmisko vielu uzglab\u0101\u0161anas skapis Cruma 2010 ventil\u0113jams \u0137\u012bmisko vielu uzglab\u0101\u0161anas skapis"},"content":{"rendered":"<h2><strong>\u201eCruma \u2013 Diantech Solutions SL\u201d 2010. gada ventil\u0113jam\u0101 \u0137\u012bmisko vielu uzglab\u0101\u0161anas skapja<\/strong><\/h2>\n<p>Cruma ventil\u0113jam\u0101 uzglab\u0101\u0161anas skapja pamat\u0101 ir m\u016bsu ies\u016bk\u0161anas un filtr\u0101cijas velkmes skapja tehnolo\u0123ija. Tas sast\u0101v no ventil\u0101cijas sist\u0113mas un filtr\u0101cijas sist\u0113mas, kas nov\u0113r\u0161 viegli uzliesmojo\u0161u, kod\u012bgu un\/vai toksisku produktu uzkr\u0101\u0161anos skap\u012b vai iek\u013c\u016b\u0161anu laboratorij\u0101 vai darba telp\u0101.<\/p>\n<p>Pateicoties ventil\u0113jamajai Cruma 2010 uzglab\u0101\u0161anas skapim, ir iesp\u0113jams uzglab\u0101t \u0161\u0137idrus rea\u0123entus, jo tas no\u0146em viegli uzliesmojo\u0161us, kod\u012bgus un toksiskus tvaikus, izmantojot \u0137\u012bmisko adsorbciju speci\u0101l\u0101 aktiv\u0113t\u0101s ogles filtr\u0101, bez nepiecie\u0161am\u012bbas p\u0113c \u0101r\u0113ja piesl\u0113guma. Tas viss atbilst* starptautiskajiem standartiem un ieteikumiem: <strong>AFNOR NF X 15-211 (2. klase)<\/strong>, <strong>BS 7258<\/strong>, <strong>CSAZ 316.5<\/strong>, <strong>EN-1822<\/strong> un <strong>EN-141<\/strong>. *Piln\u012bb\u0101 vai da\u013c\u0113ji, atkar\u012bb\u0101 no standarta.<\/p>\n<h3>Person\u0101la dro\u0161\u012bba un vides aizsardz\u012bba<\/h3>\n<p>Turkl\u0101t, lai atvieglotu uzglab\u0101\u0161anu laboratorij\u0101, no pudel\u0113m izpl\u016bsto\u0161ie \u0137\u012bmiskie tvaiki neizpl\u016bst apk\u0101rt\u0113j\u0101 vid\u0113, bet gan tiek uztverti ar aktiv\u0113t\u0101s ogles filtru vai ceol\u012btu.<\/p>\n<h3>Daudzpus\u012bba<\/h3>\n<p>Cruma ventil\u0113jamo uzglab\u0101\u0161anas skapi var izmantot gr\u016bti sasniedzam\u0101s viet\u0101s, piem\u0113ram, \u0113ku apak\u0161\u0113jos st\u0101vos ar \u0161aur\u0101m pieej\u0101m un\/vai k\u0101pn\u0113m, un to var uzst\u0101d\u012bt da\u017e\u0101d\u0101s viet\u0101s, kas noz\u012bm\u0113, ka to var viegli p\u0101rvietot, ja nepiecie\u0161ams.<\/p>\n<h3>Ekonomiski resursi un vienk\u0101r\u0161a uzst\u0101d\u012b\u0161ana<\/h3>\n<p>Nav nepiecie\u0161ams veikt d\u0101rgus darbus, lai izvad\u012btu g\u0101zi uz \u0101ru, t\u0101p\u0113c nav papildu izmaksu un nav j\u0101sl\u0113dz laboratorija, kas darbojas ar pilnu jaudu.<\/p>\n<h3>Ener\u0123ijas taup\u012b\u0161ana<\/h3>\n<p>At\u0161\u0137ir\u012bb\u0101 no tradicion\u0101laj\u0101m uzglab\u0101\u0161anas skapjiem, m\u016bsu ventil\u0113jamie uzglab\u0101\u0161anas skapji laboratorijas iek\u0161pus\u0113 neizmanto gaisa kondicion\u0113\u0161anu, kas iev\u0113rojami samazina ener\u0123ijas izmaksas. Izs\u016bktais gaiss netiek izvad\u012bts \u0101r\u0101, bet gan tiek p\u0101rstr\u0101d\u0101ts laboratorijas iek\u0161ien\u0113, att\u012br\u012bts no pies\u0101r\u0146ot\u0101jiem.<\/p>\n<h3>Funkcijas<\/h3>\n<ul>\n<li><strong>Jaun\u0101 LCD ekr\u0101na inform\u0101cija:<\/strong> Jauns 127 \u00d7 34 mm displejs ar nep\u0101rtrauktu gaisa \u0101truma, uzst\u0101d\u012bt\u0101 filtra tipa, darba stundu, der\u012bguma termi\u0146a un citu parametru uzraudz\u012bbu.<\/li>\n<li><strong>Jaunas funkcijas un komponenti:<\/strong> No k\u013c\u016bmes indikatora l\u012bdz mikroprocesora gaisa pl\u016bsmas kontrolei, filtriem ar elektronisko mikrosh\u0113mu un LED apgaismojumam.<\/li>\n<li><strong>Jaunas trauksmes un sign\u0101lu funkcijas:<\/strong> N\u0101kam\u0101 apstiprin\u0101juma br\u012bdin\u0101jums, vair\u0101ku filtru darb\u012bbas laiku br\u012bdin\u0101jums, atpaka\u013cskait\u012b\u0161anas taimeris, filtra pabeig\u0161anas br\u012bdin\u0101jums p\u0113c stund\u0101m un datuma, apr\u012bkojuma bez filtra br\u012bdin\u0101jums.<\/li>\n<\/ul>\n<h3>Lieto\u0161anas opcijas<\/h3>\n<p>\u0136\u012bmisko vielu uzglab\u0101\u0161ana atbilsto\u0161i nesader\u012bbas krit\u0113rijiem. Pieejamie filtri:<\/p>\n<p><strong>A tips:<\/strong> tvaiku un organisko \u0161\u0137\u012bdin\u0101t\u0101ju (ketonu, \u0113teru, spirtu un ciklisko savienojumu u.\u00a0c.) adsorbcija. Aktiv\u0113t\u0101 ogle bez pies\u016bcin\u0101\u0161anas.<\/p>\n<p><strong>BE tips:<\/strong> neorganisk\u0101s g\u0101zes, piem\u0113ram, Cl<sub>2<\/sub>, HCl, HNO<sub>3<\/sub>, utt. un vieglie s\u0113ra savienojumi (H<sub>2<\/sub>S, H<sub>2<\/sub>T\u0100P\u0112C<sub>4<\/sub> un T\u0100P\u0112C<sub>x<\/sub>, u.c.) Aktiv\u0113t\u0101 ogle, kas pies\u016bcin\u0101ta ar met\u0101lu savienojumiem un neitraliz\u0113jo\u0161iem s\u0101\u013ciem.<\/p>\n<p><strong>F tips:<\/strong> formaldeh\u012bdam un t\u0101 atvasin\u0101jumiem. Pies\u016bcin\u0101\u0161ana ar Cu.<\/p>\n<h3>Aizsarg\u0101jiet un elpojiet<\/h3>\n<p>Cruma 2010 ventil\u0113jam\u0101s uzglab\u0101\u0161anas skap\u012b\u0161i ir izstr\u0101d\u0101ti t\u0101, lai tos b\u016btu viegli sa\u0146emt: vienk\u0101r\u0161i iz\u0146emiet tos no lielisk\u0101 iepakojuma, novietojiet v\u0113lamaj\u0101 viet\u0101, pievienojiet kontaktligzdai un s\u0101ciet darbu. Tas ir tikpat vienk\u0101r\u0161i k\u0101 piesl\u0113gt un lietot.<\/p>\n<p>M\u016bsu ventil\u0113jamaj\u0101s uzglab\u0101\u0161anas skapjos tiek izmantota jauna filtr\u0101cijas sist\u0113ma, ko izstr\u0101d\u0101jusi un patent\u0113jusi Cruma (invent\u0101ra patents), kas aizsarg\u0101 operatoru, ne\u013caujot no uzglab\u0101taj\u0101m pudel\u0113m izpl\u016bsto\u0161aj\u0101m pies\u0101r\u0146otaj\u0101m g\u0101z\u0113m un tvaikiem non\u0101kt laboratorijas gais\u0101 un nov\u0113r\u0161ot nopl\u016bdes, kas var\u0113tu pies\u0101r\u0146ot vidi.<\/p>\n<h3>Ventil\u0113jamas \u0137\u012bmisko vielu uzglab\u0101\u0161anas skapji \u2013 <a href=\"http:\/\/labostera.lt\/lv\/product-brand\/cruma-diantech-solutions-s-l\/\">Cruma laboratorijas m\u0113be\u013cu grupa<\/a><\/h3>\n<p>Vair\u0101k inform\u0101cijas: <strong><a href=\"https:\/\/cruma.es\/en\/vented-storage-cupboard\/\" target=\"_blank\" rel=\"noopener nofollow\">ra\u017eot\u0101ja t\u012bmek\u013ca vietn\u0113<\/a><\/strong> vai nos\u016btiet mums piepras\u012bjumu!<\/p>","protected":false},"excerpt":{"rendered":"<p>Cruma 2010 \u2013 \u0137\u012bmisko vielu uzglab\u0101\u0161anas skapis. Ventil\u0113jams skapis ar jaunu LCD displeja tehnolo\u0123iju. Dro\u0161s \u0137\u012bmisko vielu uzglab\u0101\u0161anai un lieto\u0161anai.<\/p>","protected":false},"featured_media":18355,"template":"","meta":[],"product_cat":[76,121],"product_tag":[676,680,681],"class_list":{"0":"post-18354","1":"product","2":"type-product","3":"status-publish","4":"has-post-thumbnail","6":"product_brand-cruma-diantech-solutions-s-l","7":"product_cat-laboratorine-iranga","8":"product_cat-laminarai-ir-traukos-spintos","9":"product_tag-cruma-diantech-solutions-s-l","10":"product_tag-vented-chemical-storage-cupboards","11":"product_tag-ventiliuojamos-chemikalu-saugojimo-spintos","13":"first","14":"onbackorder","15":"shipping-taxable","16":"purchasable","17":"product-type-simple"},"_links":{"self":[{"href":"https:\/\/labostera.lt\/lv\/wp-json\/wp\/v2\/product\/18354","targetHints":{"allow":["GET"]}}],"collection":[{"href":"https:\/\/labostera.lt\/lv\/wp-json\/wp\/v2\/product"}],"about":[{"href":"https:\/\/labostera.lt\/lv\/wp-json\/wp\/v2\/types\/product"}],"wp:featuredmedia":[{"embeddable":true,"href":"https:\/\/labostera.lt\/lv\/wp-json\/wp\/v2\/media\/18355"}],"wp:attachment":[{"href":"https:\/\/labostera.lt\/lv\/wp-json\/wp\/v2\/media?parent=18354"}],"wp:term":[{"taxonomy":"product_cat","embeddable":true,"href":"https:\/\/labostera.lt\/lv\/wp-json\/wp\/v2\/product_cat?post=18354"},{"taxonomy":"product_tag","embeddable":true,"href":"https:\/\/labostera.lt\/lv\/wp-json\/wp\/v2\/product_tag?post=18354"}],"curies":[{"name":"wp","href":"https:\/\/api.w.org\/{rel}","templated":true}]}}