{"id":18347,"date":"2024-02-01T11:41:14","date_gmt":"2024-02-01T09:41:14","guid":{"rendered":"http:\/\/labostera.lt\/?post_type=product&#038;p=18347"},"modified":"2024-02-01T15:10:04","modified_gmt":"2024-02-01T13:10:04","slug":"traukos-spinta-cruma-h-plus-ducted-fume-hood","status":"publish","type":"product","link":"https:\/\/labostera.lt\/lv\/priemones-ir-iranga\/laboratorine-iranga\/traukos-spinta-cruma-h-plus-ducted-fume-hood\/","title":{"rendered":"Tvaika nos\u016bc\u0113js Cruma H+ ar kan\u0101lu"},"content":{"rendered":"<h2><strong>Cruma \u2013 Diantech Solutions SL H+ velkmes skapis<\/strong><\/h2>\n<p>Jaunais Cruma H+ velkmes skapis ar izpl\u016bdes sist\u0113mu ir paredz\u0113ts darbam ar sk\u0101b\u0113m un ra\u017eots saska\u0146\u0101 ar UNE EN ISO 14175 standartu. Tas pieder pie uzticam\u0101s un efekt\u012bv\u0101s Cruma velkmes skapju saimes. Skapis ir savienots ar laboratorijas izpl\u016bdes sist\u0113mu, radot pazemin\u0101tu darba vidi, kas aizsarg\u0101 operatoru no visiem kontrol\u0113tajiem pies\u0101r\u0146ot\u0101jiem. Ir pieejams ar\u012b no polipropil\u0113na izgatavots izpl\u016bdes ventilators.<\/p>\n<p>Skapis ir izgatavots no polipropil\u0113na (bez met\u0101la) \u2013 materi\u0101la ar izcilu \u0137\u012bmisko iztur\u012bbu pret stipr\u0101m sk\u0101b\u0113m. T\u0101s pa\u0161as malas un salok\u0101m\u0101s durvis ir izgatavotas no caursp\u012bd\u012bga polikarbon\u0101ta ar aizsargsl\u0101ni pret sk\u0101bes str\u016bkl\u0101m. Gaisa pl\u016bsmu manu\u0101li regul\u0113 ar v\u0101rstu, piel\u0101gojoties da\u017e\u0101d\u0101m laboratorijas izpl\u016bdes sist\u0113m\u0101m.<\/p>\n<h3>Funkcijas<\/h3>\n<ul>\n<li><strong>Ra\u017eo\u0161ana:<\/strong> Viss korpuss ir izgatavots no polipropil\u0113na un lamin\u0113ta polikarbon\u0101ta, lai aizsarg\u0101tu pret \u016bdens str\u016bkl\u0101m.<\/li>\n<li><strong>Darba virsma:<\/strong> 3 iesp\u0113jas \u2013 bez darba virsmas (str\u0101d\u0101jat uz laboratorijas galda, kuram parasti ir fenola virsma), polipropil\u0113na virsma un stikla virsma.<\/li>\n<li><strong>S\u0101nu sienas:<\/strong> Izgatavots no polipropil\u0113na un caursp\u012bd\u012bga polikarbon\u0101ta lab\u0101kam apgaismojumam.<\/li>\n<li><strong>Izvades caurule:<\/strong> Diametrs 200 mm, gatavs piesl\u0113g\u0161anai nos\u016bk\u0161anas sist\u0113mai.<\/li>\n<li><strong>Gaisa difuzors:<\/strong> atrodas skapja iek\u0161puses aug\u0161pus\u0113, nodro\u0161inot pareizu gaisa un pies\u0101r\u0146ot\u0101ju ies\u016bk\u0161anu.<\/li>\n<li><strong>B\u012bd\u0101mo durvju tips:<\/strong> Pret \u0161\u013cakat\u0101m aizsarg\u0101tas lamin\u0113tas polikarbon\u0101ta durvis, regul\u0113jamas p\u0113c svara. Skapim ir ierobe\u017eot\u0101js, kas iez\u012bm\u0113 optim\u0101lo darba atv\u0113ruma augstumu 395 mm. Ierobe\u017eot\u0101ju var no\u0146emt, un durvis var atv\u0113rt l\u012bdz 680 mm.<\/li>\n<li><strong>Apgaismojums:<\/strong> dienasgaismas gaismas avoti centr\u0101lajos punktos ar prizmatisku difuzora ekr\u0101nu lab\u0101kai gaismas sadalei darba plakn\u0113.<\/li>\n<\/ul>\n<h3>Adapt\u0101cija<\/h3>\n<p>\u0160\u0137\u012bdumu vai \u0137\u012bmisko savienojumu, tostarp sk\u0101bju, apstr\u0101de visu veidu laboratorij\u0101s:<br \/>\n\u2013 Anal\u012btiskaj\u0101s, kl\u012bniskaj\u0101s un slimn\u012bcu laboratorij\u0101s<br \/>\n\u2013 Zin\u0101tniskaj\u0101s laboratorij\u0101s<br \/>\n\u2013 Kvalit\u0101tes kontroles laboratorij\u0101s<br \/>\n\u2013 Universit\u0101\u0161u un skolu laboratorij\u0101s<br \/>\n...\u012bs\u0101k sakot, jebkur\u0101 laboratorij\u0101.<\/p>\n<h3>Velkmes skapji \u2013 <a href=\"http:\/\/labostera.lt\/lv\/product-brand\/cruma-diantech-solutions-s-l\/\">Cruma laboratorijas m\u0113be\u013cu grupa<\/a><\/h3>\n<p>Vair\u0101k inform\u0101cijas: <strong><a href=\"https:\/\/cruma.es\/en\/h-plus-ducted-chemical-fume-hood\/\" target=\"_blank\" rel=\"noopener nofollow\">ra\u017eot\u0101ja t\u012bmek\u013ca vietn\u0113<\/a><\/strong> vai nos\u016btiet mums piepras\u012bjumu!<\/p>","protected":false},"excerpt":{"rendered":"<p>Cruma H+ \u2013 tvaika nos\u016bc\u0113js. Jaunais Cruma H+ skapis ar izpl\u016bdes sist\u0113mu ir ide\u0101li piem\u0113rots darbam ar sk\u0101b\u0113m. Dro\u0161s, uzticams, ar polipropil\u0113na korpusu.<\/p>","protected":false},"featured_media":18353,"template":"","meta":[],"product_cat":[76,121],"product_tag":[676,679,677],"class_list":{"0":"post-18347","1":"product","2":"type-product","3":"status-publish","4":"has-post-thumbnail","6":"product_brand-cruma-diantech-solutions-s-l","7":"product_cat-laboratorine-iranga","8":"product_cat-laminarai-ir-traukos-spintos","9":"product_tag-cruma-diantech-solutions-s-l","10":"product_tag-ducted-fume-hoods","11":"product_tag-traukos-spintos","13":"first","14":"onbackorder","15":"shipping-taxable","16":"purchasable","17":"product-type-simple"},"_links":{"self":[{"href":"https:\/\/labostera.lt\/lv\/wp-json\/wp\/v2\/product\/18347","targetHints":{"allow":["GET"]}}],"collection":[{"href":"https:\/\/labostera.lt\/lv\/wp-json\/wp\/v2\/product"}],"about":[{"href":"https:\/\/labostera.lt\/lv\/wp-json\/wp\/v2\/types\/product"}],"wp:featuredmedia":[{"embeddable":true,"href":"https:\/\/labostera.lt\/lv\/wp-json\/wp\/v2\/media\/18353"}],"wp:attachment":[{"href":"https:\/\/labostera.lt\/lv\/wp-json\/wp\/v2\/media?parent=18347"}],"wp:term":[{"taxonomy":"product_cat","embeddable":true,"href":"https:\/\/labostera.lt\/lv\/wp-json\/wp\/v2\/product_cat?post=18347"},{"taxonomy":"product_tag","embeddable":true,"href":"https:\/\/labostera.lt\/lv\/wp-json\/wp\/v2\/product_tag?post=18347"}],"curies":[{"name":"wp","href":"https:\/\/api.w.org\/{rel}","templated":true}]}}