{"id":18334,"date":"2024-02-01T10:51:13","date_gmt":"2024-02-01T08:51:13","guid":{"rendered":"http:\/\/labostera.lt\/?post_type=product&#038;p=18334"},"modified":"2024-02-01T12:41:31","modified_gmt":"2024-02-01T10:41:31","slug":"traukos-spinta-cruma-classic-series-ductless-fume-hood","status":"publish","type":"product","link":"https:\/\/labostera.lt\/lv\/priemones-ir-iranga\/laboratorine-iranga\/traukos-spinta-cruma-classic-series-ductless-fume-hood\/","title":{"rendered":"Tvaika nos\u016bc\u0113js Cruma Classic Series bezvada tvaika nos\u016bc\u0113js"},"content":{"rendered":"<h2><strong>&quot;Cruma - Diantech Solutions SL&quot; Classic s\u0113rijas skapis<\/strong><\/h2>\n<p>Classic s\u0113rijas bezkan\u0101lu filtr\u0101cijas velkmes skapji ir ide\u0101li piem\u0113roti, lai vienk\u0101r\u0161i un efekt\u012bvi izvad\u012btu no darba vietas pies\u0101r\u0146otas apk\u0101rt\u0113j\u0101s vides g\u0101zes un\/vai da\u013ci\u0146as\/aerosolus. Dro\u0161i, efekt\u012bvi un ekonomiski \u2013 tie aizsarg\u0101 gan lietot\u0101ju, gan vidi.<\/p>\n<p>\u0160\u012b s\u0113rija tiek pieg\u0101d\u0101ta nesalikt\u0101 veid\u0101, t\u0101p\u0113c to var viegli uzst\u0101d\u012bt jebkur\u0101 laboratorij\u0101 (neskatoties uz \u0161auriem koridoriem, p\u0101rpild\u012bt\u0101m k\u0101pn\u0113m vai gr\u016bti sasniedzam\u0101m viet\u0101m utt.), iev\u0113rojami samazinot transporta izmaksas.<\/p>\n<p>Visos Classic s\u0113rijas mode\u013cos tiek izmantota jaun\u0101 Cruma izstr\u0101d\u0101t\u0101 un patent\u0113t\u0101 filtr\u0101cijas sist\u0113ma (patents gaida apstiprin\u0101jumu), kas nodro\u0161ina, ka iek\u0161pus\u0113 radu\u0161\u0101s pies\u0101r\u0146ojo\u0161\u0101s g\u0101zes, izgarojumi un da\u013ci\u0146as tiek aiztur\u0113tas, past\u0101v\u012bgi atjaunojot laboratorijas gaisu. Galven\u0101s sniegt\u0101s priek\u0161roc\u012bbas ir:<\/p>\n<h3>Person\u0101la dro\u0161\u012bba un vides aizsardz\u012bba<\/h3>\n<p>Papildus piln\u012bgai personas, kas r\u012bkojas ar skap\u012b eso\u0161o materi\u0101lu, aizsardz\u012bbai, \u0137\u012bmiskie toks\u012bni netiek izvad\u012bti vid\u0113, bet gan paliek skap\u012b, pateicoties da\u017e\u0101diem aktiv\u0113t\u0101s ogles filtriem.<\/p>\n<h3>Ekonomiski ietaup\u012bjumi un vienk\u0101r\u0161a uzst\u0101d\u012b\u0161ana<\/h3>\n<p>Nav nepiecie\u0161ams veikt d\u0101rgus darbus, lai uzst\u0101d\u012btu caurules g\u0101zes izvad\u012b\u0161anai \u0101r\u0101, kas noz\u012bm\u0113, ka nav papildu izmaksu un nav nepiecie\u0161ams aptur\u0113t laboratorijas darb\u012bbu ar pilnu jaudu.<\/p>\n<h3>Elast\u012bgs<\/h3>\n<p>Tos var izmantot viet\u0101s, kur ir gr\u016bti izs\u016bkn\u0113t pies\u0101r\u0146otu gaisu, piem\u0113ram, \u0113kas apak\u0161\u0113jos st\u0101vos, un tos var viegli p\u0101rvietot uz da\u017e\u0101d\u0101m viet\u0101m, kad tas nepiecie\u0161ams.<\/p>\n<h3>Ener\u0123ijas taup\u012b\u0161ana<\/h3>\n<p>At\u0161\u0137ir\u012bb\u0101 no tradicion\u0101lajiem velkmes skapjiem, m\u016bsu velkmes skapjos netiek izmantotas iek\u0161\u0113j\u0101s laboratorijas gaisa kondicion\u0113\u0161anas iek\u0101rtas, kas iev\u0113rojami samazina ener\u0123ijas izmaksas. Izs\u016bktais gaiss netiek izvad\u012bts \u0101r\u0101, bet gan atk\u0101rtoti cirkul\u0113ts laboratorij\u0101 bez pies\u0101r\u0146ot\u0101jiem.<\/p>\n<h3>Raksturojums<\/h3>\n<ul>\n<li>Jauns LCD ekr\u0101ns ar izm\u0113ru 127x34 mm<\/li>\n<li>Nep\u0101rtraukta gaisa \u0101truma uzraudz\u012bba<\/li>\n<li>Uzst\u0101d\u012bt\u0101 filtra tips, darba stundas, der\u012bguma termi\u0146\u0161 un citi dati<\/li>\n<li>Durvju atv\u0113r\u0161anas br\u012bdin\u0101jums, izmantojot elektronisko fotodetektoru<\/li>\n<li>Reversais skait\u012bt\u0101js<\/li>\n<li>Pulkstenis un kalend\u0101rs<\/li>\n<\/ul>\n<h3>Jaunas funkcijas un komponenti<\/h3>\n<ul>\n<li>S\u0101kotn\u0113jais gaisa pl\u016bsmas cikls un p\u0113d\u0113jais iztuk\u0161o\u0161anas cikls<\/li>\n<li>K\u013c\u016bdas LED indikators<\/li>\n<li>Mikroprocesora kontrol\u0113ta gaisa pl\u016bsma<\/li>\n<li>Aktiv\u0113t\u0101s ogles filtri ar elektronisko mikrosh\u0113mu<\/li>\n<li>LED apgaismojums<\/li>\n<\/ul>\n<h3>Jauni br\u012bdin\u0101jumi un pl\u0101notie br\u012bdin\u0101jumi<\/h3>\n<ul>\n<li>Br\u012bdin\u0101jums par atv\u0113rt\u0101m durv\u012bm<\/li>\n<li>Durvju atv\u0113r\u0161anas atsp\u0113jo\u0161anas re\u017e\u012bma br\u012bdin\u0101jums<\/li>\n<li>60 stundu filtra br\u012bdin\u0101jums<\/li>\n<li>N\u0101kamais valid\u0101cijas br\u012bdin\u0101jums<\/li>\n<li>Br\u012bdin\u0101jums par filtra kalpo\u0161anas laiku p\u0113c da\u017e\u0101m stund\u0101m<\/li>\n<li>Reversais skait\u012bt\u0101js<\/li>\n<li>Filtr\u0113t novecoju\u0161a sign\u0101la (p\u0113c stund\u0101m)<\/li>\n<li>Filtr\u0113t novecoju\u0161a datuma trauksmi (p\u0113c datuma)<\/li>\n<li>Temperat\u016bras br\u012bdin\u0101jums<\/li>\n<li>Ier\u012bce bez filtra sign\u0101la<\/li>\n<li>Zemas barjeras sign\u0101ls<\/li>\n<\/ul>\n<h3>Vad\u012bba<\/h3>\n<p>Visp\u0101r\u012bga \u0137\u012bmisk\u0101 anal\u012bze, izmantojot nelielu daudzumu rea\u0123entu vai \u0137imik\u0101liju istabas\/m\u0113ren\u0101 temperat\u016br\u0101 visu veidu laboratorij\u0101s:<br \/>\n\u2013 P\u0113tniec\u012bbas laboratorijas<br \/>\n\u2013 Kvalit\u0101tes kontroles laboratorijas<br \/>\n\u2013 Kl\u012bnisk\u0101s un slimn\u012bcu laboratorijas<br \/>\n\u2013 Universit\u0101tes un skolu laboratorijas<br \/>\n\u2013 \u2026Kopum\u0101, jebkur\u0101 laboratorij\u0101.<\/p>\n<h3>Elpojiet<\/h3>\n<p>Classic s\u0113rijas velkmes skapji ir izstr\u0101d\u0101ti, lai samazin\u0101tu transport\u0113\u0161anas izmaksas, jo, tikl\u012bdz tos sa\u0146emsiet, viss, kas jums j\u0101dara, ir iz\u0146emt tos no fantastisk\u0101 iepakojuma, viegli uzst\u0101d\u012bt v\u0113lamaj\u0101 viet\u0101, pievienot baro\u0161anas avotam un s\u0101kt darbu. Tik vienk\u0101r\u0161i, tie\u0161i un bez piep\u016bles. Turkl\u0101t tos var novietot jebkur, jo tos var demont\u0113t!<\/p>\n<p>Visos Classic s\u0113rijas velkmes skapjos tiek izmantota jaun\u0101 Cruma izstr\u0101d\u0101t\u0101 un patent\u0113t\u0101 filtr\u0101cijas sist\u0113ma (izgudrojuma patents Nr.\u00a02397598), kas aizsarg\u0101 operatoru, uztverot iek\u0161pus\u0113 radu\u0161\u0101s pies\u0101r\u0146ot\u0101s g\u0101zes, izgarojumus un da\u013ci\u0146as, past\u0101v\u012bgi atjaunojot laboratorijas gaisu un nov\u0113r\u0161ot nopl\u016bdes, kas var\u0113tu pies\u0101r\u0146ot vidi.<\/p>\n<h3>Velkmes skapji \u2013 <a href=\"http:\/\/labostera.lt\/lv\/product-brand\/cruma-diantech-solutions-s-l\/\">Cruma laboratorijas m\u0113be\u013cu grupa<\/a><\/h3>\n<p>Vair\u0101k inform\u0101cijas: <strong><a href=\"https:\/\/cruma.es\/en\/ductless-fume-hoods-classic-range\/\" target=\"_blank\" rel=\"noopener nofollow\">ra\u017eot\u0101ja t\u012bmek\u013ca vietn\u0113<\/a><\/strong> vai nos\u016btiet mums piepras\u012bjumu!<\/p>","protected":false},"excerpt":{"rendered":"<p>Cruma Classic - Izvelkams skapis. Dro\u0161s, efekt\u012bvs un ekonomisks d\u016bmu nos\u016bc\u0113js, kas uztver pies\u0101r\u0146ojo\u0161as g\u0101zes un da\u013ci\u0146as. \u0100tri uzst\u0101d\u0101ms, elast\u012bgs un ener\u0123iju taupo\u0161s.<\/p>","protected":false},"featured_media":18345,"template":"","meta":[],"product_cat":[76,121],"product_tag":[676,678,677],"class_list":{"0":"post-18334","1":"product","2":"type-product","3":"status-publish","4":"has-post-thumbnail","6":"product_brand-cruma-diantech-solutions-s-l","7":"product_cat-laboratorine-iranga","8":"product_cat-laminarai-ir-traukos-spintos","9":"product_tag-cruma-diantech-solutions-s-l","10":"product_tag-ductless-fume-hoods","11":"product_tag-traukos-spintos","13":"first","14":"onbackorder","15":"shipping-taxable","16":"purchasable","17":"product-type-variable"},"_links":{"self":[{"href":"https:\/\/labostera.lt\/lv\/wp-json\/wp\/v2\/product\/18334","targetHints":{"allow":["GET"]}}],"collection":[{"href":"https:\/\/labostera.lt\/lv\/wp-json\/wp\/v2\/product"}],"about":[{"href":"https:\/\/labostera.lt\/lv\/wp-json\/wp\/v2\/types\/product"}],"wp:featuredmedia":[{"embeddable":true,"href":"https:\/\/labostera.lt\/lv\/wp-json\/wp\/v2\/media\/18345"}],"wp:attachment":[{"href":"https:\/\/labostera.lt\/lv\/wp-json\/wp\/v2\/media?parent=18334"}],"wp:term":[{"taxonomy":"product_cat","embeddable":true,"href":"https:\/\/labostera.lt\/lv\/wp-json\/wp\/v2\/product_cat?post=18334"},{"taxonomy":"product_tag","embeddable":true,"href":"https:\/\/labostera.lt\/lv\/wp-json\/wp\/v2\/product_tag?post=18334"}],"curies":[{"name":"wp","href":"https:\/\/api.w.org\/{rel}","templated":true}]}}