{"id":18321,"date":"2024-02-01T10:03:11","date_gmt":"2024-02-01T08:03:11","guid":{"rendered":"http:\/\/labostera.lt\/?post_type=product&#038;p=18321"},"modified":"2024-02-01T12:49:10","modified_gmt":"2024-02-01T10:49:10","slug":"traukos-spinta-cruma-plugplay-series-ductless-fume-hood","status":"publish","type":"product","link":"https:\/\/labostera.lt\/lv\/priemones-ir-iranga\/laboratorine-iranga\/traukos-spinta-cruma-plugplay-series-ductless-fume-hood\/","title":{"rendered":"Cruma Plug&amp;Play s\u0113rijas bezvada tvaika nos\u016bc\u0113js ar gaisa vadiem"},"content":{"rendered":"<h2><strong>&quot;Cruma - Diantech Solutions SL&quot; Plug&amp;Play s\u0113rijas izvelkamais skapis<\/strong><\/h2>\n<p>Bezvadu filtr\u0101cijas tvaika nos\u016bc\u0113ju &quot;Plug&amp;Play&quot; s\u0113rija ir ide\u0101li piem\u0113rota apk\u0101rt\u0113j\u0101s vides pies\u0101r\u0146oto g\u0101zu un\/vai da\u013ci\u0146u\/aerosolu izvad\u012b\u0161anai no darba vietas. Dro\u0161s, efekt\u012bvs un ekonomisks \u2013 aizsarg\u0101 gan lietot\u0101ju, gan vidi.<\/p>\n<p>Visa s\u0113rija jau ir salikta pieg\u0101dei (izpako\u0161ana, filtru uzst\u0101d\u012b\u0161ana un pievieno\u0161ana elektrot\u012bklam). Visi mode\u013ci ir apr\u012bkoti ar jaunu filtr\u0101cijas sist\u0113mu, ko izstr\u0101d\u0101jusi un patent\u0113jusi Cruma (izgudrojuma patents), kas uztver iek\u0161\u0113ji rad\u012btos pies\u0101r\u0146ojo\u0161os g\u0101zes un d\u016bmu mais\u012bjumus, past\u0101v\u012bgi atjaunojot laboratorijas gaisu. Galven\u0101s sniegt\u0101s priek\u0161roc\u012bbas ir:<\/p>\n<h3>Person\u0101la dro\u0161\u012bba un vides aizsardz\u012bba<\/h3>\n<p>Papildus piln\u012bgai personas, kas r\u012bkojas ar skap\u012b eso\u0161o materi\u0101lu, aizsardz\u012bbai, \u0137\u012bmiskie toks\u012bni netiek izvad\u012bti vid\u0113, bet gan paliek skap\u012b, pateicoties da\u017e\u0101diem aktiv\u0113t\u0101s ogles filtriem.<\/p>\n<h3>Elast\u012bga lietojam\u012bba un vienk\u0101r\u0161a uzst\u0101d\u012b\u0161ana<\/h3>\n<p>Tos var izmantot viet\u0101s, kur ir gr\u016bti izs\u016bkn\u0113t pies\u0101r\u0146otu gaisu, piem\u0113ram, \u0113kas apak\u0161\u0113jos st\u0101vos, un tos var viegli p\u0101rvietot uz da\u017e\u0101d\u0101m viet\u0101m p\u0113c nepiecie\u0161am\u012bbas.<\/p>\n<h3>Ekonomiski ietaup\u012bjumi un vienk\u0101r\u0161a uzst\u0101d\u012b\u0161ana<\/h3>\n<p>Nav nepiecie\u0161ams veikt d\u0101rgus darbus, lai uzst\u0101d\u012btu caurules g\u0101zes izvad\u012b\u0161anai \u0101r\u0101, kas noz\u012bm\u0113, ka nav papildu izmaksu un nav nepiecie\u0161ams aptur\u0113t laboratorijas darb\u012bbu ar pilnu jaudu.<\/p>\n<h3>Ener\u0123ijas taup\u012b\u0161ana<\/h3>\n<p>At\u0161\u0137ir\u012bb\u0101 no tradicion\u0101lajiem velkmes skapjiem, m\u016bsu velkmes skapjos netiek izmantotas iek\u0161\u0113j\u0101s laboratorijas gaisa kondicion\u0113\u0161anas iek\u0101rtas, kas iev\u0113rojami samazina ener\u0123ijas izmaksas. Izs\u016bktais gaiss netiek izvad\u012bts \u0101r\u0101, bet gan atk\u0101rtoti cirkul\u0113ts laboratorij\u0101 bez pies\u0101r\u0146ot\u0101jiem.<\/p>\n<h3>Funkcijas<\/h3>\n<ul>\n<li>Uzticama inform\u0101cija jaunaj\u0101 LCD displej\u0101: gaisa \u0101trums, uzst\u0101d\u012bto filtru veids, darba stundas, der\u012bguma termi\u0146\u0161 un cita inform\u0101cija.<\/li>\n<li>Jaunas funkcijas un komponenti: s\u0101kotn\u0113jais gaisa pl\u016bsmas cikls un gal\u012bgais iztuk\u0161o\u0161anas cikls, k\u013c\u016bdas indikators, gaisa pl\u016bsmas kontrole, izmantojot mikroprocesoru, aktiv\u0113t\u0101s ogles filtri ar elektronisku mikrosh\u0113mu, iek\u0161\u0113jais temperat\u016bras sensors, LED apgaismojums.<\/li>\n<li>Jauni br\u012bdin\u0101jumi un pl\u0101notie br\u012bdin\u0101jumi: br\u012bdin\u0101jums par atv\u0113rt\u0101m durv\u012bm, br\u012bdin\u0101jums par atv\u0113rtu durvju izsl\u0113g\u0161anas metodi, br\u012bdin\u0101jums par 60 filtra lieto\u0161anas stund\u0101m, br\u012bdin\u0101jums par n\u0101kamo valid\u0101ciju, br\u012bdin\u0101jums par vair\u0101k\u0101m filtra kalpo\u0161anas stund\u0101m, atpaka\u013cskait\u012b\u0161anas taimeris, br\u012bdin\u0101jums par filtra der\u012bguma termi\u0146a beig\u0101m (p\u0113c stund\u0101m), br\u012bdin\u0101jums par filtra der\u012bguma termi\u0146a beig\u0101m (p\u0113c datuma), temperat\u016bras br\u012bdin\u0101jums, br\u012bdin\u0101jums par ier\u012bci bez filtra, br\u012bdin\u0101jums par zemas barjeras st\u0101vokli.<\/li>\n<\/ul>\n<h3>Lietder\u012bba<\/h3>\n<p>Visp\u0101r\u012bg\u0101 \u0137\u012bmija, kur\u0101 tiek izmantots neliels daudzums rea\u0123entu vai \u0137\u012bmisko savienojumu, kas pieejami istabas\/m\u0113ren\u0101 temperat\u016br\u0101 visu veidu laboratorij\u0101s:<\/p>\n<ul>\n<li>P\u0113tniec\u012bbas laboratorijas<\/li>\n<li>Kvalit\u0101tes kontroles laboratorijas<\/li>\n<li>Kl\u012bnisk\u0101s un slimn\u012bcu laboratorijas<\/li>\n<li>Universit\u0101tes un skolu laboratorijas<\/li>\n<li>... B\u016bt\u012bb\u0101 jebkura laboratorija.<\/li>\n<\/ul>\n<h3>Elpojiet<\/h3>\n<p>Nav j\u0101uztraucas. Tas ir piln\u012bgi dro\u0161i. Plug&amp;Play s\u0113rijas velkmes skapji ir konstru\u0113ti t\u0101, ka p\u0113c to sa\u0146em\u0161anas praktiski nav nepiecie\u0161amas nek\u0101das manipul\u0101cijas: vienk\u0101r\u0161i iz\u0146emiet tos no lielisk\u0101 iepakojuma, novietojiet v\u0113lamaj\u0101 viet\u0101, uzst\u0101diet filtrus, pievienojiet str\u0101vas padevei un s\u0101ciet darbu. Tie\u0161i k\u0101 nor\u0101da nosaukums: piesl\u0113dz un sp\u0113l\u0113.<\/p>\n<p>Visos Plug&amp;Play velkmes skapjos tiek izmantota jaun\u0101 Cruma izstr\u0101d\u0101t\u0101 un patent\u0113t\u0101 filtr\u0101cijas sist\u0113ma (izgudrojuma patents), kas aizsarg\u0101 operatoru, aizturot iek\u0161\u0113ji radu\u0161os pies\u0101r\u0146ojo\u0161os g\u0101zu, izgarojumu un da\u013ci\u0146u mais\u012bjumus, past\u0101v\u012bgi atjaunojot laboratorijas gaisu un nov\u0113r\u0161ot nopl\u016bdes, kas var\u0113tu pies\u0101r\u0146ot vidi.<\/p>\n<h3>Velkmes skapji \u2013 <a href=\"http:\/\/labostera.lt\/lv\/product-brand\/cruma-diantech-solutions-s-l\/\">Cruma laboratorijas m\u0113be\u013cu grupa<\/a><\/h3>\n<p>Vair\u0101k inform\u0101cijas: <strong><a href=\"https:\/\/cruma.es\/en\/ductless-fume-hoods-plugplay\/\" target=\"_blank\" rel=\"noopener nofollow\">ra\u017eot\u0101ja t\u012bmek\u013ca vietn\u0113<\/a><\/strong> vai nos\u016btiet mums piepras\u012bjumu!<\/p>","protected":false},"excerpt":{"rendered":"<p>Cruma Plug&amp;Play \u2014 vilces skapis. Uzticama vide un ekonomiskas \u012bpa\u0161\u012bbas. Iepriek\u0161 samont\u0113ta produktu l\u012bnija, jauna filtr\u0101cijas sist\u0113ma un da\u017e\u0101das funkcijas. Ide\u0101li piem\u0113rots telp\u0101m ar zemiem griestiem.<\/p>","protected":false},"featured_media":18326,"template":"","meta":[],"product_cat":[76,121],"product_tag":[676,678,677],"class_list":{"0":"post-18321","1":"product","2":"type-product","3":"status-publish","4":"has-post-thumbnail","6":"product_brand-cruma-diantech-solutions-s-l","7":"product_cat-laboratorine-iranga","8":"product_cat-laminarai-ir-traukos-spintos","9":"product_tag-cruma-diantech-solutions-s-l","10":"product_tag-ductless-fume-hoods","11":"product_tag-traukos-spintos","13":"first","14":"onbackorder","15":"shipping-taxable","16":"purchasable","17":"product-type-variable"},"_links":{"self":[{"href":"https:\/\/labostera.lt\/lv\/wp-json\/wp\/v2\/product\/18321","targetHints":{"allow":["GET"]}}],"collection":[{"href":"https:\/\/labostera.lt\/lv\/wp-json\/wp\/v2\/product"}],"about":[{"href":"https:\/\/labostera.lt\/lv\/wp-json\/wp\/v2\/types\/product"}],"wp:featuredmedia":[{"embeddable":true,"href":"https:\/\/labostera.lt\/lv\/wp-json\/wp\/v2\/media\/18326"}],"wp:attachment":[{"href":"https:\/\/labostera.lt\/lv\/wp-json\/wp\/v2\/media?parent=18321"}],"wp:term":[{"taxonomy":"product_cat","embeddable":true,"href":"https:\/\/labostera.lt\/lv\/wp-json\/wp\/v2\/product_cat?post=18321"},{"taxonomy":"product_tag","embeddable":true,"href":"https:\/\/labostera.lt\/lv\/wp-json\/wp\/v2\/product_tag?post=18321"}],"curies":[{"name":"wp","href":"https:\/\/api.w.org\/{rel}","templated":true}]}}