{"id":18285,"date":"2024-01-31T15:38:05","date_gmt":"2024-01-31T13:38:05","guid":{"rendered":"http:\/\/labostera.lt\/?post_type=product&#038;p=18285"},"modified":"2024-01-31T15:55:09","modified_gmt":"2024-01-31T13:55:09","slug":"izoliatorius-liukas-bioair-isomate-series-isolator","status":"publish","type":"product","link":"https:\/\/labostera.lt\/lv\/priemones-ir-iranga\/laboratorine-iranga\/izoliatorius-liukas-bioair-isomate-series-isolator\/","title":{"rendered":"Izolators Hatch BioAir Isomate s\u0113rijas izolators"},"content":{"rendered":"<h2><strong>BioAir SpA Isomate s\u0113rijas izolators<\/strong><\/h2>\n<p>Dro\u0161a un uzticama vide j\u016bsu procesiem.<\/p>\n<p>ISOMate\u00ae saim\u0113 ietilpst divu veidu izolatori:<\/p>\n<ul>\n<li><strong>Izom\u0101ts Steri:<\/strong> pozit\u012bv\u0101 spiediena izolators netoksisku paraugu apstr\u0101dei (piem\u0113ram, parenter\u0101las uztura \u0161\u0137\u012bdumu pagatavo\u0161anai).<\/li>\n<li><strong>Izom\u0101ts Cyto:<\/strong> Negat\u012bv\u0101 spiediena izolators antiblastisku produktu apstr\u0101dei (onkolo\u0123ijas noda\u013c\u0101) slimn\u012bc\u0101s.<\/li>\n<\/ul>\n<h3>SPECIFIK\u0100CIJAS<\/h3>\n<ul>\n<li>2 ventil\u0113jamas ejas<\/li>\n<li>Darba zona ar 2 vai 4 cimdiem<\/li>\n<li>Iek\u0161\u0113j\u0101 darba zona izgatavota no ner\u016bs\u0113jo\u0161\u0101 t\u0113rauda (AISI316)<\/li>\n<li>\u0100r\u0113j\u0101s virsmas izgatavotas no epoks\u012bda p\u0101rkl\u0101juma t\u0113rauda vai ner\u016bs\u0113jo\u0161\u0101 t\u0113rauda<\/li>\n<li>PLC vad\u012bba ar sk\u0101rienekr\u0101na saskarni<\/li>\n<li>4. klases nopl\u016bdes \u0101trums (ISO 14644-7:2004)<\/li>\n<li>Papildus integr\u0113ts VHP \u0123enerators<\/li>\n<li>Papildus GAMP\/FDA CFR21 11. da\u013cas atbilsto\u0161a programmat\u016bras komponente<\/li>\n<\/ul>\n<h3>Izolatori \u2013 <a href=\"http:\/\/labostera.lt\/lv\/product-brand\/bioair-s-p-a\/\">BioAir laboratorijas m\u0113be\u013cu grupa<\/a><\/h3>\n<p>Vair\u0101k inform\u0101cijas: <strong><a href=\"https:\/\/www.bioair.it\/en\/we-make\/products\/isolators\/isomate.php\" target=\"_blank\" rel=\"noopener nofollow\">ra\u017eot\u0101ja t\u012bmek\u013ca vietn\u0113<\/a><\/strong> vai nos\u016btiet mums piepras\u012bjumu!<\/p>","protected":false},"excerpt":{"rendered":"<p>BioAir Isomate \u2013 izolatora l\u016bka. Dro\u0161a vide j\u016bsu procesiem. Isomate Steri un Isomate Cyto \u2013 izolatori slimn\u012bc\u0101m un biotehnolo\u0123ijas ra\u017eo\u0161anai. Ventil\u0113tas p\u0101rejas, ner\u016bs\u0113jo\u0161\u0101 t\u0113rauda iek\u0161\u0113j\u0101 darba zona un citas priek\u0161roc\u012bbas.<\/p>","protected":false},"featured_media":18291,"template":"","meta":[],"product_cat":[76,121],"product_tag":[655,672,673],"class_list":{"0":"post-18285","1":"product","2":"type-product","3":"status-publish","4":"has-post-thumbnail","6":"product_brand-bioair-s-p-a","7":"product_cat-laboratorine-iranga","8":"product_cat-laminarai-ir-traukos-spintos","9":"product_tag-bioair-s-p-a","10":"product_tag-isolators","11":"product_tag-izoliatoriai","13":"first","14":"onbackorder","15":"shipping-taxable","16":"purchasable","17":"product-type-variable"},"_links":{"self":[{"href":"https:\/\/labostera.lt\/lv\/wp-json\/wp\/v2\/product\/18285","targetHints":{"allow":["GET"]}}],"collection":[{"href":"https:\/\/labostera.lt\/lv\/wp-json\/wp\/v2\/product"}],"about":[{"href":"https:\/\/labostera.lt\/lv\/wp-json\/wp\/v2\/types\/product"}],"wp:featuredmedia":[{"embeddable":true,"href":"https:\/\/labostera.lt\/lv\/wp-json\/wp\/v2\/media\/18291"}],"wp:attachment":[{"href":"https:\/\/labostera.lt\/lv\/wp-json\/wp\/v2\/media?parent=18285"}],"wp:term":[{"taxonomy":"product_cat","embeddable":true,"href":"https:\/\/labostera.lt\/lv\/wp-json\/wp\/v2\/product_cat?post=18285"},{"taxonomy":"product_tag","embeddable":true,"href":"https:\/\/labostera.lt\/lv\/wp-json\/wp\/v2\/product_tag?post=18285"}],"curies":[{"name":"wp","href":"https:\/\/api.w.org\/{rel}","templated":true}]}}